{"id":18863,"date":"2022-01-08T14:17:16","date_gmt":"2022-01-08T13:17:16","guid":{"rendered":"https:\/\/manskin.ch\/produkt\/duo-baume-apres-rasage-creme-a-raser-sensitive\/"},"modified":"2025-07-18T10:52:43","modified_gmt":"2025-07-18T08:52:43","slug":"duo-baume-apres-rasage-creme-a-raser-sensitive","status":"publish","type":"product","link":"https:\/\/manskin.ch\/fr\/produkt\/duo-baume-apres-rasage-creme-a-raser-sensitive\/","title":{"rendered":"Proraso &#8211; Duo Baume Apr\u00e8s-Rasage &amp; Cr\u00e8me \u00e0 raser sensitive"},"content":{"rendered":"<h2>Proraso &#8211; Set Duo\u00a0en coffret cadeau &#8211; baume\u00a0apr\u00e8s-rasage et cr\u00e8me de rasage Sensitive<\/h2>\n<p>Le coffret cadeau Duo Set contient :<\/p>\n<ul>\n<li>Cr\u00e8me \u00e0 raser sensitive\u00a0150 ml<\/li>\n<li>Baume apr\u00e8s-rasage \u00e0 l&rsquo;eucalyptus 100 ml<\/li>\n<li>Dimensions : 18,5 x 21,5 x 6,5 cm<\/li>\n<\/ul>\n<p>Application :<br \/>\nCr\u00e8me \u00e0 raser: Versez une quantit\u00e9 de la taille d&rsquo;une noisette dans le pot ou directement sur le blaireau et fouettez pour obtenir une mousse \u00e0 raser \u00e9paisse et ferme.<br \/>\nBaume apr\u00e8s-rasage: masser doucement sur la zone ras\u00e9e.<\/p>\n","protected":false},"excerpt":{"rendered":"<p>Set Duo\u00a0en coffret cadeau<\/p>\n","protected":false},"featured_media":4783,"comment_status":"closed","ping_status":"closed","template":"","meta":{"_acf_changed":false},"pwb-brand":[2776],"product_brand":[],"product_cat":[2418,2326,2311,2420,2389,2032,2424],"product_tag":[],"class_list":{"0":"post-18863","1":"product","2":"type-product","3":"status-publish","4":"has-post-thumbnail","6":"pwb-brand-proraso","7":"product_cat-apres-rasage","8":"product_cat-cadeaux","9":"product_cat-creme-a-raser","10":"product_cat-pre-rasage","11":"product_cat-proraso-fr","12":"product_cat-rasage","13":"product_cat-sets-de-rasage","14":"product_shipping_class-standard-fr","15":"pa_hersteller-proraso-fr-2","16":"sales-flash-overlay","17":"woocommerce-text-align-center","18":"woocommerce-image-align-center","19":"do-quantity-buttons","20":"wc-has-gallery","22":"first","23":"outofstock","24":"purchasable","25":"product-type-simple"},"acf":[],"yoast_head":"<!-- This site is optimized with the Yoast SEO Premium plugin v27.3 (Yoast SEO v27.3) - https:\/\/yoast.com\/product\/yoast-seo-premium-wordpress\/ -->\n<title>Proraso - Duo Baume Apr\u00e8s-Rasage &amp; Cr\u00e8me \u00e0 raser sensitive | Manskin.ch<\/title>\n<meta name=\"description\" content=\"Proraso - Duo Baume Apr\u00e8s-Rasage &amp; Cr\u00e8me \u00e0 raser sensitive\" \/>\n<meta name=\"robots\" content=\"index, follow, max-snippet:-1, max-image-preview:large, max-video-preview:-1\" \/>\n<link rel=\"canonical\" href=\"https:\/\/manskin.ch\/fr\/produkt\/duo-baume-apres-rasage-creme-a-raser-sensitive\/\" \/>\n<meta property=\"og:locale\" content=\"fr_FR\" \/>\n<meta property=\"og:type\" content=\"article\" \/>\n<meta property=\"og:title\" content=\"Proraso - Duo Baume Apr\u00e8s-Rasage &amp; Cr\u00e8me \u00e0 raser sensitive\" \/>\n<meta property=\"og:description\" content=\"Proraso - Duo Baume Apr\u00e8s-Rasage &amp; Cr\u00e8me \u00e0 raser sensitive\" \/>\n<meta property=\"og:url\" content=\"https:\/\/manskin.ch\/fr\/produkt\/duo-baume-apres-rasage-creme-a-raser-sensitive\/\" \/>\n<meta property=\"og:site_name\" content=\"Manskin.ch\" \/>\n<meta property=\"article:publisher\" content=\"https:\/\/www.facebook.com\/manskin.ch\" \/>\n<meta property=\"article:modified_time\" content=\"2025-07-18T08:52:43+00:00\" \/>\n<meta property=\"og:image\" content=\"https:\/\/manskin.ch\/wp-content\/uploads\/2022\/01\/1471_0.jpeg\" \/>\n\t<meta property=\"og:image:width\" content=\"800\" \/>\n\t<meta property=\"og:image:height\" content=\"800\" \/>\n\t<meta property=\"og:image:type\" content=\"image\/jpeg\" \/>\n<meta name=\"twitter:card\" content=\"summary_large_image\" \/>\n<meta name=\"twitter:label1\" content=\"Prix\" \/>\n\t<meta name=\"twitter:data1\" content=\"25.00&#067;&#072;&#070;\" \/>\n\t<meta name=\"twitter:label2\" content=\"Disponibilit\u00e9\" \/>\n\t<meta name=\"twitter:data2\" content=\"Rupture de stock\" \/>\n<script type=\"application\/ld+json\" class=\"yoast-schema-graph\">{\"@context\":\"https:\\\/\\\/schema.org\",\"@graph\":[{\"@type\":\"WebPage\",\"@id\":\"https:\\\/\\\/manskin.ch\\\/fr\\\/produkt\\\/duo-baume-apres-rasage-creme-a-raser-sensitive\\\/\",\"url\":\"https:\\\/\\\/manskin.ch\\\/fr\\\/produkt\\\/duo-baume-apres-rasage-creme-a-raser-sensitive\\\/\",\"name\":\"Proraso - Duo Baume Apr\u00e8s-Rasage &amp; Cr\u00e8me \u00e0 raser sensitive | Manskin.ch\",\"isPartOf\":{\"@id\":\"https:\\\/\\\/manskin.ch\\\/fr\\\/#website\"},\"primaryImageOfPage\":{\"@id\":\"https:\\\/\\\/manskin.ch\\\/fr\\\/produkt\\\/duo-baume-apres-rasage-creme-a-raser-sensitive\\\/#primaryimage\"},\"image\":{\"@id\":\"https:\\\/\\\/manskin.ch\\\/fr\\\/produkt\\\/duo-baume-apres-rasage-creme-a-raser-sensitive\\\/#primaryimage\"},\"thumbnailUrl\":\"https:\\\/\\\/manskin.ch\\\/wp-content\\\/uploads\\\/2022\\\/01\\\/1471_0.jpeg\",\"datePublished\":\"2022-01-08T13:17:16+00:00\",\"dateModified\":\"2025-07-18T08:52:43+00:00\",\"description\":\"Proraso - Duo Baume Apr\u00e8s-Rasage &amp; Cr\u00e8me \u00e0 raser sensitive\",\"breadcrumb\":{\"@id\":\"https:\\\/\\\/manskin.ch\\\/fr\\\/produkt\\\/duo-baume-apres-rasage-creme-a-raser-sensitive\\\/#breadcrumb\"},\"inLanguage\":\"fr-FR\",\"potentialAction\":[{\"@type\":\"ReadAction\",\"target\":[\"https:\\\/\\\/manskin.ch\\\/fr\\\/produkt\\\/duo-baume-apres-rasage-creme-a-raser-sensitive\\\/\"]}]},{\"@type\":\"ImageObject\",\"inLanguage\":\"fr-FR\",\"@id\":\"https:\\\/\\\/manskin.ch\\\/fr\\\/produkt\\\/duo-baume-apres-rasage-creme-a-raser-sensitive\\\/#primaryimage\",\"url\":\"https:\\\/\\\/manskin.ch\\\/wp-content\\\/uploads\\\/2022\\\/01\\\/1471_0.jpeg\",\"contentUrl\":\"https:\\\/\\\/manskin.ch\\\/wp-content\\\/uploads\\\/2022\\\/01\\\/1471_0.jpeg\",\"width\":800,\"height\":800},{\"@type\":\"BreadcrumbList\",\"@id\":\"https:\\\/\\\/manskin.ch\\\/fr\\\/produkt\\\/duo-baume-apres-rasage-creme-a-raser-sensitive\\\/#breadcrumb\",\"itemListElement\":[{\"@type\":\"ListItem\",\"position\":1,\"name\":\"Startseite\",\"item\":\"https:\\\/\\\/manskin.ch\\\/fr\\\/\"},{\"@type\":\"ListItem\",\"position\":2,\"name\":\"Boutique\",\"item\":\"https:\\\/\\\/manskin.ch\\\/fr\\\/boutique\\\/\"},{\"@type\":\"ListItem\",\"position\":3,\"name\":\"Proraso &#8211; Duo Baume Apr\u00e8s-Rasage &amp; Cr\u00e8me \u00e0 raser sensitive\"}]},{\"@type\":\"WebSite\",\"@id\":\"https:\\\/\\\/manskin.ch\\\/fr\\\/#website\",\"url\":\"https:\\\/\\\/manskin.ch\\\/fr\\\/\",\"name\":\"Manskin.ch\",\"description\":\"Tous les produits de beaut\u00e9 pour les hommes les plus exigeants\",\"publisher\":{\"@id\":\"https:\\\/\\\/manskin.ch\\\/fr\\\/#organization\"},\"potentialAction\":[{\"@type\":\"SearchAction\",\"target\":{\"@type\":\"EntryPoint\",\"urlTemplate\":\"https:\\\/\\\/manskin.ch\\\/fr\\\/?s={search_term_string}\"},\"query-input\":{\"@type\":\"PropertyValueSpecification\",\"valueRequired\":true,\"valueName\":\"search_term_string\"}}],\"inLanguage\":\"fr-FR\"},{\"@type\":\"Organization\",\"@id\":\"https:\\\/\\\/manskin.ch\\\/fr\\\/#organization\",\"name\":\"Manskin.ch - der Schweizer Onlineshop f\u00fcr qualit\u00e4tsstarke M\u00e4nnerpflege\",\"url\":\"https:\\\/\\\/manskin.ch\\\/fr\\\/\",\"logo\":{\"@type\":\"ImageObject\",\"inLanguage\":\"fr-FR\",\"@id\":\"https:\\\/\\\/manskin.ch\\\/fr\\\/#\\\/schema\\\/logo\\\/image\\\/\",\"url\":\"https:\\\/\\\/manskin.ch\\\/wp-content\\\/uploads\\\/2021\\\/04\\\/cropped-logo_head.png\",\"contentUrl\":\"https:\\\/\\\/manskin.ch\\\/wp-content\\\/uploads\\\/2021\\\/04\\\/cropped-logo_head.png\",\"width\":235,\"height\":75,\"caption\":\"Manskin.ch - der Schweizer Onlineshop f\u00fcr qualit\u00e4tsstarke M\u00e4nnerpflege\"},\"image\":{\"@id\":\"https:\\\/\\\/manskin.ch\\\/fr\\\/#\\\/schema\\\/logo\\\/image\\\/\"},\"sameAs\":[\"https:\\\/\\\/www.facebook.com\\\/manskin.ch\",\"https:\\\/\\\/www.instagram.com\\\/manskin.ch\\\/\"]}]}<\/script>\n<meta property=\"product:price:amount\" content=\"25.00\" \/>\n<meta property=\"product:price:currency\" content=\"CHF\" \/>\n<meta property=\"og:availability\" content=\"out of stock\" \/>\n<meta property=\"product:availability\" content=\"out of stock\" \/>\n<meta property=\"product:retailer_item_id\" content=\"12990\" \/>\n<meta property=\"product:condition\" content=\"new\" \/>\n<!-- \/ Yoast SEO Premium plugin. -->","yoast_head_json":{"title":"Proraso - Duo Baume Apr\u00e8s-Rasage &amp; Cr\u00e8me \u00e0 raser sensitive | Manskin.ch","description":"Proraso - Duo Baume Apr\u00e8s-Rasage &amp; Cr\u00e8me \u00e0 raser sensitive","robots":{"index":"index","follow":"follow","max-snippet":"max-snippet:-1","max-image-preview":"max-image-preview:large","max-video-preview":"max-video-preview:-1"},"canonical":"https:\/\/manskin.ch\/fr\/produkt\/duo-baume-apres-rasage-creme-a-raser-sensitive\/","og_locale":"fr_FR","og_type":"article","og_title":"Proraso - Duo Baume Apr\u00e8s-Rasage &amp; Cr\u00e8me \u00e0 raser sensitive","og_description":"Proraso - Duo Baume Apr\u00e8s-Rasage &amp; Cr\u00e8me \u00e0 raser sensitive","og_url":"https:\/\/manskin.ch\/fr\/produkt\/duo-baume-apres-rasage-creme-a-raser-sensitive\/","og_site_name":"Manskin.ch","article_publisher":"https:\/\/www.facebook.com\/manskin.ch","article_modified_time":"2025-07-18T08:52:43+00:00","og_image":[{"width":800,"height":800,"url":"https:\/\/manskin.ch\/wp-content\/uploads\/2022\/01\/1471_0.jpeg","type":"image\/jpeg"}],"twitter_card":"summary_large_image","twitter_misc":{"Prix":"25.00&#67;&#72;&#70;","Disponibilit\u00e9":"Rupture de stock"},"schema":{"@context":"https:\/\/schema.org","@graph":[{"@type":"WebPage","@id":"https:\/\/manskin.ch\/fr\/produkt\/duo-baume-apres-rasage-creme-a-raser-sensitive\/","url":"https:\/\/manskin.ch\/fr\/produkt\/duo-baume-apres-rasage-creme-a-raser-sensitive\/","name":"Proraso - Duo Baume Apr\u00e8s-Rasage &amp; Cr\u00e8me \u00e0 raser sensitive | Manskin.ch","isPartOf":{"@id":"https:\/\/manskin.ch\/fr\/#website"},"primaryImageOfPage":{"@id":"https:\/\/manskin.ch\/fr\/produkt\/duo-baume-apres-rasage-creme-a-raser-sensitive\/#primaryimage"},"image":{"@id":"https:\/\/manskin.ch\/fr\/produkt\/duo-baume-apres-rasage-creme-a-raser-sensitive\/#primaryimage"},"thumbnailUrl":"https:\/\/manskin.ch\/wp-content\/uploads\/2022\/01\/1471_0.jpeg","datePublished":"2022-01-08T13:17:16+00:00","dateModified":"2025-07-18T08:52:43+00:00","description":"Proraso - Duo Baume Apr\u00e8s-Rasage &amp; Cr\u00e8me \u00e0 raser sensitive","breadcrumb":{"@id":"https:\/\/manskin.ch\/fr\/produkt\/duo-baume-apres-rasage-creme-a-raser-sensitive\/#breadcrumb"},"inLanguage":"fr-FR","potentialAction":[{"@type":"ReadAction","target":["https:\/\/manskin.ch\/fr\/produkt\/duo-baume-apres-rasage-creme-a-raser-sensitive\/"]}]},{"@type":"ImageObject","inLanguage":"fr-FR","@id":"https:\/\/manskin.ch\/fr\/produkt\/duo-baume-apres-rasage-creme-a-raser-sensitive\/#primaryimage","url":"https:\/\/manskin.ch\/wp-content\/uploads\/2022\/01\/1471_0.jpeg","contentUrl":"https:\/\/manskin.ch\/wp-content\/uploads\/2022\/01\/1471_0.jpeg","width":800,"height":800},{"@type":"BreadcrumbList","@id":"https:\/\/manskin.ch\/fr\/produkt\/duo-baume-apres-rasage-creme-a-raser-sensitive\/#breadcrumb","itemListElement":[{"@type":"ListItem","position":1,"name":"Startseite","item":"https:\/\/manskin.ch\/fr\/"},{"@type":"ListItem","position":2,"name":"Boutique","item":"https:\/\/manskin.ch\/fr\/boutique\/"},{"@type":"ListItem","position":3,"name":"Proraso &#8211; Duo Baume Apr\u00e8s-Rasage &amp; Cr\u00e8me \u00e0 raser sensitive"}]},{"@type":"WebSite","@id":"https:\/\/manskin.ch\/fr\/#website","url":"https:\/\/manskin.ch\/fr\/","name":"Manskin.ch","description":"Tous les produits de beaut\u00e9 pour les hommes les plus exigeants","publisher":{"@id":"https:\/\/manskin.ch\/fr\/#organization"},"potentialAction":[{"@type":"SearchAction","target":{"@type":"EntryPoint","urlTemplate":"https:\/\/manskin.ch\/fr\/?s={search_term_string}"},"query-input":{"@type":"PropertyValueSpecification","valueRequired":true,"valueName":"search_term_string"}}],"inLanguage":"fr-FR"},{"@type":"Organization","@id":"https:\/\/manskin.ch\/fr\/#organization","name":"Manskin.ch - der Schweizer Onlineshop f\u00fcr qualit\u00e4tsstarke M\u00e4nnerpflege","url":"https:\/\/manskin.ch\/fr\/","logo":{"@type":"ImageObject","inLanguage":"fr-FR","@id":"https:\/\/manskin.ch\/fr\/#\/schema\/logo\/image\/","url":"https:\/\/manskin.ch\/wp-content\/uploads\/2021\/04\/cropped-logo_head.png","contentUrl":"https:\/\/manskin.ch\/wp-content\/uploads\/2021\/04\/cropped-logo_head.png","width":235,"height":75,"caption":"Manskin.ch - der Schweizer Onlineshop f\u00fcr qualit\u00e4tsstarke M\u00e4nnerpflege"},"image":{"@id":"https:\/\/manskin.ch\/fr\/#\/schema\/logo\/image\/"},"sameAs":["https:\/\/www.facebook.com\/manskin.ch","https:\/\/www.instagram.com\/manskin.ch\/"]}]},"product_price_amount":"25.00","product_price_currency":"CHF","og_availability":"out of stock","product_availability":"out of stock","product_retailer_item_id":"12990","product_condition":"new"},"brands":[{"id":2776,"name":"Proraso","slug":"proraso"}],"_links":{"self":[{"href":"https:\/\/manskin.ch\/fr\/wp-json\/wp\/v2\/product\/18863","targetHints":{"allow":["GET"]}}],"collection":[{"href":"https:\/\/manskin.ch\/fr\/wp-json\/wp\/v2\/product"}],"about":[{"href":"https:\/\/manskin.ch\/fr\/wp-json\/wp\/v2\/types\/product"}],"replies":[{"embeddable":true,"href":"https:\/\/manskin.ch\/fr\/wp-json\/wp\/v2\/comments?post=18863"}],"wp:featuredmedia":[{"embeddable":true,"href":"https:\/\/manskin.ch\/fr\/wp-json\/wp\/v2\/media\/4783"}],"wp:attachment":[{"href":"https:\/\/manskin.ch\/fr\/wp-json\/wp\/v2\/media?parent=18863"}],"wp:term":[{"taxonomy":"pwb-brand","embeddable":true,"href":"https:\/\/manskin.ch\/fr\/wp-json\/wp\/v2\/pwb-brand?post=18863"},{"taxonomy":"product_brand","embeddable":true,"href":"https:\/\/manskin.ch\/fr\/wp-json\/wp\/v2\/product_brand?post=18863"},{"taxonomy":"product_cat","embeddable":true,"href":"https:\/\/manskin.ch\/fr\/wp-json\/wp\/v2\/product_cat?post=18863"},{"taxonomy":"product_tag","embeddable":true,"href":"https:\/\/manskin.ch\/fr\/wp-json\/wp\/v2\/product_tag?post=18863"}],"curies":[{"name":"wp","href":"https:\/\/api.w.org\/{rel}","templated":true}]}}