{"id":18854,"date":"2022-01-08T12:35:27","date_gmt":"2022-01-08T11:35:27","guid":{"rendered":"https:\/\/manskin.ch\/produkt\/triumph-and-disaster-gameface-moisturiser-jar\/"},"modified":"2025-07-18T12:03:31","modified_gmt":"2025-07-18T10:03:31","slug":"triumph-and-disaster-gameface-moisturiser-jar","status":"publish","type":"product","link":"https:\/\/manskin.ch\/fr\/produkt\/triumph-and-disaster-gameface-moisturiser-jar\/","title":{"rendered":"Triumph &amp; Disaster &#8211; Gameface Moisturiser Jar"},"content":{"rendered":"<h2>Triumph &amp; Disaster &#8211; Gameface Moisturiser Jar<\/h2>\n<ul>\n<li>La cr&egrave;me hydratante Gameface de Triumph &amp; Disaster prot&egrave;ge la peau des hommes contre le vent, la pluie, le soleil et les influences n&eacute;gatives de l&#39;environnement.<\/li>\n<li>Sp&eacute;cialement d&eacute;velopp&eacute; pour avoir une sensation de l&eacute;g&egrave;ret&eacute; sur la peau et une absorption rapide, le produit convaint avec une formule d&#39;extrait de jojoba, d&#39;huile de Horopito, de vitamine E et de foug&egrave;re Ponga.<\/li>\n<li>La cr&egrave;me nourrissante, riche et hydratante assure une sensation de douceur, compl&eacute;t&eacute;e par des huiles essentielles pour une senteur de &laquo;fum&eacute;e et de bois&quot;.<\/li>\n<li>Gameface peut &eacute;galement &ecirc;tre utilis&eacute; comme une lotion apr&egrave;s-rasage. La peau se sent imm&eacute;diatement bien hydrat&eacute;e et fra&icirc;che.<\/li>\n<\/ul>\n<div>&nbsp;<\/div>\n<div>Ingr&eacute;dients actifs:<\/div>\n<div>\n<ul>\n<li>Ponga (Cyathea Curninii) est une esp&egrave;ce &eacute;tonnante de foug&egrave;re. Il pousse en Nouvelle-Z&eacute;lande et assure que la peau est belle rayonnante. Les Maoris, peuple indig&egrave;ne de la Nouvelle-Z&eacute;lande, utilisait le Ponga pour la cicatrisation des plaies apr&egrave;s de durs combats. Le miracle est la composition unique de polysaccharides qui tonifie la peau.<\/li>\n<li>La plante Horopito de Nouvelle-Z&eacute;lande est l&#39;une des plus anciennes plantes &agrave; fleurs dans le monde entier. Elle existe depuis 65 millions d&#39;ann&eacute;es, gr&acirc;ce &agrave; un syst&egrave;me de d&eacute;fense chimique sup&eacute;rieure. Horopito agit impressionnamment contre les radicaux libres et renforce l&#39;&eacute;tat de la peau.<\/li>\n<li>Le parfum: une combinaison d&#39;huiles essentielles de galbanum, de patchouli, d&#39;anis, lavande, g&eacute;ranium, carnation, ylang, bois de santal, de cannelle, de benjoin et orange. Un ar&ocirc;me naturel d&#39;herbes, de bois, de cuir, de tabac et de la fum&eacute;e.<\/li>\n<\/ul>\n<div>Sans parabens. Sans silicone. Non test&eacute; sur les animaux.<\/div>\n<div>&nbsp;<\/div>\n<div>Contenu 100 ml.<\/div>\n<\/div>\n","protected":false},"excerpt":{"rendered":"<p>Triumph &amp; Disaster &#8211; Gameface Moisturiser Jar La cr&egrave;me hydratante Gameface de Triumph &amp; Disaster prot&egrave;ge la peau des hommes contre le vent, la pluie, le soleil et les influences n&eacute;gatives de l&#39;environnement. Sp&eacute;cialement d&eacute;velopp&eacute; pour avoir une sensation de l&eacute;g&egrave;ret&eacute; sur la peau et une absorption rapide, le produit convaint avec une formule d&#39;extrait &#8230; <a title=\"Triumph &amp; Disaster &#8211; Gameface Moisturiser Jar\" class=\"read-more\" href=\"https:\/\/manskin.ch\/fr\/produkt\/triumph-and-disaster-gameface-moisturiser-jar\/\" aria-label=\"En savoir plus sur Triumph &amp; Disaster &#8211; Gameface Moisturiser Jar\">Lire la suite<\/a><\/p>\n","protected":false},"featured_media":2445,"comment_status":"closed","ping_status":"closed","template":"","meta":{"_acf_changed":false},"pwb-brand":[2789],"product_brand":[],"product_cat":[2329,2703],"product_tag":[],"class_list":{"0":"post-18854","1":"product","2":"type-product","3":"status-publish","4":"has-post-thumbnail","6":"pwb-brand-triumph-disaster","7":"product_cat-hydratants","8":"product_cat-triumph-disaster-fr","9":"product_shipping_class-standard-fr","10":"pa_hersteller-triumph-disaster-fr-2","11":"sales-flash-overlay","12":"woocommerce-text-align-center","13":"woocommerce-image-align-center","14":"do-quantity-buttons","16":"first","17":"outofstock","18":"purchasable","19":"product-type-simple"},"acf":[],"yoast_head":"<!-- This site is optimized with the Yoast SEO Premium plugin v27.3 (Yoast SEO v27.3) - https:\/\/yoast.com\/product\/yoast-seo-premium-wordpress\/ -->\n<title>Triumph &amp; Disaster - Gameface Moisturiser Jar | Manskin.ch<\/title>\n<meta name=\"description\" content=\"Triumph &amp; Disaster - Gameface Moisturiser Jar\" \/>\n<meta name=\"robots\" content=\"index, follow, max-snippet:-1, max-image-preview:large, max-video-preview:-1\" \/>\n<link rel=\"canonical\" href=\"https:\/\/manskin.ch\/fr\/produkt\/triumph-and-disaster-gameface-moisturiser-jar\/\" \/>\n<meta property=\"og:locale\" content=\"fr_FR\" \/>\n<meta property=\"og:type\" content=\"article\" \/>\n<meta property=\"og:title\" content=\"Triumph &amp; Disaster - Gameface Moisturiser Jar\" \/>\n<meta property=\"og:description\" content=\"Triumph &amp; Disaster - Gameface Moisturiser Jar\" \/>\n<meta property=\"og:url\" content=\"https:\/\/manskin.ch\/fr\/produkt\/triumph-and-disaster-gameface-moisturiser-jar\/\" \/>\n<meta property=\"og:site_name\" content=\"Manskin.ch\" \/>\n<meta property=\"article:publisher\" content=\"https:\/\/www.facebook.com\/manskin.ch\" \/>\n<meta property=\"article:modified_time\" content=\"2025-07-18T10:03:31+00:00\" \/>\n<meta property=\"og:image\" content=\"https:\/\/manskin.ch\/wp-content\/uploads\/2022\/01\/734_0.jpg\" \/>\n\t<meta property=\"og:image:width\" content=\"800\" \/>\n\t<meta property=\"og:image:height\" content=\"800\" \/>\n\t<meta property=\"og:image:type\" content=\"image\/jpeg\" \/>\n<meta name=\"twitter:card\" content=\"summary_large_image\" \/>\n<meta name=\"twitter:label1\" content=\"Prix\" \/>\n\t<meta name=\"twitter:data1\" content=\"46.00&#067;&#072;&#070;\" \/>\n\t<meta name=\"twitter:label2\" content=\"Disponibilit\u00e9\" \/>\n\t<meta name=\"twitter:data2\" content=\"Rupture de stock\" \/>\n<script type=\"application\/ld+json\" class=\"yoast-schema-graph\">{\"@context\":\"https:\\\/\\\/schema.org\",\"@graph\":[{\"@type\":\"WebPage\",\"@id\":\"https:\\\/\\\/manskin.ch\\\/fr\\\/produkt\\\/triumph-and-disaster-gameface-moisturiser-jar\\\/\",\"url\":\"https:\\\/\\\/manskin.ch\\\/fr\\\/produkt\\\/triumph-and-disaster-gameface-moisturiser-jar\\\/\",\"name\":\"Triumph &amp; Disaster - Gameface Moisturiser Jar | Manskin.ch\",\"isPartOf\":{\"@id\":\"https:\\\/\\\/manskin.ch\\\/fr\\\/#website\"},\"primaryImageOfPage\":{\"@id\":\"https:\\\/\\\/manskin.ch\\\/fr\\\/produkt\\\/triumph-and-disaster-gameface-moisturiser-jar\\\/#primaryimage\"},\"image\":{\"@id\":\"https:\\\/\\\/manskin.ch\\\/fr\\\/produkt\\\/triumph-and-disaster-gameface-moisturiser-jar\\\/#primaryimage\"},\"thumbnailUrl\":\"https:\\\/\\\/manskin.ch\\\/wp-content\\\/uploads\\\/2022\\\/01\\\/734_0.jpg\",\"datePublished\":\"2022-01-08T11:35:27+00:00\",\"dateModified\":\"2025-07-18T10:03:31+00:00\",\"description\":\"Triumph &amp; Disaster - Gameface Moisturiser Jar\",\"breadcrumb\":{\"@id\":\"https:\\\/\\\/manskin.ch\\\/fr\\\/produkt\\\/triumph-and-disaster-gameface-moisturiser-jar\\\/#breadcrumb\"},\"inLanguage\":\"fr-FR\",\"potentialAction\":[{\"@type\":\"ReadAction\",\"target\":[\"https:\\\/\\\/manskin.ch\\\/fr\\\/produkt\\\/triumph-and-disaster-gameface-moisturiser-jar\\\/\"]}]},{\"@type\":\"ImageObject\",\"inLanguage\":\"fr-FR\",\"@id\":\"https:\\\/\\\/manskin.ch\\\/fr\\\/produkt\\\/triumph-and-disaster-gameface-moisturiser-jar\\\/#primaryimage\",\"url\":\"https:\\\/\\\/manskin.ch\\\/wp-content\\\/uploads\\\/2022\\\/01\\\/734_0.jpg\",\"contentUrl\":\"https:\\\/\\\/manskin.ch\\\/wp-content\\\/uploads\\\/2022\\\/01\\\/734_0.jpg\",\"width\":800,\"height\":800},{\"@type\":\"BreadcrumbList\",\"@id\":\"https:\\\/\\\/manskin.ch\\\/fr\\\/produkt\\\/triumph-and-disaster-gameface-moisturiser-jar\\\/#breadcrumb\",\"itemListElement\":[{\"@type\":\"ListItem\",\"position\":1,\"name\":\"Startseite\",\"item\":\"https:\\\/\\\/manskin.ch\\\/fr\\\/\"},{\"@type\":\"ListItem\",\"position\":2,\"name\":\"Boutique Soins pour Hommes &amp; Skincare\",\"item\":\"https:\\\/\\\/manskin.ch\\\/fr\\\/boutique\\\/\"},{\"@type\":\"ListItem\",\"position\":3,\"name\":\"Triumph &amp; Disaster &#8211; Gameface Moisturiser Jar\"}]},{\"@type\":\"WebSite\",\"@id\":\"https:\\\/\\\/manskin.ch\\\/fr\\\/#website\",\"url\":\"https:\\\/\\\/manskin.ch\\\/fr\\\/\",\"name\":\"Manskin.ch\",\"description\":\"Tous les produits de beaut\u00e9 pour les hommes les plus exigeants\",\"publisher\":{\"@id\":\"https:\\\/\\\/manskin.ch\\\/fr\\\/#organization\"},\"potentialAction\":[{\"@type\":\"SearchAction\",\"target\":{\"@type\":\"EntryPoint\",\"urlTemplate\":\"https:\\\/\\\/manskin.ch\\\/fr\\\/?s={search_term_string}\"},\"query-input\":{\"@type\":\"PropertyValueSpecification\",\"valueRequired\":true,\"valueName\":\"search_term_string\"}}],\"inLanguage\":\"fr-FR\"},{\"@type\":\"Organization\",\"@id\":\"https:\\\/\\\/manskin.ch\\\/fr\\\/#organization\",\"name\":\"Manskin.ch - der Schweizer Onlineshop f\u00fcr qualit\u00e4tsstarke M\u00e4nnerpflege\",\"url\":\"https:\\\/\\\/manskin.ch\\\/fr\\\/\",\"logo\":{\"@type\":\"ImageObject\",\"inLanguage\":\"fr-FR\",\"@id\":\"https:\\\/\\\/manskin.ch\\\/fr\\\/#\\\/schema\\\/logo\\\/image\\\/\",\"url\":\"https:\\\/\\\/manskin.ch\\\/wp-content\\\/uploads\\\/2021\\\/04\\\/cropped-logo_head.png\",\"contentUrl\":\"https:\\\/\\\/manskin.ch\\\/wp-content\\\/uploads\\\/2021\\\/04\\\/cropped-logo_head.png\",\"width\":235,\"height\":75,\"caption\":\"Manskin.ch - der Schweizer Onlineshop f\u00fcr qualit\u00e4tsstarke M\u00e4nnerpflege\"},\"image\":{\"@id\":\"https:\\\/\\\/manskin.ch\\\/fr\\\/#\\\/schema\\\/logo\\\/image\\\/\"},\"sameAs\":[\"https:\\\/\\\/www.facebook.com\\\/manskin.ch\",\"https:\\\/\\\/www.instagram.com\\\/manskin.ch\\\/\"]}]}<\/script>\n<meta property=\"product:price:amount\" content=\"46.00\" \/>\n<meta property=\"product:price:currency\" content=\"CHF\" \/>\n<meta property=\"og:availability\" content=\"out of stock\" \/>\n<meta property=\"product:availability\" content=\"out of stock\" \/>\n<meta property=\"product:retailer_item_id\" content=\"12193\" \/>\n<meta property=\"product:condition\" content=\"new\" \/>\n<!-- \/ Yoast SEO Premium plugin. -->","yoast_head_json":{"title":"Triumph &amp; Disaster - Gameface Moisturiser Jar | Manskin.ch","description":"Triumph &amp; Disaster - Gameface Moisturiser Jar","robots":{"index":"index","follow":"follow","max-snippet":"max-snippet:-1","max-image-preview":"max-image-preview:large","max-video-preview":"max-video-preview:-1"},"canonical":"https:\/\/manskin.ch\/fr\/produkt\/triumph-and-disaster-gameface-moisturiser-jar\/","og_locale":"fr_FR","og_type":"article","og_title":"Triumph &amp; Disaster - Gameface Moisturiser Jar","og_description":"Triumph &amp; Disaster - Gameface Moisturiser Jar","og_url":"https:\/\/manskin.ch\/fr\/produkt\/triumph-and-disaster-gameface-moisturiser-jar\/","og_site_name":"Manskin.ch","article_publisher":"https:\/\/www.facebook.com\/manskin.ch","article_modified_time":"2025-07-18T10:03:31+00:00","og_image":[{"width":800,"height":800,"url":"https:\/\/manskin.ch\/wp-content\/uploads\/2022\/01\/734_0.jpg","type":"image\/jpeg"}],"twitter_card":"summary_large_image","twitter_misc":{"Prix":"46.00&#67;&#72;&#70;","Disponibilit\u00e9":"Rupture de stock"},"schema":{"@context":"https:\/\/schema.org","@graph":[{"@type":"WebPage","@id":"https:\/\/manskin.ch\/fr\/produkt\/triumph-and-disaster-gameface-moisturiser-jar\/","url":"https:\/\/manskin.ch\/fr\/produkt\/triumph-and-disaster-gameface-moisturiser-jar\/","name":"Triumph &amp; Disaster - Gameface Moisturiser Jar | Manskin.ch","isPartOf":{"@id":"https:\/\/manskin.ch\/fr\/#website"},"primaryImageOfPage":{"@id":"https:\/\/manskin.ch\/fr\/produkt\/triumph-and-disaster-gameface-moisturiser-jar\/#primaryimage"},"image":{"@id":"https:\/\/manskin.ch\/fr\/produkt\/triumph-and-disaster-gameface-moisturiser-jar\/#primaryimage"},"thumbnailUrl":"https:\/\/manskin.ch\/wp-content\/uploads\/2022\/01\/734_0.jpg","datePublished":"2022-01-08T11:35:27+00:00","dateModified":"2025-07-18T10:03:31+00:00","description":"Triumph &amp; Disaster - Gameface Moisturiser Jar","breadcrumb":{"@id":"https:\/\/manskin.ch\/fr\/produkt\/triumph-and-disaster-gameface-moisturiser-jar\/#breadcrumb"},"inLanguage":"fr-FR","potentialAction":[{"@type":"ReadAction","target":["https:\/\/manskin.ch\/fr\/produkt\/triumph-and-disaster-gameface-moisturiser-jar\/"]}]},{"@type":"ImageObject","inLanguage":"fr-FR","@id":"https:\/\/manskin.ch\/fr\/produkt\/triumph-and-disaster-gameface-moisturiser-jar\/#primaryimage","url":"https:\/\/manskin.ch\/wp-content\/uploads\/2022\/01\/734_0.jpg","contentUrl":"https:\/\/manskin.ch\/wp-content\/uploads\/2022\/01\/734_0.jpg","width":800,"height":800},{"@type":"BreadcrumbList","@id":"https:\/\/manskin.ch\/fr\/produkt\/triumph-and-disaster-gameface-moisturiser-jar\/#breadcrumb","itemListElement":[{"@type":"ListItem","position":1,"name":"Startseite","item":"https:\/\/manskin.ch\/fr\/"},{"@type":"ListItem","position":2,"name":"Boutique Soins pour Hommes &amp; Skincare","item":"https:\/\/manskin.ch\/fr\/boutique\/"},{"@type":"ListItem","position":3,"name":"Triumph &amp; Disaster &#8211; Gameface Moisturiser Jar"}]},{"@type":"WebSite","@id":"https:\/\/manskin.ch\/fr\/#website","url":"https:\/\/manskin.ch\/fr\/","name":"Manskin.ch","description":"Tous les produits de beaut\u00e9 pour les hommes les plus exigeants","publisher":{"@id":"https:\/\/manskin.ch\/fr\/#organization"},"potentialAction":[{"@type":"SearchAction","target":{"@type":"EntryPoint","urlTemplate":"https:\/\/manskin.ch\/fr\/?s={search_term_string}"},"query-input":{"@type":"PropertyValueSpecification","valueRequired":true,"valueName":"search_term_string"}}],"inLanguage":"fr-FR"},{"@type":"Organization","@id":"https:\/\/manskin.ch\/fr\/#organization","name":"Manskin.ch - der Schweizer Onlineshop f\u00fcr qualit\u00e4tsstarke M\u00e4nnerpflege","url":"https:\/\/manskin.ch\/fr\/","logo":{"@type":"ImageObject","inLanguage":"fr-FR","@id":"https:\/\/manskin.ch\/fr\/#\/schema\/logo\/image\/","url":"https:\/\/manskin.ch\/wp-content\/uploads\/2021\/04\/cropped-logo_head.png","contentUrl":"https:\/\/manskin.ch\/wp-content\/uploads\/2021\/04\/cropped-logo_head.png","width":235,"height":75,"caption":"Manskin.ch - der Schweizer Onlineshop f\u00fcr qualit\u00e4tsstarke M\u00e4nnerpflege"},"image":{"@id":"https:\/\/manskin.ch\/fr\/#\/schema\/logo\/image\/"},"sameAs":["https:\/\/www.facebook.com\/manskin.ch","https:\/\/www.instagram.com\/manskin.ch\/"]}]},"product_price_amount":"46.00","product_price_currency":"CHF","og_availability":"out of stock","product_availability":"out of stock","product_retailer_item_id":"12193","product_condition":"new"},"brands":[{"id":2789,"name":"Triumph &amp; Disaster","slug":"triumph-disaster"}],"_links":{"self":[{"href":"https:\/\/manskin.ch\/fr\/wp-json\/wp\/v2\/product\/18854","targetHints":{"allow":["GET"]}}],"collection":[{"href":"https:\/\/manskin.ch\/fr\/wp-json\/wp\/v2\/product"}],"about":[{"href":"https:\/\/manskin.ch\/fr\/wp-json\/wp\/v2\/types\/product"}],"replies":[{"embeddable":true,"href":"https:\/\/manskin.ch\/fr\/wp-json\/wp\/v2\/comments?post=18854"}],"wp:featuredmedia":[{"embeddable":true,"href":"https:\/\/manskin.ch\/fr\/wp-json\/wp\/v2\/media\/2445"}],"wp:attachment":[{"href":"https:\/\/manskin.ch\/fr\/wp-json\/wp\/v2\/media?parent=18854"}],"wp:term":[{"taxonomy":"pwb-brand","embeddable":true,"href":"https:\/\/manskin.ch\/fr\/wp-json\/wp\/v2\/pwb-brand?post=18854"},{"taxonomy":"product_brand","embeddable":true,"href":"https:\/\/manskin.ch\/fr\/wp-json\/wp\/v2\/product_brand?post=18854"},{"taxonomy":"product_cat","embeddable":true,"href":"https:\/\/manskin.ch\/fr\/wp-json\/wp\/v2\/product_cat?post=18854"},{"taxonomy":"product_tag","embeddable":true,"href":"https:\/\/manskin.ch\/fr\/wp-json\/wp\/v2\/product_tag?post=18854"}],"curies":[{"name":"wp","href":"https:\/\/api.w.org\/{rel}","templated":true}]}}