{"id":18492,"date":"2022-01-08T13:47:42","date_gmt":"2022-01-08T12:47:42","guid":{"rendered":"https:\/\/manskin.ch\/produkt\/haslinger-gel-douche-shampooing-au-bois-de-santal-2\/"},"modified":"2025-07-18T11:53:38","modified_gmt":"2025-07-18T09:53:38","slug":"haslinger-bain-douche-shampooing-au-bois-de-santal","status":"publish","type":"product","link":"https:\/\/manskin.ch\/fr\/produkt\/haslinger-bain-douche-shampooing-au-bois-de-santal\/","title":{"rendered":"Haslinger &#8211; Bain douche &amp; shampooing au bois de santal"},"content":{"rendered":"<h2>Haslinger &#8211; Bain douche &amp; shampooing au bois de santal 100 ml<\/h2>\n<p>&nbsp;<\/p>\n<ul>\n<li>Le bois de santal est particuli&egrave;rement nourrissant et protecteur pour la peau.<\/li>\n<li>Le bain douche &amp; shampooing au bois de santal est &eacute;conomique et id&eacute;al pour le sport et les voyages.<\/li>\n<li>Sa formule au pH neutre est particuli&egrave;rement douce et d&eacute;licate pour la peau et les cheveux.<\/li>\n<li>L&#39;ar&ocirc;me de l&#39;huile de santal apaise, r&eacute;duit le stress et am&eacute;liore l&#39;humeur.<\/li>\n<li>Donne aux cheveux une brillance et un volume naturels.<\/li>\n<li>Convient pour le lavage quotidien des cheveux.<\/li>\n<li>Taille id&eacute;ale pour les voyages et le sport.<\/li>\n<li>Contenu 100 ml.<\/li>\n<\/ul>\n","protected":false},"excerpt":{"rendered":"<p>Haslinger &#8211; Bain douche &amp; shampooing au bois de santal 100 ml &nbsp; Le bois de santal est particuli&egrave;rement nourrissant et protecteur pour la peau. Le bain douche &amp; shampooing au bois de santal est &eacute;conomique et id&eacute;al pour le sport et les voyages. Sa formule au pH neutre est particuli&egrave;rement douce et d&eacute;licate pour &#8230; <a title=\"Haslinger &#8211; Bain douche &amp; shampooing au bois de santal\" class=\"read-more\" href=\"https:\/\/manskin.ch\/fr\/produkt\/haslinger-bain-douche-shampooing-au-bois-de-santal\/\" aria-label=\"En savoir plus sur Haslinger &#8211; Bain douche &amp; shampooing au bois de santal\">Lire la suite<\/a><\/p>\n","protected":false},"featured_media":28091,"comment_status":"closed","ping_status":"closed","template":"","meta":{"_acf_changed":false},"pwb-brand":[2761],"product_brand":[],"product_cat":[144,2804,350,2357,1948,224,2911],"product_tag":[],"class_list":{"0":"post-18492","1":"product","2":"type-product","3":"status-publish","4":"has-post-thumbnail","6":"pwb-brand-haslinger","7":"product_cat-body-wash","8":"product_cat-haslinger-fr","9":"product_cat-haslinger","10":"product_cat-nettoyant-corps","11":"product_cat-shampoing-conditioner","12":"product_cat-shampoo-spuelung","13":"product_cat-travel-sport","14":"product_shipping_class-standard","15":"product_shipping_class-standard-fr","16":"pa_hersteller-haslinger-fr-2","17":"sales-flash-overlay","18":"woocommerce-text-align-center","19":"woocommerce-image-align-center","20":"do-quantity-buttons","22":"first","23":"instock","24":"purchasable","25":"product-type-simple"},"acf":[],"yoast_head":"<!-- This site is optimized with the Yoast SEO Premium plugin v27.3 (Yoast SEO v27.3) - https:\/\/yoast.com\/product\/yoast-seo-premium-wordpress\/ -->\n<title>Haslinger - Bain douche &amp; shampooing au bois de santal | Manskin.ch<\/title>\n<meta name=\"description\" content=\"Haslinger - Bain douche &amp; shampooing au bois de santal\" \/>\n<meta name=\"robots\" content=\"index, follow, max-snippet:-1, max-image-preview:large, max-video-preview:-1\" \/>\n<link rel=\"canonical\" href=\"https:\/\/manskin.ch\/fr\/produkt\/haslinger-bain-douche-shampooing-au-bois-de-santal\/\" \/>\n<meta property=\"og:locale\" content=\"fr_FR\" \/>\n<meta property=\"og:type\" content=\"article\" \/>\n<meta property=\"og:title\" content=\"Haslinger - Bain douche &amp; shampooing au bois de santal\" \/>\n<meta property=\"og:description\" content=\"Haslinger - Bain douche &amp; shampooing au bois de santal\" \/>\n<meta property=\"og:url\" content=\"https:\/\/manskin.ch\/fr\/produkt\/haslinger-bain-douche-shampooing-au-bois-de-santal\/\" \/>\n<meta property=\"og:site_name\" content=\"Manskin.ch\" \/>\n<meta property=\"article:publisher\" content=\"https:\/\/www.facebook.com\/manskin.ch\" \/>\n<meta property=\"article:modified_time\" content=\"2025-07-18T09:53:38+00:00\" \/>\n<meta property=\"og:image\" content=\"https:\/\/manskin.ch\/wp-content\/uploads\/2022\/01\/Haslinger-Sandelholz-Dusch-High-Quality.jpg\" \/>\n\t<meta property=\"og:image:width\" content=\"800\" \/>\n\t<meta property=\"og:image:height\" content=\"800\" \/>\n\t<meta property=\"og:image:type\" content=\"image\/jpeg\" \/>\n<meta name=\"twitter:card\" content=\"summary_large_image\" \/>\n<meta name=\"twitter:label1\" content=\"Prix\" \/>\n\t<meta name=\"twitter:data1\" content=\"9.50&#067;&#072;&#070;\" \/>\n\t<meta name=\"twitter:label2\" content=\"Disponibilit\u00e9\" \/>\n\t<meta name=\"twitter:data2\" content=\"En stock\" \/>\n<script type=\"application\/ld+json\" class=\"yoast-schema-graph\">{\"@context\":\"https:\\\/\\\/schema.org\",\"@graph\":[{\"@type\":\"WebPage\",\"@id\":\"https:\\\/\\\/manskin.ch\\\/fr\\\/produkt\\\/haslinger-bain-douche-shampooing-au-bois-de-santal\\\/\",\"url\":\"https:\\\/\\\/manskin.ch\\\/fr\\\/produkt\\\/haslinger-bain-douche-shampooing-au-bois-de-santal\\\/\",\"name\":\"Haslinger - Bain douche &amp; shampooing au bois de santal | Manskin.ch\",\"isPartOf\":{\"@id\":\"https:\\\/\\\/manskin.ch\\\/fr\\\/#website\"},\"primaryImageOfPage\":{\"@id\":\"https:\\\/\\\/manskin.ch\\\/fr\\\/produkt\\\/haslinger-bain-douche-shampooing-au-bois-de-santal\\\/#primaryimage\"},\"image\":{\"@id\":\"https:\\\/\\\/manskin.ch\\\/fr\\\/produkt\\\/haslinger-bain-douche-shampooing-au-bois-de-santal\\\/#primaryimage\"},\"thumbnailUrl\":\"https:\\\/\\\/manskin.ch\\\/wp-content\\\/uploads\\\/2022\\\/01\\\/Haslinger-Sandelholz-Dusch-High-Quality.jpg\",\"datePublished\":\"2022-01-08T12:47:42+00:00\",\"dateModified\":\"2025-07-18T09:53:38+00:00\",\"description\":\"Haslinger - Bain douche &amp; shampooing au bois de santal\",\"breadcrumb\":{\"@id\":\"https:\\\/\\\/manskin.ch\\\/fr\\\/produkt\\\/haslinger-bain-douche-shampooing-au-bois-de-santal\\\/#breadcrumb\"},\"inLanguage\":\"fr-FR\",\"potentialAction\":[{\"@type\":\"ReadAction\",\"target\":[\"https:\\\/\\\/manskin.ch\\\/fr\\\/produkt\\\/haslinger-bain-douche-shampooing-au-bois-de-santal\\\/\"]}]},{\"@type\":\"ImageObject\",\"inLanguage\":\"fr-FR\",\"@id\":\"https:\\\/\\\/manskin.ch\\\/fr\\\/produkt\\\/haslinger-bain-douche-shampooing-au-bois-de-santal\\\/#primaryimage\",\"url\":\"https:\\\/\\\/manskin.ch\\\/wp-content\\\/uploads\\\/2022\\\/01\\\/Haslinger-Sandelholz-Dusch-High-Quality.jpg\",\"contentUrl\":\"https:\\\/\\\/manskin.ch\\\/wp-content\\\/uploads\\\/2022\\\/01\\\/Haslinger-Sandelholz-Dusch-High-Quality.jpg\",\"width\":800,\"height\":800},{\"@type\":\"BreadcrumbList\",\"@id\":\"https:\\\/\\\/manskin.ch\\\/fr\\\/produkt\\\/haslinger-bain-douche-shampooing-au-bois-de-santal\\\/#breadcrumb\",\"itemListElement\":[{\"@type\":\"ListItem\",\"position\":1,\"name\":\"Startseite\",\"item\":\"https:\\\/\\\/manskin.ch\\\/fr\\\/\"},{\"@type\":\"ListItem\",\"position\":2,\"name\":\"Boutique Soins pour Hommes &amp; Skincare\",\"item\":\"https:\\\/\\\/manskin.ch\\\/fr\\\/boutique\\\/\"},{\"@type\":\"ListItem\",\"position\":3,\"name\":\"Haslinger &#8211; Bain douche &amp; shampooing au bois de santal\"}]},{\"@type\":\"WebSite\",\"@id\":\"https:\\\/\\\/manskin.ch\\\/fr\\\/#website\",\"url\":\"https:\\\/\\\/manskin.ch\\\/fr\\\/\",\"name\":\"Manskin.ch\",\"description\":\"Tous les produits de beaut\u00e9 pour les hommes les plus exigeants\",\"publisher\":{\"@id\":\"https:\\\/\\\/manskin.ch\\\/fr\\\/#organization\"},\"potentialAction\":[{\"@type\":\"SearchAction\",\"target\":{\"@type\":\"EntryPoint\",\"urlTemplate\":\"https:\\\/\\\/manskin.ch\\\/fr\\\/?s={search_term_string}\"},\"query-input\":{\"@type\":\"PropertyValueSpecification\",\"valueRequired\":true,\"valueName\":\"search_term_string\"}}],\"inLanguage\":\"fr-FR\"},{\"@type\":\"Organization\",\"@id\":\"https:\\\/\\\/manskin.ch\\\/fr\\\/#organization\",\"name\":\"Manskin.ch - der Schweizer Onlineshop f\u00fcr qualit\u00e4tsstarke M\u00e4nnerpflege\",\"url\":\"https:\\\/\\\/manskin.ch\\\/fr\\\/\",\"logo\":{\"@type\":\"ImageObject\",\"inLanguage\":\"fr-FR\",\"@id\":\"https:\\\/\\\/manskin.ch\\\/fr\\\/#\\\/schema\\\/logo\\\/image\\\/\",\"url\":\"https:\\\/\\\/manskin.ch\\\/wp-content\\\/uploads\\\/2021\\\/04\\\/cropped-logo_head.png\",\"contentUrl\":\"https:\\\/\\\/manskin.ch\\\/wp-content\\\/uploads\\\/2021\\\/04\\\/cropped-logo_head.png\",\"width\":235,\"height\":75,\"caption\":\"Manskin.ch - der Schweizer Onlineshop f\u00fcr qualit\u00e4tsstarke M\u00e4nnerpflege\"},\"image\":{\"@id\":\"https:\\\/\\\/manskin.ch\\\/fr\\\/#\\\/schema\\\/logo\\\/image\\\/\"},\"sameAs\":[\"https:\\\/\\\/www.facebook.com\\\/manskin.ch\",\"https:\\\/\\\/www.instagram.com\\\/manskin.ch\\\/\"]}]}<\/script>\n<meta property=\"product:price:amount\" content=\"9.50\" \/>\n<meta property=\"product:price:currency\" content=\"CHF\" \/>\n<meta property=\"og:availability\" content=\"instock\" \/>\n<meta property=\"product:availability\" content=\"instock\" \/>\n<meta property=\"product:retailer_item_id\" content=\"12778\" \/>\n<meta property=\"product:condition\" content=\"new\" \/>\n<!-- \/ Yoast SEO Premium plugin. -->","yoast_head_json":{"title":"Haslinger - Bain douche &amp; shampooing au bois de santal | Manskin.ch","description":"Haslinger - Bain douche &amp; shampooing au bois de santal","robots":{"index":"index","follow":"follow","max-snippet":"max-snippet:-1","max-image-preview":"max-image-preview:large","max-video-preview":"max-video-preview:-1"},"canonical":"https:\/\/manskin.ch\/fr\/produkt\/haslinger-bain-douche-shampooing-au-bois-de-santal\/","og_locale":"fr_FR","og_type":"article","og_title":"Haslinger - Bain douche &amp; shampooing au bois de santal","og_description":"Haslinger - Bain douche &amp; shampooing au bois de santal","og_url":"https:\/\/manskin.ch\/fr\/produkt\/haslinger-bain-douche-shampooing-au-bois-de-santal\/","og_site_name":"Manskin.ch","article_publisher":"https:\/\/www.facebook.com\/manskin.ch","article_modified_time":"2025-07-18T09:53:38+00:00","og_image":[{"width":800,"height":800,"url":"https:\/\/manskin.ch\/wp-content\/uploads\/2022\/01\/Haslinger-Sandelholz-Dusch-High-Quality.jpg","type":"image\/jpeg"}],"twitter_card":"summary_large_image","twitter_misc":{"Prix":"9.50&#67;&#72;&#70;","Disponibilit\u00e9":"En stock"},"schema":{"@context":"https:\/\/schema.org","@graph":[{"@type":"WebPage","@id":"https:\/\/manskin.ch\/fr\/produkt\/haslinger-bain-douche-shampooing-au-bois-de-santal\/","url":"https:\/\/manskin.ch\/fr\/produkt\/haslinger-bain-douche-shampooing-au-bois-de-santal\/","name":"Haslinger - Bain douche &amp; shampooing au bois de santal | Manskin.ch","isPartOf":{"@id":"https:\/\/manskin.ch\/fr\/#website"},"primaryImageOfPage":{"@id":"https:\/\/manskin.ch\/fr\/produkt\/haslinger-bain-douche-shampooing-au-bois-de-santal\/#primaryimage"},"image":{"@id":"https:\/\/manskin.ch\/fr\/produkt\/haslinger-bain-douche-shampooing-au-bois-de-santal\/#primaryimage"},"thumbnailUrl":"https:\/\/manskin.ch\/wp-content\/uploads\/2022\/01\/Haslinger-Sandelholz-Dusch-High-Quality.jpg","datePublished":"2022-01-08T12:47:42+00:00","dateModified":"2025-07-18T09:53:38+00:00","description":"Haslinger - Bain douche &amp; shampooing au bois de santal","breadcrumb":{"@id":"https:\/\/manskin.ch\/fr\/produkt\/haslinger-bain-douche-shampooing-au-bois-de-santal\/#breadcrumb"},"inLanguage":"fr-FR","potentialAction":[{"@type":"ReadAction","target":["https:\/\/manskin.ch\/fr\/produkt\/haslinger-bain-douche-shampooing-au-bois-de-santal\/"]}]},{"@type":"ImageObject","inLanguage":"fr-FR","@id":"https:\/\/manskin.ch\/fr\/produkt\/haslinger-bain-douche-shampooing-au-bois-de-santal\/#primaryimage","url":"https:\/\/manskin.ch\/wp-content\/uploads\/2022\/01\/Haslinger-Sandelholz-Dusch-High-Quality.jpg","contentUrl":"https:\/\/manskin.ch\/wp-content\/uploads\/2022\/01\/Haslinger-Sandelholz-Dusch-High-Quality.jpg","width":800,"height":800},{"@type":"BreadcrumbList","@id":"https:\/\/manskin.ch\/fr\/produkt\/haslinger-bain-douche-shampooing-au-bois-de-santal\/#breadcrumb","itemListElement":[{"@type":"ListItem","position":1,"name":"Startseite","item":"https:\/\/manskin.ch\/fr\/"},{"@type":"ListItem","position":2,"name":"Boutique Soins pour Hommes &amp; Skincare","item":"https:\/\/manskin.ch\/fr\/boutique\/"},{"@type":"ListItem","position":3,"name":"Haslinger &#8211; Bain douche &amp; shampooing au bois de santal"}]},{"@type":"WebSite","@id":"https:\/\/manskin.ch\/fr\/#website","url":"https:\/\/manskin.ch\/fr\/","name":"Manskin.ch","description":"Tous les produits de beaut\u00e9 pour les hommes les plus exigeants","publisher":{"@id":"https:\/\/manskin.ch\/fr\/#organization"},"potentialAction":[{"@type":"SearchAction","target":{"@type":"EntryPoint","urlTemplate":"https:\/\/manskin.ch\/fr\/?s={search_term_string}"},"query-input":{"@type":"PropertyValueSpecification","valueRequired":true,"valueName":"search_term_string"}}],"inLanguage":"fr-FR"},{"@type":"Organization","@id":"https:\/\/manskin.ch\/fr\/#organization","name":"Manskin.ch - der Schweizer Onlineshop f\u00fcr qualit\u00e4tsstarke M\u00e4nnerpflege","url":"https:\/\/manskin.ch\/fr\/","logo":{"@type":"ImageObject","inLanguage":"fr-FR","@id":"https:\/\/manskin.ch\/fr\/#\/schema\/logo\/image\/","url":"https:\/\/manskin.ch\/wp-content\/uploads\/2021\/04\/cropped-logo_head.png","contentUrl":"https:\/\/manskin.ch\/wp-content\/uploads\/2021\/04\/cropped-logo_head.png","width":235,"height":75,"caption":"Manskin.ch - der Schweizer Onlineshop f\u00fcr qualit\u00e4tsstarke M\u00e4nnerpflege"},"image":{"@id":"https:\/\/manskin.ch\/fr\/#\/schema\/logo\/image\/"},"sameAs":["https:\/\/www.facebook.com\/manskin.ch","https:\/\/www.instagram.com\/manskin.ch\/"]}]},"product_price_amount":"9.50","product_price_currency":"CHF","og_availability":"instock","product_availability":"instock","product_retailer_item_id":"12778","product_condition":"new"},"brands":[{"id":2761,"name":"Haslinger","slug":"haslinger"}],"_links":{"self":[{"href":"https:\/\/manskin.ch\/fr\/wp-json\/wp\/v2\/product\/18492","targetHints":{"allow":["GET"]}}],"collection":[{"href":"https:\/\/manskin.ch\/fr\/wp-json\/wp\/v2\/product"}],"about":[{"href":"https:\/\/manskin.ch\/fr\/wp-json\/wp\/v2\/types\/product"}],"replies":[{"embeddable":true,"href":"https:\/\/manskin.ch\/fr\/wp-json\/wp\/v2\/comments?post=18492"}],"wp:featuredmedia":[{"embeddable":true,"href":"https:\/\/manskin.ch\/fr\/wp-json\/wp\/v2\/media\/28091"}],"wp:attachment":[{"href":"https:\/\/manskin.ch\/fr\/wp-json\/wp\/v2\/media?parent=18492"}],"wp:term":[{"taxonomy":"pwb-brand","embeddable":true,"href":"https:\/\/manskin.ch\/fr\/wp-json\/wp\/v2\/pwb-brand?post=18492"},{"taxonomy":"product_brand","embeddable":true,"href":"https:\/\/manskin.ch\/fr\/wp-json\/wp\/v2\/product_brand?post=18492"},{"taxonomy":"product_cat","embeddable":true,"href":"https:\/\/manskin.ch\/fr\/wp-json\/wp\/v2\/product_cat?post=18492"},{"taxonomy":"product_tag","embeddable":true,"href":"https:\/\/manskin.ch\/fr\/wp-json\/wp\/v2\/product_tag?post=18492"}],"curies":[{"name":"wp","href":"https:\/\/api.w.org\/{rel}","templated":true}]}}