{"id":18295,"date":"2022-01-08T13:25:58","date_gmt":"2022-01-08T12:25:58","guid":{"rendered":"https:\/\/manskin.ch\/produkt\/benton-snail-bee-high-content-steam-cream-2\/"},"modified":"2025-07-18T11:06:14","modified_gmt":"2025-07-18T09:06:14","slug":"benton-snail-bee-high-content-steam-cream","status":"publish","type":"product","link":"https:\/\/manskin.ch\/fr\/produkt\/benton-snail-bee-high-content-steam-cream\/","title":{"rendered":"Benton &#8211; Snail Bee High Content Steam Cream"},"content":{"rendered":"<h2>Benton &#8211; Snail Bee High Content Steam Cream &#8211;\u00a0Cr\u00e8me anti-\u00e2ge \u00e0 l&rsquo;extrait d&rsquo;escargot et de venin d&rsquo;abeille<\/h2>\n<ul>\n<li>Cette cr\u00e8me anti-\u00e2ge tr\u00e8s riche mais\u00a0l\u00e9g\u00e8re \u00e0 l&rsquo;extrait d&rsquo;escargot, au venin d&rsquo;abeille, aux peptides et \u00e0 l&rsquo;acide hyaluronique nourrit\u00a0en profondeur la peau s\u00e8che.<\/li>\n<li>L&rsquo;extrait de mucus d&rsquo;escargot renforce l&rsquo;\u00e9lasticit\u00e9 de la peau et stimule le renouvellement cellulaire.<\/li>\n<li>Le venin d&rsquo;abeille a un effet antiseptique, apaise la peau et stimule la production de collag\u00e8ne, provoquant la disparition des cicatrices et des dommages caus\u00e9s par le soleil.<\/li>\n<li>Pour tous les types de peau, en particulier les peaux sensibles et s\u00e8ches.<\/li>\n<li>Sans parab\u00e8nes, huiles min\u00e9rales, silicones, alcool, parfums et colorants.<\/li>\n<\/ul>\n<p>Contenu 50 ml.<\/p>\n<p>Tous les produits cosm\u00e9tiques Benton sont des produits unisexes et conviennent donc aux hommes et aux femmes.<\/p>\n<p>\u00a0<\/p>\n","protected":false},"excerpt":{"rendered":"<p>Benton &#8211; Snail Bee High Content Steam Cream &#8211;\u00a0Cr\u00e8me anti-\u00e2ge \u00e0 l&rsquo;extrait d&rsquo;escargot et de venin d&rsquo;abeille Cette cr\u00e8me anti-\u00e2ge tr\u00e8s riche mais\u00a0l\u00e9g\u00e8re \u00e0 l&rsquo;extrait d&rsquo;escargot, au venin d&rsquo;abeille, aux peptides et \u00e0 l&rsquo;acide hyaluronique nourrit\u00a0en profondeur la peau s\u00e8che. L&rsquo;extrait de mucus d&rsquo;escargot renforce l&rsquo;\u00e9lasticit\u00e9 de la peau et stimule le renouvellement cellulaire. Le &#8230; <a title=\"Benton &#8211; Snail Bee High Content Steam Cream\" class=\"read-more\" href=\"https:\/\/manskin.ch\/fr\/produkt\/benton-snail-bee-high-content-steam-cream\/\" aria-label=\"En savoir plus sur Benton &#8211; Snail Bee High Content Steam Cream\">Lire la suite<\/a><\/p>\n","protected":false},"featured_media":3592,"comment_status":"closed","ping_status":"closed","template":"","meta":{"_acf_changed":false},"pwb-brand":[2754],"product_brand":[],"product_cat":[1930,2802,2329],"product_tag":[],"class_list":{"0":"post-18295","1":"product","2":"type-product","3":"status-publish","4":"has-post-thumbnail","6":"pwb-brand-benton","7":"product_cat-anti-age","8":"product_cat-benton-fr","9":"product_cat-hydratants","10":"product_shipping_class-standard-fr","11":"pa_hersteller-benton-fr-2","12":"sales-flash-overlay","13":"woocommerce-text-align-center","14":"woocommerce-image-align-center","15":"do-quantity-buttons","17":"first","18":"instock","19":"purchasable","20":"product-type-simple"},"acf":[],"yoast_head":"<!-- This site is optimized with the Yoast SEO Premium plugin v27.3 (Yoast SEO v27.3) - https:\/\/yoast.com\/product\/yoast-seo-premium-wordpress\/ -->\n<title>Benton - Snail Bee High Content Steam Cream | Manskin.ch<\/title>\n<meta name=\"description\" content=\"Benton - Snail Bee High Content Steam Cream\" \/>\n<meta name=\"robots\" content=\"index, follow, max-snippet:-1, max-image-preview:large, max-video-preview:-1\" \/>\n<link rel=\"canonical\" href=\"https:\/\/manskin.ch\/fr\/produkt\/benton-snail-bee-high-content-steam-cream\/\" \/>\n<meta property=\"og:locale\" content=\"fr_FR\" \/>\n<meta property=\"og:type\" content=\"article\" \/>\n<meta property=\"og:title\" content=\"Benton - Snail Bee High Content Steam Cream\" \/>\n<meta property=\"og:description\" content=\"Benton - Snail Bee High Content Steam Cream\" \/>\n<meta property=\"og:url\" content=\"https:\/\/manskin.ch\/fr\/produkt\/benton-snail-bee-high-content-steam-cream\/\" \/>\n<meta property=\"og:site_name\" content=\"Manskin.ch\" \/>\n<meta property=\"article:publisher\" content=\"https:\/\/www.facebook.com\/manskin.ch\" \/>\n<meta property=\"article:modified_time\" content=\"2025-07-18T09:06:14+00:00\" \/>\n<meta property=\"og:image\" content=\"https:\/\/manskin.ch\/wp-content\/uploads\/2022\/01\/1099_0.jpg\" \/>\n\t<meta property=\"og:image:width\" content=\"300\" \/>\n\t<meta property=\"og:image:height\" content=\"300\" \/>\n\t<meta property=\"og:image:type\" content=\"image\/jpeg\" \/>\n<meta name=\"twitter:card\" content=\"summary_large_image\" \/>\n<meta name=\"twitter:label1\" content=\"Prix\" \/>\n\t<meta name=\"twitter:data1\" content=\"24.00&#067;&#072;&#070;\" \/>\n\t<meta name=\"twitter:label2\" content=\"Disponibilit\u00e9\" \/>\n\t<meta name=\"twitter:data2\" content=\"En stock\" \/>\n<script type=\"application\/ld+json\" class=\"yoast-schema-graph\">{\"@context\":\"https:\\\/\\\/schema.org\",\"@graph\":[{\"@type\":\"WebPage\",\"@id\":\"https:\\\/\\\/manskin.ch\\\/fr\\\/produkt\\\/benton-snail-bee-high-content-steam-cream\\\/\",\"url\":\"https:\\\/\\\/manskin.ch\\\/fr\\\/produkt\\\/benton-snail-bee-high-content-steam-cream\\\/\",\"name\":\"Benton - Snail Bee High Content Steam Cream | Manskin.ch\",\"isPartOf\":{\"@id\":\"https:\\\/\\\/manskin.ch\\\/fr\\\/#website\"},\"primaryImageOfPage\":{\"@id\":\"https:\\\/\\\/manskin.ch\\\/fr\\\/produkt\\\/benton-snail-bee-high-content-steam-cream\\\/#primaryimage\"},\"image\":{\"@id\":\"https:\\\/\\\/manskin.ch\\\/fr\\\/produkt\\\/benton-snail-bee-high-content-steam-cream\\\/#primaryimage\"},\"thumbnailUrl\":\"https:\\\/\\\/manskin.ch\\\/wp-content\\\/uploads\\\/2022\\\/01\\\/1099_0.jpg\",\"datePublished\":\"2022-01-08T12:25:58+00:00\",\"dateModified\":\"2025-07-18T09:06:14+00:00\",\"description\":\"Benton - Snail Bee High Content Steam Cream\",\"breadcrumb\":{\"@id\":\"https:\\\/\\\/manskin.ch\\\/fr\\\/produkt\\\/benton-snail-bee-high-content-steam-cream\\\/#breadcrumb\"},\"inLanguage\":\"fr-FR\",\"potentialAction\":[{\"@type\":\"ReadAction\",\"target\":[\"https:\\\/\\\/manskin.ch\\\/fr\\\/produkt\\\/benton-snail-bee-high-content-steam-cream\\\/\"]}]},{\"@type\":\"ImageObject\",\"inLanguage\":\"fr-FR\",\"@id\":\"https:\\\/\\\/manskin.ch\\\/fr\\\/produkt\\\/benton-snail-bee-high-content-steam-cream\\\/#primaryimage\",\"url\":\"https:\\\/\\\/manskin.ch\\\/wp-content\\\/uploads\\\/2022\\\/01\\\/1099_0.jpg\",\"contentUrl\":\"https:\\\/\\\/manskin.ch\\\/wp-content\\\/uploads\\\/2022\\\/01\\\/1099_0.jpg\",\"width\":300,\"height\":300},{\"@type\":\"BreadcrumbList\",\"@id\":\"https:\\\/\\\/manskin.ch\\\/fr\\\/produkt\\\/benton-snail-bee-high-content-steam-cream\\\/#breadcrumb\",\"itemListElement\":[{\"@type\":\"ListItem\",\"position\":1,\"name\":\"Startseite\",\"item\":\"https:\\\/\\\/manskin.ch\\\/fr\\\/\"},{\"@type\":\"ListItem\",\"position\":2,\"name\":\"Boutique Soins pour Hommes &amp; Skincare\",\"item\":\"https:\\\/\\\/manskin.ch\\\/fr\\\/boutique\\\/\"},{\"@type\":\"ListItem\",\"position\":3,\"name\":\"Benton &#8211; Snail Bee High Content Steam Cream\"}]},{\"@type\":\"WebSite\",\"@id\":\"https:\\\/\\\/manskin.ch\\\/fr\\\/#website\",\"url\":\"https:\\\/\\\/manskin.ch\\\/fr\\\/\",\"name\":\"Manskin.ch\",\"description\":\"Tous les produits de beaut\u00e9 pour les hommes les plus exigeants\",\"publisher\":{\"@id\":\"https:\\\/\\\/manskin.ch\\\/fr\\\/#organization\"},\"potentialAction\":[{\"@type\":\"SearchAction\",\"target\":{\"@type\":\"EntryPoint\",\"urlTemplate\":\"https:\\\/\\\/manskin.ch\\\/fr\\\/?s={search_term_string}\"},\"query-input\":{\"@type\":\"PropertyValueSpecification\",\"valueRequired\":true,\"valueName\":\"search_term_string\"}}],\"inLanguage\":\"fr-FR\"},{\"@type\":\"Organization\",\"@id\":\"https:\\\/\\\/manskin.ch\\\/fr\\\/#organization\",\"name\":\"Manskin.ch - der Schweizer Onlineshop f\u00fcr qualit\u00e4tsstarke M\u00e4nnerpflege\",\"url\":\"https:\\\/\\\/manskin.ch\\\/fr\\\/\",\"logo\":{\"@type\":\"ImageObject\",\"inLanguage\":\"fr-FR\",\"@id\":\"https:\\\/\\\/manskin.ch\\\/fr\\\/#\\\/schema\\\/logo\\\/image\\\/\",\"url\":\"https:\\\/\\\/manskin.ch\\\/wp-content\\\/uploads\\\/2021\\\/04\\\/cropped-logo_head.png\",\"contentUrl\":\"https:\\\/\\\/manskin.ch\\\/wp-content\\\/uploads\\\/2021\\\/04\\\/cropped-logo_head.png\",\"width\":235,\"height\":75,\"caption\":\"Manskin.ch - der Schweizer Onlineshop f\u00fcr qualit\u00e4tsstarke M\u00e4nnerpflege\"},\"image\":{\"@id\":\"https:\\\/\\\/manskin.ch\\\/fr\\\/#\\\/schema\\\/logo\\\/image\\\/\"},\"sameAs\":[\"https:\\\/\\\/www.facebook.com\\\/manskin.ch\",\"https:\\\/\\\/www.instagram.com\\\/manskin.ch\\\/\"]}]}<\/script>\n<meta property=\"product:price:amount\" content=\"24.00\" \/>\n<meta property=\"product:price:currency\" content=\"CHF\" \/>\n<meta property=\"og:availability\" content=\"instock\" \/>\n<meta property=\"product:availability\" content=\"instock\" \/>\n<meta property=\"product:retailer_item_id\" content=\"12564\" \/>\n<meta property=\"product:condition\" content=\"new\" \/>\n<!-- \/ Yoast SEO Premium plugin. -->","yoast_head_json":{"title":"Benton - Snail Bee High Content Steam Cream | Manskin.ch","description":"Benton - Snail Bee High Content Steam Cream","robots":{"index":"index","follow":"follow","max-snippet":"max-snippet:-1","max-image-preview":"max-image-preview:large","max-video-preview":"max-video-preview:-1"},"canonical":"https:\/\/manskin.ch\/fr\/produkt\/benton-snail-bee-high-content-steam-cream\/","og_locale":"fr_FR","og_type":"article","og_title":"Benton - Snail Bee High Content Steam Cream","og_description":"Benton - Snail Bee High Content Steam Cream","og_url":"https:\/\/manskin.ch\/fr\/produkt\/benton-snail-bee-high-content-steam-cream\/","og_site_name":"Manskin.ch","article_publisher":"https:\/\/www.facebook.com\/manskin.ch","article_modified_time":"2025-07-18T09:06:14+00:00","og_image":[{"width":300,"height":300,"url":"https:\/\/manskin.ch\/wp-content\/uploads\/2022\/01\/1099_0.jpg","type":"image\/jpeg"}],"twitter_card":"summary_large_image","twitter_misc":{"Prix":"24.00&#67;&#72;&#70;","Disponibilit\u00e9":"En stock"},"schema":{"@context":"https:\/\/schema.org","@graph":[{"@type":"WebPage","@id":"https:\/\/manskin.ch\/fr\/produkt\/benton-snail-bee-high-content-steam-cream\/","url":"https:\/\/manskin.ch\/fr\/produkt\/benton-snail-bee-high-content-steam-cream\/","name":"Benton - Snail Bee High Content Steam Cream | Manskin.ch","isPartOf":{"@id":"https:\/\/manskin.ch\/fr\/#website"},"primaryImageOfPage":{"@id":"https:\/\/manskin.ch\/fr\/produkt\/benton-snail-bee-high-content-steam-cream\/#primaryimage"},"image":{"@id":"https:\/\/manskin.ch\/fr\/produkt\/benton-snail-bee-high-content-steam-cream\/#primaryimage"},"thumbnailUrl":"https:\/\/manskin.ch\/wp-content\/uploads\/2022\/01\/1099_0.jpg","datePublished":"2022-01-08T12:25:58+00:00","dateModified":"2025-07-18T09:06:14+00:00","description":"Benton - Snail Bee High Content Steam Cream","breadcrumb":{"@id":"https:\/\/manskin.ch\/fr\/produkt\/benton-snail-bee-high-content-steam-cream\/#breadcrumb"},"inLanguage":"fr-FR","potentialAction":[{"@type":"ReadAction","target":["https:\/\/manskin.ch\/fr\/produkt\/benton-snail-bee-high-content-steam-cream\/"]}]},{"@type":"ImageObject","inLanguage":"fr-FR","@id":"https:\/\/manskin.ch\/fr\/produkt\/benton-snail-bee-high-content-steam-cream\/#primaryimage","url":"https:\/\/manskin.ch\/wp-content\/uploads\/2022\/01\/1099_0.jpg","contentUrl":"https:\/\/manskin.ch\/wp-content\/uploads\/2022\/01\/1099_0.jpg","width":300,"height":300},{"@type":"BreadcrumbList","@id":"https:\/\/manskin.ch\/fr\/produkt\/benton-snail-bee-high-content-steam-cream\/#breadcrumb","itemListElement":[{"@type":"ListItem","position":1,"name":"Startseite","item":"https:\/\/manskin.ch\/fr\/"},{"@type":"ListItem","position":2,"name":"Boutique Soins pour Hommes &amp; Skincare","item":"https:\/\/manskin.ch\/fr\/boutique\/"},{"@type":"ListItem","position":3,"name":"Benton &#8211; Snail Bee High Content Steam Cream"}]},{"@type":"WebSite","@id":"https:\/\/manskin.ch\/fr\/#website","url":"https:\/\/manskin.ch\/fr\/","name":"Manskin.ch","description":"Tous les produits de beaut\u00e9 pour les hommes les plus exigeants","publisher":{"@id":"https:\/\/manskin.ch\/fr\/#organization"},"potentialAction":[{"@type":"SearchAction","target":{"@type":"EntryPoint","urlTemplate":"https:\/\/manskin.ch\/fr\/?s={search_term_string}"},"query-input":{"@type":"PropertyValueSpecification","valueRequired":true,"valueName":"search_term_string"}}],"inLanguage":"fr-FR"},{"@type":"Organization","@id":"https:\/\/manskin.ch\/fr\/#organization","name":"Manskin.ch - der Schweizer Onlineshop f\u00fcr qualit\u00e4tsstarke M\u00e4nnerpflege","url":"https:\/\/manskin.ch\/fr\/","logo":{"@type":"ImageObject","inLanguage":"fr-FR","@id":"https:\/\/manskin.ch\/fr\/#\/schema\/logo\/image\/","url":"https:\/\/manskin.ch\/wp-content\/uploads\/2021\/04\/cropped-logo_head.png","contentUrl":"https:\/\/manskin.ch\/wp-content\/uploads\/2021\/04\/cropped-logo_head.png","width":235,"height":75,"caption":"Manskin.ch - der Schweizer Onlineshop f\u00fcr qualit\u00e4tsstarke M\u00e4nnerpflege"},"image":{"@id":"https:\/\/manskin.ch\/fr\/#\/schema\/logo\/image\/"},"sameAs":["https:\/\/www.facebook.com\/manskin.ch","https:\/\/www.instagram.com\/manskin.ch\/"]}]},"product_price_amount":"24.00","product_price_currency":"CHF","og_availability":"instock","product_availability":"instock","product_retailer_item_id":"12564","product_condition":"new"},"brands":[{"id":2754,"name":"Benton","slug":"benton"}],"_links":{"self":[{"href":"https:\/\/manskin.ch\/fr\/wp-json\/wp\/v2\/product\/18295","targetHints":{"allow":["GET"]}}],"collection":[{"href":"https:\/\/manskin.ch\/fr\/wp-json\/wp\/v2\/product"}],"about":[{"href":"https:\/\/manskin.ch\/fr\/wp-json\/wp\/v2\/types\/product"}],"replies":[{"embeddable":true,"href":"https:\/\/manskin.ch\/fr\/wp-json\/wp\/v2\/comments?post=18295"}],"wp:featuredmedia":[{"embeddable":true,"href":"https:\/\/manskin.ch\/fr\/wp-json\/wp\/v2\/media\/3592"}],"wp:attachment":[{"href":"https:\/\/manskin.ch\/fr\/wp-json\/wp\/v2\/media?parent=18295"}],"wp:term":[{"taxonomy":"pwb-brand","embeddable":true,"href":"https:\/\/manskin.ch\/fr\/wp-json\/wp\/v2\/pwb-brand?post=18295"},{"taxonomy":"product_brand","embeddable":true,"href":"https:\/\/manskin.ch\/fr\/wp-json\/wp\/v2\/product_brand?post=18295"},{"taxonomy":"product_cat","embeddable":true,"href":"https:\/\/manskin.ch\/fr\/wp-json\/wp\/v2\/product_cat?post=18295"},{"taxonomy":"product_tag","embeddable":true,"href":"https:\/\/manskin.ch\/fr\/wp-json\/wp\/v2\/product_tag?post=18295"}],"curies":[{"name":"wp","href":"https:\/\/api.w.org\/{rel}","templated":true}]}}