{"id":18292,"date":"2022-01-08T13:32:26","date_gmt":"2022-01-08T12:32:26","guid":{"rendered":"https:\/\/manskin.ch\/produkt\/benton-fermentation-eye-cream-2\/"},"modified":"2025-07-18T11:06:18","modified_gmt":"2025-07-18T09:06:18","slug":"benton-fermentation-eye-cream-2","status":"publish","type":"product","link":"https:\/\/manskin.ch\/fr\/produkt\/benton-fermentation-eye-cream-2\/","title":{"rendered":"Benton &#8211; Fermentation Eye Cream"},"content":{"rendered":"<h2>Benton &#8211; Fermentation Eye Cream &#8211;\u00a0Cr\u00e8me de soin des yeux \u00e0 l&rsquo;acide hyaluronique<\/h2>\n<ul>\n<li>La cr\u00e8me pour les yeux rajeunit ta peau avec des bact\u00e9ries lactiques naturelles et des c\u00e9ramides.<\/li>\n<li>Il lisse les rides, soulage les irritations et les imperfections li\u00e9es au stress et prot\u00e8ge la peau des dommages.<\/li>\n<li>La cr\u00e8me pour le contour des\u00a0yeux contient des ingr\u00e9dients ferment\u00e9s hautement concentr\u00e9s pour nourrir et de l&rsquo;acide hyaluronique pour hydrater la peau.<\/li>\n<li>Les ingr\u00e9dients prot\u00e8gent la peau, am\u00e9liorent la texture\u00a0et ont un effet anti-\u00e2ge intensif.<\/li>\n<li>Il convient \u00e0 tous les types de peau et ne contient pas de colorants, de parfums ou de silicones artificiels.<\/li>\n<li>Ingr\u00e9dients essentiels:\n<ul>\n<li>Filtrat de ferment Galactomyces: humidit\u00e9.<\/li>\n<li>Lysat de ferment bifida: active la r\u00e9paration cellulaire de la peau.<\/li>\n<li>C\u00e9ramides: Excellents hydratants et r\u00e9serves.<\/li>\n<li>RH-Oligopeptide-1 (EGF): Facteur de croissance \u00e9pidermique &#8211; stimule la croissance cellulaire.<\/li>\n<\/ul>\n<\/li>\n<\/ul>\n<p>Prends une petite quantit\u00e9 de cr\u00e8me et \u00e9tendez-la d\u00e9licatement sur la peau du contour des yeux. Tapote doucement pour optimiser l&rsquo;absorption.<\/p>\n","protected":false},"excerpt":{"rendered":"<p>Benton &#8211; Fermentation Eye Cream &#8211;\u00a0Cr\u00e8me de soin des yeux \u00e0 l&rsquo;acide hyaluronique La cr\u00e8me pour les yeux rajeunit ta peau avec des bact\u00e9ries lactiques naturelles et des c\u00e9ramides. Il lisse les rides, soulage les irritations et les imperfections li\u00e9es au stress et prot\u00e8ge la peau des dommages. La cr\u00e8me pour le contour des\u00a0yeux contient &#8230; <a title=\"Benton &#8211; Fermentation Eye Cream\" class=\"read-more\" href=\"https:\/\/manskin.ch\/fr\/produkt\/benton-fermentation-eye-cream-2\/\" aria-label=\"En savoir plus sur Benton &#8211; Fermentation Eye Cream\">Lire la suite<\/a><\/p>\n","protected":false},"featured_media":3729,"comment_status":"closed","ping_status":"closed","template":"","meta":{"_acf_changed":false},"pwb-brand":[2754],"product_brand":[],"product_cat":[1930,2802,2343,2328,2329],"product_tag":[],"class_list":{"0":"post-18292","1":"product","2":"type-product","3":"status-publish","4":"has-post-thumbnail","6":"pwb-brand-benton","7":"product_cat-anti-age","8":"product_cat-benton-fr","9":"product_cat-cernes","10":"product_cat-contour-de-loeil","11":"product_cat-hydratants","12":"product_shipping_class-standard-fr","13":"pa_hersteller-benton-fr-2","14":"sales-flash-overlay","15":"woocommerce-text-align-center","16":"woocommerce-image-align-center","17":"do-quantity-buttons","19":"first","20":"instock","21":"purchasable","22":"product-type-simple"},"acf":[],"yoast_head":"<!-- This site is optimized with the Yoast SEO Premium plugin v27.3 (Yoast SEO v27.3) - https:\/\/yoast.com\/product\/yoast-seo-premium-wordpress\/ -->\n<title>Benton - Fermentation Eye Cream | Manskin.ch<\/title>\n<meta name=\"description\" content=\"Benton - Fermentation Eye Cream\" \/>\n<meta name=\"robots\" content=\"index, follow, max-snippet:-1, max-image-preview:large, max-video-preview:-1\" \/>\n<link rel=\"canonical\" href=\"https:\/\/manskin.ch\/fr\/produkt\/benton-fermentation-eye-cream-2\/\" \/>\n<meta property=\"og:locale\" content=\"fr_FR\" \/>\n<meta property=\"og:type\" content=\"article\" \/>\n<meta property=\"og:title\" content=\"Benton - Fermentation Eye Cream\" \/>\n<meta property=\"og:description\" content=\"Benton - Fermentation Eye Cream\" \/>\n<meta property=\"og:url\" content=\"https:\/\/manskin.ch\/fr\/produkt\/benton-fermentation-eye-cream-2\/\" \/>\n<meta property=\"og:site_name\" content=\"Manskin.ch\" \/>\n<meta property=\"article:publisher\" content=\"https:\/\/www.facebook.com\/manskin.ch\" \/>\n<meta property=\"article:modified_time\" content=\"2025-07-18T09:06:18+00:00\" \/>\n<meta property=\"og:image\" content=\"https:\/\/manskin.ch\/wp-content\/uploads\/2022\/01\/1142_0.jpg\" \/>\n\t<meta property=\"og:image:width\" content=\"300\" \/>\n\t<meta property=\"og:image:height\" content=\"300\" \/>\n\t<meta property=\"og:image:type\" content=\"image\/jpeg\" \/>\n<meta name=\"twitter:card\" content=\"summary_large_image\" \/>\n<meta name=\"twitter:label1\" content=\"Prix\" \/>\n\t<meta name=\"twitter:data1\" content=\"29.50&#067;&#072;&#070;\" \/>\n\t<meta name=\"twitter:label2\" content=\"Disponibilit\u00e9\" \/>\n\t<meta name=\"twitter:data2\" content=\"En stock\" \/>\n<script type=\"application\/ld+json\" class=\"yoast-schema-graph\">{\"@context\":\"https:\\\/\\\/schema.org\",\"@graph\":[{\"@type\":\"WebPage\",\"@id\":\"https:\\\/\\\/manskin.ch\\\/fr\\\/produkt\\\/benton-fermentation-eye-cream-2\\\/\",\"url\":\"https:\\\/\\\/manskin.ch\\\/fr\\\/produkt\\\/benton-fermentation-eye-cream-2\\\/\",\"name\":\"Benton - Fermentation Eye Cream | Manskin.ch\",\"isPartOf\":{\"@id\":\"https:\\\/\\\/manskin.ch\\\/fr\\\/#website\"},\"primaryImageOfPage\":{\"@id\":\"https:\\\/\\\/manskin.ch\\\/fr\\\/produkt\\\/benton-fermentation-eye-cream-2\\\/#primaryimage\"},\"image\":{\"@id\":\"https:\\\/\\\/manskin.ch\\\/fr\\\/produkt\\\/benton-fermentation-eye-cream-2\\\/#primaryimage\"},\"thumbnailUrl\":\"https:\\\/\\\/manskin.ch\\\/wp-content\\\/uploads\\\/2022\\\/01\\\/1142_0.jpg\",\"datePublished\":\"2022-01-08T12:32:26+00:00\",\"dateModified\":\"2025-07-18T09:06:18+00:00\",\"description\":\"Benton - Fermentation Eye Cream\",\"breadcrumb\":{\"@id\":\"https:\\\/\\\/manskin.ch\\\/fr\\\/produkt\\\/benton-fermentation-eye-cream-2\\\/#breadcrumb\"},\"inLanguage\":\"fr-FR\",\"potentialAction\":[{\"@type\":\"ReadAction\",\"target\":[\"https:\\\/\\\/manskin.ch\\\/fr\\\/produkt\\\/benton-fermentation-eye-cream-2\\\/\"]}]},{\"@type\":\"ImageObject\",\"inLanguage\":\"fr-FR\",\"@id\":\"https:\\\/\\\/manskin.ch\\\/fr\\\/produkt\\\/benton-fermentation-eye-cream-2\\\/#primaryimage\",\"url\":\"https:\\\/\\\/manskin.ch\\\/wp-content\\\/uploads\\\/2022\\\/01\\\/1142_0.jpg\",\"contentUrl\":\"https:\\\/\\\/manskin.ch\\\/wp-content\\\/uploads\\\/2022\\\/01\\\/1142_0.jpg\",\"width\":300,\"height\":300},{\"@type\":\"BreadcrumbList\",\"@id\":\"https:\\\/\\\/manskin.ch\\\/fr\\\/produkt\\\/benton-fermentation-eye-cream-2\\\/#breadcrumb\",\"itemListElement\":[{\"@type\":\"ListItem\",\"position\":1,\"name\":\"Startseite\",\"item\":\"https:\\\/\\\/manskin.ch\\\/fr\\\/\"},{\"@type\":\"ListItem\",\"position\":2,\"name\":\"Boutique Soins pour Hommes &amp; Skincare\",\"item\":\"https:\\\/\\\/manskin.ch\\\/fr\\\/boutique\\\/\"},{\"@type\":\"ListItem\",\"position\":3,\"name\":\"Benton &#8211; Fermentation Eye Cream\"}]},{\"@type\":\"WebSite\",\"@id\":\"https:\\\/\\\/manskin.ch\\\/fr\\\/#website\",\"url\":\"https:\\\/\\\/manskin.ch\\\/fr\\\/\",\"name\":\"Manskin.ch\",\"description\":\"Tous les produits de beaut\u00e9 pour les hommes les plus exigeants\",\"publisher\":{\"@id\":\"https:\\\/\\\/manskin.ch\\\/fr\\\/#organization\"},\"potentialAction\":[{\"@type\":\"SearchAction\",\"target\":{\"@type\":\"EntryPoint\",\"urlTemplate\":\"https:\\\/\\\/manskin.ch\\\/fr\\\/?s={search_term_string}\"},\"query-input\":{\"@type\":\"PropertyValueSpecification\",\"valueRequired\":true,\"valueName\":\"search_term_string\"}}],\"inLanguage\":\"fr-FR\"},{\"@type\":\"Organization\",\"@id\":\"https:\\\/\\\/manskin.ch\\\/fr\\\/#organization\",\"name\":\"Manskin.ch - der Schweizer Onlineshop f\u00fcr qualit\u00e4tsstarke M\u00e4nnerpflege\",\"url\":\"https:\\\/\\\/manskin.ch\\\/fr\\\/\",\"logo\":{\"@type\":\"ImageObject\",\"inLanguage\":\"fr-FR\",\"@id\":\"https:\\\/\\\/manskin.ch\\\/fr\\\/#\\\/schema\\\/logo\\\/image\\\/\",\"url\":\"https:\\\/\\\/manskin.ch\\\/wp-content\\\/uploads\\\/2021\\\/04\\\/cropped-logo_head.png\",\"contentUrl\":\"https:\\\/\\\/manskin.ch\\\/wp-content\\\/uploads\\\/2021\\\/04\\\/cropped-logo_head.png\",\"width\":235,\"height\":75,\"caption\":\"Manskin.ch - der Schweizer Onlineshop f\u00fcr qualit\u00e4tsstarke M\u00e4nnerpflege\"},\"image\":{\"@id\":\"https:\\\/\\\/manskin.ch\\\/fr\\\/#\\\/schema\\\/logo\\\/image\\\/\"},\"sameAs\":[\"https:\\\/\\\/www.facebook.com\\\/manskin.ch\",\"https:\\\/\\\/www.instagram.com\\\/manskin.ch\\\/\"]}]}<\/script>\n<meta property=\"product:price:amount\" content=\"29.50\" \/>\n<meta property=\"product:price:currency\" content=\"CHF\" \/>\n<meta property=\"og:availability\" content=\"instock\" \/>\n<meta property=\"product:availability\" content=\"instock\" \/>\n<meta property=\"product:retailer_item_id\" content=\"12566\" \/>\n<meta property=\"product:condition\" content=\"new\" \/>\n<!-- \/ Yoast SEO Premium plugin. -->","yoast_head_json":{"title":"Benton - Fermentation Eye Cream | Manskin.ch","description":"Benton - Fermentation Eye Cream","robots":{"index":"index","follow":"follow","max-snippet":"max-snippet:-1","max-image-preview":"max-image-preview:large","max-video-preview":"max-video-preview:-1"},"canonical":"https:\/\/manskin.ch\/fr\/produkt\/benton-fermentation-eye-cream-2\/","og_locale":"fr_FR","og_type":"article","og_title":"Benton - Fermentation Eye Cream","og_description":"Benton - Fermentation Eye Cream","og_url":"https:\/\/manskin.ch\/fr\/produkt\/benton-fermentation-eye-cream-2\/","og_site_name":"Manskin.ch","article_publisher":"https:\/\/www.facebook.com\/manskin.ch","article_modified_time":"2025-07-18T09:06:18+00:00","og_image":[{"width":300,"height":300,"url":"https:\/\/manskin.ch\/wp-content\/uploads\/2022\/01\/1142_0.jpg","type":"image\/jpeg"}],"twitter_card":"summary_large_image","twitter_misc":{"Prix":"29.50&#67;&#72;&#70;","Disponibilit\u00e9":"En stock"},"schema":{"@context":"https:\/\/schema.org","@graph":[{"@type":"WebPage","@id":"https:\/\/manskin.ch\/fr\/produkt\/benton-fermentation-eye-cream-2\/","url":"https:\/\/manskin.ch\/fr\/produkt\/benton-fermentation-eye-cream-2\/","name":"Benton - Fermentation Eye Cream | Manskin.ch","isPartOf":{"@id":"https:\/\/manskin.ch\/fr\/#website"},"primaryImageOfPage":{"@id":"https:\/\/manskin.ch\/fr\/produkt\/benton-fermentation-eye-cream-2\/#primaryimage"},"image":{"@id":"https:\/\/manskin.ch\/fr\/produkt\/benton-fermentation-eye-cream-2\/#primaryimage"},"thumbnailUrl":"https:\/\/manskin.ch\/wp-content\/uploads\/2022\/01\/1142_0.jpg","datePublished":"2022-01-08T12:32:26+00:00","dateModified":"2025-07-18T09:06:18+00:00","description":"Benton - Fermentation Eye Cream","breadcrumb":{"@id":"https:\/\/manskin.ch\/fr\/produkt\/benton-fermentation-eye-cream-2\/#breadcrumb"},"inLanguage":"fr-FR","potentialAction":[{"@type":"ReadAction","target":["https:\/\/manskin.ch\/fr\/produkt\/benton-fermentation-eye-cream-2\/"]}]},{"@type":"ImageObject","inLanguage":"fr-FR","@id":"https:\/\/manskin.ch\/fr\/produkt\/benton-fermentation-eye-cream-2\/#primaryimage","url":"https:\/\/manskin.ch\/wp-content\/uploads\/2022\/01\/1142_0.jpg","contentUrl":"https:\/\/manskin.ch\/wp-content\/uploads\/2022\/01\/1142_0.jpg","width":300,"height":300},{"@type":"BreadcrumbList","@id":"https:\/\/manskin.ch\/fr\/produkt\/benton-fermentation-eye-cream-2\/#breadcrumb","itemListElement":[{"@type":"ListItem","position":1,"name":"Startseite","item":"https:\/\/manskin.ch\/fr\/"},{"@type":"ListItem","position":2,"name":"Boutique Soins pour Hommes &amp; Skincare","item":"https:\/\/manskin.ch\/fr\/boutique\/"},{"@type":"ListItem","position":3,"name":"Benton &#8211; Fermentation Eye Cream"}]},{"@type":"WebSite","@id":"https:\/\/manskin.ch\/fr\/#website","url":"https:\/\/manskin.ch\/fr\/","name":"Manskin.ch","description":"Tous les produits de beaut\u00e9 pour les hommes les plus exigeants","publisher":{"@id":"https:\/\/manskin.ch\/fr\/#organization"},"potentialAction":[{"@type":"SearchAction","target":{"@type":"EntryPoint","urlTemplate":"https:\/\/manskin.ch\/fr\/?s={search_term_string}"},"query-input":{"@type":"PropertyValueSpecification","valueRequired":true,"valueName":"search_term_string"}}],"inLanguage":"fr-FR"},{"@type":"Organization","@id":"https:\/\/manskin.ch\/fr\/#organization","name":"Manskin.ch - der Schweizer Onlineshop f\u00fcr qualit\u00e4tsstarke M\u00e4nnerpflege","url":"https:\/\/manskin.ch\/fr\/","logo":{"@type":"ImageObject","inLanguage":"fr-FR","@id":"https:\/\/manskin.ch\/fr\/#\/schema\/logo\/image\/","url":"https:\/\/manskin.ch\/wp-content\/uploads\/2021\/04\/cropped-logo_head.png","contentUrl":"https:\/\/manskin.ch\/wp-content\/uploads\/2021\/04\/cropped-logo_head.png","width":235,"height":75,"caption":"Manskin.ch - der Schweizer Onlineshop f\u00fcr qualit\u00e4tsstarke M\u00e4nnerpflege"},"image":{"@id":"https:\/\/manskin.ch\/fr\/#\/schema\/logo\/image\/"},"sameAs":["https:\/\/www.facebook.com\/manskin.ch","https:\/\/www.instagram.com\/manskin.ch\/"]}]},"product_price_amount":"29.50","product_price_currency":"CHF","og_availability":"instock","product_availability":"instock","product_retailer_item_id":"12566","product_condition":"new"},"brands":[{"id":2754,"name":"Benton","slug":"benton"}],"_links":{"self":[{"href":"https:\/\/manskin.ch\/fr\/wp-json\/wp\/v2\/product\/18292","targetHints":{"allow":["GET"]}}],"collection":[{"href":"https:\/\/manskin.ch\/fr\/wp-json\/wp\/v2\/product"}],"about":[{"href":"https:\/\/manskin.ch\/fr\/wp-json\/wp\/v2\/types\/product"}],"replies":[{"embeddable":true,"href":"https:\/\/manskin.ch\/fr\/wp-json\/wp\/v2\/comments?post=18292"}],"wp:featuredmedia":[{"embeddable":true,"href":"https:\/\/manskin.ch\/fr\/wp-json\/wp\/v2\/media\/3729"}],"wp:attachment":[{"href":"https:\/\/manskin.ch\/fr\/wp-json\/wp\/v2\/media?parent=18292"}],"wp:term":[{"taxonomy":"pwb-brand","embeddable":true,"href":"https:\/\/manskin.ch\/fr\/wp-json\/wp\/v2\/pwb-brand?post=18292"},{"taxonomy":"product_brand","embeddable":true,"href":"https:\/\/manskin.ch\/fr\/wp-json\/wp\/v2\/product_brand?post=18292"},{"taxonomy":"product_cat","embeddable":true,"href":"https:\/\/manskin.ch\/fr\/wp-json\/wp\/v2\/product_cat?post=18292"},{"taxonomy":"product_tag","embeddable":true,"href":"https:\/\/manskin.ch\/fr\/wp-json\/wp\/v2\/product_tag?post=18292"}],"curies":[{"name":"wp","href":"https:\/\/api.w.org\/{rel}","templated":true}]}}