{"id":18291,"date":"2022-01-08T13:35:26","date_gmt":"2022-01-08T12:35:26","guid":{"rendered":"https:\/\/manskin.ch\/?post_type=product&#038;p=18291"},"modified":"2025-07-18T11:50:25","modified_gmt":"2025-07-18T09:50:25","slug":"benton-snail-bee-ultimate-hydrogel-eye-patch","status":"publish","type":"product","link":"https:\/\/manskin.ch\/fr\/produkt\/benton-snail-bee-ultimate-hydrogel-eye-patch\/","title":{"rendered":"Benton &#8211; Snail Bee Ultimate Hydrogel Eye Patch"},"content":{"rendered":"<h2>Benton &#8211; Snail Bee Ultimate Hydrogel Eye Patch &#8211; Patchs pour la zone inf&eacute;rieure de l&#39;&oelig;il<\/h2>\n<p>&nbsp;<\/p>\n<ul>\n<li>Patchs pour les yeux 6 en 1 : anti-&acirc;ge, hydratation, nutriments haut de gamme, &eacute;claircissement des cernes sous les yeux tout en rafra&icirc;chissant et apaisant la peau !<\/li>\n<li>Snail Bee Ultimate Hydrogel Patches nourrit la peau particuli&egrave;rement sensible sous les yeux avec des filtrats de levure ferment&eacute;e et de bave d&#39;escargot.<\/li>\n<li>Les patchs de masque pour les yeux contiennent du venin d&#39;abeille qui renforce la peau et des extraits d&#39;algues, ce qui nourrit, raffermit et prot&egrave;ge la peau. Les extraits d&#39;arbre &agrave; th&eacute; et d&#39;algues contiennent des agents rafra&icirc;chissants et apaisants qui r&eacute;tablissent l&#39;&eacute;quilibre hydrique et huileux de la peau. Les poudres d&#39;or, de diamant, de perle et de charbon clarifient et raffermissent la peau.<\/li>\n<li>Les patchs-masques peuvent &ecirc;tre appliqu&eacute;s non seulement sous les yeux, mais aussi &agrave; n&#39;importe quel endroit, par exemple sur la ligne nasog&eacute;nienne, sur les rides du sourire ou sur le front.<\/li>\n<li>Les patchs naturels Eye-Mask sont fabriqu&eacute;s &agrave; partir d&#39;algues marines solubles dans l&#39;eau.<\/li>\n<\/ul>\n<p>Application : Apr&egrave;s avoir nettoy&eacute; ton visage, retire un patch de son contenant &agrave; l&#39;aide de la spatule et applique-le sur la zone souhait&eacute;e. Comme les patchs sont abondamment imbib&eacute;s de produit, il se peut qu&#39;ils glissent un peu. Retirez-les au bout de 10 &agrave; 20 minutes et faites p&eacute;n&eacute;trer l&#39;essence restante en tapotant d&eacute;licatement. Veuillez toujours bien fermer le r&eacute;cipient afin d&#39;&eacute;viter qu&#39;il ne se dess&egrave;che.<\/p>\n<p>Contenu: 60 pi&egrave;ces.<\/p>\n","protected":false},"excerpt":{"rendered":"<p>Patchs pour les yeux 6 en 1<\/p>\n","protected":false},"featured_media":3796,"comment_status":"closed","ping_status":"closed","template":"","meta":{"_acf_changed":false},"pwb-brand":[2754],"product_brand":[],"product_cat":[1930,174,2802,387,2328,176],"product_tag":[],"class_list":{"0":"post-18291","1":"product","2":"type-product","3":"status-publish","4":"has-post-thumbnail","6":"pwb-brand-benton","7":"product_cat-anti-age","8":"product_cat-anti-aging","9":"product_cat-benton-fr","10":"product_cat-benton","11":"product_cat-contour-de-loeil","12":"product_cat-gesichtspeelings","13":"product_shipping_class-standard","14":"product_shipping_class-standard-fr","15":"pa_hersteller-benton-fr-2","16":"sales-flash-overlay","17":"woocommerce-text-align-center","18":"woocommerce-image-align-center","19":"do-quantity-buttons","20":"wc-has-gallery","22":"first","23":"instock","24":"purchasable","25":"product-type-simple"},"acf":[],"yoast_head":"<!-- This site is optimized with the Yoast SEO Premium plugin v27.3 (Yoast SEO v27.3) - https:\/\/yoast.com\/product\/yoast-seo-premium-wordpress\/ -->\n<title>Benton - Snail Bee Ultimate Hydrogel Eye Patch | Manskin.ch<\/title>\n<meta name=\"description\" content=\"Benton - Snail Bee Ultimate Hydrogel Eye Patch\" \/>\n<meta name=\"robots\" content=\"index, follow, max-snippet:-1, max-image-preview:large, max-video-preview:-1\" \/>\n<link rel=\"canonical\" href=\"https:\/\/manskin.ch\/fr\/produkt\/benton-snail-bee-ultimate-hydrogel-eye-patch\/\" \/>\n<meta property=\"og:locale\" content=\"fr_FR\" \/>\n<meta property=\"og:type\" content=\"article\" \/>\n<meta property=\"og:title\" content=\"Benton - Snail Bee Ultimate Hydrogel Eye Patch\" \/>\n<meta property=\"og:description\" content=\"Benton - Snail Bee Ultimate Hydrogel Eye Patch\" \/>\n<meta property=\"og:url\" content=\"https:\/\/manskin.ch\/fr\/produkt\/benton-snail-bee-ultimate-hydrogel-eye-patch\/\" \/>\n<meta property=\"og:site_name\" content=\"Manskin.ch\" \/>\n<meta property=\"article:publisher\" content=\"https:\/\/www.facebook.com\/manskin.ch\" \/>\n<meta property=\"article:modified_time\" content=\"2025-07-18T09:50:25+00:00\" \/>\n<meta property=\"og:image\" content=\"https:\/\/manskin.ch\/wp-content\/uploads\/2022\/01\/1163_0.jpg\" \/>\n\t<meta property=\"og:image:width\" content=\"800\" \/>\n\t<meta property=\"og:image:height\" content=\"800\" \/>\n\t<meta property=\"og:image:type\" content=\"image\/jpeg\" \/>\n<meta name=\"twitter:card\" content=\"summary_large_image\" \/>\n<meta name=\"twitter:label1\" content=\"Prix\" \/>\n\t<meta name=\"twitter:data1\" content=\"22.50&#067;&#072;&#070;\" \/>\n\t<meta name=\"twitter:label2\" content=\"Disponibilit\u00e9\" \/>\n\t<meta name=\"twitter:data2\" content=\"En stock\" \/>\n<script type=\"application\/ld+json\" class=\"yoast-schema-graph\">{\"@context\":\"https:\\\/\\\/schema.org\",\"@graph\":[{\"@type\":\"WebPage\",\"@id\":\"https:\\\/\\\/manskin.ch\\\/fr\\\/produkt\\\/benton-snail-bee-ultimate-hydrogel-eye-patch\\\/\",\"url\":\"https:\\\/\\\/manskin.ch\\\/fr\\\/produkt\\\/benton-snail-bee-ultimate-hydrogel-eye-patch\\\/\",\"name\":\"Benton - Snail Bee Ultimate Hydrogel Eye Patch | Manskin.ch\",\"isPartOf\":{\"@id\":\"https:\\\/\\\/manskin.ch\\\/fr\\\/#website\"},\"primaryImageOfPage\":{\"@id\":\"https:\\\/\\\/manskin.ch\\\/fr\\\/produkt\\\/benton-snail-bee-ultimate-hydrogel-eye-patch\\\/#primaryimage\"},\"image\":{\"@id\":\"https:\\\/\\\/manskin.ch\\\/fr\\\/produkt\\\/benton-snail-bee-ultimate-hydrogel-eye-patch\\\/#primaryimage\"},\"thumbnailUrl\":\"https:\\\/\\\/manskin.ch\\\/wp-content\\\/uploads\\\/2022\\\/01\\\/1163_0.jpg\",\"datePublished\":\"2022-01-08T12:35:26+00:00\",\"dateModified\":\"2025-07-18T09:50:25+00:00\",\"description\":\"Benton - Snail Bee Ultimate Hydrogel Eye Patch\",\"breadcrumb\":{\"@id\":\"https:\\\/\\\/manskin.ch\\\/fr\\\/produkt\\\/benton-snail-bee-ultimate-hydrogel-eye-patch\\\/#breadcrumb\"},\"inLanguage\":\"fr-FR\",\"potentialAction\":[{\"@type\":\"ReadAction\",\"target\":[\"https:\\\/\\\/manskin.ch\\\/fr\\\/produkt\\\/benton-snail-bee-ultimate-hydrogel-eye-patch\\\/\"]}]},{\"@type\":\"ImageObject\",\"inLanguage\":\"fr-FR\",\"@id\":\"https:\\\/\\\/manskin.ch\\\/fr\\\/produkt\\\/benton-snail-bee-ultimate-hydrogel-eye-patch\\\/#primaryimage\",\"url\":\"https:\\\/\\\/manskin.ch\\\/wp-content\\\/uploads\\\/2022\\\/01\\\/1163_0.jpg\",\"contentUrl\":\"https:\\\/\\\/manskin.ch\\\/wp-content\\\/uploads\\\/2022\\\/01\\\/1163_0.jpg\",\"width\":800,\"height\":800},{\"@type\":\"BreadcrumbList\",\"@id\":\"https:\\\/\\\/manskin.ch\\\/fr\\\/produkt\\\/benton-snail-bee-ultimate-hydrogel-eye-patch\\\/#breadcrumb\",\"itemListElement\":[{\"@type\":\"ListItem\",\"position\":1,\"name\":\"Startseite\",\"item\":\"https:\\\/\\\/manskin.ch\\\/fr\\\/\"},{\"@type\":\"ListItem\",\"position\":2,\"name\":\"Boutique Soins pour Hommes &amp; Skincare\",\"item\":\"https:\\\/\\\/manskin.ch\\\/fr\\\/boutique\\\/\"},{\"@type\":\"ListItem\",\"position\":3,\"name\":\"Benton &#8211; Snail Bee Ultimate Hydrogel Eye Patch\"}]},{\"@type\":\"WebSite\",\"@id\":\"https:\\\/\\\/manskin.ch\\\/fr\\\/#website\",\"url\":\"https:\\\/\\\/manskin.ch\\\/fr\\\/\",\"name\":\"Manskin.ch\",\"description\":\"Tous les produits de beaut\u00e9 pour les hommes les plus exigeants\",\"publisher\":{\"@id\":\"https:\\\/\\\/manskin.ch\\\/fr\\\/#organization\"},\"potentialAction\":[{\"@type\":\"SearchAction\",\"target\":{\"@type\":\"EntryPoint\",\"urlTemplate\":\"https:\\\/\\\/manskin.ch\\\/fr\\\/?s={search_term_string}\"},\"query-input\":{\"@type\":\"PropertyValueSpecification\",\"valueRequired\":true,\"valueName\":\"search_term_string\"}}],\"inLanguage\":\"fr-FR\"},{\"@type\":\"Organization\",\"@id\":\"https:\\\/\\\/manskin.ch\\\/fr\\\/#organization\",\"name\":\"Manskin.ch - der Schweizer Onlineshop f\u00fcr qualit\u00e4tsstarke M\u00e4nnerpflege\",\"url\":\"https:\\\/\\\/manskin.ch\\\/fr\\\/\",\"logo\":{\"@type\":\"ImageObject\",\"inLanguage\":\"fr-FR\",\"@id\":\"https:\\\/\\\/manskin.ch\\\/fr\\\/#\\\/schema\\\/logo\\\/image\\\/\",\"url\":\"https:\\\/\\\/manskin.ch\\\/wp-content\\\/uploads\\\/2021\\\/04\\\/cropped-logo_head.png\",\"contentUrl\":\"https:\\\/\\\/manskin.ch\\\/wp-content\\\/uploads\\\/2021\\\/04\\\/cropped-logo_head.png\",\"width\":235,\"height\":75,\"caption\":\"Manskin.ch - der Schweizer Onlineshop f\u00fcr qualit\u00e4tsstarke M\u00e4nnerpflege\"},\"image\":{\"@id\":\"https:\\\/\\\/manskin.ch\\\/fr\\\/#\\\/schema\\\/logo\\\/image\\\/\"},\"sameAs\":[\"https:\\\/\\\/www.facebook.com\\\/manskin.ch\",\"https:\\\/\\\/www.instagram.com\\\/manskin.ch\\\/\"]}]}<\/script>\n<meta property=\"product:price:amount\" content=\"22.50\" \/>\n<meta property=\"product:price:currency\" content=\"CHF\" \/>\n<meta property=\"og:availability\" content=\"instock\" \/>\n<meta property=\"product:availability\" content=\"instock\" \/>\n<meta property=\"product:retailer_item_id\" content=\"12667\" \/>\n<meta property=\"product:condition\" content=\"new\" \/>\n<!-- \/ Yoast SEO Premium plugin. -->","yoast_head_json":{"title":"Benton - Snail Bee Ultimate Hydrogel Eye Patch | Manskin.ch","description":"Benton - Snail Bee Ultimate Hydrogel Eye Patch","robots":{"index":"index","follow":"follow","max-snippet":"max-snippet:-1","max-image-preview":"max-image-preview:large","max-video-preview":"max-video-preview:-1"},"canonical":"https:\/\/manskin.ch\/fr\/produkt\/benton-snail-bee-ultimate-hydrogel-eye-patch\/","og_locale":"fr_FR","og_type":"article","og_title":"Benton - Snail Bee Ultimate Hydrogel Eye Patch","og_description":"Benton - Snail Bee Ultimate Hydrogel Eye Patch","og_url":"https:\/\/manskin.ch\/fr\/produkt\/benton-snail-bee-ultimate-hydrogel-eye-patch\/","og_site_name":"Manskin.ch","article_publisher":"https:\/\/www.facebook.com\/manskin.ch","article_modified_time":"2025-07-18T09:50:25+00:00","og_image":[{"width":800,"height":800,"url":"https:\/\/manskin.ch\/wp-content\/uploads\/2022\/01\/1163_0.jpg","type":"image\/jpeg"}],"twitter_card":"summary_large_image","twitter_misc":{"Prix":"22.50&#67;&#72;&#70;","Disponibilit\u00e9":"En stock"},"schema":{"@context":"https:\/\/schema.org","@graph":[{"@type":"WebPage","@id":"https:\/\/manskin.ch\/fr\/produkt\/benton-snail-bee-ultimate-hydrogel-eye-patch\/","url":"https:\/\/manskin.ch\/fr\/produkt\/benton-snail-bee-ultimate-hydrogel-eye-patch\/","name":"Benton - Snail Bee Ultimate Hydrogel Eye Patch | Manskin.ch","isPartOf":{"@id":"https:\/\/manskin.ch\/fr\/#website"},"primaryImageOfPage":{"@id":"https:\/\/manskin.ch\/fr\/produkt\/benton-snail-bee-ultimate-hydrogel-eye-patch\/#primaryimage"},"image":{"@id":"https:\/\/manskin.ch\/fr\/produkt\/benton-snail-bee-ultimate-hydrogel-eye-patch\/#primaryimage"},"thumbnailUrl":"https:\/\/manskin.ch\/wp-content\/uploads\/2022\/01\/1163_0.jpg","datePublished":"2022-01-08T12:35:26+00:00","dateModified":"2025-07-18T09:50:25+00:00","description":"Benton - Snail Bee Ultimate Hydrogel Eye Patch","breadcrumb":{"@id":"https:\/\/manskin.ch\/fr\/produkt\/benton-snail-bee-ultimate-hydrogel-eye-patch\/#breadcrumb"},"inLanguage":"fr-FR","potentialAction":[{"@type":"ReadAction","target":["https:\/\/manskin.ch\/fr\/produkt\/benton-snail-bee-ultimate-hydrogel-eye-patch\/"]}]},{"@type":"ImageObject","inLanguage":"fr-FR","@id":"https:\/\/manskin.ch\/fr\/produkt\/benton-snail-bee-ultimate-hydrogel-eye-patch\/#primaryimage","url":"https:\/\/manskin.ch\/wp-content\/uploads\/2022\/01\/1163_0.jpg","contentUrl":"https:\/\/manskin.ch\/wp-content\/uploads\/2022\/01\/1163_0.jpg","width":800,"height":800},{"@type":"BreadcrumbList","@id":"https:\/\/manskin.ch\/fr\/produkt\/benton-snail-bee-ultimate-hydrogel-eye-patch\/#breadcrumb","itemListElement":[{"@type":"ListItem","position":1,"name":"Startseite","item":"https:\/\/manskin.ch\/fr\/"},{"@type":"ListItem","position":2,"name":"Boutique Soins pour Hommes &amp; Skincare","item":"https:\/\/manskin.ch\/fr\/boutique\/"},{"@type":"ListItem","position":3,"name":"Benton &#8211; Snail Bee Ultimate Hydrogel Eye Patch"}]},{"@type":"WebSite","@id":"https:\/\/manskin.ch\/fr\/#website","url":"https:\/\/manskin.ch\/fr\/","name":"Manskin.ch","description":"Tous les produits de beaut\u00e9 pour les hommes les plus exigeants","publisher":{"@id":"https:\/\/manskin.ch\/fr\/#organization"},"potentialAction":[{"@type":"SearchAction","target":{"@type":"EntryPoint","urlTemplate":"https:\/\/manskin.ch\/fr\/?s={search_term_string}"},"query-input":{"@type":"PropertyValueSpecification","valueRequired":true,"valueName":"search_term_string"}}],"inLanguage":"fr-FR"},{"@type":"Organization","@id":"https:\/\/manskin.ch\/fr\/#organization","name":"Manskin.ch - der Schweizer Onlineshop f\u00fcr qualit\u00e4tsstarke M\u00e4nnerpflege","url":"https:\/\/manskin.ch\/fr\/","logo":{"@type":"ImageObject","inLanguage":"fr-FR","@id":"https:\/\/manskin.ch\/fr\/#\/schema\/logo\/image\/","url":"https:\/\/manskin.ch\/wp-content\/uploads\/2021\/04\/cropped-logo_head.png","contentUrl":"https:\/\/manskin.ch\/wp-content\/uploads\/2021\/04\/cropped-logo_head.png","width":235,"height":75,"caption":"Manskin.ch - der Schweizer Onlineshop f\u00fcr qualit\u00e4tsstarke M\u00e4nnerpflege"},"image":{"@id":"https:\/\/manskin.ch\/fr\/#\/schema\/logo\/image\/"},"sameAs":["https:\/\/www.facebook.com\/manskin.ch","https:\/\/www.instagram.com\/manskin.ch\/"]}]},"product_price_amount":"22.50","product_price_currency":"CHF","og_availability":"instock","product_availability":"instock","product_retailer_item_id":"12667","product_condition":"new"},"brands":[{"id":2754,"name":"Benton","slug":"benton"}],"_links":{"self":[{"href":"https:\/\/manskin.ch\/fr\/wp-json\/wp\/v2\/product\/18291","targetHints":{"allow":["GET"]}}],"collection":[{"href":"https:\/\/manskin.ch\/fr\/wp-json\/wp\/v2\/product"}],"about":[{"href":"https:\/\/manskin.ch\/fr\/wp-json\/wp\/v2\/types\/product"}],"replies":[{"embeddable":true,"href":"https:\/\/manskin.ch\/fr\/wp-json\/wp\/v2\/comments?post=18291"}],"wp:featuredmedia":[{"embeddable":true,"href":"https:\/\/manskin.ch\/fr\/wp-json\/wp\/v2\/media\/3796"}],"wp:attachment":[{"href":"https:\/\/manskin.ch\/fr\/wp-json\/wp\/v2\/media?parent=18291"}],"wp:term":[{"taxonomy":"pwb-brand","embeddable":true,"href":"https:\/\/manskin.ch\/fr\/wp-json\/wp\/v2\/pwb-brand?post=18291"},{"taxonomy":"product_brand","embeddable":true,"href":"https:\/\/manskin.ch\/fr\/wp-json\/wp\/v2\/product_brand?post=18291"},{"taxonomy":"product_cat","embeddable":true,"href":"https:\/\/manskin.ch\/fr\/wp-json\/wp\/v2\/product_cat?post=18291"},{"taxonomy":"product_tag","embeddable":true,"href":"https:\/\/manskin.ch\/fr\/wp-json\/wp\/v2\/product_tag?post=18291"}],"curies":[{"name":"wp","href":"https:\/\/api.w.org\/{rel}","templated":true}]}}