{"id":18267,"date":"2022-01-08T14:02:34","date_gmt":"2022-01-08T13:02:34","guid":{"rendered":"https:\/\/manskin.ch\/produkt\/benton-fermentation-mask-pack-3\/"},"modified":"2025-07-18T11:43:32","modified_gmt":"2025-07-18T09:43:32","slug":"benton-snail-bee-high-content-mask-pack","status":"publish","type":"product","link":"https:\/\/manskin.ch\/fr\/produkt\/benton-snail-bee-high-content-mask-pack\/","title":{"rendered":"Benton &#8211; Snail Bee High Content Mask Pack"},"content":{"rendered":"<h2>Benton &#8211; Snail Bee High Content Mask Pack<\/h2>\n<ul>\n<li>Le Snail Bee High Mask Pack est un masque facial sp\u00e9cialement con\u00e7u pour les peaux sensibles et aide \u00e0 traiter divers probl\u00e8mes de peau.<\/li>\n<li>L&rsquo;un des principaux ingr\u00e9dients de l&rsquo;essence de masque en tissu est l&rsquo;extrait de mucus d&rsquo;escargot, qui stimule la r\u00e9g\u00e9n\u00e9ration cellulaire et est un ingr\u00e9dient anti-\u00e2ge \u00e9prouv\u00e9.<\/li>\n<li>L&rsquo;alo\u00e8s hydrate la peau et la racine de mauve apaise les irritations cutan\u00e9es.<\/li>\n<li>Les ingr\u00e9dients r\u00e9parent et renforcent les peaux stress\u00e9es et ab\u00eem\u00e9es.<\/li>\n<li>Une petite quantit\u00e9 de venin d&rsquo;abeille lissent efficacement la peau.<\/li>\n<li>Le masque en tissu\u00a0contient des ingr\u00e9dients fonctionnels tels que la niacinamide et l&rsquo;ad\u00e9nosine qui clarifient le teint, le laissant doux et sans d\u00e9faut.<\/li>\n<li>Il augmente les r\u00e9servoirs d&rsquo;hydratation\u00a0de la peau et stocke les principes actifs de haute qualit\u00e9 afin qu&rsquo;ils puissent \u00eatre lib\u00e9r\u00e9s progressivement.<\/li>\n<li>Tr\u00e8s adapt\u00e9 aux peaux sensibles \u00e0 probl\u00e8mes.<\/li>\n<li>Sans alcool, sans silicones, sans parfums ni colorants artificiels.<\/li>\n<li>Le masque en tissu est fait de 100% coton.<\/li>\n<\/ul>\n<p>Contenu 1 masque en tissu.<\/p>\n","protected":false},"excerpt":{"rendered":"<p>Masque en tissu avec extrait de mucus d&rsquo;escargot, aloe vera et venin d&rsquo;abeille<\/p>\n","protected":false},"featured_media":4431,"comment_status":"closed","ping_status":"closed","template":"","meta":{"_acf_changed":false},"pwb-brand":[2754],"product_brand":[],"product_cat":[1930,2802,2331,2864],"product_tag":[],"class_list":{"0":"post-18267","1":"product","2":"type-product","3":"status-publish","4":"has-post-thumbnail","6":"pwb-brand-benton","7":"product_cat-anti-age","8":"product_cat-benton-fr","9":"product_cat-exfoliants-visage","10":"product_cat-masques-hydratants","11":"product_shipping_class-standard-fr","12":"pa_hersteller-benton-fr-2","13":"sales-flash-overlay","14":"woocommerce-text-align-center","15":"woocommerce-image-align-center","16":"do-quantity-buttons","18":"first","19":"instock","20":"purchasable","21":"product-type-simple"},"acf":[],"yoast_head":"<!-- This site is optimized with the Yoast SEO Premium plugin v27.3 (Yoast SEO v27.3) - https:\/\/yoast.com\/product\/yoast-seo-premium-wordpress\/ -->\n<title>Benton - Snail Bee High Content Mask Pack | Manskin.ch<\/title>\n<meta name=\"description\" content=\"Benton - Snail Bee High Content Mask Pack\" \/>\n<meta name=\"robots\" content=\"index, follow, max-snippet:-1, max-image-preview:large, max-video-preview:-1\" \/>\n<link rel=\"canonical\" href=\"https:\/\/manskin.ch\/fr\/produkt\/benton-snail-bee-high-content-mask-pack\/\" \/>\n<meta property=\"og:locale\" content=\"fr_FR\" \/>\n<meta property=\"og:type\" content=\"article\" \/>\n<meta property=\"og:title\" content=\"Benton - Snail Bee High Content Mask Pack\" \/>\n<meta property=\"og:description\" content=\"Benton - Snail Bee High Content Mask Pack\" \/>\n<meta property=\"og:url\" content=\"https:\/\/manskin.ch\/fr\/produkt\/benton-snail-bee-high-content-mask-pack\/\" \/>\n<meta property=\"og:site_name\" content=\"Manskin.ch\" \/>\n<meta property=\"article:publisher\" content=\"https:\/\/www.facebook.com\/manskin.ch\" \/>\n<meta property=\"article:modified_time\" content=\"2025-07-18T09:43:32+00:00\" \/>\n<meta property=\"og:image\" content=\"https:\/\/manskin.ch\/wp-content\/uploads\/2022\/01\/1369_0.jpg\" \/>\n\t<meta property=\"og:image:width\" content=\"617\" \/>\n\t<meta property=\"og:image:height\" content=\"800\" \/>\n\t<meta property=\"og:image:type\" content=\"image\/jpeg\" \/>\n<meta name=\"twitter:card\" content=\"summary_large_image\" \/>\n<meta name=\"twitter:label1\" content=\"Prix\" \/>\n\t<meta name=\"twitter:data1\" content=\"3.50&#067;&#072;&#070;\" \/>\n\t<meta name=\"twitter:label2\" content=\"Disponibilit\u00e9\" \/>\n\t<meta name=\"twitter:data2\" content=\"En stock\" \/>\n<script type=\"application\/ld+json\" class=\"yoast-schema-graph\">{\"@context\":\"https:\\\/\\\/schema.org\",\"@graph\":[{\"@type\":\"WebPage\",\"@id\":\"https:\\\/\\\/manskin.ch\\\/fr\\\/produkt\\\/benton-snail-bee-high-content-mask-pack\\\/\",\"url\":\"https:\\\/\\\/manskin.ch\\\/fr\\\/produkt\\\/benton-snail-bee-high-content-mask-pack\\\/\",\"name\":\"Benton - Snail Bee High Content Mask Pack | Manskin.ch\",\"isPartOf\":{\"@id\":\"https:\\\/\\\/manskin.ch\\\/fr\\\/#website\"},\"primaryImageOfPage\":{\"@id\":\"https:\\\/\\\/manskin.ch\\\/fr\\\/produkt\\\/benton-snail-bee-high-content-mask-pack\\\/#primaryimage\"},\"image\":{\"@id\":\"https:\\\/\\\/manskin.ch\\\/fr\\\/produkt\\\/benton-snail-bee-high-content-mask-pack\\\/#primaryimage\"},\"thumbnailUrl\":\"https:\\\/\\\/manskin.ch\\\/wp-content\\\/uploads\\\/2022\\\/01\\\/1369_0.jpg\",\"datePublished\":\"2022-01-08T13:02:34+00:00\",\"dateModified\":\"2025-07-18T09:43:32+00:00\",\"description\":\"Benton - Snail Bee High Content Mask Pack\",\"breadcrumb\":{\"@id\":\"https:\\\/\\\/manskin.ch\\\/fr\\\/produkt\\\/benton-snail-bee-high-content-mask-pack\\\/#breadcrumb\"},\"inLanguage\":\"fr-FR\",\"potentialAction\":[{\"@type\":\"ReadAction\",\"target\":[\"https:\\\/\\\/manskin.ch\\\/fr\\\/produkt\\\/benton-snail-bee-high-content-mask-pack\\\/\"]}]},{\"@type\":\"ImageObject\",\"inLanguage\":\"fr-FR\",\"@id\":\"https:\\\/\\\/manskin.ch\\\/fr\\\/produkt\\\/benton-snail-bee-high-content-mask-pack\\\/#primaryimage\",\"url\":\"https:\\\/\\\/manskin.ch\\\/wp-content\\\/uploads\\\/2022\\\/01\\\/1369_0.jpg\",\"contentUrl\":\"https:\\\/\\\/manskin.ch\\\/wp-content\\\/uploads\\\/2022\\\/01\\\/1369_0.jpg\",\"width\":617,\"height\":800},{\"@type\":\"BreadcrumbList\",\"@id\":\"https:\\\/\\\/manskin.ch\\\/fr\\\/produkt\\\/benton-snail-bee-high-content-mask-pack\\\/#breadcrumb\",\"itemListElement\":[{\"@type\":\"ListItem\",\"position\":1,\"name\":\"Startseite\",\"item\":\"https:\\\/\\\/manskin.ch\\\/fr\\\/\"},{\"@type\":\"ListItem\",\"position\":2,\"name\":\"Boutique\",\"item\":\"https:\\\/\\\/manskin.ch\\\/fr\\\/boutique\\\/\"},{\"@type\":\"ListItem\",\"position\":3,\"name\":\"Benton &#8211; Snail Bee High Content Mask Pack\"}]},{\"@type\":\"WebSite\",\"@id\":\"https:\\\/\\\/manskin.ch\\\/fr\\\/#website\",\"url\":\"https:\\\/\\\/manskin.ch\\\/fr\\\/\",\"name\":\"Manskin.ch\",\"description\":\"Tous les produits de beaut\u00e9 pour les hommes les plus exigeants\",\"publisher\":{\"@id\":\"https:\\\/\\\/manskin.ch\\\/fr\\\/#organization\"},\"potentialAction\":[{\"@type\":\"SearchAction\",\"target\":{\"@type\":\"EntryPoint\",\"urlTemplate\":\"https:\\\/\\\/manskin.ch\\\/fr\\\/?s={search_term_string}\"},\"query-input\":{\"@type\":\"PropertyValueSpecification\",\"valueRequired\":true,\"valueName\":\"search_term_string\"}}],\"inLanguage\":\"fr-FR\"},{\"@type\":\"Organization\",\"@id\":\"https:\\\/\\\/manskin.ch\\\/fr\\\/#organization\",\"name\":\"Manskin.ch - der Schweizer Onlineshop f\u00fcr qualit\u00e4tsstarke M\u00e4nnerpflege\",\"url\":\"https:\\\/\\\/manskin.ch\\\/fr\\\/\",\"logo\":{\"@type\":\"ImageObject\",\"inLanguage\":\"fr-FR\",\"@id\":\"https:\\\/\\\/manskin.ch\\\/fr\\\/#\\\/schema\\\/logo\\\/image\\\/\",\"url\":\"https:\\\/\\\/manskin.ch\\\/wp-content\\\/uploads\\\/2021\\\/04\\\/cropped-logo_head.png\",\"contentUrl\":\"https:\\\/\\\/manskin.ch\\\/wp-content\\\/uploads\\\/2021\\\/04\\\/cropped-logo_head.png\",\"width\":235,\"height\":75,\"caption\":\"Manskin.ch - der Schweizer Onlineshop f\u00fcr qualit\u00e4tsstarke M\u00e4nnerpflege\"},\"image\":{\"@id\":\"https:\\\/\\\/manskin.ch\\\/fr\\\/#\\\/schema\\\/logo\\\/image\\\/\"},\"sameAs\":[\"https:\\\/\\\/www.facebook.com\\\/manskin.ch\",\"https:\\\/\\\/www.instagram.com\\\/manskin.ch\\\/\"]}]}<\/script>\n<meta property=\"product:price:amount\" content=\"3.50\" \/>\n<meta property=\"product:price:currency\" content=\"CHF\" \/>\n<meta property=\"og:availability\" content=\"instock\" \/>\n<meta property=\"product:availability\" content=\"instock\" \/>\n<meta property=\"product:retailer_item_id\" content=\"12874\" \/>\n<meta property=\"product:condition\" content=\"new\" \/>\n<!-- \/ Yoast SEO Premium plugin. -->","yoast_head_json":{"title":"Benton - Snail Bee High Content Mask Pack | Manskin.ch","description":"Benton - Snail Bee High Content Mask Pack","robots":{"index":"index","follow":"follow","max-snippet":"max-snippet:-1","max-image-preview":"max-image-preview:large","max-video-preview":"max-video-preview:-1"},"canonical":"https:\/\/manskin.ch\/fr\/produkt\/benton-snail-bee-high-content-mask-pack\/","og_locale":"fr_FR","og_type":"article","og_title":"Benton - Snail Bee High Content Mask Pack","og_description":"Benton - Snail Bee High Content Mask Pack","og_url":"https:\/\/manskin.ch\/fr\/produkt\/benton-snail-bee-high-content-mask-pack\/","og_site_name":"Manskin.ch","article_publisher":"https:\/\/www.facebook.com\/manskin.ch","article_modified_time":"2025-07-18T09:43:32+00:00","og_image":[{"width":617,"height":800,"url":"https:\/\/manskin.ch\/wp-content\/uploads\/2022\/01\/1369_0.jpg","type":"image\/jpeg"}],"twitter_card":"summary_large_image","twitter_misc":{"Prix":"3.50&#67;&#72;&#70;","Disponibilit\u00e9":"En stock"},"schema":{"@context":"https:\/\/schema.org","@graph":[{"@type":"WebPage","@id":"https:\/\/manskin.ch\/fr\/produkt\/benton-snail-bee-high-content-mask-pack\/","url":"https:\/\/manskin.ch\/fr\/produkt\/benton-snail-bee-high-content-mask-pack\/","name":"Benton - Snail Bee High Content Mask Pack | Manskin.ch","isPartOf":{"@id":"https:\/\/manskin.ch\/fr\/#website"},"primaryImageOfPage":{"@id":"https:\/\/manskin.ch\/fr\/produkt\/benton-snail-bee-high-content-mask-pack\/#primaryimage"},"image":{"@id":"https:\/\/manskin.ch\/fr\/produkt\/benton-snail-bee-high-content-mask-pack\/#primaryimage"},"thumbnailUrl":"https:\/\/manskin.ch\/wp-content\/uploads\/2022\/01\/1369_0.jpg","datePublished":"2022-01-08T13:02:34+00:00","dateModified":"2025-07-18T09:43:32+00:00","description":"Benton - Snail Bee High Content Mask Pack","breadcrumb":{"@id":"https:\/\/manskin.ch\/fr\/produkt\/benton-snail-bee-high-content-mask-pack\/#breadcrumb"},"inLanguage":"fr-FR","potentialAction":[{"@type":"ReadAction","target":["https:\/\/manskin.ch\/fr\/produkt\/benton-snail-bee-high-content-mask-pack\/"]}]},{"@type":"ImageObject","inLanguage":"fr-FR","@id":"https:\/\/manskin.ch\/fr\/produkt\/benton-snail-bee-high-content-mask-pack\/#primaryimage","url":"https:\/\/manskin.ch\/wp-content\/uploads\/2022\/01\/1369_0.jpg","contentUrl":"https:\/\/manskin.ch\/wp-content\/uploads\/2022\/01\/1369_0.jpg","width":617,"height":800},{"@type":"BreadcrumbList","@id":"https:\/\/manskin.ch\/fr\/produkt\/benton-snail-bee-high-content-mask-pack\/#breadcrumb","itemListElement":[{"@type":"ListItem","position":1,"name":"Startseite","item":"https:\/\/manskin.ch\/fr\/"},{"@type":"ListItem","position":2,"name":"Boutique","item":"https:\/\/manskin.ch\/fr\/boutique\/"},{"@type":"ListItem","position":3,"name":"Benton &#8211; Snail Bee High Content Mask Pack"}]},{"@type":"WebSite","@id":"https:\/\/manskin.ch\/fr\/#website","url":"https:\/\/manskin.ch\/fr\/","name":"Manskin.ch","description":"Tous les produits de beaut\u00e9 pour les hommes les plus exigeants","publisher":{"@id":"https:\/\/manskin.ch\/fr\/#organization"},"potentialAction":[{"@type":"SearchAction","target":{"@type":"EntryPoint","urlTemplate":"https:\/\/manskin.ch\/fr\/?s={search_term_string}"},"query-input":{"@type":"PropertyValueSpecification","valueRequired":true,"valueName":"search_term_string"}}],"inLanguage":"fr-FR"},{"@type":"Organization","@id":"https:\/\/manskin.ch\/fr\/#organization","name":"Manskin.ch - der Schweizer Onlineshop f\u00fcr qualit\u00e4tsstarke M\u00e4nnerpflege","url":"https:\/\/manskin.ch\/fr\/","logo":{"@type":"ImageObject","inLanguage":"fr-FR","@id":"https:\/\/manskin.ch\/fr\/#\/schema\/logo\/image\/","url":"https:\/\/manskin.ch\/wp-content\/uploads\/2021\/04\/cropped-logo_head.png","contentUrl":"https:\/\/manskin.ch\/wp-content\/uploads\/2021\/04\/cropped-logo_head.png","width":235,"height":75,"caption":"Manskin.ch - der Schweizer Onlineshop f\u00fcr qualit\u00e4tsstarke M\u00e4nnerpflege"},"image":{"@id":"https:\/\/manskin.ch\/fr\/#\/schema\/logo\/image\/"},"sameAs":["https:\/\/www.facebook.com\/manskin.ch","https:\/\/www.instagram.com\/manskin.ch\/"]}]},"product_price_amount":"3.50","product_price_currency":"CHF","og_availability":"instock","product_availability":"instock","product_retailer_item_id":"12874","product_condition":"new"},"brands":[{"id":2754,"name":"Benton","slug":"benton"}],"_links":{"self":[{"href":"https:\/\/manskin.ch\/fr\/wp-json\/wp\/v2\/product\/18267","targetHints":{"allow":["GET"]}}],"collection":[{"href":"https:\/\/manskin.ch\/fr\/wp-json\/wp\/v2\/product"}],"about":[{"href":"https:\/\/manskin.ch\/fr\/wp-json\/wp\/v2\/types\/product"}],"replies":[{"embeddable":true,"href":"https:\/\/manskin.ch\/fr\/wp-json\/wp\/v2\/comments?post=18267"}],"wp:featuredmedia":[{"embeddable":true,"href":"https:\/\/manskin.ch\/fr\/wp-json\/wp\/v2\/media\/4431"}],"wp:attachment":[{"href":"https:\/\/manskin.ch\/fr\/wp-json\/wp\/v2\/media?parent=18267"}],"wp:term":[{"taxonomy":"pwb-brand","embeddable":true,"href":"https:\/\/manskin.ch\/fr\/wp-json\/wp\/v2\/pwb-brand?post=18267"},{"taxonomy":"product_brand","embeddable":true,"href":"https:\/\/manskin.ch\/fr\/wp-json\/wp\/v2\/product_brand?post=18267"},{"taxonomy":"product_cat","embeddable":true,"href":"https:\/\/manskin.ch\/fr\/wp-json\/wp\/v2\/product_cat?post=18267"},{"taxonomy":"product_tag","embeddable":true,"href":"https:\/\/manskin.ch\/fr\/wp-json\/wp\/v2\/product_tag?post=18267"}],"curies":[{"name":"wp","href":"https:\/\/api.w.org\/{rel}","templated":true}]}}