{"id":18265,"date":"2022-01-08T14:03:22","date_gmt":"2022-01-08T13:03:22","guid":{"rendered":"https:\/\/manskin.ch\/produkt\/benton-fermentation-mask-pack-2\/"},"modified":"2025-07-18T11:17:16","modified_gmt":"2025-07-18T09:17:16","slug":"benton-fermentation-mask-pack-2","status":"publish","type":"product","link":"https:\/\/manskin.ch\/fr\/produkt\/benton-fermentation-mask-pack-2\/","title":{"rendered":"Benton &#8211; Fermentation Mask Pack"},"content":{"rendered":"<h2>Benton &#8211; Fermentation Mask Pack<\/h2>\n<ul>\n<li>Le Fermentation Mask Pack contient trois ingr\u00e9dients ferment\u00e9s de haute qualit\u00e9 (le filtrat de fermentation de Galactomyces, le lysat de fermentation de Bifida et le filtrat de fermentation de Lactobacillus\/Collag\u00e8ne) qui augmentent l&rsquo;\u00e9lasticit\u00e9 de la peau et la nourrissent.<\/li>\n<li>La fermentation des ingr\u00e9dients fait que les principes actifs sont plus facilement absorb\u00e9s par la peau et augmente leur efficacit\u00e9, de sorte que vous pouvez voir des r\u00e9sultats visibles apr\u00e8s l&rsquo;utilisation.<\/li>\n<li>Les c\u00e9ramides v\u00e9g\u00e9tales renforcent la barri\u00e8re cutan\u00e9e et la prot\u00e8gent contre les influences ext\u00e9rieures nocives de l&rsquo;environnement. En outre, deux types de peptides augmentent l&rsquo;\u00e9lasticit\u00e9 de la peau et le panth\u00e9nol lui donne une texture plus lisse en favorisant la r\u00e9g\u00e9n\u00e9ration cellulaire.<\/li>\n<li>Enfin, l&rsquo;ad\u00e9nosine offre un parfait effet anti-\u00e2ge.<\/li>\n<li>Le masque est fabriqu\u00e9 en coton, dont la cellulose adh\u00e8re doucement et en douceur \u00e0 la peau.<\/li>\n<\/ul>\n<p>Utilisation:<br \/>\nPlacez le masque en tissu sur le visage et laissez agir pendant 10 \u00e0 20 minutes.\u00a0Tapotez ou massez d\u00e9licatement du bout des doigts les restes d&rsquo;essence dans la peau.<\/p>\n<p>Contenu: 1 masque.<\/p>\n","protected":false},"excerpt":{"rendered":"<p>Benton &#8211; Fermentation Mask Pack Le Fermentation Mask Pack contient trois ingr\u00e9dients ferment\u00e9s de haute qualit\u00e9 (le filtrat de fermentation de Galactomyces, le lysat de fermentation de Bifida et le filtrat de fermentation de Lactobacillus\/Collag\u00e8ne) qui augmentent l&rsquo;\u00e9lasticit\u00e9 de la peau et la nourrissent. La fermentation des ingr\u00e9dients fait que les principes actifs sont plus &#8230; <a title=\"Benton &#8211; Fermentation Mask Pack\" class=\"read-more\" href=\"https:\/\/manskin.ch\/fr\/produkt\/benton-fermentation-mask-pack-2\/\" aria-label=\"En savoir plus sur Benton &#8211; Fermentation Mask Pack\">Lire la suite<\/a><\/p>\n","protected":false},"featured_media":4434,"comment_status":"closed","ping_status":"closed","template":"","meta":{"_acf_changed":false},"pwb-brand":[2754],"product_brand":[],"product_cat":[1930,2802,2329,2864],"product_tag":[],"class_list":{"0":"post-18265","1":"product","2":"type-product","3":"status-publish","4":"has-post-thumbnail","6":"pwb-brand-benton","7":"product_cat-anti-age","8":"product_cat-benton-fr","9":"product_cat-hydratants","10":"product_cat-masques-hydratants","11":"product_shipping_class-standard-fr","12":"pa_hersteller-benton-fr-2","13":"sales-flash-overlay","14":"woocommerce-text-align-center","15":"woocommerce-image-align-center","16":"do-quantity-buttons","18":"first","19":"instock","20":"purchasable","21":"product-type-simple"},"acf":[],"yoast_head":"<!-- This site is optimized with the Yoast SEO Premium plugin v27.3 (Yoast SEO v27.3) - https:\/\/yoast.com\/product\/yoast-seo-premium-wordpress\/ -->\n<title>Benton - Fermentation Mask Pack | Manskin.ch<\/title>\n<meta name=\"description\" content=\"Benton - Fermentation Mask Pack\" \/>\n<meta name=\"robots\" content=\"index, follow, max-snippet:-1, max-image-preview:large, max-video-preview:-1\" \/>\n<link rel=\"canonical\" href=\"https:\/\/manskin.ch\/fr\/produkt\/benton-fermentation-mask-pack-2\/\" \/>\n<meta property=\"og:locale\" content=\"fr_FR\" \/>\n<meta property=\"og:type\" content=\"article\" \/>\n<meta property=\"og:title\" content=\"Benton - Fermentation Mask Pack\" \/>\n<meta property=\"og:description\" content=\"Benton - Fermentation Mask Pack\" \/>\n<meta property=\"og:url\" content=\"https:\/\/manskin.ch\/fr\/produkt\/benton-fermentation-mask-pack-2\/\" \/>\n<meta property=\"og:site_name\" content=\"Manskin.ch\" \/>\n<meta property=\"article:publisher\" content=\"https:\/\/www.facebook.com\/manskin.ch\" \/>\n<meta property=\"article:modified_time\" content=\"2025-07-18T09:17:16+00:00\" \/>\n<meta property=\"og:image\" content=\"https:\/\/manskin.ch\/wp-content\/uploads\/2022\/01\/1370_0.jpg\" \/>\n\t<meta property=\"og:image:width\" content=\"800\" \/>\n\t<meta property=\"og:image:height\" content=\"800\" \/>\n\t<meta property=\"og:image:type\" content=\"image\/jpeg\" \/>\n<meta name=\"twitter:card\" content=\"summary_large_image\" \/>\n<meta name=\"twitter:label1\" content=\"Prix\" \/>\n\t<meta name=\"twitter:data1\" content=\"3.50&#067;&#072;&#070;\" \/>\n\t<meta name=\"twitter:label2\" content=\"Disponibilit\u00e9\" \/>\n\t<meta name=\"twitter:data2\" content=\"En stock\" \/>\n<script type=\"application\/ld+json\" class=\"yoast-schema-graph\">{\"@context\":\"https:\\\/\\\/schema.org\",\"@graph\":[{\"@type\":\"WebPage\",\"@id\":\"https:\\\/\\\/manskin.ch\\\/fr\\\/produkt\\\/benton-fermentation-mask-pack-2\\\/\",\"url\":\"https:\\\/\\\/manskin.ch\\\/fr\\\/produkt\\\/benton-fermentation-mask-pack-2\\\/\",\"name\":\"Benton - Fermentation Mask Pack | Manskin.ch\",\"isPartOf\":{\"@id\":\"https:\\\/\\\/manskin.ch\\\/fr\\\/#website\"},\"primaryImageOfPage\":{\"@id\":\"https:\\\/\\\/manskin.ch\\\/fr\\\/produkt\\\/benton-fermentation-mask-pack-2\\\/#primaryimage\"},\"image\":{\"@id\":\"https:\\\/\\\/manskin.ch\\\/fr\\\/produkt\\\/benton-fermentation-mask-pack-2\\\/#primaryimage\"},\"thumbnailUrl\":\"https:\\\/\\\/manskin.ch\\\/wp-content\\\/uploads\\\/2022\\\/01\\\/1370_0.jpg\",\"datePublished\":\"2022-01-08T13:03:22+00:00\",\"dateModified\":\"2025-07-18T09:17:16+00:00\",\"description\":\"Benton - Fermentation Mask Pack\",\"breadcrumb\":{\"@id\":\"https:\\\/\\\/manskin.ch\\\/fr\\\/produkt\\\/benton-fermentation-mask-pack-2\\\/#breadcrumb\"},\"inLanguage\":\"fr-FR\",\"potentialAction\":[{\"@type\":\"ReadAction\",\"target\":[\"https:\\\/\\\/manskin.ch\\\/fr\\\/produkt\\\/benton-fermentation-mask-pack-2\\\/\"]}]},{\"@type\":\"ImageObject\",\"inLanguage\":\"fr-FR\",\"@id\":\"https:\\\/\\\/manskin.ch\\\/fr\\\/produkt\\\/benton-fermentation-mask-pack-2\\\/#primaryimage\",\"url\":\"https:\\\/\\\/manskin.ch\\\/wp-content\\\/uploads\\\/2022\\\/01\\\/1370_0.jpg\",\"contentUrl\":\"https:\\\/\\\/manskin.ch\\\/wp-content\\\/uploads\\\/2022\\\/01\\\/1370_0.jpg\",\"width\":800,\"height\":800},{\"@type\":\"BreadcrumbList\",\"@id\":\"https:\\\/\\\/manskin.ch\\\/fr\\\/produkt\\\/benton-fermentation-mask-pack-2\\\/#breadcrumb\",\"itemListElement\":[{\"@type\":\"ListItem\",\"position\":1,\"name\":\"Startseite\",\"item\":\"https:\\\/\\\/manskin.ch\\\/fr\\\/\"},{\"@type\":\"ListItem\",\"position\":2,\"name\":\"Boutique Soins pour Hommes &amp; Skincare\",\"item\":\"https:\\\/\\\/manskin.ch\\\/fr\\\/boutique\\\/\"},{\"@type\":\"ListItem\",\"position\":3,\"name\":\"Benton &#8211; Fermentation Mask Pack\"}]},{\"@type\":\"WebSite\",\"@id\":\"https:\\\/\\\/manskin.ch\\\/fr\\\/#website\",\"url\":\"https:\\\/\\\/manskin.ch\\\/fr\\\/\",\"name\":\"Manskin.ch\",\"description\":\"Tous les produits de beaut\u00e9 pour les hommes les plus exigeants\",\"publisher\":{\"@id\":\"https:\\\/\\\/manskin.ch\\\/fr\\\/#organization\"},\"potentialAction\":[{\"@type\":\"SearchAction\",\"target\":{\"@type\":\"EntryPoint\",\"urlTemplate\":\"https:\\\/\\\/manskin.ch\\\/fr\\\/?s={search_term_string}\"},\"query-input\":{\"@type\":\"PropertyValueSpecification\",\"valueRequired\":true,\"valueName\":\"search_term_string\"}}],\"inLanguage\":\"fr-FR\"},{\"@type\":\"Organization\",\"@id\":\"https:\\\/\\\/manskin.ch\\\/fr\\\/#organization\",\"name\":\"Manskin.ch - der Schweizer Onlineshop f\u00fcr qualit\u00e4tsstarke M\u00e4nnerpflege\",\"url\":\"https:\\\/\\\/manskin.ch\\\/fr\\\/\",\"logo\":{\"@type\":\"ImageObject\",\"inLanguage\":\"fr-FR\",\"@id\":\"https:\\\/\\\/manskin.ch\\\/fr\\\/#\\\/schema\\\/logo\\\/image\\\/\",\"url\":\"https:\\\/\\\/manskin.ch\\\/wp-content\\\/uploads\\\/2021\\\/04\\\/cropped-logo_head.png\",\"contentUrl\":\"https:\\\/\\\/manskin.ch\\\/wp-content\\\/uploads\\\/2021\\\/04\\\/cropped-logo_head.png\",\"width\":235,\"height\":75,\"caption\":\"Manskin.ch - der Schweizer Onlineshop f\u00fcr qualit\u00e4tsstarke M\u00e4nnerpflege\"},\"image\":{\"@id\":\"https:\\\/\\\/manskin.ch\\\/fr\\\/#\\\/schema\\\/logo\\\/image\\\/\"},\"sameAs\":[\"https:\\\/\\\/www.facebook.com\\\/manskin.ch\",\"https:\\\/\\\/www.instagram.com\\\/manskin.ch\\\/\"]}]}<\/script>\n<meta property=\"product:price:amount\" content=\"3.50\" \/>\n<meta property=\"product:price:currency\" content=\"CHF\" \/>\n<meta property=\"og:availability\" content=\"instock\" \/>\n<meta property=\"product:availability\" content=\"instock\" \/>\n<meta property=\"product:retailer_item_id\" content=\"12875\" \/>\n<meta property=\"product:condition\" content=\"new\" \/>\n<!-- \/ Yoast SEO Premium plugin. -->","yoast_head_json":{"title":"Benton - Fermentation Mask Pack | Manskin.ch","description":"Benton - Fermentation Mask Pack","robots":{"index":"index","follow":"follow","max-snippet":"max-snippet:-1","max-image-preview":"max-image-preview:large","max-video-preview":"max-video-preview:-1"},"canonical":"https:\/\/manskin.ch\/fr\/produkt\/benton-fermentation-mask-pack-2\/","og_locale":"fr_FR","og_type":"article","og_title":"Benton - Fermentation Mask Pack","og_description":"Benton - Fermentation Mask Pack","og_url":"https:\/\/manskin.ch\/fr\/produkt\/benton-fermentation-mask-pack-2\/","og_site_name":"Manskin.ch","article_publisher":"https:\/\/www.facebook.com\/manskin.ch","article_modified_time":"2025-07-18T09:17:16+00:00","og_image":[{"width":800,"height":800,"url":"https:\/\/manskin.ch\/wp-content\/uploads\/2022\/01\/1370_0.jpg","type":"image\/jpeg"}],"twitter_card":"summary_large_image","twitter_misc":{"Prix":"3.50&#67;&#72;&#70;","Disponibilit\u00e9":"En stock"},"schema":{"@context":"https:\/\/schema.org","@graph":[{"@type":"WebPage","@id":"https:\/\/manskin.ch\/fr\/produkt\/benton-fermentation-mask-pack-2\/","url":"https:\/\/manskin.ch\/fr\/produkt\/benton-fermentation-mask-pack-2\/","name":"Benton - Fermentation Mask Pack | Manskin.ch","isPartOf":{"@id":"https:\/\/manskin.ch\/fr\/#website"},"primaryImageOfPage":{"@id":"https:\/\/manskin.ch\/fr\/produkt\/benton-fermentation-mask-pack-2\/#primaryimage"},"image":{"@id":"https:\/\/manskin.ch\/fr\/produkt\/benton-fermentation-mask-pack-2\/#primaryimage"},"thumbnailUrl":"https:\/\/manskin.ch\/wp-content\/uploads\/2022\/01\/1370_0.jpg","datePublished":"2022-01-08T13:03:22+00:00","dateModified":"2025-07-18T09:17:16+00:00","description":"Benton - Fermentation Mask Pack","breadcrumb":{"@id":"https:\/\/manskin.ch\/fr\/produkt\/benton-fermentation-mask-pack-2\/#breadcrumb"},"inLanguage":"fr-FR","potentialAction":[{"@type":"ReadAction","target":["https:\/\/manskin.ch\/fr\/produkt\/benton-fermentation-mask-pack-2\/"]}]},{"@type":"ImageObject","inLanguage":"fr-FR","@id":"https:\/\/manskin.ch\/fr\/produkt\/benton-fermentation-mask-pack-2\/#primaryimage","url":"https:\/\/manskin.ch\/wp-content\/uploads\/2022\/01\/1370_0.jpg","contentUrl":"https:\/\/manskin.ch\/wp-content\/uploads\/2022\/01\/1370_0.jpg","width":800,"height":800},{"@type":"BreadcrumbList","@id":"https:\/\/manskin.ch\/fr\/produkt\/benton-fermentation-mask-pack-2\/#breadcrumb","itemListElement":[{"@type":"ListItem","position":1,"name":"Startseite","item":"https:\/\/manskin.ch\/fr\/"},{"@type":"ListItem","position":2,"name":"Boutique Soins pour Hommes &amp; Skincare","item":"https:\/\/manskin.ch\/fr\/boutique\/"},{"@type":"ListItem","position":3,"name":"Benton &#8211; Fermentation Mask Pack"}]},{"@type":"WebSite","@id":"https:\/\/manskin.ch\/fr\/#website","url":"https:\/\/manskin.ch\/fr\/","name":"Manskin.ch","description":"Tous les produits de beaut\u00e9 pour les hommes les plus exigeants","publisher":{"@id":"https:\/\/manskin.ch\/fr\/#organization"},"potentialAction":[{"@type":"SearchAction","target":{"@type":"EntryPoint","urlTemplate":"https:\/\/manskin.ch\/fr\/?s={search_term_string}"},"query-input":{"@type":"PropertyValueSpecification","valueRequired":true,"valueName":"search_term_string"}}],"inLanguage":"fr-FR"},{"@type":"Organization","@id":"https:\/\/manskin.ch\/fr\/#organization","name":"Manskin.ch - der Schweizer Onlineshop f\u00fcr qualit\u00e4tsstarke M\u00e4nnerpflege","url":"https:\/\/manskin.ch\/fr\/","logo":{"@type":"ImageObject","inLanguage":"fr-FR","@id":"https:\/\/manskin.ch\/fr\/#\/schema\/logo\/image\/","url":"https:\/\/manskin.ch\/wp-content\/uploads\/2021\/04\/cropped-logo_head.png","contentUrl":"https:\/\/manskin.ch\/wp-content\/uploads\/2021\/04\/cropped-logo_head.png","width":235,"height":75,"caption":"Manskin.ch - der Schweizer Onlineshop f\u00fcr qualit\u00e4tsstarke M\u00e4nnerpflege"},"image":{"@id":"https:\/\/manskin.ch\/fr\/#\/schema\/logo\/image\/"},"sameAs":["https:\/\/www.facebook.com\/manskin.ch","https:\/\/www.instagram.com\/manskin.ch\/"]}]},"product_price_amount":"3.50","product_price_currency":"CHF","og_availability":"instock","product_availability":"instock","product_retailer_item_id":"12875","product_condition":"new"},"brands":[{"id":2754,"name":"Benton","slug":"benton"}],"_links":{"self":[{"href":"https:\/\/manskin.ch\/fr\/wp-json\/wp\/v2\/product\/18265","targetHints":{"allow":["GET"]}}],"collection":[{"href":"https:\/\/manskin.ch\/fr\/wp-json\/wp\/v2\/product"}],"about":[{"href":"https:\/\/manskin.ch\/fr\/wp-json\/wp\/v2\/types\/product"}],"replies":[{"embeddable":true,"href":"https:\/\/manskin.ch\/fr\/wp-json\/wp\/v2\/comments?post=18265"}],"wp:featuredmedia":[{"embeddable":true,"href":"https:\/\/manskin.ch\/fr\/wp-json\/wp\/v2\/media\/4434"}],"wp:attachment":[{"href":"https:\/\/manskin.ch\/fr\/wp-json\/wp\/v2\/media?parent=18265"}],"wp:term":[{"taxonomy":"pwb-brand","embeddable":true,"href":"https:\/\/manskin.ch\/fr\/wp-json\/wp\/v2\/pwb-brand?post=18265"},{"taxonomy":"product_brand","embeddable":true,"href":"https:\/\/manskin.ch\/fr\/wp-json\/wp\/v2\/product_brand?post=18265"},{"taxonomy":"product_cat","embeddable":true,"href":"https:\/\/manskin.ch\/fr\/wp-json\/wp\/v2\/product_cat?post=18265"},{"taxonomy":"product_tag","embeddable":true,"href":"https:\/\/manskin.ch\/fr\/wp-json\/wp\/v2\/product_tag?post=18265"}],"curies":[{"name":"wp","href":"https:\/\/api.w.org\/{rel}","templated":true}]}}