{"id":18136,"date":"2022-01-08T13:27:30","date_gmt":"2022-01-08T12:27:30","guid":{"rendered":"https:\/\/manskin.ch\/produkt\/mmuk-man-face-makeup-liquid-foundation-2\/"},"modified":"2025-07-18T11:22:06","modified_gmt":"2025-07-18T09:22:06","slug":"mmuk-man-face-makeup-liquid-foundation-2","status":"publish","type":"product","link":"https:\/\/manskin.ch\/fr\/produkt\/mmuk-man-face-makeup-liquid-foundation-2\/","title":{"rendered":"Face Makeup Liquid Foundation"},"content":{"rendered":"<h2>MMUK Man &#8211; Face Makeup Liquid Foundation &#8211; Fond de teint pour hommes<\/h2>\n<ul>\n<li>Le fond de teint liquide pour le visage pour hommes procure une couverture l\u00e9g\u00e8re \u00e0 moyenne et aide \u00e0 att\u00e9nuer les imperfections, les cicatrices, les rougeurs et le teint irr\u00e9gulier.<\/li>\n<li>Il a \u00e9t\u00e9 sp\u00e9cialement con\u00e7u pour la peau des hommes, avec lequel il se m\u00e9lange parfaitement et est pratiquement invisible.<\/li>\n<li>Il couvre de mani\u00e8re fiable un large \u00e9ventail d&rsquo;irr\u00e9gularit\u00e9s cutan\u00e9es, ne brille pas et ne forme pas de taches ni de traces.<\/li>\n<li>Le teint para\u00eet plus uniforme, plus frais et plus sain.<\/li>\n<li>La formule liquide l\u00e9g\u00e8re contient de l&rsquo;extrait de germe de bl\u00e9, ce qui contribue \u00e0 am\u00e9liorer l&rsquo;\u00e9lasticit\u00e9 de la peau.<\/li>\n<li>La formule non com\u00e9dog\u00e8ne est enrichie en vitamine E et stabilise les affections cutan\u00e9es de tous les types de peau.<\/li>\n<li>Gr\u00e2ce \u00e0 l&rsquo;extrait d&rsquo;aloe vera, qui nourrit et hydrate la peau, ce produit convient \u00e9galement aux hommes avec la\u00a0peau sensible.<\/li>\n<\/ul>\n<p>Le fond de teint est disponible en diff\u00e9rentes couleurs.<\/p>\n<p><iframe loading=\"lazy\" src=\"https:\/\/www.youtube.com\/embed\/GZ0FHRp7TLY\" width=\"560\" height=\"315\" frameborder=\"0\" allowfullscreen=\"allowfullscreen\" data-mce-fragment=\"1\"><\/iframe><\/p>\n","protected":false},"excerpt":{"rendered":"<p>MMUK Man &#8211; Face Makeup Liquid Foundation &#8211; Fond de teint pour hommes Le fond de teint liquide pour le visage pour hommes procure une couverture l\u00e9g\u00e8re \u00e0 moyenne et aide \u00e0 att\u00e9nuer les imperfections, les cicatrices, les rougeurs et le teint irr\u00e9gulier. Il a \u00e9t\u00e9 sp\u00e9cialement con\u00e7u pour la peau des hommes, avec lequel &#8230; <a title=\"Face Makeup Liquid Foundation\" class=\"read-more\" href=\"https:\/\/manskin.ch\/fr\/produkt\/mmuk-man-face-makeup-liquid-foundation-2\/\" aria-label=\"En savoir plus sur Face Makeup Liquid Foundation\">Lire la suite<\/a><\/p>\n","protected":false},"featured_media":3622,"comment_status":"closed","ping_status":"closed","template":"","meta":{"_acf_changed":false},"pwb-brand":[2749],"product_brand":[],"product_cat":[2869,2406,2378],"product_tag":[],"class_list":{"0":"post-18136","1":"product","2":"type-product","3":"status-publish","4":"has-post-thumbnail","6":"pwb-brand-mmuk-man","7":"product_cat-make-up-pour-hommes","8":"product_cat-make-up-fuer-gesicht-fr","9":"product_cat-mmuk-man","10":"product_shipping_class-standard-fr","11":"sales-flash-overlay","12":"woocommerce-text-align-center","13":"woocommerce-image-align-center","14":"do-quantity-buttons","15":"wc-has-gallery","17":"first","18":"instock","19":"purchasable","20":"product-type-variable"},"acf":[],"yoast_head":"<!-- This site is optimized with the Yoast SEO Premium plugin v27.3 (Yoast SEO v27.3) - https:\/\/yoast.com\/product\/yoast-seo-premium-wordpress\/ -->\n<title>Face Makeup Liquid Foundation | Manskin.ch<\/title>\n<meta name=\"description\" content=\"Face Makeup Liquid Foundation\" \/>\n<meta name=\"robots\" content=\"index, follow, max-snippet:-1, max-image-preview:large, max-video-preview:-1\" \/>\n<link rel=\"canonical\" href=\"https:\/\/manskin.ch\/fr\/produkt\/mmuk-man-face-makeup-liquid-foundation-2\/\" \/>\n<meta property=\"og:locale\" content=\"fr_FR\" \/>\n<meta property=\"og:type\" content=\"article\" \/>\n<meta property=\"og:title\" content=\"Face Makeup Liquid Foundation\" \/>\n<meta property=\"og:description\" content=\"Face Makeup Liquid Foundation\" \/>\n<meta property=\"og:url\" content=\"https:\/\/manskin.ch\/fr\/produkt\/mmuk-man-face-makeup-liquid-foundation-2\/\" \/>\n<meta property=\"og:site_name\" content=\"Manskin.ch\" \/>\n<meta property=\"article:publisher\" content=\"https:\/\/www.facebook.com\/manskin.ch\" \/>\n<meta property=\"article:modified_time\" content=\"2025-07-18T09:22:06+00:00\" \/>\n<meta property=\"og:image\" content=\"https:\/\/manskin.ch\/wp-content\/uploads\/2022\/01\/1108_0.jpg\" \/>\n\t<meta property=\"og:image:width\" content=\"500\" \/>\n\t<meta property=\"og:image:height\" content=\"500\" \/>\n\t<meta property=\"og:image:type\" content=\"image\/jpeg\" \/>\n<meta name=\"twitter:card\" content=\"summary_large_image\" \/>\n<meta name=\"twitter:label1\" content=\"Disponibilit\u00e9\" \/>\n\t<meta name=\"twitter:data1\" content=\"En stock\" \/>\n<script type=\"application\/ld+json\" class=\"yoast-schema-graph\">{\"@context\":\"https:\\\/\\\/schema.org\",\"@graph\":[{\"@type\":\"WebPage\",\"@id\":\"https:\\\/\\\/manskin.ch\\\/fr\\\/produkt\\\/mmuk-man-face-makeup-liquid-foundation-2\\\/\",\"url\":\"https:\\\/\\\/manskin.ch\\\/fr\\\/produkt\\\/mmuk-man-face-makeup-liquid-foundation-2\\\/\",\"name\":\"Face Makeup Liquid Foundation | Manskin.ch\",\"isPartOf\":{\"@id\":\"https:\\\/\\\/manskin.ch\\\/fr\\\/#website\"},\"primaryImageOfPage\":{\"@id\":\"https:\\\/\\\/manskin.ch\\\/fr\\\/produkt\\\/mmuk-man-face-makeup-liquid-foundation-2\\\/#primaryimage\"},\"image\":{\"@id\":\"https:\\\/\\\/manskin.ch\\\/fr\\\/produkt\\\/mmuk-man-face-makeup-liquid-foundation-2\\\/#primaryimage\"},\"thumbnailUrl\":\"https:\\\/\\\/manskin.ch\\\/wp-content\\\/uploads\\\/2022\\\/01\\\/1108_0.jpg\",\"datePublished\":\"2022-01-08T12:27:30+00:00\",\"dateModified\":\"2025-07-18T09:22:06+00:00\",\"description\":\"Face Makeup Liquid Foundation\",\"breadcrumb\":{\"@id\":\"https:\\\/\\\/manskin.ch\\\/fr\\\/produkt\\\/mmuk-man-face-makeup-liquid-foundation-2\\\/#breadcrumb\"},\"inLanguage\":\"fr-FR\",\"potentialAction\":[{\"@type\":\"ReadAction\",\"target\":[\"https:\\\/\\\/manskin.ch\\\/fr\\\/produkt\\\/mmuk-man-face-makeup-liquid-foundation-2\\\/\"]}]},{\"@type\":\"ImageObject\",\"inLanguage\":\"fr-FR\",\"@id\":\"https:\\\/\\\/manskin.ch\\\/fr\\\/produkt\\\/mmuk-man-face-makeup-liquid-foundation-2\\\/#primaryimage\",\"url\":\"https:\\\/\\\/manskin.ch\\\/wp-content\\\/uploads\\\/2022\\\/01\\\/1108_0.jpg\",\"contentUrl\":\"https:\\\/\\\/manskin.ch\\\/wp-content\\\/uploads\\\/2022\\\/01\\\/1108_0.jpg\",\"width\":500,\"height\":500},{\"@type\":\"BreadcrumbList\",\"@id\":\"https:\\\/\\\/manskin.ch\\\/fr\\\/produkt\\\/mmuk-man-face-makeup-liquid-foundation-2\\\/#breadcrumb\",\"itemListElement\":[{\"@type\":\"ListItem\",\"position\":1,\"name\":\"Startseite\",\"item\":\"https:\\\/\\\/manskin.ch\\\/fr\\\/\"},{\"@type\":\"ListItem\",\"position\":2,\"name\":\"Boutique Soins pour Hommes &amp; Skincare\",\"item\":\"https:\\\/\\\/manskin.ch\\\/fr\\\/boutique\\\/\"},{\"@type\":\"ListItem\",\"position\":3,\"name\":\"Face Makeup Liquid Foundation\"}]},{\"@type\":\"WebSite\",\"@id\":\"https:\\\/\\\/manskin.ch\\\/fr\\\/#website\",\"url\":\"https:\\\/\\\/manskin.ch\\\/fr\\\/\",\"name\":\"Manskin.ch\",\"description\":\"Tous les produits de beaut\u00e9 pour les hommes les plus exigeants\",\"publisher\":{\"@id\":\"https:\\\/\\\/manskin.ch\\\/fr\\\/#organization\"},\"potentialAction\":[{\"@type\":\"SearchAction\",\"target\":{\"@type\":\"EntryPoint\",\"urlTemplate\":\"https:\\\/\\\/manskin.ch\\\/fr\\\/?s={search_term_string}\"},\"query-input\":{\"@type\":\"PropertyValueSpecification\",\"valueRequired\":true,\"valueName\":\"search_term_string\"}}],\"inLanguage\":\"fr-FR\"},{\"@type\":\"Organization\",\"@id\":\"https:\\\/\\\/manskin.ch\\\/fr\\\/#organization\",\"name\":\"Manskin.ch - der Schweizer Onlineshop f\u00fcr qualit\u00e4tsstarke M\u00e4nnerpflege\",\"url\":\"https:\\\/\\\/manskin.ch\\\/fr\\\/\",\"logo\":{\"@type\":\"ImageObject\",\"inLanguage\":\"fr-FR\",\"@id\":\"https:\\\/\\\/manskin.ch\\\/fr\\\/#\\\/schema\\\/logo\\\/image\\\/\",\"url\":\"https:\\\/\\\/manskin.ch\\\/wp-content\\\/uploads\\\/2021\\\/04\\\/cropped-logo_head.png\",\"contentUrl\":\"https:\\\/\\\/manskin.ch\\\/wp-content\\\/uploads\\\/2021\\\/04\\\/cropped-logo_head.png\",\"width\":235,\"height\":75,\"caption\":\"Manskin.ch - der Schweizer Onlineshop f\u00fcr qualit\u00e4tsstarke M\u00e4nnerpflege\"},\"image\":{\"@id\":\"https:\\\/\\\/manskin.ch\\\/fr\\\/#\\\/schema\\\/logo\\\/image\\\/\"},\"sameAs\":[\"https:\\\/\\\/www.facebook.com\\\/manskin.ch\",\"https:\\\/\\\/www.instagram.com\\\/manskin.ch\\\/\"]}]}<\/script>\n<meta property=\"og:availability\" content=\"instock\" \/>\n<meta property=\"product:availability\" content=\"instock\" \/>\n<meta property=\"product:retailer_item_id\" content=\"12601\" \/>\n<meta property=\"product:condition\" content=\"new\" \/>\n<!-- \/ Yoast SEO Premium plugin. -->","yoast_head_json":{"title":"Face Makeup Liquid Foundation | Manskin.ch","description":"Face Makeup Liquid Foundation","robots":{"index":"index","follow":"follow","max-snippet":"max-snippet:-1","max-image-preview":"max-image-preview:large","max-video-preview":"max-video-preview:-1"},"canonical":"https:\/\/manskin.ch\/fr\/produkt\/mmuk-man-face-makeup-liquid-foundation-2\/","og_locale":"fr_FR","og_type":"article","og_title":"Face Makeup Liquid Foundation","og_description":"Face Makeup Liquid Foundation","og_url":"https:\/\/manskin.ch\/fr\/produkt\/mmuk-man-face-makeup-liquid-foundation-2\/","og_site_name":"Manskin.ch","article_publisher":"https:\/\/www.facebook.com\/manskin.ch","article_modified_time":"2025-07-18T09:22:06+00:00","og_image":[{"width":500,"height":500,"url":"https:\/\/manskin.ch\/wp-content\/uploads\/2022\/01\/1108_0.jpg","type":"image\/jpeg"}],"twitter_card":"summary_large_image","twitter_misc":{"Disponibilit\u00e9":"En stock"},"schema":{"@context":"https:\/\/schema.org","@graph":[{"@type":"WebPage","@id":"https:\/\/manskin.ch\/fr\/produkt\/mmuk-man-face-makeup-liquid-foundation-2\/","url":"https:\/\/manskin.ch\/fr\/produkt\/mmuk-man-face-makeup-liquid-foundation-2\/","name":"Face Makeup Liquid Foundation | Manskin.ch","isPartOf":{"@id":"https:\/\/manskin.ch\/fr\/#website"},"primaryImageOfPage":{"@id":"https:\/\/manskin.ch\/fr\/produkt\/mmuk-man-face-makeup-liquid-foundation-2\/#primaryimage"},"image":{"@id":"https:\/\/manskin.ch\/fr\/produkt\/mmuk-man-face-makeup-liquid-foundation-2\/#primaryimage"},"thumbnailUrl":"https:\/\/manskin.ch\/wp-content\/uploads\/2022\/01\/1108_0.jpg","datePublished":"2022-01-08T12:27:30+00:00","dateModified":"2025-07-18T09:22:06+00:00","description":"Face Makeup Liquid Foundation","breadcrumb":{"@id":"https:\/\/manskin.ch\/fr\/produkt\/mmuk-man-face-makeup-liquid-foundation-2\/#breadcrumb"},"inLanguage":"fr-FR","potentialAction":[{"@type":"ReadAction","target":["https:\/\/manskin.ch\/fr\/produkt\/mmuk-man-face-makeup-liquid-foundation-2\/"]}]},{"@type":"ImageObject","inLanguage":"fr-FR","@id":"https:\/\/manskin.ch\/fr\/produkt\/mmuk-man-face-makeup-liquid-foundation-2\/#primaryimage","url":"https:\/\/manskin.ch\/wp-content\/uploads\/2022\/01\/1108_0.jpg","contentUrl":"https:\/\/manskin.ch\/wp-content\/uploads\/2022\/01\/1108_0.jpg","width":500,"height":500},{"@type":"BreadcrumbList","@id":"https:\/\/manskin.ch\/fr\/produkt\/mmuk-man-face-makeup-liquid-foundation-2\/#breadcrumb","itemListElement":[{"@type":"ListItem","position":1,"name":"Startseite","item":"https:\/\/manskin.ch\/fr\/"},{"@type":"ListItem","position":2,"name":"Boutique Soins pour Hommes &amp; Skincare","item":"https:\/\/manskin.ch\/fr\/boutique\/"},{"@type":"ListItem","position":3,"name":"Face Makeup Liquid Foundation"}]},{"@type":"WebSite","@id":"https:\/\/manskin.ch\/fr\/#website","url":"https:\/\/manskin.ch\/fr\/","name":"Manskin.ch","description":"Tous les produits de beaut\u00e9 pour les hommes les plus exigeants","publisher":{"@id":"https:\/\/manskin.ch\/fr\/#organization"},"potentialAction":[{"@type":"SearchAction","target":{"@type":"EntryPoint","urlTemplate":"https:\/\/manskin.ch\/fr\/?s={search_term_string}"},"query-input":{"@type":"PropertyValueSpecification","valueRequired":true,"valueName":"search_term_string"}}],"inLanguage":"fr-FR"},{"@type":"Organization","@id":"https:\/\/manskin.ch\/fr\/#organization","name":"Manskin.ch - der Schweizer Onlineshop f\u00fcr qualit\u00e4tsstarke M\u00e4nnerpflege","url":"https:\/\/manskin.ch\/fr\/","logo":{"@type":"ImageObject","inLanguage":"fr-FR","@id":"https:\/\/manskin.ch\/fr\/#\/schema\/logo\/image\/","url":"https:\/\/manskin.ch\/wp-content\/uploads\/2021\/04\/cropped-logo_head.png","contentUrl":"https:\/\/manskin.ch\/wp-content\/uploads\/2021\/04\/cropped-logo_head.png","width":235,"height":75,"caption":"Manskin.ch - der Schweizer Onlineshop f\u00fcr qualit\u00e4tsstarke M\u00e4nnerpflege"},"image":{"@id":"https:\/\/manskin.ch\/fr\/#\/schema\/logo\/image\/"},"sameAs":["https:\/\/www.facebook.com\/manskin.ch","https:\/\/www.instagram.com\/manskin.ch\/"]}]},"og_availability":"instock","product_availability":"instock","product_retailer_item_id":"12601","product_condition":"new"},"brands":[{"id":2749,"name":"MMUK Man","slug":"mmuk-man"}],"_links":{"self":[{"href":"https:\/\/manskin.ch\/fr\/wp-json\/wp\/v2\/product\/18136","targetHints":{"allow":["GET"]}}],"collection":[{"href":"https:\/\/manskin.ch\/fr\/wp-json\/wp\/v2\/product"}],"about":[{"href":"https:\/\/manskin.ch\/fr\/wp-json\/wp\/v2\/types\/product"}],"replies":[{"embeddable":true,"href":"https:\/\/manskin.ch\/fr\/wp-json\/wp\/v2\/comments?post=18136"}],"wp:featuredmedia":[{"embeddable":true,"href":"https:\/\/manskin.ch\/fr\/wp-json\/wp\/v2\/media\/3622"}],"wp:attachment":[{"href":"https:\/\/manskin.ch\/fr\/wp-json\/wp\/v2\/media?parent=18136"}],"wp:term":[{"taxonomy":"pwb-brand","embeddable":true,"href":"https:\/\/manskin.ch\/fr\/wp-json\/wp\/v2\/pwb-brand?post=18136"},{"taxonomy":"product_brand","embeddable":true,"href":"https:\/\/manskin.ch\/fr\/wp-json\/wp\/v2\/product_brand?post=18136"},{"taxonomy":"product_cat","embeddable":true,"href":"https:\/\/manskin.ch\/fr\/wp-json\/wp\/v2\/product_cat?post=18136"},{"taxonomy":"product_tag","embeddable":true,"href":"https:\/\/manskin.ch\/fr\/wp-json\/wp\/v2\/product_tag?post=18136"}],"curies":[{"name":"wp","href":"https:\/\/api.w.org\/{rel}","templated":true}]}}