{"id":17595,"date":"2022-07-30T14:57:54","date_gmt":"2022-07-30T12:57:54","guid":{"rendered":"https:\/\/manskin.ch\/produkt\/musgo-real-coffret-cadeau-5-mini-savons-de-luxe-50-gr\/"},"modified":"2025-07-18T12:01:51","modified_gmt":"2025-07-18T10:01:51","slug":"musgo-real-coffret-cadeau-5-mini-savons-de-luxe","status":"publish","type":"product","link":"https:\/\/manskin.ch\/fr\/produkt\/musgo-real-coffret-cadeau-5-mini-savons-de-luxe\/","title":{"rendered":"Musgo Real &#8211; Coffret cadeau 5 mini-savons de luxe"},"content":{"rendered":"<h2>Musgo Real &#8211; Coffret cadeau 5 mini savons de luxe 50 gr.<\/h2>\n<p>Ce coffret cadeau de la Musgo Real Soap Collection est l&rsquo;occasion id\u00e9ale de d\u00e9couvrir les cinq savons exquis pour le corps masculins de la ligne\u00a0 Classic Scent, Oak Moss, Spiced Citrus, Orange Amber et Black Edition. Cette \u00e9l\u00e9gante bo\u00eete noire contient cinq mini-savons de luxe Musgo Real et constitue le cadeau id\u00e9al pour tous les amateurs de savon et les fans de Musgo Real.<\/p>\n<h4><span style=\"color: #ff9900;\">Classic Scent<\/span><\/h4>\n<ul>\n<li>Musgo Real Classic Scent est le parfum le plus embl\u00e9matique.<\/li>\n<li>Il combine le patchouli terreux avec les notes d&rsquo;agrumes de la bergamote et du n\u00e9roli.<\/li>\n<li>Le c\u0153ur est un m\u00e9lange aromatique puissant de lavande et de violette sur une base de v\u00e9tiver et de musc chaud.<\/li>\n<\/ul>\n<p>Notes de t\u00eate : Patchouli, n\u00e9roli, bergamote.<br \/>\nNotes de c\u0153ur : Lavande, violette, notes bois\u00e9es.<br \/>\nNotes de fond : v\u00e9tiver, musc<\/p>\n<h4><span style=\"color: #ff9900;\">Oak Moss<\/span><\/h4>\n<ul>\n<li>Musgo Real Oak Moss est un parfum profond et distinctif qui combine le citron vert aromatique et la coriandre avec un noyau bois\u00e9 et des couches discr\u00e8tes d&rsquo;\u00e9pices et de foin.<\/li>\n<li>Le r\u00e9sultat est \u00e0 la fois vivifiant et apaisant.<\/li>\n<\/ul>\n<p>Notes de t\u00eate : Lime, coriandre Notes de c\u0153ur : \u00c9pices, Foin<br \/>\nNotes de fond : Notes bois\u00e9es, Mousse de ch\u00eane<\/p>\n<h4><span style=\"color: #ff9900;\">Citrus \u00e9pic\u00e9<\/span><\/h4>\n<ul>\n<li>Musgo Real Spiced Citrus est un parfum pour les audacieux : une foug\u00e8re orientale qui associe des \u00e9pices exotiques \u00e0 des agrumes p\u00e9tillants pour cr\u00e9er un parfum dynamique et stimulant.<\/li>\n<li>L&rsquo;abondance d&rsquo;\u00e9pices et d&rsquo;encens apporte une touche de chaleur tropicale, contrebalanc\u00e9e par un courant sous-jacent frais et propre.<\/li>\n<\/ul>\n<p>Notes de t\u00eate : Citron vert, coriandre, citron, verveine.<br \/>\nNotes de c\u0153ur : \u00e9pices fortes<br \/>\nNotes de fond : Notes bois\u00e9es et encens.<\/p>\n<h4><span style=\"color: #ff9900;\">Ambre orange<\/span><\/h4>\n<ul>\n<li>Musgo Real Orange Amber est une source d&rsquo;\u00e9nergie imm\u00e9diate : un parfum lumineux et frais, plein de soleil estival.<\/li>\n<li>Il contient de la lavande douce, du citron frais, de la mandarine et de la fleur d&rsquo;oranger, qui reposent sur une base de musc et d&rsquo;ambre chaud.<\/li>\n<\/ul>\n<p>Notes de t\u00eate : Petitgrain<br \/>\nNotes de c\u0153ur : Citron, lavande<br \/>\nNotes de fond : Fleur d&rsquo;oranger, musc<\/p>\n<h4><span style=\"color: #ff9900;\">Black Edition<\/span><\/h4>\n<ul>\n<li>Musgo Real Black Edition remet en question les conventions.<\/li>\n<li>La base est compos\u00e9e de v\u00e9tiver et de bois de c\u00e8dre, de patchouli et de tonka sucr\u00e9.<\/li>\n<li>La note de c\u0153ur sombre est un m\u00e9lange s\u00e9duisant de ganache et d&rsquo;\u00e9pices exotiques, combin\u00e9 \u00e0 des notes de t\u00eate p\u00e9tillantes de gen\u00e9vrier, de citron et de bergamote.<\/li>\n<\/ul>\n<p>Notes de t\u00eate : Bergamote, citron, baies de geni\u00e8vre<br \/>\nNotes de c\u0153ur : cacao, noix de muscade, cardamome<br \/>\nNotes de fond : V\u00e9tiver, patchouli, bois de c\u00e8dre, f\u00e8ve tonka<\/p>\n","protected":false},"excerpt":{"rendered":"<p>5 savons de luxe aux parfums masculins \u00e9l\u00e9gants<\/p>\n","protected":false},"featured_media":17587,"comment_status":"closed","ping_status":"closed","template":"","meta":{"_acf_changed":false},"pwb-brand":[2770],"product_brand":[],"product_cat":[2326,2382,2357,2800,2495],"product_tag":[],"class_list":{"0":"post-17595","1":"product","2":"type-product","3":"status-publish","4":"has-post-thumbnail","6":"pwb-brand-musgo-real","7":"product_cat-cadeaux","8":"product_cat-musgo-real-fr","9":"product_cat-nettoyant-corps","10":"product_cat-parfum","11":"product_cat-savon-pour-le-corps","12":"product_shipping_class-standard-fr","13":"pa_hersteller-musgo-real-fr-2","14":"sales-flash-overlay","15":"woocommerce-text-align-center","16":"woocommerce-image-align-center","17":"do-quantity-buttons","18":"wc-has-gallery","20":"first","21":"instock","22":"sale","23":"purchasable","24":"product-type-simple"},"acf":[],"yoast_head":"<!-- This site is optimized with the Yoast SEO Premium plugin v27.3 (Yoast SEO v27.3) - https:\/\/yoast.com\/product\/yoast-seo-premium-wordpress\/ -->\n<title>Musgo Real - Coffret cadeau 5 mini-savons de luxe | Manskin.ch<\/title>\n<meta name=\"description\" content=\"Musgo Real - Coffret cadeau 5 mini-savons de luxe\" \/>\n<meta name=\"robots\" content=\"index, follow, max-snippet:-1, max-image-preview:large, max-video-preview:-1\" \/>\n<link rel=\"canonical\" href=\"https:\/\/manskin.ch\/fr\/produkt\/musgo-real-coffret-cadeau-5-mini-savons-de-luxe\/\" \/>\n<meta property=\"og:locale\" content=\"fr_FR\" \/>\n<meta property=\"og:type\" content=\"article\" \/>\n<meta property=\"og:title\" content=\"Musgo Real - Coffret cadeau 5 mini-savons de luxe\" \/>\n<meta property=\"og:description\" content=\"Musgo Real - Coffret cadeau 5 mini-savons de luxe\" \/>\n<meta property=\"og:url\" content=\"https:\/\/manskin.ch\/fr\/produkt\/musgo-real-coffret-cadeau-5-mini-savons-de-luxe\/\" \/>\n<meta property=\"og:site_name\" content=\"Manskin.ch\" \/>\n<meta property=\"article:publisher\" content=\"https:\/\/www.facebook.com\/manskin.ch\" \/>\n<meta property=\"article:modified_time\" content=\"2025-07-18T10:01:51+00:00\" \/>\n<meta property=\"og:image\" content=\"https:\/\/manskin.ch\/wp-content\/uploads\/2022\/07\/20220617_ClausEstudio4876_HR-scaled.jpg\" \/>\n\t<meta property=\"og:image:width\" content=\"1200\" \/>\n\t<meta property=\"og:image:height\" content=\"800\" \/>\n\t<meta property=\"og:image:type\" content=\"image\/jpeg\" \/>\n<meta name=\"twitter:card\" content=\"summary_large_image\" \/>\n<meta name=\"twitter:label1\" content=\"Prix\" \/>\n\t<meta name=\"twitter:data1\" content=\"39.00&#067;&#072;&#070;\" \/>\n\t<meta name=\"twitter:label2\" content=\"Disponibilit\u00e9\" \/>\n\t<meta name=\"twitter:data2\" content=\"En stock\" \/>\n<script type=\"application\/ld+json\" class=\"yoast-schema-graph\">{\"@context\":\"https:\\\/\\\/schema.org\",\"@graph\":[{\"@type\":\"WebPage\",\"@id\":\"https:\\\/\\\/manskin.ch\\\/fr\\\/produkt\\\/musgo-real-coffret-cadeau-5-mini-savons-de-luxe\\\/\",\"url\":\"https:\\\/\\\/manskin.ch\\\/fr\\\/produkt\\\/musgo-real-coffret-cadeau-5-mini-savons-de-luxe\\\/\",\"name\":\"Musgo Real - Coffret cadeau 5 mini-savons de luxe | Manskin.ch\",\"isPartOf\":{\"@id\":\"https:\\\/\\\/manskin.ch\\\/fr\\\/#website\"},\"primaryImageOfPage\":{\"@id\":\"https:\\\/\\\/manskin.ch\\\/fr\\\/produkt\\\/musgo-real-coffret-cadeau-5-mini-savons-de-luxe\\\/#primaryimage\"},\"image\":{\"@id\":\"https:\\\/\\\/manskin.ch\\\/fr\\\/produkt\\\/musgo-real-coffret-cadeau-5-mini-savons-de-luxe\\\/#primaryimage\"},\"thumbnailUrl\":\"https:\\\/\\\/manskin.ch\\\/wp-content\\\/uploads\\\/2022\\\/07\\\/20220617_ClausEstudio4876_HR-scaled.jpg\",\"datePublished\":\"2022-07-30T12:57:54+00:00\",\"dateModified\":\"2025-07-18T10:01:51+00:00\",\"description\":\"Musgo Real - Coffret cadeau 5 mini-savons de luxe\",\"breadcrumb\":{\"@id\":\"https:\\\/\\\/manskin.ch\\\/fr\\\/produkt\\\/musgo-real-coffret-cadeau-5-mini-savons-de-luxe\\\/#breadcrumb\"},\"inLanguage\":\"fr-FR\",\"potentialAction\":[{\"@type\":\"ReadAction\",\"target\":[\"https:\\\/\\\/manskin.ch\\\/fr\\\/produkt\\\/musgo-real-coffret-cadeau-5-mini-savons-de-luxe\\\/\"]}]},{\"@type\":\"ImageObject\",\"inLanguage\":\"fr-FR\",\"@id\":\"https:\\\/\\\/manskin.ch\\\/fr\\\/produkt\\\/musgo-real-coffret-cadeau-5-mini-savons-de-luxe\\\/#primaryimage\",\"url\":\"https:\\\/\\\/manskin.ch\\\/wp-content\\\/uploads\\\/2022\\\/07\\\/20220617_ClausEstudio4876_HR-scaled.jpg\",\"contentUrl\":\"https:\\\/\\\/manskin.ch\\\/wp-content\\\/uploads\\\/2022\\\/07\\\/20220617_ClausEstudio4876_HR-scaled.jpg\",\"width\":1200,\"height\":800},{\"@type\":\"BreadcrumbList\",\"@id\":\"https:\\\/\\\/manskin.ch\\\/fr\\\/produkt\\\/musgo-real-coffret-cadeau-5-mini-savons-de-luxe\\\/#breadcrumb\",\"itemListElement\":[{\"@type\":\"ListItem\",\"position\":1,\"name\":\"Startseite\",\"item\":\"https:\\\/\\\/manskin.ch\\\/fr\\\/\"},{\"@type\":\"ListItem\",\"position\":2,\"name\":\"Boutique Soins pour Hommes &amp; Skincare\",\"item\":\"https:\\\/\\\/manskin.ch\\\/fr\\\/boutique\\\/\"},{\"@type\":\"ListItem\",\"position\":3,\"name\":\"Musgo Real &#8211; Coffret cadeau 5 mini-savons de luxe\"}]},{\"@type\":\"WebSite\",\"@id\":\"https:\\\/\\\/manskin.ch\\\/fr\\\/#website\",\"url\":\"https:\\\/\\\/manskin.ch\\\/fr\\\/\",\"name\":\"Manskin.ch\",\"description\":\"Tous les produits de beaut\u00e9 pour les hommes les plus exigeants\",\"publisher\":{\"@id\":\"https:\\\/\\\/manskin.ch\\\/fr\\\/#organization\"},\"potentialAction\":[{\"@type\":\"SearchAction\",\"target\":{\"@type\":\"EntryPoint\",\"urlTemplate\":\"https:\\\/\\\/manskin.ch\\\/fr\\\/?s={search_term_string}\"},\"query-input\":{\"@type\":\"PropertyValueSpecification\",\"valueRequired\":true,\"valueName\":\"search_term_string\"}}],\"inLanguage\":\"fr-FR\"},{\"@type\":\"Organization\",\"@id\":\"https:\\\/\\\/manskin.ch\\\/fr\\\/#organization\",\"name\":\"Manskin.ch - der Schweizer Onlineshop f\u00fcr qualit\u00e4tsstarke M\u00e4nnerpflege\",\"url\":\"https:\\\/\\\/manskin.ch\\\/fr\\\/\",\"logo\":{\"@type\":\"ImageObject\",\"inLanguage\":\"fr-FR\",\"@id\":\"https:\\\/\\\/manskin.ch\\\/fr\\\/#\\\/schema\\\/logo\\\/image\\\/\",\"url\":\"https:\\\/\\\/manskin.ch\\\/wp-content\\\/uploads\\\/2021\\\/04\\\/cropped-logo_head.png\",\"contentUrl\":\"https:\\\/\\\/manskin.ch\\\/wp-content\\\/uploads\\\/2021\\\/04\\\/cropped-logo_head.png\",\"width\":235,\"height\":75,\"caption\":\"Manskin.ch - der Schweizer Onlineshop f\u00fcr qualit\u00e4tsstarke M\u00e4nnerpflege\"},\"image\":{\"@id\":\"https:\\\/\\\/manskin.ch\\\/fr\\\/#\\\/schema\\\/logo\\\/image\\\/\"},\"sameAs\":[\"https:\\\/\\\/www.facebook.com\\\/manskin.ch\",\"https:\\\/\\\/www.instagram.com\\\/manskin.ch\\\/\"]}]}<\/script>\n<meta property=\"product:price:amount\" content=\"39.00\" \/>\n<meta property=\"product:price:currency\" content=\"CHF\" \/>\n<meta property=\"og:availability\" content=\"instock\" \/>\n<meta property=\"product:availability\" content=\"instock\" \/>\n<meta property=\"product:retailer_item_id\" content=\"12448\" \/>\n<meta property=\"product:condition\" content=\"new\" \/>\n<!-- \/ Yoast SEO Premium plugin. -->","yoast_head_json":{"title":"Musgo Real - Coffret cadeau 5 mini-savons de luxe | Manskin.ch","description":"Musgo Real - Coffret cadeau 5 mini-savons de luxe","robots":{"index":"index","follow":"follow","max-snippet":"max-snippet:-1","max-image-preview":"max-image-preview:large","max-video-preview":"max-video-preview:-1"},"canonical":"https:\/\/manskin.ch\/fr\/produkt\/musgo-real-coffret-cadeau-5-mini-savons-de-luxe\/","og_locale":"fr_FR","og_type":"article","og_title":"Musgo Real - Coffret cadeau 5 mini-savons de luxe","og_description":"Musgo Real - Coffret cadeau 5 mini-savons de luxe","og_url":"https:\/\/manskin.ch\/fr\/produkt\/musgo-real-coffret-cadeau-5-mini-savons-de-luxe\/","og_site_name":"Manskin.ch","article_publisher":"https:\/\/www.facebook.com\/manskin.ch","article_modified_time":"2025-07-18T10:01:51+00:00","og_image":[{"width":1200,"height":800,"url":"https:\/\/manskin.ch\/wp-content\/uploads\/2022\/07\/20220617_ClausEstudio4876_HR-scaled.jpg","type":"image\/jpeg"}],"twitter_card":"summary_large_image","twitter_misc":{"Prix":"39.00&#67;&#72;&#70;","Disponibilit\u00e9":"En stock"},"schema":{"@context":"https:\/\/schema.org","@graph":[{"@type":"WebPage","@id":"https:\/\/manskin.ch\/fr\/produkt\/musgo-real-coffret-cadeau-5-mini-savons-de-luxe\/","url":"https:\/\/manskin.ch\/fr\/produkt\/musgo-real-coffret-cadeau-5-mini-savons-de-luxe\/","name":"Musgo Real - Coffret cadeau 5 mini-savons de luxe | Manskin.ch","isPartOf":{"@id":"https:\/\/manskin.ch\/fr\/#website"},"primaryImageOfPage":{"@id":"https:\/\/manskin.ch\/fr\/produkt\/musgo-real-coffret-cadeau-5-mini-savons-de-luxe\/#primaryimage"},"image":{"@id":"https:\/\/manskin.ch\/fr\/produkt\/musgo-real-coffret-cadeau-5-mini-savons-de-luxe\/#primaryimage"},"thumbnailUrl":"https:\/\/manskin.ch\/wp-content\/uploads\/2022\/07\/20220617_ClausEstudio4876_HR-scaled.jpg","datePublished":"2022-07-30T12:57:54+00:00","dateModified":"2025-07-18T10:01:51+00:00","description":"Musgo Real - Coffret cadeau 5 mini-savons de luxe","breadcrumb":{"@id":"https:\/\/manskin.ch\/fr\/produkt\/musgo-real-coffret-cadeau-5-mini-savons-de-luxe\/#breadcrumb"},"inLanguage":"fr-FR","potentialAction":[{"@type":"ReadAction","target":["https:\/\/manskin.ch\/fr\/produkt\/musgo-real-coffret-cadeau-5-mini-savons-de-luxe\/"]}]},{"@type":"ImageObject","inLanguage":"fr-FR","@id":"https:\/\/manskin.ch\/fr\/produkt\/musgo-real-coffret-cadeau-5-mini-savons-de-luxe\/#primaryimage","url":"https:\/\/manskin.ch\/wp-content\/uploads\/2022\/07\/20220617_ClausEstudio4876_HR-scaled.jpg","contentUrl":"https:\/\/manskin.ch\/wp-content\/uploads\/2022\/07\/20220617_ClausEstudio4876_HR-scaled.jpg","width":1200,"height":800},{"@type":"BreadcrumbList","@id":"https:\/\/manskin.ch\/fr\/produkt\/musgo-real-coffret-cadeau-5-mini-savons-de-luxe\/#breadcrumb","itemListElement":[{"@type":"ListItem","position":1,"name":"Startseite","item":"https:\/\/manskin.ch\/fr\/"},{"@type":"ListItem","position":2,"name":"Boutique Soins pour Hommes &amp; Skincare","item":"https:\/\/manskin.ch\/fr\/boutique\/"},{"@type":"ListItem","position":3,"name":"Musgo Real &#8211; Coffret cadeau 5 mini-savons de luxe"}]},{"@type":"WebSite","@id":"https:\/\/manskin.ch\/fr\/#website","url":"https:\/\/manskin.ch\/fr\/","name":"Manskin.ch","description":"Tous les produits de beaut\u00e9 pour les hommes les plus exigeants","publisher":{"@id":"https:\/\/manskin.ch\/fr\/#organization"},"potentialAction":[{"@type":"SearchAction","target":{"@type":"EntryPoint","urlTemplate":"https:\/\/manskin.ch\/fr\/?s={search_term_string}"},"query-input":{"@type":"PropertyValueSpecification","valueRequired":true,"valueName":"search_term_string"}}],"inLanguage":"fr-FR"},{"@type":"Organization","@id":"https:\/\/manskin.ch\/fr\/#organization","name":"Manskin.ch - der Schweizer Onlineshop f\u00fcr qualit\u00e4tsstarke M\u00e4nnerpflege","url":"https:\/\/manskin.ch\/fr\/","logo":{"@type":"ImageObject","inLanguage":"fr-FR","@id":"https:\/\/manskin.ch\/fr\/#\/schema\/logo\/image\/","url":"https:\/\/manskin.ch\/wp-content\/uploads\/2021\/04\/cropped-logo_head.png","contentUrl":"https:\/\/manskin.ch\/wp-content\/uploads\/2021\/04\/cropped-logo_head.png","width":235,"height":75,"caption":"Manskin.ch - der Schweizer Onlineshop f\u00fcr qualit\u00e4tsstarke M\u00e4nnerpflege"},"image":{"@id":"https:\/\/manskin.ch\/fr\/#\/schema\/logo\/image\/"},"sameAs":["https:\/\/www.facebook.com\/manskin.ch","https:\/\/www.instagram.com\/manskin.ch\/"]}]},"product_price_amount":"39.00","product_price_currency":"CHF","og_availability":"instock","product_availability":"instock","product_retailer_item_id":"12448","product_condition":"new"},"brands":[{"id":2770,"name":"Musgo Real","slug":"musgo-real"}],"_links":{"self":[{"href":"https:\/\/manskin.ch\/fr\/wp-json\/wp\/v2\/product\/17595","targetHints":{"allow":["GET"]}}],"collection":[{"href":"https:\/\/manskin.ch\/fr\/wp-json\/wp\/v2\/product"}],"about":[{"href":"https:\/\/manskin.ch\/fr\/wp-json\/wp\/v2\/types\/product"}],"replies":[{"embeddable":true,"href":"https:\/\/manskin.ch\/fr\/wp-json\/wp\/v2\/comments?post=17595"}],"wp:featuredmedia":[{"embeddable":true,"href":"https:\/\/manskin.ch\/fr\/wp-json\/wp\/v2\/media\/17587"}],"wp:attachment":[{"href":"https:\/\/manskin.ch\/fr\/wp-json\/wp\/v2\/media?parent=17595"}],"wp:term":[{"taxonomy":"pwb-brand","embeddable":true,"href":"https:\/\/manskin.ch\/fr\/wp-json\/wp\/v2\/pwb-brand?post=17595"},{"taxonomy":"product_brand","embeddable":true,"href":"https:\/\/manskin.ch\/fr\/wp-json\/wp\/v2\/product_brand?post=17595"},{"taxonomy":"product_cat","embeddable":true,"href":"https:\/\/manskin.ch\/fr\/wp-json\/wp\/v2\/product_cat?post=17595"},{"taxonomy":"product_tag","embeddable":true,"href":"https:\/\/manskin.ch\/fr\/wp-json\/wp\/v2\/product_tag?post=17595"}],"curies":[{"name":"wp","href":"https:\/\/api.w.org\/{rel}","templated":true}]}}