{"id":17344,"date":"2022-01-08T11:02:41","date_gmt":"2022-01-08T10:02:41","guid":{"rendered":"https:\/\/manskin.ch\/produkt\/shave-cream-creme-a-raser-ultraconcentre\/"},"modified":"2026-03-27T15:24:13","modified_gmt":"2026-03-27T14:24:13","slug":"shave-cream-creme-a-raser-ultraconcentre","status":"publish","type":"product","link":"https:\/\/manskin.ch\/fr\/produkt\/shave-cream-creme-a-raser-ultraconcentre\/","title":{"rendered":"men-\u00fc &#8211; Cr\u00e8me \u00e0 raser ultraconcentr\u00e9"},"content":{"rendered":"<h2>men-\u00fc &#8211; Shave Cream &#8211; Cr\u00e8me \u00e0 raser ultraconcentr\u00e9<\/h2>\n<ul>\n<li>La cr\u00e8me \u00e0 raser ultraconcentr\u00e9 Shave Cream facilite le passage du rasoir.<\/li>\n<li>Tu es ras\u00e9 de plus pr\u00e8s et ta peau est moins irrit\u00e9e. Sa texture te permet de voir o\u00f9 tu te rases.<\/li>\n<\/ul>\n<p>R\u00e9sultats:<\/p>\n<ul>\n<li>Passage du rasoir facilit\u00e9. R\u00e9duction des irritations et tiraillements.<\/li>\n<li>Sa texture compos\u00e9 de lubrifiants et de silicone permet une glisse parfaite de la lame de rasoir.<\/li>\n<li>Permet jusqu&rsquo;\u00e0 165 utilisations gr\u00e2ce \u00e0 sa formule ultra-concentr\u00e9e!<\/li>\n<\/ul>\n<p>Conseil d&rsquo;utilisation: Humidifiez la zone \u00e0 raser avec de l\u2019eau chaude. Appliquez une \u00e0 deux noisettes sur le blaireau humide ou sur vos paumes (s\u00e8ches). Pour obtenir une mousse onctueuse, \u00e9talez-l\u00e0 d\u2019un geste circulaire.<\/p>\n<p>Contenu 100 ml.<\/p>\n","protected":false},"excerpt":{"rendered":"<p>men-\u00fc &#8211; Shave Cream &#8211; Cr\u00e8me \u00e0 raser ultraconcentr\u00e9 La cr\u00e8me \u00e0 raser ultraconcentr\u00e9 Shave Cream facilite le passage du rasoir. Tu es ras\u00e9 de plus pr\u00e8s et ta peau est moins irrit\u00e9e. Sa texture te permet de voir o\u00f9 tu te rases. R\u00e9sultats: Passage du rasoir facilit\u00e9. R\u00e9duction des irritations et tiraillements. Sa texture &#8230; <a title=\"men-\u00fc &#8211; Cr\u00e8me \u00e0 raser ultraconcentr\u00e9\" class=\"read-more\" href=\"https:\/\/manskin.ch\/fr\/produkt\/shave-cream-creme-a-raser-ultraconcentre\/\" aria-label=\"En savoir plus sur men-\u00fc &#8211; Cr\u00e8me \u00e0 raser ultraconcentr\u00e9\">Lire la suite<\/a><\/p>\n","protected":false},"featured_media":523,"comment_status":"closed","ping_status":"closed","template":"","meta":{"_acf_changed":false},"pwb-brand":[2766],"product_brand":[],"product_cat":[2311,2444],"product_tag":[],"class_list":{"0":"post-17344","1":"product","2":"type-product","3":"status-publish","4":"has-post-thumbnail","6":"pwb-brand-men-ue","7":"product_cat-creme-a-raser","8":"product_cat-men-ue-fr","9":"product_shipping_class-standard-fr","10":"pa_hersteller-men-ue-fr-2","11":"sales-flash-overlay","12":"woocommerce-text-align-center","13":"woocommerce-image-align-center","14":"do-quantity-buttons","16":"first","17":"instock","18":"purchasable","19":"product-type-simple"},"acf":[],"yoast_head":"<!-- This site is optimized with the Yoast SEO Premium plugin v27.3 (Yoast SEO v27.3) - https:\/\/yoast.com\/product\/yoast-seo-premium-wordpress\/ -->\n<title>men-\u00fc - Cr\u00e8me \u00e0 raser ultraconcentr\u00e9 | Manskin.ch<\/title>\n<meta name=\"description\" content=\"men-\u00fc - Cr\u00e8me \u00e0 raser ultraconcentr\u00e9\" \/>\n<meta name=\"robots\" content=\"index, follow, max-snippet:-1, max-image-preview:large, max-video-preview:-1\" \/>\n<link rel=\"canonical\" href=\"https:\/\/manskin.ch\/fr\/produkt\/shave-cream-creme-a-raser-ultraconcentre\/\" \/>\n<meta property=\"og:locale\" content=\"fr_FR\" \/>\n<meta property=\"og:type\" content=\"article\" \/>\n<meta property=\"og:title\" content=\"men-\u00fc - Cr\u00e8me \u00e0 raser ultraconcentr\u00e9\" \/>\n<meta property=\"og:description\" content=\"men-\u00fc - Cr\u00e8me \u00e0 raser ultraconcentr\u00e9\" \/>\n<meta property=\"og:url\" content=\"https:\/\/manskin.ch\/fr\/produkt\/shave-cream-creme-a-raser-ultraconcentre\/\" \/>\n<meta property=\"og:site_name\" content=\"Manskin.ch\" \/>\n<meta property=\"article:publisher\" content=\"https:\/\/www.facebook.com\/manskin.ch\" \/>\n<meta property=\"article:modified_time\" content=\"2026-03-27T14:24:13+00:00\" \/>\n<meta property=\"og:image\" content=\"https:\/\/manskin.ch\/wp-content\/uploads\/2022\/01\/38_0.jpg\" \/>\n\t<meta property=\"og:image:width\" content=\"400\" \/>\n\t<meta property=\"og:image:height\" content=\"400\" \/>\n\t<meta property=\"og:image:type\" content=\"image\/jpeg\" \/>\n<meta name=\"twitter:card\" content=\"summary_large_image\" \/>\n<meta name=\"twitter:label1\" content=\"Prix\" \/>\n\t<meta name=\"twitter:data1\" content=\"19.00&#067;&#072;&#070;\" \/>\n\t<meta name=\"twitter:label2\" content=\"Disponibilit\u00e9\" \/>\n\t<meta name=\"twitter:data2\" content=\"En stock\" \/>\n<script type=\"application\/ld+json\" class=\"yoast-schema-graph\">{\"@context\":\"https:\\\/\\\/schema.org\",\"@graph\":[{\"@type\":\"WebPage\",\"@id\":\"https:\\\/\\\/manskin.ch\\\/fr\\\/produkt\\\/shave-cream-creme-a-raser-ultraconcentre\\\/\",\"url\":\"https:\\\/\\\/manskin.ch\\\/fr\\\/produkt\\\/shave-cream-creme-a-raser-ultraconcentre\\\/\",\"name\":\"men-\u00fc - Cr\u00e8me \u00e0 raser ultraconcentr\u00e9 | Manskin.ch\",\"isPartOf\":{\"@id\":\"https:\\\/\\\/manskin.ch\\\/fr\\\/#website\"},\"primaryImageOfPage\":{\"@id\":\"https:\\\/\\\/manskin.ch\\\/fr\\\/produkt\\\/shave-cream-creme-a-raser-ultraconcentre\\\/#primaryimage\"},\"image\":{\"@id\":\"https:\\\/\\\/manskin.ch\\\/fr\\\/produkt\\\/shave-cream-creme-a-raser-ultraconcentre\\\/#primaryimage\"},\"thumbnailUrl\":\"https:\\\/\\\/manskin.ch\\\/wp-content\\\/uploads\\\/2022\\\/01\\\/38_0.jpg\",\"datePublished\":\"2022-01-08T10:02:41+00:00\",\"dateModified\":\"2026-03-27T14:24:13+00:00\",\"description\":\"men-\u00fc - Cr\u00e8me \u00e0 raser ultraconcentr\u00e9\",\"breadcrumb\":{\"@id\":\"https:\\\/\\\/manskin.ch\\\/fr\\\/produkt\\\/shave-cream-creme-a-raser-ultraconcentre\\\/#breadcrumb\"},\"inLanguage\":\"fr-FR\",\"potentialAction\":[{\"@type\":\"ReadAction\",\"target\":[\"https:\\\/\\\/manskin.ch\\\/fr\\\/produkt\\\/shave-cream-creme-a-raser-ultraconcentre\\\/\"]}]},{\"@type\":\"ImageObject\",\"inLanguage\":\"fr-FR\",\"@id\":\"https:\\\/\\\/manskin.ch\\\/fr\\\/produkt\\\/shave-cream-creme-a-raser-ultraconcentre\\\/#primaryimage\",\"url\":\"https:\\\/\\\/manskin.ch\\\/wp-content\\\/uploads\\\/2022\\\/01\\\/38_0.jpg\",\"contentUrl\":\"https:\\\/\\\/manskin.ch\\\/wp-content\\\/uploads\\\/2022\\\/01\\\/38_0.jpg\",\"width\":400,\"height\":400},{\"@type\":\"BreadcrumbList\",\"@id\":\"https:\\\/\\\/manskin.ch\\\/fr\\\/produkt\\\/shave-cream-creme-a-raser-ultraconcentre\\\/#breadcrumb\",\"itemListElement\":[{\"@type\":\"ListItem\",\"position\":1,\"name\":\"Startseite\",\"item\":\"https:\\\/\\\/manskin.ch\\\/fr\\\/\"},{\"@type\":\"ListItem\",\"position\":2,\"name\":\"Boutique Soins pour Hommes &amp; Skincare\",\"item\":\"https:\\\/\\\/manskin.ch\\\/fr\\\/boutique\\\/\"},{\"@type\":\"ListItem\",\"position\":3,\"name\":\"men-\u00fc &#8211; Cr\u00e8me \u00e0 raser ultraconcentr\u00e9\"}]},{\"@type\":\"WebSite\",\"@id\":\"https:\\\/\\\/manskin.ch\\\/fr\\\/#website\",\"url\":\"https:\\\/\\\/manskin.ch\\\/fr\\\/\",\"name\":\"Manskin.ch\",\"description\":\"Tous les produits de beaut\u00e9 pour les hommes les plus exigeants\",\"publisher\":{\"@id\":\"https:\\\/\\\/manskin.ch\\\/fr\\\/#organization\"},\"potentialAction\":[{\"@type\":\"SearchAction\",\"target\":{\"@type\":\"EntryPoint\",\"urlTemplate\":\"https:\\\/\\\/manskin.ch\\\/fr\\\/?s={search_term_string}\"},\"query-input\":{\"@type\":\"PropertyValueSpecification\",\"valueRequired\":true,\"valueName\":\"search_term_string\"}}],\"inLanguage\":\"fr-FR\"},{\"@type\":\"Organization\",\"@id\":\"https:\\\/\\\/manskin.ch\\\/fr\\\/#organization\",\"name\":\"Manskin.ch - der Schweizer Onlineshop f\u00fcr qualit\u00e4tsstarke M\u00e4nnerpflege\",\"url\":\"https:\\\/\\\/manskin.ch\\\/fr\\\/\",\"logo\":{\"@type\":\"ImageObject\",\"inLanguage\":\"fr-FR\",\"@id\":\"https:\\\/\\\/manskin.ch\\\/fr\\\/#\\\/schema\\\/logo\\\/image\\\/\",\"url\":\"https:\\\/\\\/manskin.ch\\\/wp-content\\\/uploads\\\/2021\\\/04\\\/cropped-logo_head.png\",\"contentUrl\":\"https:\\\/\\\/manskin.ch\\\/wp-content\\\/uploads\\\/2021\\\/04\\\/cropped-logo_head.png\",\"width\":235,\"height\":75,\"caption\":\"Manskin.ch - der Schweizer Onlineshop f\u00fcr qualit\u00e4tsstarke M\u00e4nnerpflege\"},\"image\":{\"@id\":\"https:\\\/\\\/manskin.ch\\\/fr\\\/#\\\/schema\\\/logo\\\/image\\\/\"},\"sameAs\":[\"https:\\\/\\\/www.facebook.com\\\/manskin.ch\",\"https:\\\/\\\/www.instagram.com\\\/manskin.ch\\\/\"]}]}<\/script>\n<meta property=\"product:price:amount\" content=\"19.00\" \/>\n<meta property=\"product:price:currency\" content=\"CHF\" \/>\n<meta property=\"og:availability\" content=\"instock\" \/>\n<meta property=\"product:availability\" content=\"instock\" \/>\n<meta property=\"product:retailer_item_id\" content=\"10506\" \/>\n<meta property=\"product:condition\" content=\"new\" \/>\n<!-- \/ Yoast SEO Premium plugin. -->","yoast_head_json":{"title":"men-\u00fc - Cr\u00e8me \u00e0 raser ultraconcentr\u00e9 | Manskin.ch","description":"men-\u00fc - Cr\u00e8me \u00e0 raser ultraconcentr\u00e9","robots":{"index":"index","follow":"follow","max-snippet":"max-snippet:-1","max-image-preview":"max-image-preview:large","max-video-preview":"max-video-preview:-1"},"canonical":"https:\/\/manskin.ch\/fr\/produkt\/shave-cream-creme-a-raser-ultraconcentre\/","og_locale":"fr_FR","og_type":"article","og_title":"men-\u00fc - Cr\u00e8me \u00e0 raser ultraconcentr\u00e9","og_description":"men-\u00fc - Cr\u00e8me \u00e0 raser ultraconcentr\u00e9","og_url":"https:\/\/manskin.ch\/fr\/produkt\/shave-cream-creme-a-raser-ultraconcentre\/","og_site_name":"Manskin.ch","article_publisher":"https:\/\/www.facebook.com\/manskin.ch","article_modified_time":"2026-03-27T14:24:13+00:00","og_image":[{"width":400,"height":400,"url":"https:\/\/manskin.ch\/wp-content\/uploads\/2022\/01\/38_0.jpg","type":"image\/jpeg"}],"twitter_card":"summary_large_image","twitter_misc":{"Prix":"19.00&#67;&#72;&#70;","Disponibilit\u00e9":"En stock"},"schema":{"@context":"https:\/\/schema.org","@graph":[{"@type":"WebPage","@id":"https:\/\/manskin.ch\/fr\/produkt\/shave-cream-creme-a-raser-ultraconcentre\/","url":"https:\/\/manskin.ch\/fr\/produkt\/shave-cream-creme-a-raser-ultraconcentre\/","name":"men-\u00fc - Cr\u00e8me \u00e0 raser ultraconcentr\u00e9 | Manskin.ch","isPartOf":{"@id":"https:\/\/manskin.ch\/fr\/#website"},"primaryImageOfPage":{"@id":"https:\/\/manskin.ch\/fr\/produkt\/shave-cream-creme-a-raser-ultraconcentre\/#primaryimage"},"image":{"@id":"https:\/\/manskin.ch\/fr\/produkt\/shave-cream-creme-a-raser-ultraconcentre\/#primaryimage"},"thumbnailUrl":"https:\/\/manskin.ch\/wp-content\/uploads\/2022\/01\/38_0.jpg","datePublished":"2022-01-08T10:02:41+00:00","dateModified":"2026-03-27T14:24:13+00:00","description":"men-\u00fc - Cr\u00e8me \u00e0 raser ultraconcentr\u00e9","breadcrumb":{"@id":"https:\/\/manskin.ch\/fr\/produkt\/shave-cream-creme-a-raser-ultraconcentre\/#breadcrumb"},"inLanguage":"fr-FR","potentialAction":[{"@type":"ReadAction","target":["https:\/\/manskin.ch\/fr\/produkt\/shave-cream-creme-a-raser-ultraconcentre\/"]}]},{"@type":"ImageObject","inLanguage":"fr-FR","@id":"https:\/\/manskin.ch\/fr\/produkt\/shave-cream-creme-a-raser-ultraconcentre\/#primaryimage","url":"https:\/\/manskin.ch\/wp-content\/uploads\/2022\/01\/38_0.jpg","contentUrl":"https:\/\/manskin.ch\/wp-content\/uploads\/2022\/01\/38_0.jpg","width":400,"height":400},{"@type":"BreadcrumbList","@id":"https:\/\/manskin.ch\/fr\/produkt\/shave-cream-creme-a-raser-ultraconcentre\/#breadcrumb","itemListElement":[{"@type":"ListItem","position":1,"name":"Startseite","item":"https:\/\/manskin.ch\/fr\/"},{"@type":"ListItem","position":2,"name":"Boutique Soins pour Hommes &amp; Skincare","item":"https:\/\/manskin.ch\/fr\/boutique\/"},{"@type":"ListItem","position":3,"name":"men-\u00fc &#8211; Cr\u00e8me \u00e0 raser ultraconcentr\u00e9"}]},{"@type":"WebSite","@id":"https:\/\/manskin.ch\/fr\/#website","url":"https:\/\/manskin.ch\/fr\/","name":"Manskin.ch","description":"Tous les produits de beaut\u00e9 pour les hommes les plus exigeants","publisher":{"@id":"https:\/\/manskin.ch\/fr\/#organization"},"potentialAction":[{"@type":"SearchAction","target":{"@type":"EntryPoint","urlTemplate":"https:\/\/manskin.ch\/fr\/?s={search_term_string}"},"query-input":{"@type":"PropertyValueSpecification","valueRequired":true,"valueName":"search_term_string"}}],"inLanguage":"fr-FR"},{"@type":"Organization","@id":"https:\/\/manskin.ch\/fr\/#organization","name":"Manskin.ch - der Schweizer Onlineshop f\u00fcr qualit\u00e4tsstarke M\u00e4nnerpflege","url":"https:\/\/manskin.ch\/fr\/","logo":{"@type":"ImageObject","inLanguage":"fr-FR","@id":"https:\/\/manskin.ch\/fr\/#\/schema\/logo\/image\/","url":"https:\/\/manskin.ch\/wp-content\/uploads\/2021\/04\/cropped-logo_head.png","contentUrl":"https:\/\/manskin.ch\/wp-content\/uploads\/2021\/04\/cropped-logo_head.png","width":235,"height":75,"caption":"Manskin.ch - der Schweizer Onlineshop f\u00fcr qualit\u00e4tsstarke M\u00e4nnerpflege"},"image":{"@id":"https:\/\/manskin.ch\/fr\/#\/schema\/logo\/image\/"},"sameAs":["https:\/\/www.facebook.com\/manskin.ch","https:\/\/www.instagram.com\/manskin.ch\/"]}]},"product_price_amount":"19.00","product_price_currency":"CHF","og_availability":"instock","product_availability":"instock","product_retailer_item_id":"10506","product_condition":"new"},"brands":[{"id":2766,"name":"men-\u00fc","slug":"men-ue"}],"_links":{"self":[{"href":"https:\/\/manskin.ch\/fr\/wp-json\/wp\/v2\/product\/17344","targetHints":{"allow":["GET"]}}],"collection":[{"href":"https:\/\/manskin.ch\/fr\/wp-json\/wp\/v2\/product"}],"about":[{"href":"https:\/\/manskin.ch\/fr\/wp-json\/wp\/v2\/types\/product"}],"replies":[{"embeddable":true,"href":"https:\/\/manskin.ch\/fr\/wp-json\/wp\/v2\/comments?post=17344"}],"wp:featuredmedia":[{"embeddable":true,"href":"https:\/\/manskin.ch\/fr\/wp-json\/wp\/v2\/media\/523"}],"wp:attachment":[{"href":"https:\/\/manskin.ch\/fr\/wp-json\/wp\/v2\/media?parent=17344"}],"wp:term":[{"taxonomy":"pwb-brand","embeddable":true,"href":"https:\/\/manskin.ch\/fr\/wp-json\/wp\/v2\/pwb-brand?post=17344"},{"taxonomy":"product_brand","embeddable":true,"href":"https:\/\/manskin.ch\/fr\/wp-json\/wp\/v2\/product_brand?post=17344"},{"taxonomy":"product_cat","embeddable":true,"href":"https:\/\/manskin.ch\/fr\/wp-json\/wp\/v2\/product_cat?post=17344"},{"taxonomy":"product_tag","embeddable":true,"href":"https:\/\/manskin.ch\/fr\/wp-json\/wp\/v2\/product_tag?post=17344"}],"curies":[{"name":"wp","href":"https:\/\/api.w.org\/{rel}","templated":true}]}}