{"id":16734,"date":"2022-01-08T12:33:45","date_gmt":"2022-01-08T11:33:45","guid":{"rendered":"https:\/\/manskin.ch\/produkt\/hair-body-wash-355-ml\/"},"modified":"2025-12-01T18:59:52","modified_gmt":"2025-12-01T17:59:52","slug":"anthony-hair-body-wash","status":"publish","type":"product","link":"https:\/\/manskin.ch\/fr\/produkt\/anthony-hair-body-wash\/","title":{"rendered":"Anthony &#8211; Invigorating Hair &amp; Body Wash 355 ml"},"content":{"rendered":"<h2>Anthony &#8211; Invigorating Hair &#038; Body Wash 355 ml<\/h2>\n<ul>\n<li>Le nettoyant pour cheveux et corps redonne de l&rsquo;\u00e9n\u00e9rgie pour corps et esprit.<\/li>\n<li>Le parfum frais d&rsquo;eucalyptus et la feuille de bouleau rafra\u00eechissent et hydratent cheveux et corps, tandis que le baume du Canada apaise la peau.<\/li>\n<li>Appliquer sur les cheveux et le corps mouill\u00e9, faire mousser et rincer.<\/li>\n<li>Pour tous types de peau.<\/li>\n<li>Sans parabens.<\/li>\n<\/ul>\n<p>Contenu 355 ml.<\/p>\n","protected":false},"excerpt":{"rendered":"<p>Shampooing et gel douche \u00e9n\u00e9rgisant<\/p>\n","protected":false},"featured_media":2415,"comment_status":"closed","ping_status":"closed","template":"","meta":{"_acf_changed":false},"pwb-brand":[2751],"product_brand":[],"product_cat":[2316,2357,1948],"product_tag":[],"class_list":{"0":"post-16734","1":"product","2":"type-product","3":"status-publish","4":"has-post-thumbnail","6":"pwb-brand-anthony","7":"product_cat-anthony","8":"product_cat-nettoyant-corps","9":"product_cat-shampoing-conditioner","10":"product_shipping_class-standard-fr","11":"pa_hersteller-anthony-fr-2","12":"sales-flash-overlay","13":"woocommerce-text-align-center","14":"woocommerce-image-align-center","15":"do-quantity-buttons","17":"first","18":"outofstock","19":"purchasable","20":"product-type-simple"},"acf":[],"yoast_head":"<!-- This site is optimized with the Yoast SEO Premium plugin v27.3 (Yoast SEO v27.3) - https:\/\/yoast.com\/product\/yoast-seo-premium-wordpress\/ -->\n<title>Anthony | Hair &amp; Body Wash : Lotion vivifiante pour le corps et l&#039;esprit | Manskin.ch%.<\/title>\n<meta name=\"description\" content=\"Le parfum frais de l&#039;eucalyptus et le baume canadien hydratant garantissent une exp\u00e9rience vivifiante. A commander d\u00e8s maintenant chez Manskin.ch.\" \/>\n<meta name=\"robots\" content=\"index, follow, max-snippet:-1, max-image-preview:large, max-video-preview:-1\" \/>\n<link rel=\"canonical\" href=\"https:\/\/manskin.ch\/fr\/produkt\/anthony-hair-body-wash\/\" \/>\n<meta property=\"og:locale\" content=\"fr_FR\" \/>\n<meta property=\"og:type\" content=\"article\" \/>\n<meta property=\"og:title\" content=\"Anthony - Invigorating Hair &amp; Body Wash 355 ml\" \/>\n<meta property=\"og:description\" content=\"Le parfum frais de l&#039;eucalyptus et le baume canadien hydratant garantissent une exp\u00e9rience vivifiante. A commander d\u00e8s maintenant chez Manskin.ch.\" \/>\n<meta property=\"og:url\" content=\"https:\/\/manskin.ch\/fr\/produkt\/anthony-hair-body-wash\/\" \/>\n<meta property=\"og:site_name\" content=\"Manskin.ch\" \/>\n<meta property=\"article:publisher\" content=\"https:\/\/www.facebook.com\/manskin.ch\" \/>\n<meta property=\"article:modified_time\" content=\"2025-12-01T17:59:52+00:00\" \/>\n<meta property=\"og:image\" content=\"https:\/\/manskin.ch\/wp-content\/uploads\/2022\/01\/722_0.jpg\" \/>\n\t<meta property=\"og:image:width\" content=\"800\" \/>\n\t<meta property=\"og:image:height\" content=\"800\" \/>\n\t<meta property=\"og:image:type\" content=\"image\/jpeg\" \/>\n<meta name=\"twitter:card\" content=\"summary_large_image\" \/>\n<meta name=\"twitter:label1\" content=\"Prix\" \/>\n\t<meta name=\"twitter:data1\" content=\"35.00&#067;&#072;&#070;\" \/>\n\t<meta name=\"twitter:label2\" content=\"Disponibilit\u00e9\" \/>\n\t<meta name=\"twitter:data2\" content=\"Rupture de stock\" \/>\n<script type=\"application\/ld+json\" class=\"yoast-schema-graph\">{\"@context\":\"https:\\\/\\\/schema.org\",\"@graph\":[{\"@type\":\"WebPage\",\"@id\":\"https:\\\/\\\/manskin.ch\\\/fr\\\/produkt\\\/anthony-hair-body-wash\\\/\",\"url\":\"https:\\\/\\\/manskin.ch\\\/fr\\\/produkt\\\/anthony-hair-body-wash\\\/\",\"name\":\"Anthony | Hair & Body Wash : Lotion vivifiante pour le corps et l'esprit | Manskin.ch%.\",\"isPartOf\":{\"@id\":\"https:\\\/\\\/manskin.ch\\\/fr\\\/#website\"},\"primaryImageOfPage\":{\"@id\":\"https:\\\/\\\/manskin.ch\\\/fr\\\/produkt\\\/anthony-hair-body-wash\\\/#primaryimage\"},\"image\":{\"@id\":\"https:\\\/\\\/manskin.ch\\\/fr\\\/produkt\\\/anthony-hair-body-wash\\\/#primaryimage\"},\"thumbnailUrl\":\"https:\\\/\\\/manskin.ch\\\/wp-content\\\/uploads\\\/2022\\\/01\\\/722_0.jpg\",\"datePublished\":\"2022-01-08T11:33:45+00:00\",\"dateModified\":\"2025-12-01T17:59:52+00:00\",\"description\":\"Le parfum frais de l'eucalyptus et le baume canadien hydratant garantissent une exp\u00e9rience vivifiante. A commander d\u00e8s maintenant chez Manskin.ch.\",\"breadcrumb\":{\"@id\":\"https:\\\/\\\/manskin.ch\\\/fr\\\/produkt\\\/anthony-hair-body-wash\\\/#breadcrumb\"},\"inLanguage\":\"fr-FR\",\"potentialAction\":[{\"@type\":\"ReadAction\",\"target\":[\"https:\\\/\\\/manskin.ch\\\/fr\\\/produkt\\\/anthony-hair-body-wash\\\/\"]}]},{\"@type\":\"ImageObject\",\"inLanguage\":\"fr-FR\",\"@id\":\"https:\\\/\\\/manskin.ch\\\/fr\\\/produkt\\\/anthony-hair-body-wash\\\/#primaryimage\",\"url\":\"https:\\\/\\\/manskin.ch\\\/wp-content\\\/uploads\\\/2022\\\/01\\\/722_0.jpg\",\"contentUrl\":\"https:\\\/\\\/manskin.ch\\\/wp-content\\\/uploads\\\/2022\\\/01\\\/722_0.jpg\",\"width\":800,\"height\":800},{\"@type\":\"BreadcrumbList\",\"@id\":\"https:\\\/\\\/manskin.ch\\\/fr\\\/produkt\\\/anthony-hair-body-wash\\\/#breadcrumb\",\"itemListElement\":[{\"@type\":\"ListItem\",\"position\":1,\"name\":\"Startseite\",\"item\":\"https:\\\/\\\/manskin.ch\\\/fr\\\/\"},{\"@type\":\"ListItem\",\"position\":2,\"name\":\"Boutique\",\"item\":\"https:\\\/\\\/manskin.ch\\\/fr\\\/boutique\\\/\"},{\"@type\":\"ListItem\",\"position\":3,\"name\":\"Anthony &#8211; Invigorating Hair &amp; Body Wash 355 ml\"}]},{\"@type\":\"WebSite\",\"@id\":\"https:\\\/\\\/manskin.ch\\\/fr\\\/#website\",\"url\":\"https:\\\/\\\/manskin.ch\\\/fr\\\/\",\"name\":\"Manskin.ch\",\"description\":\"Tous les produits de beaut\u00e9 pour les hommes les plus exigeants\",\"publisher\":{\"@id\":\"https:\\\/\\\/manskin.ch\\\/fr\\\/#organization\"},\"potentialAction\":[{\"@type\":\"SearchAction\",\"target\":{\"@type\":\"EntryPoint\",\"urlTemplate\":\"https:\\\/\\\/manskin.ch\\\/fr\\\/?s={search_term_string}\"},\"query-input\":{\"@type\":\"PropertyValueSpecification\",\"valueRequired\":true,\"valueName\":\"search_term_string\"}}],\"inLanguage\":\"fr-FR\"},{\"@type\":\"Organization\",\"@id\":\"https:\\\/\\\/manskin.ch\\\/fr\\\/#organization\",\"name\":\"Manskin.ch - der Schweizer Onlineshop f\u00fcr qualit\u00e4tsstarke M\u00e4nnerpflege\",\"url\":\"https:\\\/\\\/manskin.ch\\\/fr\\\/\",\"logo\":{\"@type\":\"ImageObject\",\"inLanguage\":\"fr-FR\",\"@id\":\"https:\\\/\\\/manskin.ch\\\/fr\\\/#\\\/schema\\\/logo\\\/image\\\/\",\"url\":\"https:\\\/\\\/manskin.ch\\\/wp-content\\\/uploads\\\/2021\\\/04\\\/cropped-logo_head.png\",\"contentUrl\":\"https:\\\/\\\/manskin.ch\\\/wp-content\\\/uploads\\\/2021\\\/04\\\/cropped-logo_head.png\",\"width\":235,\"height\":75,\"caption\":\"Manskin.ch - der Schweizer Onlineshop f\u00fcr qualit\u00e4tsstarke M\u00e4nnerpflege\"},\"image\":{\"@id\":\"https:\\\/\\\/manskin.ch\\\/fr\\\/#\\\/schema\\\/logo\\\/image\\\/\"},\"sameAs\":[\"https:\\\/\\\/www.facebook.com\\\/manskin.ch\",\"https:\\\/\\\/www.instagram.com\\\/manskin.ch\\\/\"]}]}<\/script>\n<meta property=\"product:price:amount\" content=\"35.00\" \/>\n<meta property=\"product:price:currency\" content=\"CHF\" \/>\n<meta property=\"og:availability\" content=\"out of stock\" \/>\n<meta property=\"product:availability\" content=\"out of stock\" \/>\n<meta property=\"product:retailer_item_id\" content=\"12189\" \/>\n<meta property=\"product:condition\" content=\"new\" \/>\n<!-- \/ Yoast SEO Premium plugin. -->","yoast_head_json":{"title":"Anthony | Hair & Body Wash : Lotion vivifiante pour le corps et l'esprit | Manskin.ch%.","description":"Le parfum frais de l'eucalyptus et le baume canadien hydratant garantissent une exp\u00e9rience vivifiante. A commander d\u00e8s maintenant chez Manskin.ch.","robots":{"index":"index","follow":"follow","max-snippet":"max-snippet:-1","max-image-preview":"max-image-preview:large","max-video-preview":"max-video-preview:-1"},"canonical":"https:\/\/manskin.ch\/fr\/produkt\/anthony-hair-body-wash\/","og_locale":"fr_FR","og_type":"article","og_title":"Anthony - Invigorating Hair &amp; Body Wash 355 ml","og_description":"Le parfum frais de l'eucalyptus et le baume canadien hydratant garantissent une exp\u00e9rience vivifiante. A commander d\u00e8s maintenant chez Manskin.ch.","og_url":"https:\/\/manskin.ch\/fr\/produkt\/anthony-hair-body-wash\/","og_site_name":"Manskin.ch","article_publisher":"https:\/\/www.facebook.com\/manskin.ch","article_modified_time":"2025-12-01T17:59:52+00:00","og_image":[{"width":800,"height":800,"url":"https:\/\/manskin.ch\/wp-content\/uploads\/2022\/01\/722_0.jpg","type":"image\/jpeg"}],"twitter_card":"summary_large_image","twitter_misc":{"Prix":"35.00&#67;&#72;&#70;","Disponibilit\u00e9":"Rupture de stock"},"schema":{"@context":"https:\/\/schema.org","@graph":[{"@type":"WebPage","@id":"https:\/\/manskin.ch\/fr\/produkt\/anthony-hair-body-wash\/","url":"https:\/\/manskin.ch\/fr\/produkt\/anthony-hair-body-wash\/","name":"Anthony | Hair & Body Wash : Lotion vivifiante pour le corps et l'esprit | Manskin.ch%.","isPartOf":{"@id":"https:\/\/manskin.ch\/fr\/#website"},"primaryImageOfPage":{"@id":"https:\/\/manskin.ch\/fr\/produkt\/anthony-hair-body-wash\/#primaryimage"},"image":{"@id":"https:\/\/manskin.ch\/fr\/produkt\/anthony-hair-body-wash\/#primaryimage"},"thumbnailUrl":"https:\/\/manskin.ch\/wp-content\/uploads\/2022\/01\/722_0.jpg","datePublished":"2022-01-08T11:33:45+00:00","dateModified":"2025-12-01T17:59:52+00:00","description":"Le parfum frais de l'eucalyptus et le baume canadien hydratant garantissent une exp\u00e9rience vivifiante. A commander d\u00e8s maintenant chez Manskin.ch.","breadcrumb":{"@id":"https:\/\/manskin.ch\/fr\/produkt\/anthony-hair-body-wash\/#breadcrumb"},"inLanguage":"fr-FR","potentialAction":[{"@type":"ReadAction","target":["https:\/\/manskin.ch\/fr\/produkt\/anthony-hair-body-wash\/"]}]},{"@type":"ImageObject","inLanguage":"fr-FR","@id":"https:\/\/manskin.ch\/fr\/produkt\/anthony-hair-body-wash\/#primaryimage","url":"https:\/\/manskin.ch\/wp-content\/uploads\/2022\/01\/722_0.jpg","contentUrl":"https:\/\/manskin.ch\/wp-content\/uploads\/2022\/01\/722_0.jpg","width":800,"height":800},{"@type":"BreadcrumbList","@id":"https:\/\/manskin.ch\/fr\/produkt\/anthony-hair-body-wash\/#breadcrumb","itemListElement":[{"@type":"ListItem","position":1,"name":"Startseite","item":"https:\/\/manskin.ch\/fr\/"},{"@type":"ListItem","position":2,"name":"Boutique","item":"https:\/\/manskin.ch\/fr\/boutique\/"},{"@type":"ListItem","position":3,"name":"Anthony &#8211; Invigorating Hair &amp; Body Wash 355 ml"}]},{"@type":"WebSite","@id":"https:\/\/manskin.ch\/fr\/#website","url":"https:\/\/manskin.ch\/fr\/","name":"Manskin.ch","description":"Tous les produits de beaut\u00e9 pour les hommes les plus exigeants","publisher":{"@id":"https:\/\/manskin.ch\/fr\/#organization"},"potentialAction":[{"@type":"SearchAction","target":{"@type":"EntryPoint","urlTemplate":"https:\/\/manskin.ch\/fr\/?s={search_term_string}"},"query-input":{"@type":"PropertyValueSpecification","valueRequired":true,"valueName":"search_term_string"}}],"inLanguage":"fr-FR"},{"@type":"Organization","@id":"https:\/\/manskin.ch\/fr\/#organization","name":"Manskin.ch - der Schweizer Onlineshop f\u00fcr qualit\u00e4tsstarke M\u00e4nnerpflege","url":"https:\/\/manskin.ch\/fr\/","logo":{"@type":"ImageObject","inLanguage":"fr-FR","@id":"https:\/\/manskin.ch\/fr\/#\/schema\/logo\/image\/","url":"https:\/\/manskin.ch\/wp-content\/uploads\/2021\/04\/cropped-logo_head.png","contentUrl":"https:\/\/manskin.ch\/wp-content\/uploads\/2021\/04\/cropped-logo_head.png","width":235,"height":75,"caption":"Manskin.ch - der Schweizer Onlineshop f\u00fcr qualit\u00e4tsstarke M\u00e4nnerpflege"},"image":{"@id":"https:\/\/manskin.ch\/fr\/#\/schema\/logo\/image\/"},"sameAs":["https:\/\/www.facebook.com\/manskin.ch","https:\/\/www.instagram.com\/manskin.ch\/"]}]},"product_price_amount":"35.00","product_price_currency":"CHF","og_availability":"out of stock","product_availability":"out of stock","product_retailer_item_id":"12189","product_condition":"new"},"brands":[{"id":2751,"name":"Anthony","slug":"anthony"}],"_links":{"self":[{"href":"https:\/\/manskin.ch\/fr\/wp-json\/wp\/v2\/product\/16734","targetHints":{"allow":["GET"]}}],"collection":[{"href":"https:\/\/manskin.ch\/fr\/wp-json\/wp\/v2\/product"}],"about":[{"href":"https:\/\/manskin.ch\/fr\/wp-json\/wp\/v2\/types\/product"}],"replies":[{"embeddable":true,"href":"https:\/\/manskin.ch\/fr\/wp-json\/wp\/v2\/comments?post=16734"}],"wp:featuredmedia":[{"embeddable":true,"href":"https:\/\/manskin.ch\/fr\/wp-json\/wp\/v2\/media\/2415"}],"wp:attachment":[{"href":"https:\/\/manskin.ch\/fr\/wp-json\/wp\/v2\/media?parent=16734"}],"wp:term":[{"taxonomy":"pwb-brand","embeddable":true,"href":"https:\/\/manskin.ch\/fr\/wp-json\/wp\/v2\/pwb-brand?post=16734"},{"taxonomy":"product_brand","embeddable":true,"href":"https:\/\/manskin.ch\/fr\/wp-json\/wp\/v2\/product_brand?post=16734"},{"taxonomy":"product_cat","embeddable":true,"href":"https:\/\/manskin.ch\/fr\/wp-json\/wp\/v2\/product_cat?post=16734"},{"taxonomy":"product_tag","embeddable":true,"href":"https:\/\/manskin.ch\/fr\/wp-json\/wp\/v2\/product_tag?post=16734"}],"curies":[{"name":"wp","href":"https:\/\/api.w.org\/{rel}","templated":true}]}}