{"id":16659,"date":"2022-01-08T14:19:36","date_gmt":"2022-01-08T13:19:36","guid":{"rendered":"https:\/\/manskin.ch\/produkt\/doers-of-london-facial-cleanser-travel-50-ml-2\/"},"modified":"2025-07-18T10:46:37","modified_gmt":"2025-07-18T08:46:37","slug":"doers-of-london-facial-cleanser-travel","status":"publish","type":"product","link":"https:\/\/manskin.ch\/fr\/produkt\/doers-of-london-facial-cleanser-travel\/","title":{"rendered":"Doers of London &#8211; Facial Cleanser Travel 50 ml"},"content":{"rendered":"<h2>Doers of London \u2013 Facial Cleanser Travel 50 ml<\/h2>\n<ul>\n<li>Avec le nettoyant pour le visage de Doers of London, on obtient un teint en bonne sant\u00e9, un rasage parfait ou une barbe brillante.<\/li>\n<li>La peau est d\u00e9barrass\u00e9e des bact\u00e9ries, des impuret\u00e9s et des irritations et se d\u00e9toxifie.<\/li>\n<li>La production de s\u00e9bum est \u00e9quilibr\u00e9e et la peau (ainsi que la barbe) soign\u00e9.<\/li>\n<li>La lotion procure une mousse douce lors du nettoyage et ne dess\u00e9che pas.<\/li>\n<li>Extrait de concombre biologique: riche en polysaccharides, aux propri\u00e9t\u00e9s anti-inflammatoires et astringentes, aide \u00e0 \u00e9quilibrer la peau grasse et \u00e0 affiner les pores.<\/li>\n<li>Extrait de th\u00e9 vert biologique: contient des polyph\u00e9nols aux propri\u00e9t\u00e9s antioxydantes et antibact\u00e9riennes.<\/li>\n<li>Huile de jojoba: un ingr\u00e9dient tr\u00e8s similaire aux lipides de la peau et renfor\u00e7ant ainsi la barri\u00e8re cutan\u00e9e. Les acides gras facilement absorb\u00e9s permettent un meilleur rasage et favorisent une croissance saine de la barbe.<\/li>\n<li>Huile de citron et de citron vert: procure un peeling doux.<\/li>\n<li>Test\u00e9 dermatologiquement.<\/li>\n<li>Certifi\u00e9 par la Vegan Society.<\/li>\n<\/ul>\n<p>Contenu 50 ml.<\/p>\n","protected":false},"excerpt":{"rendered":"<p>Doers of London \u2013 Facial Cleanser Travel 50 ml Avec le nettoyant pour le visage de Doers of London, on obtient un teint en bonne sant\u00e9, un rasage parfait ou une barbe brillante. La peau est d\u00e9barrass\u00e9e des bact\u00e9ries, des impuret\u00e9s et des irritations et se d\u00e9toxifie. La production de s\u00e9bum est \u00e9quilibr\u00e9e et la &#8230; <a title=\"Doers of London &#8211; Facial Cleanser Travel 50 ml\" class=\"read-more\" href=\"https:\/\/manskin.ch\/fr\/produkt\/doers-of-london-facial-cleanser-travel\/\" aria-label=\"En savoir plus sur Doers of London &#8211; Facial Cleanser Travel 50 ml\">Lire la suite<\/a><\/p>\n","protected":false},"featured_media":4825,"comment_status":"closed","ping_status":"closed","template":"","meta":{"_acf_changed":false},"pwb-brand":[2757],"product_brand":[],"product_cat":[2414,2373,2333,2911],"product_tag":[],"class_list":{"0":"post-16659","1":"product","2":"type-product","3":"status-publish","4":"has-post-thumbnail","6":"pwb-brand-doers-of-london","7":"product_cat-cosmetique-naturelle","8":"product_cat-doers-of-london-fr","9":"product_cat-nettoyants-visage","10":"product_cat-travel-sport","11":"product_shipping_class-standard-fr","12":"pa_hersteller-doers-of-london-fr-2","13":"sales-flash-overlay","14":"woocommerce-text-align-center","15":"woocommerce-image-align-center","16":"do-quantity-buttons","18":"first","19":"outofstock","20":"purchasable","21":"product-type-simple"},"acf":[],"yoast_head":"<!-- This site is optimized with the Yoast SEO Premium plugin v27.3 (Yoast SEO v27.3) - https:\/\/yoast.com\/product\/yoast-seo-premium-wordpress\/ -->\n<title>Doers of London - Facial Cleanser Travel 50 ml | Manskin.ch<\/title>\n<meta name=\"description\" content=\"Doers of London - Facial Cleanser Travel 50 ml\" \/>\n<meta name=\"robots\" content=\"index, follow, max-snippet:-1, max-image-preview:large, max-video-preview:-1\" \/>\n<link rel=\"canonical\" href=\"https:\/\/manskin.ch\/fr\/produkt\/doers-of-london-facial-cleanser-travel\/\" \/>\n<meta property=\"og:locale\" content=\"fr_FR\" \/>\n<meta property=\"og:type\" content=\"article\" \/>\n<meta property=\"og:title\" content=\"Doers of London - Facial Cleanser Travel 50 ml\" \/>\n<meta property=\"og:description\" content=\"Doers of London - Facial Cleanser Travel 50 ml\" \/>\n<meta property=\"og:url\" content=\"https:\/\/manskin.ch\/fr\/produkt\/doers-of-london-facial-cleanser-travel\/\" \/>\n<meta property=\"og:site_name\" content=\"Manskin.ch\" \/>\n<meta property=\"article:publisher\" content=\"https:\/\/www.facebook.com\/manskin.ch\" \/>\n<meta property=\"article:modified_time\" content=\"2025-07-18T08:46:37+00:00\" \/>\n<meta property=\"og:image\" content=\"https:\/\/manskin.ch\/wp-content\/uploads\/2022\/01\/1488_0.jpg\" \/>\n\t<meta property=\"og:image:width\" content=\"554\" \/>\n\t<meta property=\"og:image:height\" content=\"800\" \/>\n\t<meta property=\"og:image:type\" content=\"image\/jpeg\" \/>\n<meta name=\"twitter:card\" content=\"summary_large_image\" \/>\n<meta name=\"twitter:label1\" content=\"Prix\" \/>\n\t<meta name=\"twitter:data1\" content=\"6.50&#067;&#072;&#070;\" \/>\n\t<meta name=\"twitter:label2\" content=\"Disponibilit\u00e9\" \/>\n\t<meta name=\"twitter:data2\" content=\"Rupture de stock\" \/>\n<script type=\"application\/ld+json\" class=\"yoast-schema-graph\">{\"@context\":\"https:\\\/\\\/schema.org\",\"@graph\":[{\"@type\":\"WebPage\",\"@id\":\"https:\\\/\\\/manskin.ch\\\/fr\\\/produkt\\\/doers-of-london-facial-cleanser-travel\\\/\",\"url\":\"https:\\\/\\\/manskin.ch\\\/fr\\\/produkt\\\/doers-of-london-facial-cleanser-travel\\\/\",\"name\":\"Doers of London - Facial Cleanser Travel 50 ml | Manskin.ch\",\"isPartOf\":{\"@id\":\"https:\\\/\\\/manskin.ch\\\/fr\\\/#website\"},\"primaryImageOfPage\":{\"@id\":\"https:\\\/\\\/manskin.ch\\\/fr\\\/produkt\\\/doers-of-london-facial-cleanser-travel\\\/#primaryimage\"},\"image\":{\"@id\":\"https:\\\/\\\/manskin.ch\\\/fr\\\/produkt\\\/doers-of-london-facial-cleanser-travel\\\/#primaryimage\"},\"thumbnailUrl\":\"https:\\\/\\\/manskin.ch\\\/wp-content\\\/uploads\\\/2022\\\/01\\\/1488_0.jpg\",\"datePublished\":\"2022-01-08T13:19:36+00:00\",\"dateModified\":\"2025-07-18T08:46:37+00:00\",\"description\":\"Doers of London - Facial Cleanser Travel 50 ml\",\"breadcrumb\":{\"@id\":\"https:\\\/\\\/manskin.ch\\\/fr\\\/produkt\\\/doers-of-london-facial-cleanser-travel\\\/#breadcrumb\"},\"inLanguage\":\"fr-FR\",\"potentialAction\":[{\"@type\":\"ReadAction\",\"target\":[\"https:\\\/\\\/manskin.ch\\\/fr\\\/produkt\\\/doers-of-london-facial-cleanser-travel\\\/\"]}]},{\"@type\":\"ImageObject\",\"inLanguage\":\"fr-FR\",\"@id\":\"https:\\\/\\\/manskin.ch\\\/fr\\\/produkt\\\/doers-of-london-facial-cleanser-travel\\\/#primaryimage\",\"url\":\"https:\\\/\\\/manskin.ch\\\/wp-content\\\/uploads\\\/2022\\\/01\\\/1488_0.jpg\",\"contentUrl\":\"https:\\\/\\\/manskin.ch\\\/wp-content\\\/uploads\\\/2022\\\/01\\\/1488_0.jpg\",\"width\":554,\"height\":800},{\"@type\":\"BreadcrumbList\",\"@id\":\"https:\\\/\\\/manskin.ch\\\/fr\\\/produkt\\\/doers-of-london-facial-cleanser-travel\\\/#breadcrumb\",\"itemListElement\":[{\"@type\":\"ListItem\",\"position\":1,\"name\":\"Startseite\",\"item\":\"https:\\\/\\\/manskin.ch\\\/fr\\\/\"},{\"@type\":\"ListItem\",\"position\":2,\"name\":\"Boutique Soins pour Hommes &amp; Skincare\",\"item\":\"https:\\\/\\\/manskin.ch\\\/fr\\\/boutique\\\/\"},{\"@type\":\"ListItem\",\"position\":3,\"name\":\"Doers of London &#8211; Facial Cleanser Travel 50 ml\"}]},{\"@type\":\"WebSite\",\"@id\":\"https:\\\/\\\/manskin.ch\\\/fr\\\/#website\",\"url\":\"https:\\\/\\\/manskin.ch\\\/fr\\\/\",\"name\":\"Manskin.ch\",\"description\":\"Tous les produits de beaut\u00e9 pour les hommes les plus exigeants\",\"publisher\":{\"@id\":\"https:\\\/\\\/manskin.ch\\\/fr\\\/#organization\"},\"potentialAction\":[{\"@type\":\"SearchAction\",\"target\":{\"@type\":\"EntryPoint\",\"urlTemplate\":\"https:\\\/\\\/manskin.ch\\\/fr\\\/?s={search_term_string}\"},\"query-input\":{\"@type\":\"PropertyValueSpecification\",\"valueRequired\":true,\"valueName\":\"search_term_string\"}}],\"inLanguage\":\"fr-FR\"},{\"@type\":\"Organization\",\"@id\":\"https:\\\/\\\/manskin.ch\\\/fr\\\/#organization\",\"name\":\"Manskin.ch - der Schweizer Onlineshop f\u00fcr qualit\u00e4tsstarke M\u00e4nnerpflege\",\"url\":\"https:\\\/\\\/manskin.ch\\\/fr\\\/\",\"logo\":{\"@type\":\"ImageObject\",\"inLanguage\":\"fr-FR\",\"@id\":\"https:\\\/\\\/manskin.ch\\\/fr\\\/#\\\/schema\\\/logo\\\/image\\\/\",\"url\":\"https:\\\/\\\/manskin.ch\\\/wp-content\\\/uploads\\\/2021\\\/04\\\/cropped-logo_head.png\",\"contentUrl\":\"https:\\\/\\\/manskin.ch\\\/wp-content\\\/uploads\\\/2021\\\/04\\\/cropped-logo_head.png\",\"width\":235,\"height\":75,\"caption\":\"Manskin.ch - der Schweizer Onlineshop f\u00fcr qualit\u00e4tsstarke M\u00e4nnerpflege\"},\"image\":{\"@id\":\"https:\\\/\\\/manskin.ch\\\/fr\\\/#\\\/schema\\\/logo\\\/image\\\/\"},\"sameAs\":[\"https:\\\/\\\/www.facebook.com\\\/manskin.ch\",\"https:\\\/\\\/www.instagram.com\\\/manskin.ch\\\/\"]}]}<\/script>\n<meta property=\"product:price:amount\" content=\"6.50\" \/>\n<meta property=\"product:price:currency\" content=\"CHF\" \/>\n<meta property=\"og:availability\" content=\"out of stock\" \/>\n<meta property=\"product:availability\" content=\"out of stock\" \/>\n<meta property=\"product:retailer_item_id\" content=\"13018\" \/>\n<meta property=\"product:condition\" content=\"new\" \/>\n<!-- \/ Yoast SEO Premium plugin. -->","yoast_head_json":{"title":"Doers of London - Facial Cleanser Travel 50 ml | Manskin.ch","description":"Doers of London - Facial Cleanser Travel 50 ml","robots":{"index":"index","follow":"follow","max-snippet":"max-snippet:-1","max-image-preview":"max-image-preview:large","max-video-preview":"max-video-preview:-1"},"canonical":"https:\/\/manskin.ch\/fr\/produkt\/doers-of-london-facial-cleanser-travel\/","og_locale":"fr_FR","og_type":"article","og_title":"Doers of London - Facial Cleanser Travel 50 ml","og_description":"Doers of London - Facial Cleanser Travel 50 ml","og_url":"https:\/\/manskin.ch\/fr\/produkt\/doers-of-london-facial-cleanser-travel\/","og_site_name":"Manskin.ch","article_publisher":"https:\/\/www.facebook.com\/manskin.ch","article_modified_time":"2025-07-18T08:46:37+00:00","og_image":[{"width":554,"height":800,"url":"https:\/\/manskin.ch\/wp-content\/uploads\/2022\/01\/1488_0.jpg","type":"image\/jpeg"}],"twitter_card":"summary_large_image","twitter_misc":{"Prix":"6.50&#67;&#72;&#70;","Disponibilit\u00e9":"Rupture de stock"},"schema":{"@context":"https:\/\/schema.org","@graph":[{"@type":"WebPage","@id":"https:\/\/manskin.ch\/fr\/produkt\/doers-of-london-facial-cleanser-travel\/","url":"https:\/\/manskin.ch\/fr\/produkt\/doers-of-london-facial-cleanser-travel\/","name":"Doers of London - Facial Cleanser Travel 50 ml | Manskin.ch","isPartOf":{"@id":"https:\/\/manskin.ch\/fr\/#website"},"primaryImageOfPage":{"@id":"https:\/\/manskin.ch\/fr\/produkt\/doers-of-london-facial-cleanser-travel\/#primaryimage"},"image":{"@id":"https:\/\/manskin.ch\/fr\/produkt\/doers-of-london-facial-cleanser-travel\/#primaryimage"},"thumbnailUrl":"https:\/\/manskin.ch\/wp-content\/uploads\/2022\/01\/1488_0.jpg","datePublished":"2022-01-08T13:19:36+00:00","dateModified":"2025-07-18T08:46:37+00:00","description":"Doers of London - Facial Cleanser Travel 50 ml","breadcrumb":{"@id":"https:\/\/manskin.ch\/fr\/produkt\/doers-of-london-facial-cleanser-travel\/#breadcrumb"},"inLanguage":"fr-FR","potentialAction":[{"@type":"ReadAction","target":["https:\/\/manskin.ch\/fr\/produkt\/doers-of-london-facial-cleanser-travel\/"]}]},{"@type":"ImageObject","inLanguage":"fr-FR","@id":"https:\/\/manskin.ch\/fr\/produkt\/doers-of-london-facial-cleanser-travel\/#primaryimage","url":"https:\/\/manskin.ch\/wp-content\/uploads\/2022\/01\/1488_0.jpg","contentUrl":"https:\/\/manskin.ch\/wp-content\/uploads\/2022\/01\/1488_0.jpg","width":554,"height":800},{"@type":"BreadcrumbList","@id":"https:\/\/manskin.ch\/fr\/produkt\/doers-of-london-facial-cleanser-travel\/#breadcrumb","itemListElement":[{"@type":"ListItem","position":1,"name":"Startseite","item":"https:\/\/manskin.ch\/fr\/"},{"@type":"ListItem","position":2,"name":"Boutique Soins pour Hommes &amp; Skincare","item":"https:\/\/manskin.ch\/fr\/boutique\/"},{"@type":"ListItem","position":3,"name":"Doers of London &#8211; Facial Cleanser Travel 50 ml"}]},{"@type":"WebSite","@id":"https:\/\/manskin.ch\/fr\/#website","url":"https:\/\/manskin.ch\/fr\/","name":"Manskin.ch","description":"Tous les produits de beaut\u00e9 pour les hommes les plus exigeants","publisher":{"@id":"https:\/\/manskin.ch\/fr\/#organization"},"potentialAction":[{"@type":"SearchAction","target":{"@type":"EntryPoint","urlTemplate":"https:\/\/manskin.ch\/fr\/?s={search_term_string}"},"query-input":{"@type":"PropertyValueSpecification","valueRequired":true,"valueName":"search_term_string"}}],"inLanguage":"fr-FR"},{"@type":"Organization","@id":"https:\/\/manskin.ch\/fr\/#organization","name":"Manskin.ch - der Schweizer Onlineshop f\u00fcr qualit\u00e4tsstarke M\u00e4nnerpflege","url":"https:\/\/manskin.ch\/fr\/","logo":{"@type":"ImageObject","inLanguage":"fr-FR","@id":"https:\/\/manskin.ch\/fr\/#\/schema\/logo\/image\/","url":"https:\/\/manskin.ch\/wp-content\/uploads\/2021\/04\/cropped-logo_head.png","contentUrl":"https:\/\/manskin.ch\/wp-content\/uploads\/2021\/04\/cropped-logo_head.png","width":235,"height":75,"caption":"Manskin.ch - der Schweizer Onlineshop f\u00fcr qualit\u00e4tsstarke M\u00e4nnerpflege"},"image":{"@id":"https:\/\/manskin.ch\/fr\/#\/schema\/logo\/image\/"},"sameAs":["https:\/\/www.facebook.com\/manskin.ch","https:\/\/www.instagram.com\/manskin.ch\/"]}]},"product_price_amount":"6.50","product_price_currency":"CHF","og_availability":"out of stock","product_availability":"out of stock","product_retailer_item_id":"13018","product_condition":"new"},"brands":[{"id":2757,"name":"Doers of London","slug":"doers-of-london"}],"_links":{"self":[{"href":"https:\/\/manskin.ch\/fr\/wp-json\/wp\/v2\/product\/16659","targetHints":{"allow":["GET"]}}],"collection":[{"href":"https:\/\/manskin.ch\/fr\/wp-json\/wp\/v2\/product"}],"about":[{"href":"https:\/\/manskin.ch\/fr\/wp-json\/wp\/v2\/types\/product"}],"replies":[{"embeddable":true,"href":"https:\/\/manskin.ch\/fr\/wp-json\/wp\/v2\/comments?post=16659"}],"wp:featuredmedia":[{"embeddable":true,"href":"https:\/\/manskin.ch\/fr\/wp-json\/wp\/v2\/media\/4825"}],"wp:attachment":[{"href":"https:\/\/manskin.ch\/fr\/wp-json\/wp\/v2\/media?parent=16659"}],"wp:term":[{"taxonomy":"pwb-brand","embeddable":true,"href":"https:\/\/manskin.ch\/fr\/wp-json\/wp\/v2\/pwb-brand?post=16659"},{"taxonomy":"product_brand","embeddable":true,"href":"https:\/\/manskin.ch\/fr\/wp-json\/wp\/v2\/product_brand?post=16659"},{"taxonomy":"product_cat","embeddable":true,"href":"https:\/\/manskin.ch\/fr\/wp-json\/wp\/v2\/product_cat?post=16659"},{"taxonomy":"product_tag","embeddable":true,"href":"https:\/\/manskin.ch\/fr\/wp-json\/wp\/v2\/product_tag?post=16659"}],"curies":[{"name":"wp","href":"https:\/\/api.w.org\/{rel}","templated":true}]}}