{"id":16573,"date":"2022-01-08T12:51:27","date_gmt":"2022-01-08T11:51:27","guid":{"rendered":"https:\/\/manskin.ch\/produkt\/st-james-of-london-sandalwood-bergamot-shaving-cream-jar-2\/"},"modified":"2026-01-15T22:16:01","modified_gmt":"2026-01-15T21:16:01","slug":"st-james-of-london-sandalwood-bergamot-shaving-cream-jar","status":"publish","type":"product","link":"https:\/\/manskin.ch\/fr\/produkt\/st-james-of-london-sandalwood-bergamot-shaving-cream-jar\/","title":{"rendered":"St. James of London &#8211; Sandalwood &amp; Bergamot\u00a0Shaving Cream Jar"},"content":{"rendered":"<h2>St. James of London &#8211; Sandalwood &amp; Bergamot\u00a0Shaving Cream Jar, Cr\u00e8me \u00e0 raser dans bol<\/h2>\n<ul>\n<li>La cr\u00e8me \u00e0 raser 100% naturel avec la fragrance sensuelle de bois de santal et bergamot\u00a0offre un rasage tout en douceur.<\/li>\n<li>Appliquez une petite quantit\u00e9 de cr\u00e8me \u00e0 raser sur le blaireau et faites mousser sur le visage, la mousse devient riche et cr\u00e9meuse.<\/li>\n<li>Produit en Angleterre.<\/li>\n<li>\u00c9l\u00e9gamment emball\u00e9 dans un pot en verre.<\/li>\n<\/ul>\n<p>Contenu 150 ml.<\/p>\n","protected":false},"excerpt":{"rendered":"<p>Cr\u00e8me \u00e0 raser 100% naturelle dans bol en verre<\/p>\n","protected":false},"featured_media":502951,"comment_status":"closed","ping_status":"closed","template":"","meta":{"_acf_changed":false},"pwb-brand":[2784],"product_brand":[],"product_cat":[2311,2799],"product_tag":[],"class_list":{"0":"post-16573","1":"product","2":"type-product","3":"status-publish","4":"has-post-thumbnail","6":"pwb-brand-st-james-of-london","7":"product_cat-creme-a-raser","8":"product_cat-st-james-of-london-fr","9":"product_shipping_class-standard-fr","10":"sales-flash-overlay","11":"woocommerce-text-align-center","12":"woocommerce-image-align-center","13":"do-quantity-buttons","14":"wc-has-gallery","16":"first","17":"instock","18":"purchasable","19":"product-type-simple"},"acf":[],"yoast_head":"<!-- This site is optimized with the Yoast SEO Premium plugin v27.3 (Yoast SEO v27.3) - https:\/\/yoast.com\/product\/yoast-seo-premium-wordpress\/ -->\n<title>St. James of London - Sandalwood &amp; Bergamot\u00a0Shaving Cream Jar | Manskin.ch<\/title>\n<meta name=\"description\" content=\"St. James of London - Sandalwood &amp; Bergamot\u00a0Shaving Cream Jar\" \/>\n<meta name=\"robots\" content=\"index, follow, max-snippet:-1, max-image-preview:large, max-video-preview:-1\" \/>\n<link rel=\"canonical\" href=\"https:\/\/manskin.ch\/fr\/produkt\/st-james-of-london-sandalwood-bergamot-shaving-cream-jar\/\" \/>\n<meta property=\"og:locale\" content=\"fr_FR\" \/>\n<meta property=\"og:type\" content=\"article\" \/>\n<meta property=\"og:title\" content=\"St. James of London - Sandalwood &amp; Bergamot\u00a0Shaving Cream Jar\" \/>\n<meta property=\"og:description\" content=\"St. James of London - Sandalwood &amp; Bergamot\u00a0Shaving Cream Jar\" \/>\n<meta property=\"og:url\" content=\"https:\/\/manskin.ch\/fr\/produkt\/st-james-of-london-sandalwood-bergamot-shaving-cream-jar\/\" \/>\n<meta property=\"og:site_name\" content=\"Manskin.ch\" \/>\n<meta property=\"article:publisher\" content=\"https:\/\/www.facebook.com\/manskin.ch\" \/>\n<meta property=\"article:modified_time\" content=\"2026-01-15T21:16:01+00:00\" \/>\n<meta property=\"og:image\" content=\"https:\/\/manskin.ch\/wp-content\/uploads\/2022\/01\/St.-James-Sandalwood-Shave-Cream.jpg\" \/>\n\t<meta property=\"og:image:width\" content=\"1000\" \/>\n\t<meta property=\"og:image:height\" content=\"1000\" \/>\n\t<meta property=\"og:image:type\" content=\"image\/jpeg\" \/>\n<meta name=\"twitter:card\" content=\"summary_large_image\" \/>\n<meta name=\"twitter:label1\" content=\"Prix\" \/>\n\t<meta name=\"twitter:data1\" content=\"36.00&#067;&#072;&#070;\" \/>\n\t<meta name=\"twitter:label2\" content=\"Disponibilit\u00e9\" \/>\n\t<meta name=\"twitter:data2\" content=\"En stock\" \/>\n<script type=\"application\/ld+json\" class=\"yoast-schema-graph\">{\"@context\":\"https:\\\/\\\/schema.org\",\"@graph\":[{\"@type\":\"WebPage\",\"@id\":\"https:\\\/\\\/manskin.ch\\\/fr\\\/produkt\\\/st-james-of-london-sandalwood-bergamot-shaving-cream-jar\\\/\",\"url\":\"https:\\\/\\\/manskin.ch\\\/fr\\\/produkt\\\/st-james-of-london-sandalwood-bergamot-shaving-cream-jar\\\/\",\"name\":\"St. James of London - Sandalwood &amp; Bergamot\u00a0Shaving Cream Jar | Manskin.ch\",\"isPartOf\":{\"@id\":\"https:\\\/\\\/manskin.ch\\\/fr\\\/#website\"},\"primaryImageOfPage\":{\"@id\":\"https:\\\/\\\/manskin.ch\\\/fr\\\/produkt\\\/st-james-of-london-sandalwood-bergamot-shaving-cream-jar\\\/#primaryimage\"},\"image\":{\"@id\":\"https:\\\/\\\/manskin.ch\\\/fr\\\/produkt\\\/st-james-of-london-sandalwood-bergamot-shaving-cream-jar\\\/#primaryimage\"},\"thumbnailUrl\":\"https:\\\/\\\/manskin.ch\\\/wp-content\\\/uploads\\\/2022\\\/01\\\/St.-James-Sandalwood-Shave-Cream.jpg\",\"datePublished\":\"2022-01-08T11:51:27+00:00\",\"dateModified\":\"2026-01-15T21:16:01+00:00\",\"description\":\"St. James of London - Sandalwood &amp; Bergamot\u00a0Shaving Cream Jar\",\"breadcrumb\":{\"@id\":\"https:\\\/\\\/manskin.ch\\\/fr\\\/produkt\\\/st-james-of-london-sandalwood-bergamot-shaving-cream-jar\\\/#breadcrumb\"},\"inLanguage\":\"fr-FR\",\"potentialAction\":[{\"@type\":\"ReadAction\",\"target\":[\"https:\\\/\\\/manskin.ch\\\/fr\\\/produkt\\\/st-james-of-london-sandalwood-bergamot-shaving-cream-jar\\\/\"]}]},{\"@type\":\"ImageObject\",\"inLanguage\":\"fr-FR\",\"@id\":\"https:\\\/\\\/manskin.ch\\\/fr\\\/produkt\\\/st-james-of-london-sandalwood-bergamot-shaving-cream-jar\\\/#primaryimage\",\"url\":\"https:\\\/\\\/manskin.ch\\\/wp-content\\\/uploads\\\/2022\\\/01\\\/St.-James-Sandalwood-Shave-Cream.jpg\",\"contentUrl\":\"https:\\\/\\\/manskin.ch\\\/wp-content\\\/uploads\\\/2022\\\/01\\\/St.-James-Sandalwood-Shave-Cream.jpg\",\"width\":1000,\"height\":1000},{\"@type\":\"BreadcrumbList\",\"@id\":\"https:\\\/\\\/manskin.ch\\\/fr\\\/produkt\\\/st-james-of-london-sandalwood-bergamot-shaving-cream-jar\\\/#breadcrumb\",\"itemListElement\":[{\"@type\":\"ListItem\",\"position\":1,\"name\":\"Startseite\",\"item\":\"https:\\\/\\\/manskin.ch\\\/fr\\\/\"},{\"@type\":\"ListItem\",\"position\":2,\"name\":\"Boutique\",\"item\":\"https:\\\/\\\/manskin.ch\\\/fr\\\/boutique\\\/\"},{\"@type\":\"ListItem\",\"position\":3,\"name\":\"St. James of London &#8211; Sandalwood &amp; Bergamot\u00a0Shaving Cream Jar\"}]},{\"@type\":\"WebSite\",\"@id\":\"https:\\\/\\\/manskin.ch\\\/fr\\\/#website\",\"url\":\"https:\\\/\\\/manskin.ch\\\/fr\\\/\",\"name\":\"Manskin.ch\",\"description\":\"Tous les produits de beaut\u00e9 pour les hommes les plus exigeants\",\"publisher\":{\"@id\":\"https:\\\/\\\/manskin.ch\\\/fr\\\/#organization\"},\"potentialAction\":[{\"@type\":\"SearchAction\",\"target\":{\"@type\":\"EntryPoint\",\"urlTemplate\":\"https:\\\/\\\/manskin.ch\\\/fr\\\/?s={search_term_string}\"},\"query-input\":{\"@type\":\"PropertyValueSpecification\",\"valueRequired\":true,\"valueName\":\"search_term_string\"}}],\"inLanguage\":\"fr-FR\"},{\"@type\":\"Organization\",\"@id\":\"https:\\\/\\\/manskin.ch\\\/fr\\\/#organization\",\"name\":\"Manskin.ch - der Schweizer Onlineshop f\u00fcr qualit\u00e4tsstarke M\u00e4nnerpflege\",\"url\":\"https:\\\/\\\/manskin.ch\\\/fr\\\/\",\"logo\":{\"@type\":\"ImageObject\",\"inLanguage\":\"fr-FR\",\"@id\":\"https:\\\/\\\/manskin.ch\\\/fr\\\/#\\\/schema\\\/logo\\\/image\\\/\",\"url\":\"https:\\\/\\\/manskin.ch\\\/wp-content\\\/uploads\\\/2021\\\/04\\\/cropped-logo_head.png\",\"contentUrl\":\"https:\\\/\\\/manskin.ch\\\/wp-content\\\/uploads\\\/2021\\\/04\\\/cropped-logo_head.png\",\"width\":235,\"height\":75,\"caption\":\"Manskin.ch - der Schweizer Onlineshop f\u00fcr qualit\u00e4tsstarke M\u00e4nnerpflege\"},\"image\":{\"@id\":\"https:\\\/\\\/manskin.ch\\\/fr\\\/#\\\/schema\\\/logo\\\/image\\\/\"},\"sameAs\":[\"https:\\\/\\\/www.facebook.com\\\/manskin.ch\",\"https:\\\/\\\/www.instagram.com\\\/manskin.ch\\\/\"]}]}<\/script>\n<meta property=\"product:price:amount\" content=\"36.00\" \/>\n<meta property=\"product:price:currency\" content=\"CHF\" \/>\n<meta property=\"og:availability\" content=\"instock\" \/>\n<meta property=\"product:availability\" content=\"instock\" \/>\n<meta property=\"product:retailer_item_id\" content=\"12142\" \/>\n<meta property=\"product:condition\" content=\"new\" \/>\n<!-- \/ Yoast SEO Premium plugin. -->","yoast_head_json":{"title":"St. James of London - Sandalwood &amp; Bergamot\u00a0Shaving Cream Jar | Manskin.ch","description":"St. James of London - Sandalwood &amp; Bergamot\u00a0Shaving Cream Jar","robots":{"index":"index","follow":"follow","max-snippet":"max-snippet:-1","max-image-preview":"max-image-preview:large","max-video-preview":"max-video-preview:-1"},"canonical":"https:\/\/manskin.ch\/fr\/produkt\/st-james-of-london-sandalwood-bergamot-shaving-cream-jar\/","og_locale":"fr_FR","og_type":"article","og_title":"St. James of London - Sandalwood &amp; Bergamot\u00a0Shaving Cream Jar","og_description":"St. James of London - Sandalwood &amp; Bergamot\u00a0Shaving Cream Jar","og_url":"https:\/\/manskin.ch\/fr\/produkt\/st-james-of-london-sandalwood-bergamot-shaving-cream-jar\/","og_site_name":"Manskin.ch","article_publisher":"https:\/\/www.facebook.com\/manskin.ch","article_modified_time":"2026-01-15T21:16:01+00:00","og_image":[{"width":1000,"height":1000,"url":"https:\/\/manskin.ch\/wp-content\/uploads\/2022\/01\/St.-James-Sandalwood-Shave-Cream.jpg","type":"image\/jpeg"}],"twitter_card":"summary_large_image","twitter_misc":{"Prix":"36.00&#67;&#72;&#70;","Disponibilit\u00e9":"En stock"},"schema":{"@context":"https:\/\/schema.org","@graph":[{"@type":"WebPage","@id":"https:\/\/manskin.ch\/fr\/produkt\/st-james-of-london-sandalwood-bergamot-shaving-cream-jar\/","url":"https:\/\/manskin.ch\/fr\/produkt\/st-james-of-london-sandalwood-bergamot-shaving-cream-jar\/","name":"St. James of London - Sandalwood &amp; Bergamot\u00a0Shaving Cream Jar | Manskin.ch","isPartOf":{"@id":"https:\/\/manskin.ch\/fr\/#website"},"primaryImageOfPage":{"@id":"https:\/\/manskin.ch\/fr\/produkt\/st-james-of-london-sandalwood-bergamot-shaving-cream-jar\/#primaryimage"},"image":{"@id":"https:\/\/manskin.ch\/fr\/produkt\/st-james-of-london-sandalwood-bergamot-shaving-cream-jar\/#primaryimage"},"thumbnailUrl":"https:\/\/manskin.ch\/wp-content\/uploads\/2022\/01\/St.-James-Sandalwood-Shave-Cream.jpg","datePublished":"2022-01-08T11:51:27+00:00","dateModified":"2026-01-15T21:16:01+00:00","description":"St. James of London - Sandalwood &amp; Bergamot\u00a0Shaving Cream Jar","breadcrumb":{"@id":"https:\/\/manskin.ch\/fr\/produkt\/st-james-of-london-sandalwood-bergamot-shaving-cream-jar\/#breadcrumb"},"inLanguage":"fr-FR","potentialAction":[{"@type":"ReadAction","target":["https:\/\/manskin.ch\/fr\/produkt\/st-james-of-london-sandalwood-bergamot-shaving-cream-jar\/"]}]},{"@type":"ImageObject","inLanguage":"fr-FR","@id":"https:\/\/manskin.ch\/fr\/produkt\/st-james-of-london-sandalwood-bergamot-shaving-cream-jar\/#primaryimage","url":"https:\/\/manskin.ch\/wp-content\/uploads\/2022\/01\/St.-James-Sandalwood-Shave-Cream.jpg","contentUrl":"https:\/\/manskin.ch\/wp-content\/uploads\/2022\/01\/St.-James-Sandalwood-Shave-Cream.jpg","width":1000,"height":1000},{"@type":"BreadcrumbList","@id":"https:\/\/manskin.ch\/fr\/produkt\/st-james-of-london-sandalwood-bergamot-shaving-cream-jar\/#breadcrumb","itemListElement":[{"@type":"ListItem","position":1,"name":"Startseite","item":"https:\/\/manskin.ch\/fr\/"},{"@type":"ListItem","position":2,"name":"Boutique","item":"https:\/\/manskin.ch\/fr\/boutique\/"},{"@type":"ListItem","position":3,"name":"St. James of London &#8211; Sandalwood &amp; Bergamot\u00a0Shaving Cream Jar"}]},{"@type":"WebSite","@id":"https:\/\/manskin.ch\/fr\/#website","url":"https:\/\/manskin.ch\/fr\/","name":"Manskin.ch","description":"Tous les produits de beaut\u00e9 pour les hommes les plus exigeants","publisher":{"@id":"https:\/\/manskin.ch\/fr\/#organization"},"potentialAction":[{"@type":"SearchAction","target":{"@type":"EntryPoint","urlTemplate":"https:\/\/manskin.ch\/fr\/?s={search_term_string}"},"query-input":{"@type":"PropertyValueSpecification","valueRequired":true,"valueName":"search_term_string"}}],"inLanguage":"fr-FR"},{"@type":"Organization","@id":"https:\/\/manskin.ch\/fr\/#organization","name":"Manskin.ch - der Schweizer Onlineshop f\u00fcr qualit\u00e4tsstarke M\u00e4nnerpflege","url":"https:\/\/manskin.ch\/fr\/","logo":{"@type":"ImageObject","inLanguage":"fr-FR","@id":"https:\/\/manskin.ch\/fr\/#\/schema\/logo\/image\/","url":"https:\/\/manskin.ch\/wp-content\/uploads\/2021\/04\/cropped-logo_head.png","contentUrl":"https:\/\/manskin.ch\/wp-content\/uploads\/2021\/04\/cropped-logo_head.png","width":235,"height":75,"caption":"Manskin.ch - der Schweizer Onlineshop f\u00fcr qualit\u00e4tsstarke M\u00e4nnerpflege"},"image":{"@id":"https:\/\/manskin.ch\/fr\/#\/schema\/logo\/image\/"},"sameAs":["https:\/\/www.facebook.com\/manskin.ch","https:\/\/www.instagram.com\/manskin.ch\/"]}]},"product_price_amount":"36.00","product_price_currency":"CHF","og_availability":"instock","product_availability":"instock","product_retailer_item_id":"12142","product_condition":"new"},"brands":[{"id":2784,"name":"St. James of London","slug":"st-james-of-london"}],"_links":{"self":[{"href":"https:\/\/manskin.ch\/fr\/wp-json\/wp\/v2\/product\/16573","targetHints":{"allow":["GET"]}}],"collection":[{"href":"https:\/\/manskin.ch\/fr\/wp-json\/wp\/v2\/product"}],"about":[{"href":"https:\/\/manskin.ch\/fr\/wp-json\/wp\/v2\/types\/product"}],"replies":[{"embeddable":true,"href":"https:\/\/manskin.ch\/fr\/wp-json\/wp\/v2\/comments?post=16573"}],"wp:featuredmedia":[{"embeddable":true,"href":"https:\/\/manskin.ch\/fr\/wp-json\/wp\/v2\/media\/502951"}],"wp:attachment":[{"href":"https:\/\/manskin.ch\/fr\/wp-json\/wp\/v2\/media?parent=16573"}],"wp:term":[{"taxonomy":"pwb-brand","embeddable":true,"href":"https:\/\/manskin.ch\/fr\/wp-json\/wp\/v2\/pwb-brand?post=16573"},{"taxonomy":"product_brand","embeddable":true,"href":"https:\/\/manskin.ch\/fr\/wp-json\/wp\/v2\/product_brand?post=16573"},{"taxonomy":"product_cat","embeddable":true,"href":"https:\/\/manskin.ch\/fr\/wp-json\/wp\/v2\/product_cat?post=16573"},{"taxonomy":"product_tag","embeddable":true,"href":"https:\/\/manskin.ch\/fr\/wp-json\/wp\/v2\/product_tag?post=16573"}],"curies":[{"name":"wp","href":"https:\/\/api.w.org\/{rel}","templated":true}]}}