{"id":16546,"date":"2022-01-08T12:27:50","date_gmt":"2022-01-08T11:27:50","guid":{"rendered":"https:\/\/manskin.ch\/produkt\/st-james-of-london-sandalwood-bergamot-post-shave-gel-2\/"},"modified":"2026-03-11T09:20:16","modified_gmt":"2026-03-11T08:20:16","slug":"st-james-of-london-sandalwood-bergamot-post-shave-gel","status":"publish","type":"product","link":"https:\/\/manskin.ch\/fr\/produkt\/st-james-of-london-sandalwood-bergamot-post-shave-gel\/","title":{"rendered":"Sandalwood &amp; Bergamot Post-Shave Gel"},"content":{"rendered":"<h2>St. James of London &#8211; Sandalwood &amp; Bergamot Post-Shave Gel<\/h2>\n<ul>\n<li>Le gel apr\u00e8s-rasage ultra hydratant sans alcool laisse votre peau douce et imm\u00e9diatement calm\u00e9e apr\u00e8s chaque rasage.<\/li>\n<li>Ne laisse pas de r\u00e9sidu collant. Une petite quantit\u00e9 de gel suffit, il est \u00e9conomique.<\/li>\n<li>Fragrance sensuelle de bois de santal et bergamot.<\/li>\n<li>100% d&rsquo;ingr\u00e9dients naturels, sans alcool.<\/li>\n<li>Fabriqu\u00e9 en Angleterre.<\/li>\n<li>\u00c9l\u00e9gamment emball\u00e9 dans une bouteille en verre.<\/li>\n<\/ul>\n<div>Contenu 100 ml.<\/div>\n","protected":false},"excerpt":{"rendered":"<p>St. James of London &#8211; Sandalwood &amp; Bergamot Post-Shave Gel Le gel apr\u00e8s-rasage ultra hydratant sans alcool laisse votre peau douce et imm\u00e9diatement calm\u00e9e apr\u00e8s chaque rasage. Ne laisse pas de r\u00e9sidu collant. Une petite quantit\u00e9 de gel suffit, il est \u00e9conomique. Fragrance sensuelle de bois de santal et bergamot. 100% d&rsquo;ingr\u00e9dients naturels, sans alcool. &#8230; <a title=\"Sandalwood &amp; Bergamot Post-Shave Gel\" class=\"read-more\" href=\"https:\/\/manskin.ch\/fr\/produkt\/st-james-of-london-sandalwood-bergamot-post-shave-gel\/\" aria-label=\"En savoir plus sur Sandalwood &amp; Bergamot Post-Shave Gel\">Lire la suite<\/a><\/p>\n","protected":false},"featured_media":502918,"comment_status":"closed","ping_status":"closed","template":"","meta":{"_acf_changed":false},"pwb-brand":[2784],"product_brand":[],"product_cat":[6637,2418,2799],"product_tag":[],"class_list":{"0":"post-16546","1":"product","2":"type-product","3":"status-publish","4":"has-post-thumbnail","6":"pwb-brand-st-james-of-london","7":"product_cat-2-pour-1-deals","8":"product_cat-apres-rasage","9":"product_cat-st-james-of-london-fr","10":"product_shipping_class-standard-fr","11":"sales-flash-overlay","12":"woocommerce-text-align-center","13":"woocommerce-image-align-center","14":"do-quantity-buttons","16":"first","17":"instock","18":"purchasable","19":"product-type-simple"},"acf":[],"yoast_head":"<!-- This site is optimized with the Yoast SEO Premium plugin v27.3 (Yoast SEO v27.3) - https:\/\/yoast.com\/product\/yoast-seo-premium-wordpress\/ -->\n<title>Sandalwood &amp; Bergamot Post-Shave Gel | Manskin.ch<\/title>\n<meta name=\"description\" content=\"Sandalwood &amp; Bergamot Post-Shave Gel\" \/>\n<meta name=\"robots\" content=\"index, follow, max-snippet:-1, max-image-preview:large, max-video-preview:-1\" \/>\n<link rel=\"canonical\" href=\"https:\/\/manskin.ch\/fr\/produkt\/st-james-of-london-sandalwood-bergamot-post-shave-gel\/\" \/>\n<meta property=\"og:locale\" content=\"fr_FR\" \/>\n<meta property=\"og:type\" content=\"article\" \/>\n<meta property=\"og:title\" content=\"Sandalwood &amp; Bergamot Post-Shave Gel\" \/>\n<meta property=\"og:description\" content=\"Sandalwood &amp; Bergamot Post-Shave Gel\" \/>\n<meta property=\"og:url\" content=\"https:\/\/manskin.ch\/fr\/produkt\/st-james-of-london-sandalwood-bergamot-post-shave-gel\/\" \/>\n<meta property=\"og:site_name\" content=\"Manskin.ch\" \/>\n<meta property=\"article:publisher\" content=\"https:\/\/www.facebook.com\/manskin.ch\" \/>\n<meta property=\"article:modified_time\" content=\"2026-03-11T08:20:16+00:00\" \/>\n<meta property=\"og:image\" content=\"https:\/\/manskin.ch\/wp-content\/uploads\/2022\/01\/St.-James-Sandalwood-Postshave-1.jpg\" \/>\n\t<meta property=\"og:image:width\" content=\"1000\" \/>\n\t<meta property=\"og:image:height\" content=\"1000\" \/>\n\t<meta property=\"og:image:type\" content=\"image\/jpeg\" \/>\n<meta name=\"twitter:card\" content=\"summary_large_image\" \/>\n<meta name=\"twitter:label1\" content=\"Prix\" \/>\n\t<meta name=\"twitter:data1\" content=\"38.00&#067;&#072;&#070;\" \/>\n\t<meta name=\"twitter:label2\" content=\"Disponibilit\u00e9\" \/>\n\t<meta name=\"twitter:data2\" content=\"En stock\" \/>\n<script type=\"application\/ld+json\" class=\"yoast-schema-graph\">{\"@context\":\"https:\\\/\\\/schema.org\",\"@graph\":[{\"@type\":\"WebPage\",\"@id\":\"https:\\\/\\\/manskin.ch\\\/fr\\\/produkt\\\/st-james-of-london-sandalwood-bergamot-post-shave-gel\\\/\",\"url\":\"https:\\\/\\\/manskin.ch\\\/fr\\\/produkt\\\/st-james-of-london-sandalwood-bergamot-post-shave-gel\\\/\",\"name\":\"Sandalwood &amp; Bergamot Post-Shave Gel | Manskin.ch\",\"isPartOf\":{\"@id\":\"https:\\\/\\\/manskin.ch\\\/fr\\\/#website\"},\"primaryImageOfPage\":{\"@id\":\"https:\\\/\\\/manskin.ch\\\/fr\\\/produkt\\\/st-james-of-london-sandalwood-bergamot-post-shave-gel\\\/#primaryimage\"},\"image\":{\"@id\":\"https:\\\/\\\/manskin.ch\\\/fr\\\/produkt\\\/st-james-of-london-sandalwood-bergamot-post-shave-gel\\\/#primaryimage\"},\"thumbnailUrl\":\"https:\\\/\\\/manskin.ch\\\/wp-content\\\/uploads\\\/2022\\\/01\\\/St.-James-Sandalwood-Postshave-1.jpg\",\"datePublished\":\"2022-01-08T11:27:50+00:00\",\"dateModified\":\"2026-03-11T08:20:16+00:00\",\"description\":\"Sandalwood &amp; Bergamot Post-Shave Gel\",\"breadcrumb\":{\"@id\":\"https:\\\/\\\/manskin.ch\\\/fr\\\/produkt\\\/st-james-of-london-sandalwood-bergamot-post-shave-gel\\\/#breadcrumb\"},\"inLanguage\":\"fr-FR\",\"potentialAction\":[{\"@type\":\"ReadAction\",\"target\":[\"https:\\\/\\\/manskin.ch\\\/fr\\\/produkt\\\/st-james-of-london-sandalwood-bergamot-post-shave-gel\\\/\"]}]},{\"@type\":\"ImageObject\",\"inLanguage\":\"fr-FR\",\"@id\":\"https:\\\/\\\/manskin.ch\\\/fr\\\/produkt\\\/st-james-of-london-sandalwood-bergamot-post-shave-gel\\\/#primaryimage\",\"url\":\"https:\\\/\\\/manskin.ch\\\/wp-content\\\/uploads\\\/2022\\\/01\\\/St.-James-Sandalwood-Postshave-1.jpg\",\"contentUrl\":\"https:\\\/\\\/manskin.ch\\\/wp-content\\\/uploads\\\/2022\\\/01\\\/St.-James-Sandalwood-Postshave-1.jpg\",\"width\":1000,\"height\":1000},{\"@type\":\"BreadcrumbList\",\"@id\":\"https:\\\/\\\/manskin.ch\\\/fr\\\/produkt\\\/st-james-of-london-sandalwood-bergamot-post-shave-gel\\\/#breadcrumb\",\"itemListElement\":[{\"@type\":\"ListItem\",\"position\":1,\"name\":\"Startseite\",\"item\":\"https:\\\/\\\/manskin.ch\\\/fr\\\/\"},{\"@type\":\"ListItem\",\"position\":2,\"name\":\"Boutique Soins pour Hommes &amp; Skincare\",\"item\":\"https:\\\/\\\/manskin.ch\\\/fr\\\/boutique\\\/\"},{\"@type\":\"ListItem\",\"position\":3,\"name\":\"Sandalwood &amp; Bergamot Post-Shave Gel\"}]},{\"@type\":\"WebSite\",\"@id\":\"https:\\\/\\\/manskin.ch\\\/fr\\\/#website\",\"url\":\"https:\\\/\\\/manskin.ch\\\/fr\\\/\",\"name\":\"Manskin.ch\",\"description\":\"Tous les produits de beaut\u00e9 pour les hommes les plus exigeants\",\"publisher\":{\"@id\":\"https:\\\/\\\/manskin.ch\\\/fr\\\/#organization\"},\"potentialAction\":[{\"@type\":\"SearchAction\",\"target\":{\"@type\":\"EntryPoint\",\"urlTemplate\":\"https:\\\/\\\/manskin.ch\\\/fr\\\/?s={search_term_string}\"},\"query-input\":{\"@type\":\"PropertyValueSpecification\",\"valueRequired\":true,\"valueName\":\"search_term_string\"}}],\"inLanguage\":\"fr-FR\"},{\"@type\":\"Organization\",\"@id\":\"https:\\\/\\\/manskin.ch\\\/fr\\\/#organization\",\"name\":\"Manskin.ch - der Schweizer Onlineshop f\u00fcr qualit\u00e4tsstarke M\u00e4nnerpflege\",\"url\":\"https:\\\/\\\/manskin.ch\\\/fr\\\/\",\"logo\":{\"@type\":\"ImageObject\",\"inLanguage\":\"fr-FR\",\"@id\":\"https:\\\/\\\/manskin.ch\\\/fr\\\/#\\\/schema\\\/logo\\\/image\\\/\",\"url\":\"https:\\\/\\\/manskin.ch\\\/wp-content\\\/uploads\\\/2021\\\/04\\\/cropped-logo_head.png\",\"contentUrl\":\"https:\\\/\\\/manskin.ch\\\/wp-content\\\/uploads\\\/2021\\\/04\\\/cropped-logo_head.png\",\"width\":235,\"height\":75,\"caption\":\"Manskin.ch - der Schweizer Onlineshop f\u00fcr qualit\u00e4tsstarke M\u00e4nnerpflege\"},\"image\":{\"@id\":\"https:\\\/\\\/manskin.ch\\\/fr\\\/#\\\/schema\\\/logo\\\/image\\\/\"},\"sameAs\":[\"https:\\\/\\\/www.facebook.com\\\/manskin.ch\",\"https:\\\/\\\/www.instagram.com\\\/manskin.ch\\\/\"],\"hasMerchantReturnPolicy\":{\"@type\":\"MerchantReturnPolicy\",\"merchantReturnLink\":\"https:\\\/\\\/manskin.ch\\\/impressum\\\/ruecksendungen\\\/\"}}]}<\/script>\n<meta property=\"product:brand\" content=\"St. James of London\" \/>\n<meta property=\"product:price:amount\" content=\"38.00\" \/>\n<meta property=\"product:price:currency\" content=\"CHF\" \/>\n<meta property=\"og:availability\" content=\"instock\" \/>\n<meta property=\"product:availability\" content=\"instock\" \/>\n<meta property=\"product:retailer_item_id\" content=\"12144\" \/>\n<meta property=\"product:condition\" content=\"new\" \/>\n<!-- \/ Yoast SEO Premium plugin. -->","yoast_head_json":{"title":"Sandalwood &amp; Bergamot Post-Shave Gel | Manskin.ch","description":"Sandalwood &amp; Bergamot Post-Shave Gel","robots":{"index":"index","follow":"follow","max-snippet":"max-snippet:-1","max-image-preview":"max-image-preview:large","max-video-preview":"max-video-preview:-1"},"canonical":"https:\/\/manskin.ch\/fr\/produkt\/st-james-of-london-sandalwood-bergamot-post-shave-gel\/","og_locale":"fr_FR","og_type":"article","og_title":"Sandalwood &amp; Bergamot Post-Shave Gel","og_description":"Sandalwood &amp; Bergamot Post-Shave Gel","og_url":"https:\/\/manskin.ch\/fr\/produkt\/st-james-of-london-sandalwood-bergamot-post-shave-gel\/","og_site_name":"Manskin.ch","article_publisher":"https:\/\/www.facebook.com\/manskin.ch","article_modified_time":"2026-03-11T08:20:16+00:00","og_image":[{"width":1000,"height":1000,"url":"https:\/\/manskin.ch\/wp-content\/uploads\/2022\/01\/St.-James-Sandalwood-Postshave-1.jpg","type":"image\/jpeg"}],"twitter_card":"summary_large_image","twitter_misc":{"Prix":"38.00&#67;&#72;&#70;","Disponibilit\u00e9":"En stock"},"schema":{"@context":"https:\/\/schema.org","@graph":[{"@type":"WebPage","@id":"https:\/\/manskin.ch\/fr\/produkt\/st-james-of-london-sandalwood-bergamot-post-shave-gel\/","url":"https:\/\/manskin.ch\/fr\/produkt\/st-james-of-london-sandalwood-bergamot-post-shave-gel\/","name":"Sandalwood &amp; Bergamot Post-Shave Gel | Manskin.ch","isPartOf":{"@id":"https:\/\/manskin.ch\/fr\/#website"},"primaryImageOfPage":{"@id":"https:\/\/manskin.ch\/fr\/produkt\/st-james-of-london-sandalwood-bergamot-post-shave-gel\/#primaryimage"},"image":{"@id":"https:\/\/manskin.ch\/fr\/produkt\/st-james-of-london-sandalwood-bergamot-post-shave-gel\/#primaryimage"},"thumbnailUrl":"https:\/\/manskin.ch\/wp-content\/uploads\/2022\/01\/St.-James-Sandalwood-Postshave-1.jpg","datePublished":"2022-01-08T11:27:50+00:00","dateModified":"2026-03-11T08:20:16+00:00","description":"Sandalwood &amp; Bergamot Post-Shave Gel","breadcrumb":{"@id":"https:\/\/manskin.ch\/fr\/produkt\/st-james-of-london-sandalwood-bergamot-post-shave-gel\/#breadcrumb"},"inLanguage":"fr-FR","potentialAction":[{"@type":"ReadAction","target":["https:\/\/manskin.ch\/fr\/produkt\/st-james-of-london-sandalwood-bergamot-post-shave-gel\/"]}]},{"@type":"ImageObject","inLanguage":"fr-FR","@id":"https:\/\/manskin.ch\/fr\/produkt\/st-james-of-london-sandalwood-bergamot-post-shave-gel\/#primaryimage","url":"https:\/\/manskin.ch\/wp-content\/uploads\/2022\/01\/St.-James-Sandalwood-Postshave-1.jpg","contentUrl":"https:\/\/manskin.ch\/wp-content\/uploads\/2022\/01\/St.-James-Sandalwood-Postshave-1.jpg","width":1000,"height":1000},{"@type":"BreadcrumbList","@id":"https:\/\/manskin.ch\/fr\/produkt\/st-james-of-london-sandalwood-bergamot-post-shave-gel\/#breadcrumb","itemListElement":[{"@type":"ListItem","position":1,"name":"Startseite","item":"https:\/\/manskin.ch\/fr\/"},{"@type":"ListItem","position":2,"name":"Boutique Soins pour Hommes &amp; Skincare","item":"https:\/\/manskin.ch\/fr\/boutique\/"},{"@type":"ListItem","position":3,"name":"Sandalwood &amp; Bergamot Post-Shave Gel"}]},{"@type":"WebSite","@id":"https:\/\/manskin.ch\/fr\/#website","url":"https:\/\/manskin.ch\/fr\/","name":"Manskin.ch","description":"Tous les produits de beaut\u00e9 pour les hommes les plus exigeants","publisher":{"@id":"https:\/\/manskin.ch\/fr\/#organization"},"potentialAction":[{"@type":"SearchAction","target":{"@type":"EntryPoint","urlTemplate":"https:\/\/manskin.ch\/fr\/?s={search_term_string}"},"query-input":{"@type":"PropertyValueSpecification","valueRequired":true,"valueName":"search_term_string"}}],"inLanguage":"fr-FR"},{"@type":"Organization","@id":"https:\/\/manskin.ch\/fr\/#organization","name":"Manskin.ch - der Schweizer Onlineshop f\u00fcr qualit\u00e4tsstarke M\u00e4nnerpflege","url":"https:\/\/manskin.ch\/fr\/","logo":{"@type":"ImageObject","inLanguage":"fr-FR","@id":"https:\/\/manskin.ch\/fr\/#\/schema\/logo\/image\/","url":"https:\/\/manskin.ch\/wp-content\/uploads\/2021\/04\/cropped-logo_head.png","contentUrl":"https:\/\/manskin.ch\/wp-content\/uploads\/2021\/04\/cropped-logo_head.png","width":235,"height":75,"caption":"Manskin.ch - der Schweizer Onlineshop f\u00fcr qualit\u00e4tsstarke M\u00e4nnerpflege"},"image":{"@id":"https:\/\/manskin.ch\/fr\/#\/schema\/logo\/image\/"},"sameAs":["https:\/\/www.facebook.com\/manskin.ch","https:\/\/www.instagram.com\/manskin.ch\/"],"hasMerchantReturnPolicy":{"@type":"MerchantReturnPolicy","merchantReturnLink":"https:\/\/manskin.ch\/impressum\/ruecksendungen\/"}}]},"product_brand":"St. James of London","product_price_amount":"38.00","product_price_currency":"CHF","og_availability":"instock","product_availability":"instock","product_retailer_item_id":"12144","product_condition":"new"},"brands":[{"id":2784,"name":"St. James of London","slug":"st-james-of-london"}],"_links":{"self":[{"href":"https:\/\/manskin.ch\/fr\/wp-json\/wp\/v2\/product\/16546","targetHints":{"allow":["GET"]}}],"collection":[{"href":"https:\/\/manskin.ch\/fr\/wp-json\/wp\/v2\/product"}],"about":[{"href":"https:\/\/manskin.ch\/fr\/wp-json\/wp\/v2\/types\/product"}],"replies":[{"embeddable":true,"href":"https:\/\/manskin.ch\/fr\/wp-json\/wp\/v2\/comments?post=16546"}],"wp:featuredmedia":[{"embeddable":true,"href":"https:\/\/manskin.ch\/fr\/wp-json\/wp\/v2\/media\/502918"}],"wp:attachment":[{"href":"https:\/\/manskin.ch\/fr\/wp-json\/wp\/v2\/media?parent=16546"}],"wp:term":[{"taxonomy":"pwb-brand","embeddable":true,"href":"https:\/\/manskin.ch\/fr\/wp-json\/wp\/v2\/pwb-brand?post=16546"},{"taxonomy":"product_brand","embeddable":true,"href":"https:\/\/manskin.ch\/fr\/wp-json\/wp\/v2\/product_brand?post=16546"},{"taxonomy":"product_cat","embeddable":true,"href":"https:\/\/manskin.ch\/fr\/wp-json\/wp\/v2\/product_cat?post=16546"},{"taxonomy":"product_tag","embeddable":true,"href":"https:\/\/manskin.ch\/fr\/wp-json\/wp\/v2\/product_tag?post=16546"}],"curies":[{"name":"wp","href":"https:\/\/api.w.org\/{rel}","templated":true}]}}