{"id":16469,"date":"2022-01-08T11:03:59","date_gmt":"2022-01-08T10:03:59","guid":{"rendered":"https:\/\/manskin.ch\/produkt\/baxter-of-california-facial-scrub-exfoliant-visage-2\/"},"modified":"2026-03-26T12:30:31","modified_gmt":"2026-03-26T11:30:31","slug":"baxter-of-california-facial-scrub-exfoliant-visage","status":"publish","type":"product","link":"https:\/\/manskin.ch\/fr\/produkt\/baxter-of-california-facial-scrub-exfoliant-visage\/","title":{"rendered":"Baxter of California &#8211; Facial Scrub &#8211; Exfoliant Visage"},"content":{"rendered":"<h2>Baxter of California &#8211; Facial Scrub &#8211; Exfoliant Visage<\/h2>\n<ul>\n<li>Facial Scrub est un gommage qui enl\u00e8ve les impuret\u00e9s et les cellules mortes de la peau et stimule le renouvellement de la peau.<\/li>\n<li>Tonifie efficacement, exfolie, renouvelle les cellules, adoucit et revitalise.<\/li>\n<li>La poudre de coquille de noix enl\u00e8ve les impuret\u00e9s et les peaux mortes sans ab\u00eemer la peau fragile du visage.<\/li>\n<li>Le miel, l\u2019aloe vera et les extraits de plantes adoucissent et hydratent la peau.<\/li>\n<\/ul>\n<p>Conseils d&rsquo;utilisation: Appliquez sur une peau propre, massez doucement sur le visage et le cou d\u2019un l\u00e9ger mouvement circulaire. Rincez bien. N\u2019utilisez qu\u2019une ou deux fois par semaine selon les besoins. Appliquez ensuite le masque d\u2019argile \u00a0\u00bb Clay Mask\u00a0\u00bb.<\/p>\n<p>Contenance 120 ml.<\/p>\n","protected":false},"excerpt":{"rendered":"<p>Exfoliant visage \u00e0 la poudre de coquille de noix<\/p>\n","protected":false},"featured_media":589,"comment_status":"closed","ping_status":"closed","template":"","meta":{"_acf_changed":false},"pwb-brand":[2753],"product_brand":[],"product_cat":[2905,2331],"product_tag":[],"class_list":{"0":"post-16469","1":"product","2":"type-product","3":"status-publish","4":"has-post-thumbnail","6":"pwb-brand-baxter-of-california","7":"product_cat-baxter-of-california-fr","8":"product_cat-exfoliants-visage","9":"product_shipping_class-standard-fr","10":"pa_ean-838364001452-fr-2","11":"pa_hersteller-baxter-of-california-fr-2","12":"sales-flash-overlay","13":"woocommerce-text-align-center","14":"woocommerce-image-align-center","15":"do-quantity-buttons","17":"first","18":"instock","19":"purchasable","20":"product-type-simple"},"acf":[],"yoast_head":"<!-- This site is optimized with the Yoast SEO Premium plugin v27.3 (Yoast SEO v27.3) - https:\/\/yoast.com\/product\/yoast-seo-premium-wordpress\/ -->\n<title>Baxter of California Facial Scrub Exfoliant pour le visage pour hommes | Manskin.ch<\/title>\n<meta name=\"description\" content=\"D\u00e9couvre une peau \u00e9clatante gr\u00e2ce au gommage pour le visage Baxter of California Facial Scrub. Effet exfoliant doux pour une peau fra\u00eeche et revitalis\u00e9e!\" \/>\n<meta name=\"robots\" content=\"index, follow, max-snippet:-1, max-image-preview:large, max-video-preview:-1\" \/>\n<link rel=\"canonical\" href=\"https:\/\/manskin.ch\/fr\/produkt\/baxter-of-california-facial-scrub-exfoliant-visage\/\" \/>\n<meta property=\"og:locale\" content=\"fr_FR\" \/>\n<meta property=\"og:type\" content=\"article\" \/>\n<meta property=\"og:title\" content=\"Baxter of California - Facial Scrub - Exfoliant Visage\" \/>\n<meta property=\"og:description\" content=\"D\u00e9couvre une peau \u00e9clatante gr\u00e2ce au gommage pour le visage Baxter of California Facial Scrub. Effet exfoliant doux pour une peau fra\u00eeche et revitalis\u00e9e!\" \/>\n<meta property=\"og:url\" content=\"https:\/\/manskin.ch\/fr\/produkt\/baxter-of-california-facial-scrub-exfoliant-visage\/\" \/>\n<meta property=\"og:site_name\" content=\"Manskin.ch\" \/>\n<meta property=\"article:publisher\" content=\"https:\/\/www.facebook.com\/manskin.ch\" \/>\n<meta property=\"article:modified_time\" content=\"2026-03-26T11:30:31+00:00\" \/>\n<meta property=\"og:image\" content=\"https:\/\/manskin.ch\/wp-content\/uploads\/2022\/01\/56_0.jpg\" \/>\n\t<meta property=\"og:image:width\" content=\"400\" \/>\n\t<meta property=\"og:image:height\" content=\"400\" \/>\n\t<meta property=\"og:image:type\" content=\"image\/jpeg\" \/>\n<meta name=\"twitter:card\" content=\"summary_large_image\" \/>\n<meta name=\"twitter:label1\" content=\"Prix\" \/>\n\t<meta name=\"twitter:data1\" content=\"26.00&#067;&#072;&#070;\" \/>\n\t<meta name=\"twitter:label2\" content=\"Disponibilit\u00e9\" \/>\n\t<meta name=\"twitter:data2\" content=\"En stock\" \/>\n<script type=\"application\/ld+json\" class=\"yoast-schema-graph\">{\"@context\":\"https:\\\/\\\/schema.org\",\"@graph\":[{\"@type\":\"WebPage\",\"@id\":\"https:\\\/\\\/manskin.ch\\\/fr\\\/produkt\\\/baxter-of-california-facial-scrub-exfoliant-visage\\\/\",\"url\":\"https:\\\/\\\/manskin.ch\\\/fr\\\/produkt\\\/baxter-of-california-facial-scrub-exfoliant-visage\\\/\",\"name\":\"Baxter of California Facial Scrub Exfoliant pour le visage pour hommes | Manskin.ch\",\"isPartOf\":{\"@id\":\"https:\\\/\\\/manskin.ch\\\/fr\\\/#website\"},\"primaryImageOfPage\":{\"@id\":\"https:\\\/\\\/manskin.ch\\\/fr\\\/produkt\\\/baxter-of-california-facial-scrub-exfoliant-visage\\\/#primaryimage\"},\"image\":{\"@id\":\"https:\\\/\\\/manskin.ch\\\/fr\\\/produkt\\\/baxter-of-california-facial-scrub-exfoliant-visage\\\/#primaryimage\"},\"thumbnailUrl\":\"https:\\\/\\\/manskin.ch\\\/wp-content\\\/uploads\\\/2022\\\/01\\\/56_0.jpg\",\"datePublished\":\"2022-01-08T10:03:59+00:00\",\"dateModified\":\"2026-03-26T11:30:31+00:00\",\"description\":\"D\u00e9couvre une peau \u00e9clatante gr\u00e2ce au gommage pour le visage Baxter of California Facial Scrub. Effet exfoliant doux pour une peau fra\u00eeche et revitalis\u00e9e!\",\"breadcrumb\":{\"@id\":\"https:\\\/\\\/manskin.ch\\\/fr\\\/produkt\\\/baxter-of-california-facial-scrub-exfoliant-visage\\\/#breadcrumb\"},\"inLanguage\":\"fr-FR\",\"potentialAction\":[{\"@type\":\"ReadAction\",\"target\":[\"https:\\\/\\\/manskin.ch\\\/fr\\\/produkt\\\/baxter-of-california-facial-scrub-exfoliant-visage\\\/\"]}]},{\"@type\":\"ImageObject\",\"inLanguage\":\"fr-FR\",\"@id\":\"https:\\\/\\\/manskin.ch\\\/fr\\\/produkt\\\/baxter-of-california-facial-scrub-exfoliant-visage\\\/#primaryimage\",\"url\":\"https:\\\/\\\/manskin.ch\\\/wp-content\\\/uploads\\\/2022\\\/01\\\/56_0.jpg\",\"contentUrl\":\"https:\\\/\\\/manskin.ch\\\/wp-content\\\/uploads\\\/2022\\\/01\\\/56_0.jpg\",\"width\":400,\"height\":400},{\"@type\":\"BreadcrumbList\",\"@id\":\"https:\\\/\\\/manskin.ch\\\/fr\\\/produkt\\\/baxter-of-california-facial-scrub-exfoliant-visage\\\/#breadcrumb\",\"itemListElement\":[{\"@type\":\"ListItem\",\"position\":1,\"name\":\"Startseite\",\"item\":\"https:\\\/\\\/manskin.ch\\\/fr\\\/\"},{\"@type\":\"ListItem\",\"position\":2,\"name\":\"Boutique Soins pour Hommes &amp; Skincare\",\"item\":\"https:\\\/\\\/manskin.ch\\\/fr\\\/boutique\\\/\"},{\"@type\":\"ListItem\",\"position\":3,\"name\":\"Baxter of California &#8211; Facial Scrub &#8211; Exfoliant Visage\"}]},{\"@type\":\"WebSite\",\"@id\":\"https:\\\/\\\/manskin.ch\\\/fr\\\/#website\",\"url\":\"https:\\\/\\\/manskin.ch\\\/fr\\\/\",\"name\":\"Manskin.ch\",\"description\":\"Tous les produits de beaut\u00e9 pour les hommes les plus exigeants\",\"publisher\":{\"@id\":\"https:\\\/\\\/manskin.ch\\\/fr\\\/#organization\"},\"potentialAction\":[{\"@type\":\"SearchAction\",\"target\":{\"@type\":\"EntryPoint\",\"urlTemplate\":\"https:\\\/\\\/manskin.ch\\\/fr\\\/?s={search_term_string}\"},\"query-input\":{\"@type\":\"PropertyValueSpecification\",\"valueRequired\":true,\"valueName\":\"search_term_string\"}}],\"inLanguage\":\"fr-FR\"},{\"@type\":\"Organization\",\"@id\":\"https:\\\/\\\/manskin.ch\\\/fr\\\/#organization\",\"name\":\"Manskin.ch - der Schweizer Onlineshop f\u00fcr qualit\u00e4tsstarke M\u00e4nnerpflege\",\"url\":\"https:\\\/\\\/manskin.ch\\\/fr\\\/\",\"logo\":{\"@type\":\"ImageObject\",\"inLanguage\":\"fr-FR\",\"@id\":\"https:\\\/\\\/manskin.ch\\\/fr\\\/#\\\/schema\\\/logo\\\/image\\\/\",\"url\":\"https:\\\/\\\/manskin.ch\\\/wp-content\\\/uploads\\\/2021\\\/04\\\/cropped-logo_head.png\",\"contentUrl\":\"https:\\\/\\\/manskin.ch\\\/wp-content\\\/uploads\\\/2021\\\/04\\\/cropped-logo_head.png\",\"width\":235,\"height\":75,\"caption\":\"Manskin.ch - der Schweizer Onlineshop f\u00fcr qualit\u00e4tsstarke M\u00e4nnerpflege\"},\"image\":{\"@id\":\"https:\\\/\\\/manskin.ch\\\/fr\\\/#\\\/schema\\\/logo\\\/image\\\/\"},\"sameAs\":[\"https:\\\/\\\/www.facebook.com\\\/manskin.ch\",\"https:\\\/\\\/www.instagram.com\\\/manskin.ch\\\/\"]}]}<\/script>\n<meta property=\"product:price:amount\" content=\"26.00\" \/>\n<meta property=\"product:price:currency\" content=\"CHF\" \/>\n<meta property=\"og:availability\" content=\"instock\" \/>\n<meta property=\"product:availability\" content=\"instock\" \/>\n<meta property=\"product:retailer_item_id\" content=\"10510\" \/>\n<meta property=\"product:condition\" content=\"new\" \/>\n<!-- \/ Yoast SEO Premium plugin. -->","yoast_head_json":{"title":"Baxter of California Facial Scrub Exfoliant pour le visage pour hommes | Manskin.ch","description":"D\u00e9couvre une peau \u00e9clatante gr\u00e2ce au gommage pour le visage Baxter of California Facial Scrub. Effet exfoliant doux pour une peau fra\u00eeche et revitalis\u00e9e!","robots":{"index":"index","follow":"follow","max-snippet":"max-snippet:-1","max-image-preview":"max-image-preview:large","max-video-preview":"max-video-preview:-1"},"canonical":"https:\/\/manskin.ch\/fr\/produkt\/baxter-of-california-facial-scrub-exfoliant-visage\/","og_locale":"fr_FR","og_type":"article","og_title":"Baxter of California - Facial Scrub - Exfoliant Visage","og_description":"D\u00e9couvre une peau \u00e9clatante gr\u00e2ce au gommage pour le visage Baxter of California Facial Scrub. Effet exfoliant doux pour une peau fra\u00eeche et revitalis\u00e9e!","og_url":"https:\/\/manskin.ch\/fr\/produkt\/baxter-of-california-facial-scrub-exfoliant-visage\/","og_site_name":"Manskin.ch","article_publisher":"https:\/\/www.facebook.com\/manskin.ch","article_modified_time":"2026-03-26T11:30:31+00:00","og_image":[{"width":400,"height":400,"url":"https:\/\/manskin.ch\/wp-content\/uploads\/2022\/01\/56_0.jpg","type":"image\/jpeg"}],"twitter_card":"summary_large_image","twitter_misc":{"Prix":"26.00&#67;&#72;&#70;","Disponibilit\u00e9":"En stock"},"schema":{"@context":"https:\/\/schema.org","@graph":[{"@type":"WebPage","@id":"https:\/\/manskin.ch\/fr\/produkt\/baxter-of-california-facial-scrub-exfoliant-visage\/","url":"https:\/\/manskin.ch\/fr\/produkt\/baxter-of-california-facial-scrub-exfoliant-visage\/","name":"Baxter of California Facial Scrub Exfoliant pour le visage pour hommes | Manskin.ch","isPartOf":{"@id":"https:\/\/manskin.ch\/fr\/#website"},"primaryImageOfPage":{"@id":"https:\/\/manskin.ch\/fr\/produkt\/baxter-of-california-facial-scrub-exfoliant-visage\/#primaryimage"},"image":{"@id":"https:\/\/manskin.ch\/fr\/produkt\/baxter-of-california-facial-scrub-exfoliant-visage\/#primaryimage"},"thumbnailUrl":"https:\/\/manskin.ch\/wp-content\/uploads\/2022\/01\/56_0.jpg","datePublished":"2022-01-08T10:03:59+00:00","dateModified":"2026-03-26T11:30:31+00:00","description":"D\u00e9couvre une peau \u00e9clatante gr\u00e2ce au gommage pour le visage Baxter of California Facial Scrub. Effet exfoliant doux pour une peau fra\u00eeche et revitalis\u00e9e!","breadcrumb":{"@id":"https:\/\/manskin.ch\/fr\/produkt\/baxter-of-california-facial-scrub-exfoliant-visage\/#breadcrumb"},"inLanguage":"fr-FR","potentialAction":[{"@type":"ReadAction","target":["https:\/\/manskin.ch\/fr\/produkt\/baxter-of-california-facial-scrub-exfoliant-visage\/"]}]},{"@type":"ImageObject","inLanguage":"fr-FR","@id":"https:\/\/manskin.ch\/fr\/produkt\/baxter-of-california-facial-scrub-exfoliant-visage\/#primaryimage","url":"https:\/\/manskin.ch\/wp-content\/uploads\/2022\/01\/56_0.jpg","contentUrl":"https:\/\/manskin.ch\/wp-content\/uploads\/2022\/01\/56_0.jpg","width":400,"height":400},{"@type":"BreadcrumbList","@id":"https:\/\/manskin.ch\/fr\/produkt\/baxter-of-california-facial-scrub-exfoliant-visage\/#breadcrumb","itemListElement":[{"@type":"ListItem","position":1,"name":"Startseite","item":"https:\/\/manskin.ch\/fr\/"},{"@type":"ListItem","position":2,"name":"Boutique Soins pour Hommes &amp; Skincare","item":"https:\/\/manskin.ch\/fr\/boutique\/"},{"@type":"ListItem","position":3,"name":"Baxter of California &#8211; Facial Scrub &#8211; Exfoliant Visage"}]},{"@type":"WebSite","@id":"https:\/\/manskin.ch\/fr\/#website","url":"https:\/\/manskin.ch\/fr\/","name":"Manskin.ch","description":"Tous les produits de beaut\u00e9 pour les hommes les plus exigeants","publisher":{"@id":"https:\/\/manskin.ch\/fr\/#organization"},"potentialAction":[{"@type":"SearchAction","target":{"@type":"EntryPoint","urlTemplate":"https:\/\/manskin.ch\/fr\/?s={search_term_string}"},"query-input":{"@type":"PropertyValueSpecification","valueRequired":true,"valueName":"search_term_string"}}],"inLanguage":"fr-FR"},{"@type":"Organization","@id":"https:\/\/manskin.ch\/fr\/#organization","name":"Manskin.ch - der Schweizer Onlineshop f\u00fcr qualit\u00e4tsstarke M\u00e4nnerpflege","url":"https:\/\/manskin.ch\/fr\/","logo":{"@type":"ImageObject","inLanguage":"fr-FR","@id":"https:\/\/manskin.ch\/fr\/#\/schema\/logo\/image\/","url":"https:\/\/manskin.ch\/wp-content\/uploads\/2021\/04\/cropped-logo_head.png","contentUrl":"https:\/\/manskin.ch\/wp-content\/uploads\/2021\/04\/cropped-logo_head.png","width":235,"height":75,"caption":"Manskin.ch - der Schweizer Onlineshop f\u00fcr qualit\u00e4tsstarke M\u00e4nnerpflege"},"image":{"@id":"https:\/\/manskin.ch\/fr\/#\/schema\/logo\/image\/"},"sameAs":["https:\/\/www.facebook.com\/manskin.ch","https:\/\/www.instagram.com\/manskin.ch\/"]}]},"product_price_amount":"26.00","product_price_currency":"CHF","og_availability":"instock","product_availability":"instock","product_retailer_item_id":"10510","product_condition":"new"},"brands":[{"id":2753,"name":"Baxter of California","slug":"baxter-of-california"}],"_links":{"self":[{"href":"https:\/\/manskin.ch\/fr\/wp-json\/wp\/v2\/product\/16469","targetHints":{"allow":["GET"]}}],"collection":[{"href":"https:\/\/manskin.ch\/fr\/wp-json\/wp\/v2\/product"}],"about":[{"href":"https:\/\/manskin.ch\/fr\/wp-json\/wp\/v2\/types\/product"}],"replies":[{"embeddable":true,"href":"https:\/\/manskin.ch\/fr\/wp-json\/wp\/v2\/comments?post=16469"}],"wp:featuredmedia":[{"embeddable":true,"href":"https:\/\/manskin.ch\/fr\/wp-json\/wp\/v2\/media\/589"}],"wp:attachment":[{"href":"https:\/\/manskin.ch\/fr\/wp-json\/wp\/v2\/media?parent=16469"}],"wp:term":[{"taxonomy":"pwb-brand","embeddable":true,"href":"https:\/\/manskin.ch\/fr\/wp-json\/wp\/v2\/pwb-brand?post=16469"},{"taxonomy":"product_brand","embeddable":true,"href":"https:\/\/manskin.ch\/fr\/wp-json\/wp\/v2\/product_brand?post=16469"},{"taxonomy":"product_cat","embeddable":true,"href":"https:\/\/manskin.ch\/fr\/wp-json\/wp\/v2\/product_cat?post=16469"},{"taxonomy":"product_tag","embeddable":true,"href":"https:\/\/manskin.ch\/fr\/wp-json\/wp\/v2\/product_tag?post=16469"}],"curies":[{"name":"wp","href":"https:\/\/api.w.org\/{rel}","templated":true}]}}