{"id":16267,"date":"2022-01-08T11:02:41","date_gmt":"2022-01-08T10:02:41","guid":{"rendered":"https:\/\/manskin.ch\/produkt\/men-ue-blaireau-premier-synthetic-bristle\/"},"modified":"2025-07-18T11:21:31","modified_gmt":"2025-07-18T09:21:31","slug":"men-ue-blaireau-premier-synthetic-bristle","status":"publish","type":"product","link":"https:\/\/manskin.ch\/fr\/produkt\/men-ue-blaireau-premier-synthetic-bristle\/","title":{"rendered":"men-\u00fc &#8211; Blaireau Premier Synthetic Bristle"},"content":{"rendered":"<div class=\"woocommerce-tabs wc-tabs-wrapper\">\n<div aria-labelledby=\"tab-title-description\" class=\"woocommerce-Tabs-panel woocommerce-Tabs-panel--description panel entry-content wc-tab\" id=\"tab-description\" role=\"tabpanel\">\n<h2>men-&uuml; -Blaireau Premier Synthetic Bristle<\/h2>\n<ul>\n<li>Le blaireau Premier de men-&uuml; appartient &agrave; la nouvelle g&eacute;n&eacute;ration de blaireau &agrave; poils synth&eacute;tiques.<\/li>\n<\/ul>\n<p>Qu&rsquo;est-ce qui rend ce blaireau si unique?<\/p>\n<ul>\n<li>Les poils synth&eacute;tiques ne sont pas absorbant, cela signifie que vous avez besoin de moins de cr&egrave;me &agrave; raser.<\/li>\n<li>Les poils ne changent pas tant que les poils naturels et ne sont donc pas comme il convient.<\/li>\n<li>Apr&egrave;s le rasage, tu peux donner un peu d&rsquo;eau dans le blaireau et tu obtiens une mousse, ce qui devrait suffire pour un second rasage final.<\/li>\n<\/ul>\n<p>Conseil: bien laver le visage apr&egrave;s le rasage et le nettoyager avec le Healthy Facial Wash de men-&uuml;, appliquer un apr&egrave;s-rasage.<\/p><\/div>\n<\/div>\n","protected":false},"excerpt":{"rendered":"<p>men-&uuml; -Blaireau Premier Synthetic Bristle Le blaireau Premier de men-&uuml; appartient &agrave; la nouvelle g&eacute;n&eacute;ration de blaireau &agrave; poils synth&eacute;tiques. Qu&rsquo;est-ce qui rend ce blaireau si unique? Les poils synth&eacute;tiques ne sont pas absorbant, cela signifie que vous avez besoin de moins de cr&egrave;me &agrave; raser. Les poils ne changent pas tant que les poils &#8230; <a title=\"men-\u00fc &#8211; Blaireau Premier Synthetic Bristle\" class=\"read-more\" href=\"https:\/\/manskin.ch\/fr\/produkt\/men-ue-blaireau-premier-synthetic-bristle\/\" aria-label=\"En savoir plus sur men-\u00fc &#8211; Blaireau Premier Synthetic Bristle\">Lire la suite<\/a><\/p>\n","protected":false},"featured_media":16266,"comment_status":"closed","ping_status":"closed","template":"","meta":{"_acf_changed":false},"pwb-brand":[2766],"product_brand":[],"product_cat":[2425,2444],"product_tag":[],"class_list":{"0":"post-16267","1":"product","2":"type-product","3":"status-publish","4":"has-post-thumbnail","6":"pwb-brand-men-ue","7":"product_cat-blaireau-new","8":"product_cat-men-ue-fr","9":"product_shipping_class-standard-fr","10":"sales-flash-overlay","11":"woocommerce-text-align-center","12":"woocommerce-image-align-center","13":"do-quantity-buttons","14":"wc-has-gallery","16":"first","17":"outofstock","18":"product-type-variable"},"acf":[],"yoast_head":"<!-- This site is optimized with the Yoast SEO Premium plugin v27.3 (Yoast SEO v27.3) - https:\/\/yoast.com\/product\/yoast-seo-premium-wordpress\/ -->\n<title>men-\u00fc - Blaireau Premier Synthetic Bristle | Manskin.ch<\/title>\n<meta name=\"description\" content=\"men-\u00fc - Blaireau Premier Synthetic Bristle\" \/>\n<meta name=\"robots\" content=\"index, follow, max-snippet:-1, max-image-preview:large, max-video-preview:-1\" \/>\n<link rel=\"canonical\" href=\"https:\/\/manskin.ch\/fr\/produkt\/men-ue-blaireau-premier-synthetic-bristle\/\" \/>\n<meta property=\"og:locale\" content=\"fr_FR\" \/>\n<meta property=\"og:type\" content=\"article\" \/>\n<meta property=\"og:title\" content=\"men-\u00fc - Blaireau Premier Synthetic Bristle\" \/>\n<meta property=\"og:description\" content=\"men-\u00fc - Blaireau Premier Synthetic Bristle\" \/>\n<meta property=\"og:url\" content=\"https:\/\/manskin.ch\/fr\/produkt\/men-ue-blaireau-premier-synthetic-bristle\/\" \/>\n<meta property=\"og:site_name\" content=\"Manskin.ch\" \/>\n<meta property=\"article:publisher\" content=\"https:\/\/www.facebook.com\/manskin.ch\" \/>\n<meta property=\"article:modified_time\" content=\"2025-07-18T09:21:31+00:00\" \/>\n<meta property=\"og:image\" content=\"https:\/\/manskin.ch\/wp-content\/uploads\/2022\/01\/314_0-2.jpg\" \/>\n\t<meta property=\"og:image:width\" content=\"400\" \/>\n\t<meta property=\"og:image:height\" content=\"400\" \/>\n\t<meta property=\"og:image:type\" content=\"image\/jpeg\" \/>\n<meta name=\"twitter:card\" content=\"summary_large_image\" \/>\n<meta name=\"twitter:label1\" content=\"Disponibilit\u00e9\" \/>\n\t<meta name=\"twitter:data1\" content=\"Rupture de stock\" \/>\n<script type=\"application\/ld+json\" class=\"yoast-schema-graph\">{\"@context\":\"https:\\\/\\\/schema.org\",\"@graph\":[{\"@type\":\"WebPage\",\"@id\":\"https:\\\/\\\/manskin.ch\\\/fr\\\/produkt\\\/men-ue-blaireau-premier-synthetic-bristle\\\/\",\"url\":\"https:\\\/\\\/manskin.ch\\\/fr\\\/produkt\\\/men-ue-blaireau-premier-synthetic-bristle\\\/\",\"name\":\"men-\u00fc - Blaireau Premier Synthetic Bristle | Manskin.ch\",\"isPartOf\":{\"@id\":\"https:\\\/\\\/manskin.ch\\\/fr\\\/#website\"},\"primaryImageOfPage\":{\"@id\":\"https:\\\/\\\/manskin.ch\\\/fr\\\/produkt\\\/men-ue-blaireau-premier-synthetic-bristle\\\/#primaryimage\"},\"image\":{\"@id\":\"https:\\\/\\\/manskin.ch\\\/fr\\\/produkt\\\/men-ue-blaireau-premier-synthetic-bristle\\\/#primaryimage\"},\"thumbnailUrl\":\"https:\\\/\\\/manskin.ch\\\/wp-content\\\/uploads\\\/2022\\\/01\\\/314_0-2.jpg\",\"datePublished\":\"2022-01-08T10:02:41+00:00\",\"dateModified\":\"2025-07-18T09:21:31+00:00\",\"description\":\"men-\u00fc - Blaireau Premier Synthetic Bristle\",\"breadcrumb\":{\"@id\":\"https:\\\/\\\/manskin.ch\\\/fr\\\/produkt\\\/men-ue-blaireau-premier-synthetic-bristle\\\/#breadcrumb\"},\"inLanguage\":\"fr-FR\",\"potentialAction\":[{\"@type\":\"ReadAction\",\"target\":[\"https:\\\/\\\/manskin.ch\\\/fr\\\/produkt\\\/men-ue-blaireau-premier-synthetic-bristle\\\/\"]}]},{\"@type\":\"ImageObject\",\"inLanguage\":\"fr-FR\",\"@id\":\"https:\\\/\\\/manskin.ch\\\/fr\\\/produkt\\\/men-ue-blaireau-premier-synthetic-bristle\\\/#primaryimage\",\"url\":\"https:\\\/\\\/manskin.ch\\\/wp-content\\\/uploads\\\/2022\\\/01\\\/314_0-2.jpg\",\"contentUrl\":\"https:\\\/\\\/manskin.ch\\\/wp-content\\\/uploads\\\/2022\\\/01\\\/314_0-2.jpg\",\"width\":400,\"height\":400},{\"@type\":\"BreadcrumbList\",\"@id\":\"https:\\\/\\\/manskin.ch\\\/fr\\\/produkt\\\/men-ue-blaireau-premier-synthetic-bristle\\\/#breadcrumb\",\"itemListElement\":[{\"@type\":\"ListItem\",\"position\":1,\"name\":\"Startseite\",\"item\":\"https:\\\/\\\/manskin.ch\\\/fr\\\/\"},{\"@type\":\"ListItem\",\"position\":2,\"name\":\"Boutique\",\"item\":\"https:\\\/\\\/manskin.ch\\\/fr\\\/boutique\\\/\"},{\"@type\":\"ListItem\",\"position\":3,\"name\":\"men-\u00fc &#8211; Blaireau Premier Synthetic Bristle\"}]},{\"@type\":\"WebSite\",\"@id\":\"https:\\\/\\\/manskin.ch\\\/fr\\\/#website\",\"url\":\"https:\\\/\\\/manskin.ch\\\/fr\\\/\",\"name\":\"Manskin.ch\",\"description\":\"Tous les produits de beaut\u00e9 pour les hommes les plus exigeants\",\"publisher\":{\"@id\":\"https:\\\/\\\/manskin.ch\\\/fr\\\/#organization\"},\"potentialAction\":[{\"@type\":\"SearchAction\",\"target\":{\"@type\":\"EntryPoint\",\"urlTemplate\":\"https:\\\/\\\/manskin.ch\\\/fr\\\/?s={search_term_string}\"},\"query-input\":{\"@type\":\"PropertyValueSpecification\",\"valueRequired\":true,\"valueName\":\"search_term_string\"}}],\"inLanguage\":\"fr-FR\"},{\"@type\":\"Organization\",\"@id\":\"https:\\\/\\\/manskin.ch\\\/fr\\\/#organization\",\"name\":\"Manskin.ch - der Schweizer Onlineshop f\u00fcr qualit\u00e4tsstarke M\u00e4nnerpflege\",\"url\":\"https:\\\/\\\/manskin.ch\\\/fr\\\/\",\"logo\":{\"@type\":\"ImageObject\",\"inLanguage\":\"fr-FR\",\"@id\":\"https:\\\/\\\/manskin.ch\\\/fr\\\/#\\\/schema\\\/logo\\\/image\\\/\",\"url\":\"https:\\\/\\\/manskin.ch\\\/wp-content\\\/uploads\\\/2021\\\/04\\\/cropped-logo_head.png\",\"contentUrl\":\"https:\\\/\\\/manskin.ch\\\/wp-content\\\/uploads\\\/2021\\\/04\\\/cropped-logo_head.png\",\"width\":235,\"height\":75,\"caption\":\"Manskin.ch - der Schweizer Onlineshop f\u00fcr qualit\u00e4tsstarke M\u00e4nnerpflege\"},\"image\":{\"@id\":\"https:\\\/\\\/manskin.ch\\\/fr\\\/#\\\/schema\\\/logo\\\/image\\\/\"},\"sameAs\":[\"https:\\\/\\\/www.facebook.com\\\/manskin.ch\",\"https:\\\/\\\/www.instagram.com\\\/manskin.ch\\\/\"]}]}<\/script>\n<meta property=\"og:availability\" content=\"out of stock\" \/>\n<meta property=\"product:availability\" content=\"out of stock\" \/>\n<meta property=\"product:retailer_item_id\" content=\"10582\" \/>\n<meta property=\"product:condition\" content=\"new\" \/>\n<!-- \/ Yoast SEO Premium plugin. -->","yoast_head_json":{"title":"men-\u00fc - Blaireau Premier Synthetic Bristle | Manskin.ch","description":"men-\u00fc - Blaireau Premier Synthetic Bristle","robots":{"index":"index","follow":"follow","max-snippet":"max-snippet:-1","max-image-preview":"max-image-preview:large","max-video-preview":"max-video-preview:-1"},"canonical":"https:\/\/manskin.ch\/fr\/produkt\/men-ue-blaireau-premier-synthetic-bristle\/","og_locale":"fr_FR","og_type":"article","og_title":"men-\u00fc - Blaireau Premier Synthetic Bristle","og_description":"men-\u00fc - Blaireau Premier Synthetic Bristle","og_url":"https:\/\/manskin.ch\/fr\/produkt\/men-ue-blaireau-premier-synthetic-bristle\/","og_site_name":"Manskin.ch","article_publisher":"https:\/\/www.facebook.com\/manskin.ch","article_modified_time":"2025-07-18T09:21:31+00:00","og_image":[{"width":400,"height":400,"url":"https:\/\/manskin.ch\/wp-content\/uploads\/2022\/01\/314_0-2.jpg","type":"image\/jpeg"}],"twitter_card":"summary_large_image","twitter_misc":{"Disponibilit\u00e9":"Rupture de stock"},"schema":{"@context":"https:\/\/schema.org","@graph":[{"@type":"WebPage","@id":"https:\/\/manskin.ch\/fr\/produkt\/men-ue-blaireau-premier-synthetic-bristle\/","url":"https:\/\/manskin.ch\/fr\/produkt\/men-ue-blaireau-premier-synthetic-bristle\/","name":"men-\u00fc - Blaireau Premier Synthetic Bristle | Manskin.ch","isPartOf":{"@id":"https:\/\/manskin.ch\/fr\/#website"},"primaryImageOfPage":{"@id":"https:\/\/manskin.ch\/fr\/produkt\/men-ue-blaireau-premier-synthetic-bristle\/#primaryimage"},"image":{"@id":"https:\/\/manskin.ch\/fr\/produkt\/men-ue-blaireau-premier-synthetic-bristle\/#primaryimage"},"thumbnailUrl":"https:\/\/manskin.ch\/wp-content\/uploads\/2022\/01\/314_0-2.jpg","datePublished":"2022-01-08T10:02:41+00:00","dateModified":"2025-07-18T09:21:31+00:00","description":"men-\u00fc - Blaireau Premier Synthetic Bristle","breadcrumb":{"@id":"https:\/\/manskin.ch\/fr\/produkt\/men-ue-blaireau-premier-synthetic-bristle\/#breadcrumb"},"inLanguage":"fr-FR","potentialAction":[{"@type":"ReadAction","target":["https:\/\/manskin.ch\/fr\/produkt\/men-ue-blaireau-premier-synthetic-bristle\/"]}]},{"@type":"ImageObject","inLanguage":"fr-FR","@id":"https:\/\/manskin.ch\/fr\/produkt\/men-ue-blaireau-premier-synthetic-bristle\/#primaryimage","url":"https:\/\/manskin.ch\/wp-content\/uploads\/2022\/01\/314_0-2.jpg","contentUrl":"https:\/\/manskin.ch\/wp-content\/uploads\/2022\/01\/314_0-2.jpg","width":400,"height":400},{"@type":"BreadcrumbList","@id":"https:\/\/manskin.ch\/fr\/produkt\/men-ue-blaireau-premier-synthetic-bristle\/#breadcrumb","itemListElement":[{"@type":"ListItem","position":1,"name":"Startseite","item":"https:\/\/manskin.ch\/fr\/"},{"@type":"ListItem","position":2,"name":"Boutique","item":"https:\/\/manskin.ch\/fr\/boutique\/"},{"@type":"ListItem","position":3,"name":"men-\u00fc &#8211; Blaireau Premier Synthetic Bristle"}]},{"@type":"WebSite","@id":"https:\/\/manskin.ch\/fr\/#website","url":"https:\/\/manskin.ch\/fr\/","name":"Manskin.ch","description":"Tous les produits de beaut\u00e9 pour les hommes les plus exigeants","publisher":{"@id":"https:\/\/manskin.ch\/fr\/#organization"},"potentialAction":[{"@type":"SearchAction","target":{"@type":"EntryPoint","urlTemplate":"https:\/\/manskin.ch\/fr\/?s={search_term_string}"},"query-input":{"@type":"PropertyValueSpecification","valueRequired":true,"valueName":"search_term_string"}}],"inLanguage":"fr-FR"},{"@type":"Organization","@id":"https:\/\/manskin.ch\/fr\/#organization","name":"Manskin.ch - der Schweizer Onlineshop f\u00fcr qualit\u00e4tsstarke M\u00e4nnerpflege","url":"https:\/\/manskin.ch\/fr\/","logo":{"@type":"ImageObject","inLanguage":"fr-FR","@id":"https:\/\/manskin.ch\/fr\/#\/schema\/logo\/image\/","url":"https:\/\/manskin.ch\/wp-content\/uploads\/2021\/04\/cropped-logo_head.png","contentUrl":"https:\/\/manskin.ch\/wp-content\/uploads\/2021\/04\/cropped-logo_head.png","width":235,"height":75,"caption":"Manskin.ch - der Schweizer Onlineshop f\u00fcr qualit\u00e4tsstarke M\u00e4nnerpflege"},"image":{"@id":"https:\/\/manskin.ch\/fr\/#\/schema\/logo\/image\/"},"sameAs":["https:\/\/www.facebook.com\/manskin.ch","https:\/\/www.instagram.com\/manskin.ch\/"]}]},"og_availability":"out of stock","product_availability":"out of stock","product_retailer_item_id":"10582","product_condition":"new"},"brands":[{"id":2766,"name":"men-\u00fc","slug":"men-ue"}],"_links":{"self":[{"href":"https:\/\/manskin.ch\/fr\/wp-json\/wp\/v2\/product\/16267","targetHints":{"allow":["GET"]}}],"collection":[{"href":"https:\/\/manskin.ch\/fr\/wp-json\/wp\/v2\/product"}],"about":[{"href":"https:\/\/manskin.ch\/fr\/wp-json\/wp\/v2\/types\/product"}],"replies":[{"embeddable":true,"href":"https:\/\/manskin.ch\/fr\/wp-json\/wp\/v2\/comments?post=16267"}],"wp:featuredmedia":[{"embeddable":true,"href":"https:\/\/manskin.ch\/fr\/wp-json\/wp\/v2\/media\/16266"}],"wp:attachment":[{"href":"https:\/\/manskin.ch\/fr\/wp-json\/wp\/v2\/media?parent=16267"}],"wp:term":[{"taxonomy":"pwb-brand","embeddable":true,"href":"https:\/\/manskin.ch\/fr\/wp-json\/wp\/v2\/pwb-brand?post=16267"},{"taxonomy":"product_brand","embeddable":true,"href":"https:\/\/manskin.ch\/fr\/wp-json\/wp\/v2\/product_brand?post=16267"},{"taxonomy":"product_cat","embeddable":true,"href":"https:\/\/manskin.ch\/fr\/wp-json\/wp\/v2\/product_cat?post=16267"},{"taxonomy":"product_tag","embeddable":true,"href":"https:\/\/manskin.ch\/fr\/wp-json\/wp\/v2\/product_tag?post=16267"}],"curies":[{"name":"wp","href":"https:\/\/api.w.org\/{rel}","templated":true}]}}