{"id":15978,"date":"2022-01-08T12:52:14","date_gmt":"2022-01-08T11:52:14","guid":{"rendered":"https:\/\/manskin.ch\/produkt\/muehle-hexagon-pinceau-pur-argente-forest\/"},"modified":"2025-07-20T12:16:20","modified_gmt":"2025-07-20T10:16:20","slug":"muehle-hexagon-pinceau-pur-argente-forest","status":"publish","type":"product","link":"https:\/\/manskin.ch\/fr\/produkt\/muehle-hexagon-pinceau-pur-argente-forest\/","title":{"rendered":"M\u00dcHLE &#8211; HEXAGON Pinceau pur-argent\u00e9 Forest"},"content":{"rendered":"<h2>M\u00dcHLE \u2013 HEXAGON Pinceau avec blaireau pur-argent\u00e9,\u00a0couleur Forest<\/h2>\n<ul>\n<li>Pour les produits de la nouvelle s\u00e9rie HEXAGON, M\u00dcHLE s\u2019est associ\u00e9 au c\u00e9l\u00e8bre designer berlinois Mark Braun.<\/li>\n<li>Les r\u00e9sultats sont de parfaits instruments de rasage, qui sont habilement proportionn\u00e9s.<\/li>\n<li>La forme hexagonale de ces produits allie un design contemporain \u00e0 des \u00e9l\u00e9ments arch\u00e9typaux et pratiques. Et promet ergonomie, adh\u00e9rence et fonctionnalit\u00e9.<\/li>\n<li>Une approche de design pour laquelle Mark Braun a d\u00e9j\u00e0 remport\u00e9 de nombreux prix.<\/li>\n<li>Le fini mat et m\u00e9tallique des poign\u00e9es est \u00e9galement nouveau, tout comme la simple gravure.<\/li>\n<li>Les couleurs de la ligne HEXAGONE graphite, bronze et forest\u00a0ne pourraient pas \u00eatre plus\u00a0modernes et mondains \u2013 et pourtant les couleurs subtiles des terres sont aussi une petite r\u00e9f\u00e9rence \u00e0 l\u2019Erzgebirge, cette terre vallonn\u00e9e entre la Saxe et la Boh\u00eame, o\u00f9 la culture de rasage est \u00e0 la maison.<\/li>\n<\/ul>\n<h3><span style=\"color: #ff9900;\"><strong>Pinceau en blaireau pur-argent\u00e9<\/strong><\/span><\/h3>\n<ul>\n<li>Les blaireaux Silvertip sont\u00a0consid\u00e9r\u00e9s comme tops des tops des pinceaux, ils sont enti\u00e8rement fabriqu\u00e9s\u00a0\u00e0 la main.<\/li>\n<li>Le mat\u00e9riau naturel pr\u00e9cieux est particuli\u00e8rement doux et flexible. Les poils fins et fusel\u00e9s,\u00a0soigneusement cueillies,\u00a0ont la capacit\u00e9 d\u2019absorber beaucoup d\u2019eau et de produire une mousse dense et cr\u00e9meuse.<\/li>\n<li>Les t\u00eates de brosse sont d\u00e9vissables\u00a0\u2013 et donc facilement rempla\u00e7ables.<\/li>\n<\/ul>\n<p>Dimensions:<br \/>\nPoign\u00e9e: 55 mm x 32 mm<br \/>\nPoids: 127 g<\/p>\n","protected":false},"excerpt":{"rendered":"<p>M\u00dcHLE \u2013 HEXAGON Pinceau pur-argent\u00e9 Forest<\/p>\n","protected":false},"featured_media":2802,"comment_status":"closed","ping_status":"closed","template":"","meta":{"_acf_changed":false},"pwb-brand":[2769],"product_brand":[],"product_cat":[2425,2412],"product_tag":[],"class_list":{"0":"post-15978","1":"product","2":"type-product","3":"status-publish","4":"has-post-thumbnail","6":"pwb-brand-muehle","7":"product_cat-blaireau-new","8":"product_cat-muehle-fr","9":"product_shipping_class-standard-fr","10":"pa_hersteller-muehle-fr-2","11":"sales-flash-overlay","12":"woocommerce-text-align-center","13":"woocommerce-image-align-center","14":"do-quantity-buttons","15":"wc-has-gallery","17":"first","18":"instock","19":"purchasable","20":"product-type-simple"},"acf":[],"yoast_head":"<!-- This site is optimized with the Yoast SEO Premium plugin v27.3 (Yoast SEO v27.3) - https:\/\/yoast.com\/product\/yoast-seo-premium-wordpress\/ -->\n<title>M\u00dcHLE - HEXAGON Pinceau pur-argent\u00e9 Forest | Manskin.ch<\/title>\n<meta name=\"description\" content=\"M\u00dcHLE - HEXAGON Pinceau pur-argent\u00e9 Forest\" \/>\n<meta name=\"robots\" content=\"index, follow, max-snippet:-1, max-image-preview:large, max-video-preview:-1\" \/>\n<link rel=\"canonical\" href=\"https:\/\/manskin.ch\/fr\/produkt\/muehle-hexagon-pinceau-pur-argente-forest\/\" \/>\n<meta property=\"og:locale\" content=\"fr_FR\" \/>\n<meta property=\"og:type\" content=\"article\" \/>\n<meta property=\"og:title\" content=\"M\u00dcHLE - HEXAGON Pinceau pur-argent\u00e9 Forest\" \/>\n<meta property=\"og:description\" content=\"M\u00dcHLE - HEXAGON Pinceau pur-argent\u00e9 Forest\" \/>\n<meta property=\"og:url\" content=\"https:\/\/manskin.ch\/fr\/produkt\/muehle-hexagon-pinceau-pur-argente-forest\/\" \/>\n<meta property=\"og:site_name\" content=\"Manskin.ch\" \/>\n<meta property=\"article:publisher\" content=\"https:\/\/www.facebook.com\/manskin.ch\" \/>\n<meta property=\"article:modified_time\" content=\"2025-07-20T10:16:20+00:00\" \/>\n<meta property=\"og:image\" content=\"https:\/\/manskin.ch\/wp-content\/uploads\/2022\/01\/842_0.jpg\" \/>\n\t<meta property=\"og:image:width\" content=\"535\" \/>\n\t<meta property=\"og:image:height\" content=\"535\" \/>\n\t<meta property=\"og:image:type\" content=\"image\/jpeg\" \/>\n<meta name=\"twitter:card\" content=\"summary_large_image\" \/>\n<meta name=\"twitter:label1\" content=\"Prix\" \/>\n\t<meta name=\"twitter:data1\" content=\"79.00&#067;&#072;&#070;\" \/>\n\t<meta name=\"twitter:label2\" content=\"Disponibilit\u00e9\" \/>\n\t<meta name=\"twitter:data2\" content=\"En stock\" \/>\n<script type=\"application\/ld+json\" class=\"yoast-schema-graph\">{\"@context\":\"https:\\\/\\\/schema.org\",\"@graph\":[{\"@type\":\"WebPage\",\"@id\":\"https:\\\/\\\/manskin.ch\\\/fr\\\/produkt\\\/muehle-hexagon-pinceau-pur-argente-forest\\\/\",\"url\":\"https:\\\/\\\/manskin.ch\\\/fr\\\/produkt\\\/muehle-hexagon-pinceau-pur-argente-forest\\\/\",\"name\":\"M\u00dcHLE - HEXAGON Pinceau pur-argent\u00e9 Forest | Manskin.ch\",\"isPartOf\":{\"@id\":\"https:\\\/\\\/manskin.ch\\\/fr\\\/#website\"},\"primaryImageOfPage\":{\"@id\":\"https:\\\/\\\/manskin.ch\\\/fr\\\/produkt\\\/muehle-hexagon-pinceau-pur-argente-forest\\\/#primaryimage\"},\"image\":{\"@id\":\"https:\\\/\\\/manskin.ch\\\/fr\\\/produkt\\\/muehle-hexagon-pinceau-pur-argente-forest\\\/#primaryimage\"},\"thumbnailUrl\":\"https:\\\/\\\/manskin.ch\\\/wp-content\\\/uploads\\\/2022\\\/01\\\/842_0.jpg\",\"datePublished\":\"2022-01-08T11:52:14+00:00\",\"dateModified\":\"2025-07-20T10:16:20+00:00\",\"description\":\"M\u00dcHLE - HEXAGON Pinceau pur-argent\u00e9 Forest\",\"breadcrumb\":{\"@id\":\"https:\\\/\\\/manskin.ch\\\/fr\\\/produkt\\\/muehle-hexagon-pinceau-pur-argente-forest\\\/#breadcrumb\"},\"inLanguage\":\"fr-FR\",\"potentialAction\":[{\"@type\":\"ReadAction\",\"target\":[\"https:\\\/\\\/manskin.ch\\\/fr\\\/produkt\\\/muehle-hexagon-pinceau-pur-argente-forest\\\/\"]}]},{\"@type\":\"ImageObject\",\"inLanguage\":\"fr-FR\",\"@id\":\"https:\\\/\\\/manskin.ch\\\/fr\\\/produkt\\\/muehle-hexagon-pinceau-pur-argente-forest\\\/#primaryimage\",\"url\":\"https:\\\/\\\/manskin.ch\\\/wp-content\\\/uploads\\\/2022\\\/01\\\/842_0.jpg\",\"contentUrl\":\"https:\\\/\\\/manskin.ch\\\/wp-content\\\/uploads\\\/2022\\\/01\\\/842_0.jpg\",\"width\":535,\"height\":535},{\"@type\":\"BreadcrumbList\",\"@id\":\"https:\\\/\\\/manskin.ch\\\/fr\\\/produkt\\\/muehle-hexagon-pinceau-pur-argente-forest\\\/#breadcrumb\",\"itemListElement\":[{\"@type\":\"ListItem\",\"position\":1,\"name\":\"Startseite\",\"item\":\"https:\\\/\\\/manskin.ch\\\/fr\\\/\"},{\"@type\":\"ListItem\",\"position\":2,\"name\":\"Boutique Soins pour Hommes &amp; Skincare\",\"item\":\"https:\\\/\\\/manskin.ch\\\/fr\\\/boutique\\\/\"},{\"@type\":\"ListItem\",\"position\":3,\"name\":\"M\u00dcHLE &#8211; HEXAGON Pinceau pur-argent\u00e9 Forest\"}]},{\"@type\":\"WebSite\",\"@id\":\"https:\\\/\\\/manskin.ch\\\/fr\\\/#website\",\"url\":\"https:\\\/\\\/manskin.ch\\\/fr\\\/\",\"name\":\"Manskin.ch\",\"description\":\"Tous les produits de beaut\u00e9 pour les hommes les plus exigeants\",\"publisher\":{\"@id\":\"https:\\\/\\\/manskin.ch\\\/fr\\\/#organization\"},\"potentialAction\":[{\"@type\":\"SearchAction\",\"target\":{\"@type\":\"EntryPoint\",\"urlTemplate\":\"https:\\\/\\\/manskin.ch\\\/fr\\\/?s={search_term_string}\"},\"query-input\":{\"@type\":\"PropertyValueSpecification\",\"valueRequired\":true,\"valueName\":\"search_term_string\"}}],\"inLanguage\":\"fr-FR\"},{\"@type\":\"Organization\",\"@id\":\"https:\\\/\\\/manskin.ch\\\/fr\\\/#organization\",\"name\":\"Manskin.ch - der Schweizer Onlineshop f\u00fcr qualit\u00e4tsstarke M\u00e4nnerpflege\",\"url\":\"https:\\\/\\\/manskin.ch\\\/fr\\\/\",\"logo\":{\"@type\":\"ImageObject\",\"inLanguage\":\"fr-FR\",\"@id\":\"https:\\\/\\\/manskin.ch\\\/fr\\\/#\\\/schema\\\/logo\\\/image\\\/\",\"url\":\"https:\\\/\\\/manskin.ch\\\/wp-content\\\/uploads\\\/2021\\\/04\\\/cropped-logo_head.png\",\"contentUrl\":\"https:\\\/\\\/manskin.ch\\\/wp-content\\\/uploads\\\/2021\\\/04\\\/cropped-logo_head.png\",\"width\":235,\"height\":75,\"caption\":\"Manskin.ch - der Schweizer Onlineshop f\u00fcr qualit\u00e4tsstarke M\u00e4nnerpflege\"},\"image\":{\"@id\":\"https:\\\/\\\/manskin.ch\\\/fr\\\/#\\\/schema\\\/logo\\\/image\\\/\"},\"sameAs\":[\"https:\\\/\\\/www.facebook.com\\\/manskin.ch\",\"https:\\\/\\\/www.instagram.com\\\/manskin.ch\\\/\"]}]}<\/script>\n<meta property=\"product:price:amount\" content=\"79.00\" \/>\n<meta property=\"product:price:currency\" content=\"CHF\" \/>\n<meta property=\"og:availability\" content=\"instock\" \/>\n<meta property=\"product:availability\" content=\"instock\" \/>\n<meta property=\"product:retailer_item_id\" content=\"12318\" \/>\n<meta property=\"product:condition\" content=\"new\" \/>\n<!-- \/ Yoast SEO Premium plugin. -->","yoast_head_json":{"title":"M\u00dcHLE - HEXAGON Pinceau pur-argent\u00e9 Forest | Manskin.ch","description":"M\u00dcHLE - HEXAGON Pinceau pur-argent\u00e9 Forest","robots":{"index":"index","follow":"follow","max-snippet":"max-snippet:-1","max-image-preview":"max-image-preview:large","max-video-preview":"max-video-preview:-1"},"canonical":"https:\/\/manskin.ch\/fr\/produkt\/muehle-hexagon-pinceau-pur-argente-forest\/","og_locale":"fr_FR","og_type":"article","og_title":"M\u00dcHLE - HEXAGON Pinceau pur-argent\u00e9 Forest","og_description":"M\u00dcHLE - HEXAGON Pinceau pur-argent\u00e9 Forest","og_url":"https:\/\/manskin.ch\/fr\/produkt\/muehle-hexagon-pinceau-pur-argente-forest\/","og_site_name":"Manskin.ch","article_publisher":"https:\/\/www.facebook.com\/manskin.ch","article_modified_time":"2025-07-20T10:16:20+00:00","og_image":[{"width":535,"height":535,"url":"https:\/\/manskin.ch\/wp-content\/uploads\/2022\/01\/842_0.jpg","type":"image\/jpeg"}],"twitter_card":"summary_large_image","twitter_misc":{"Prix":"79.00&#67;&#72;&#70;","Disponibilit\u00e9":"En stock"},"schema":{"@context":"https:\/\/schema.org","@graph":[{"@type":"WebPage","@id":"https:\/\/manskin.ch\/fr\/produkt\/muehle-hexagon-pinceau-pur-argente-forest\/","url":"https:\/\/manskin.ch\/fr\/produkt\/muehle-hexagon-pinceau-pur-argente-forest\/","name":"M\u00dcHLE - HEXAGON Pinceau pur-argent\u00e9 Forest | Manskin.ch","isPartOf":{"@id":"https:\/\/manskin.ch\/fr\/#website"},"primaryImageOfPage":{"@id":"https:\/\/manskin.ch\/fr\/produkt\/muehle-hexagon-pinceau-pur-argente-forest\/#primaryimage"},"image":{"@id":"https:\/\/manskin.ch\/fr\/produkt\/muehle-hexagon-pinceau-pur-argente-forest\/#primaryimage"},"thumbnailUrl":"https:\/\/manskin.ch\/wp-content\/uploads\/2022\/01\/842_0.jpg","datePublished":"2022-01-08T11:52:14+00:00","dateModified":"2025-07-20T10:16:20+00:00","description":"M\u00dcHLE - HEXAGON Pinceau pur-argent\u00e9 Forest","breadcrumb":{"@id":"https:\/\/manskin.ch\/fr\/produkt\/muehle-hexagon-pinceau-pur-argente-forest\/#breadcrumb"},"inLanguage":"fr-FR","potentialAction":[{"@type":"ReadAction","target":["https:\/\/manskin.ch\/fr\/produkt\/muehle-hexagon-pinceau-pur-argente-forest\/"]}]},{"@type":"ImageObject","inLanguage":"fr-FR","@id":"https:\/\/manskin.ch\/fr\/produkt\/muehle-hexagon-pinceau-pur-argente-forest\/#primaryimage","url":"https:\/\/manskin.ch\/wp-content\/uploads\/2022\/01\/842_0.jpg","contentUrl":"https:\/\/manskin.ch\/wp-content\/uploads\/2022\/01\/842_0.jpg","width":535,"height":535},{"@type":"BreadcrumbList","@id":"https:\/\/manskin.ch\/fr\/produkt\/muehle-hexagon-pinceau-pur-argente-forest\/#breadcrumb","itemListElement":[{"@type":"ListItem","position":1,"name":"Startseite","item":"https:\/\/manskin.ch\/fr\/"},{"@type":"ListItem","position":2,"name":"Boutique Soins pour Hommes &amp; Skincare","item":"https:\/\/manskin.ch\/fr\/boutique\/"},{"@type":"ListItem","position":3,"name":"M\u00dcHLE &#8211; HEXAGON Pinceau pur-argent\u00e9 Forest"}]},{"@type":"WebSite","@id":"https:\/\/manskin.ch\/fr\/#website","url":"https:\/\/manskin.ch\/fr\/","name":"Manskin.ch","description":"Tous les produits de beaut\u00e9 pour les hommes les plus exigeants","publisher":{"@id":"https:\/\/manskin.ch\/fr\/#organization"},"potentialAction":[{"@type":"SearchAction","target":{"@type":"EntryPoint","urlTemplate":"https:\/\/manskin.ch\/fr\/?s={search_term_string}"},"query-input":{"@type":"PropertyValueSpecification","valueRequired":true,"valueName":"search_term_string"}}],"inLanguage":"fr-FR"},{"@type":"Organization","@id":"https:\/\/manskin.ch\/fr\/#organization","name":"Manskin.ch - der Schweizer Onlineshop f\u00fcr qualit\u00e4tsstarke M\u00e4nnerpflege","url":"https:\/\/manskin.ch\/fr\/","logo":{"@type":"ImageObject","inLanguage":"fr-FR","@id":"https:\/\/manskin.ch\/fr\/#\/schema\/logo\/image\/","url":"https:\/\/manskin.ch\/wp-content\/uploads\/2021\/04\/cropped-logo_head.png","contentUrl":"https:\/\/manskin.ch\/wp-content\/uploads\/2021\/04\/cropped-logo_head.png","width":235,"height":75,"caption":"Manskin.ch - der Schweizer Onlineshop f\u00fcr qualit\u00e4tsstarke M\u00e4nnerpflege"},"image":{"@id":"https:\/\/manskin.ch\/fr\/#\/schema\/logo\/image\/"},"sameAs":["https:\/\/www.facebook.com\/manskin.ch","https:\/\/www.instagram.com\/manskin.ch\/"]}]},"product_price_amount":"79.00","product_price_currency":"CHF","og_availability":"instock","product_availability":"instock","product_retailer_item_id":"12318","product_condition":"new"},"brands":[{"id":2769,"name":"M\u00dcHLE","slug":"muehle"}],"_links":{"self":[{"href":"https:\/\/manskin.ch\/fr\/wp-json\/wp\/v2\/product\/15978","targetHints":{"allow":["GET"]}}],"collection":[{"href":"https:\/\/manskin.ch\/fr\/wp-json\/wp\/v2\/product"}],"about":[{"href":"https:\/\/manskin.ch\/fr\/wp-json\/wp\/v2\/types\/product"}],"replies":[{"embeddable":true,"href":"https:\/\/manskin.ch\/fr\/wp-json\/wp\/v2\/comments?post=15978"}],"wp:featuredmedia":[{"embeddable":true,"href":"https:\/\/manskin.ch\/fr\/wp-json\/wp\/v2\/media\/2802"}],"wp:attachment":[{"href":"https:\/\/manskin.ch\/fr\/wp-json\/wp\/v2\/media?parent=15978"}],"wp:term":[{"taxonomy":"pwb-brand","embeddable":true,"href":"https:\/\/manskin.ch\/fr\/wp-json\/wp\/v2\/pwb-brand?post=15978"},{"taxonomy":"product_brand","embeddable":true,"href":"https:\/\/manskin.ch\/fr\/wp-json\/wp\/v2\/product_brand?post=15978"},{"taxonomy":"product_cat","embeddable":true,"href":"https:\/\/manskin.ch\/fr\/wp-json\/wp\/v2\/product_cat?post=15978"},{"taxonomy":"product_tag","embeddable":true,"href":"https:\/\/manskin.ch\/fr\/wp-json\/wp\/v2\/product_tag?post=15978"}],"curies":[{"name":"wp","href":"https:\/\/api.w.org\/{rel}","templated":true}]}}