{"id":15959,"date":"2022-03-17T12:21:52","date_gmt":"2022-03-17T11:21:52","guid":{"rendered":"https:\/\/manskin.ch\/produkt\/muehle-rasoir-traditional-or-rose-r89-peigne-ferme\/"},"modified":"2025-10-16T19:36:35","modified_gmt":"2025-10-16T17:36:35","slug":"muehle-rasoir-traditional-r89-dore-rouge","status":"publish","type":"product","link":"https:\/\/manskin.ch\/fr\/produkt\/muehle-rasoir-traditional-r89-dore-rouge\/","title":{"rendered":"M\u00dcHLE &#8211; Rasoir Traditional R89 Dor\u00e9 Rouge"},"content":{"rendered":"<h2>M&Uuml;HLE &#8211; Rasoir Traditional R89 Dor&eacute; Rouge, peigne ferm&eacute;<\/h2>\n<ul>\n<li>Rasoir humide chrom&eacute; styl&eacute; avec peigne ferm&eacute; pour un rasage en douceur.<\/li>\n<li>Design noble et pr&eacute;cision m&eacute;canique. Le rasoir M&Uuml;HLE promet un rasage de pr&egrave;s et en m&ecirc;me temps doux.<\/li>\n<li>Contrairement au rasoir &agrave; peigne ouvert, le bord ne pr&eacute;sente aucune denture. En combinaison avec un angle de lame l&eacute;g&egrave;rement plus raide, ce rabot permet une technique de rasage tr&egrave;s douce qui convient aussi parfaitement aux d&eacute;butants ayant un peu d&#39;entra&icirc;nement.<\/li>\n<li>Les contours les plus fins et les lignes les plus nettes, par exemple &agrave; la base de la barbe, sont n&eacute;anmoins une question d&#39;honneur.<\/li>\n<li>Depuis des g&eacute;n&eacute;rations, le rasoir est consid&eacute;r&eacute; comme un classique &eacute;l&eacute;gant qui permet de raser m&ecirc;me les contours avec pr&eacute;cision. Contrairement aux syst&egrave;mes de lames modernes, la t&ecirc;te du rabot de rasage est immobile. Les lames se changent en d&eacute;vissant le couvercle.<\/li>\n<li>D&eacute;licatement chatoyant, plus doux dans son effet, mais durable et r&eacute;sistant. La douce teinte du manche recouvert d&#39;or rose s&#39;harmonise avec la fine ciselure.<\/li>\n<\/ul>\n<p>Dimensions : 41 mm x 94 mm Poids : 70 gr.<\/p>\n","protected":false},"excerpt":{"rendered":"<p>Id\u00e9al pour d\u00e9butants<\/p>\n","protected":false},"featured_media":13544,"comment_status":"closed","ping_status":"closed","template":"","meta":{"_acf_changed":false},"pwb-brand":[2769],"product_brand":[],"product_cat":[2412,2422],"product_tag":[],"class_list":{"0":"post-15959","1":"product","2":"type-product","3":"status-publish","4":"has-post-thumbnail","6":"pwb-brand-muehle","7":"product_cat-muehle-fr","8":"product_cat-rasoir-de-suretee","9":"product_shipping_class-standard-fr","10":"pa_hersteller-muehle-fr-2","11":"sales-flash-overlay","12":"woocommerce-text-align-center","13":"woocommerce-image-align-center","14":"do-quantity-buttons","16":"first","17":"instock","18":"purchasable","19":"product-type-simple"},"acf":[],"yoast_head":"<!-- This site is optimized with the Yoast SEO Premium plugin v27.3 (Yoast SEO v27.3) - https:\/\/yoast.com\/product\/yoast-seo-premium-wordpress\/ -->\n<title>M\u00dcHLE - Rasoir Traditional R89 | Manskin.ch<\/title>\n<meta name=\"description\" content=\"Design noble et pr\u00e9cision m\u00e9canique. Le rasoir M\u00dcHLE \u00e0 peigne ferm\u00e9 promet un rasage de pr\u00e8s et en m\u00eame temps doux.\" \/>\n<meta name=\"robots\" content=\"index, follow, max-snippet:-1, max-image-preview:large, max-video-preview:-1\" \/>\n<link rel=\"canonical\" href=\"https:\/\/manskin.ch\/fr\/produkt\/muehle-rasoir-traditional-r89-dore-rouge\/\" \/>\n<meta property=\"og:locale\" content=\"fr_FR\" \/>\n<meta property=\"og:type\" content=\"article\" \/>\n<meta property=\"og:title\" content=\"M\u00dcHLE - Rasoir Traditional R89 Dor\u00e9 Rouge\" \/>\n<meta property=\"og:description\" content=\"Design noble et pr\u00e9cision m\u00e9canique. Le rasoir M\u00dcHLE \u00e0 peigne ferm\u00e9 promet un rasage de pr\u00e8s et en m\u00eame temps doux.\" \/>\n<meta property=\"og:url\" content=\"https:\/\/manskin.ch\/fr\/produkt\/muehle-rasoir-traditional-r89-dore-rouge\/\" \/>\n<meta property=\"og:site_name\" content=\"Manskin.ch\" \/>\n<meta property=\"article:publisher\" content=\"https:\/\/www.facebook.com\/manskin.ch\" \/>\n<meta property=\"article:modified_time\" content=\"2025-10-16T17:36:35+00:00\" \/>\n<meta property=\"og:image\" content=\"https:\/\/manskin.ch\/wp-content\/uploads\/2022\/03\/mu\u0308hle_r89rg_1.jpg\" \/>\n\t<meta property=\"og:image:width\" content=\"800\" \/>\n\t<meta property=\"og:image:height\" content=\"800\" \/>\n\t<meta property=\"og:image:type\" content=\"image\/jpeg\" \/>\n<meta name=\"twitter:card\" content=\"summary_large_image\" \/>\n<meta name=\"twitter:label1\" content=\"Prix\" \/>\n\t<meta name=\"twitter:data1\" content=\"37.00&#067;&#072;&#070;\" \/>\n\t<meta name=\"twitter:label2\" content=\"Disponibilit\u00e9\" \/>\n\t<meta name=\"twitter:data2\" content=\"En stock\" \/>\n<script type=\"application\/ld+json\" class=\"yoast-schema-graph\">{\"@context\":\"https:\\\/\\\/schema.org\",\"@graph\":[{\"@type\":\"WebPage\",\"@id\":\"https:\\\/\\\/manskin.ch\\\/fr\\\/produkt\\\/muehle-rasoir-traditional-r89-dore-rouge\\\/\",\"url\":\"https:\\\/\\\/manskin.ch\\\/fr\\\/produkt\\\/muehle-rasoir-traditional-r89-dore-rouge\\\/\",\"name\":\"M\u00dcHLE - Rasoir Traditional R89 | Manskin.ch\",\"isPartOf\":{\"@id\":\"https:\\\/\\\/manskin.ch\\\/fr\\\/#website\"},\"primaryImageOfPage\":{\"@id\":\"https:\\\/\\\/manskin.ch\\\/fr\\\/produkt\\\/muehle-rasoir-traditional-r89-dore-rouge\\\/#primaryimage\"},\"image\":{\"@id\":\"https:\\\/\\\/manskin.ch\\\/fr\\\/produkt\\\/muehle-rasoir-traditional-r89-dore-rouge\\\/#primaryimage\"},\"thumbnailUrl\":\"https:\\\/\\\/manskin.ch\\\/wp-content\\\/uploads\\\/2022\\\/03\\\/mu\u0308hle_r89rg_1.jpg\",\"datePublished\":\"2022-03-17T11:21:52+00:00\",\"dateModified\":\"2025-10-16T17:36:35+00:00\",\"description\":\"Design noble et pr\u00e9cision m\u00e9canique. Le rasoir M\u00dcHLE \u00e0 peigne ferm\u00e9 promet un rasage de pr\u00e8s et en m\u00eame temps doux.\",\"breadcrumb\":{\"@id\":\"https:\\\/\\\/manskin.ch\\\/fr\\\/produkt\\\/muehle-rasoir-traditional-r89-dore-rouge\\\/#breadcrumb\"},\"inLanguage\":\"fr-FR\",\"potentialAction\":[{\"@type\":\"ReadAction\",\"target\":[\"https:\\\/\\\/manskin.ch\\\/fr\\\/produkt\\\/muehle-rasoir-traditional-r89-dore-rouge\\\/\"]}]},{\"@type\":\"ImageObject\",\"inLanguage\":\"fr-FR\",\"@id\":\"https:\\\/\\\/manskin.ch\\\/fr\\\/produkt\\\/muehle-rasoir-traditional-r89-dore-rouge\\\/#primaryimage\",\"url\":\"https:\\\/\\\/manskin.ch\\\/wp-content\\\/uploads\\\/2022\\\/03\\\/mu\u0308hle_r89rg_1.jpg\",\"contentUrl\":\"https:\\\/\\\/manskin.ch\\\/wp-content\\\/uploads\\\/2022\\\/03\\\/mu\u0308hle_r89rg_1.jpg\",\"width\":800,\"height\":800,\"caption\":\"MUEHLE shaving\"},{\"@type\":\"BreadcrumbList\",\"@id\":\"https:\\\/\\\/manskin.ch\\\/fr\\\/produkt\\\/muehle-rasoir-traditional-r89-dore-rouge\\\/#breadcrumb\",\"itemListElement\":[{\"@type\":\"ListItem\",\"position\":1,\"name\":\"Startseite\",\"item\":\"https:\\\/\\\/manskin.ch\\\/fr\\\/\"},{\"@type\":\"ListItem\",\"position\":2,\"name\":\"Boutique\",\"item\":\"https:\\\/\\\/manskin.ch\\\/fr\\\/boutique\\\/\"},{\"@type\":\"ListItem\",\"position\":3,\"name\":\"M\u00dcHLE &#8211; Rasoir Traditional R89 Dor\u00e9 Rouge\"}]},{\"@type\":\"WebSite\",\"@id\":\"https:\\\/\\\/manskin.ch\\\/fr\\\/#website\",\"url\":\"https:\\\/\\\/manskin.ch\\\/fr\\\/\",\"name\":\"Manskin.ch\",\"description\":\"Tous les produits de beaut\u00e9 pour les hommes les plus exigeants\",\"publisher\":{\"@id\":\"https:\\\/\\\/manskin.ch\\\/fr\\\/#organization\"},\"potentialAction\":[{\"@type\":\"SearchAction\",\"target\":{\"@type\":\"EntryPoint\",\"urlTemplate\":\"https:\\\/\\\/manskin.ch\\\/fr\\\/?s={search_term_string}\"},\"query-input\":{\"@type\":\"PropertyValueSpecification\",\"valueRequired\":true,\"valueName\":\"search_term_string\"}}],\"inLanguage\":\"fr-FR\"},{\"@type\":\"Organization\",\"@id\":\"https:\\\/\\\/manskin.ch\\\/fr\\\/#organization\",\"name\":\"Manskin.ch - der Schweizer Onlineshop f\u00fcr qualit\u00e4tsstarke M\u00e4nnerpflege\",\"url\":\"https:\\\/\\\/manskin.ch\\\/fr\\\/\",\"logo\":{\"@type\":\"ImageObject\",\"inLanguage\":\"fr-FR\",\"@id\":\"https:\\\/\\\/manskin.ch\\\/fr\\\/#\\\/schema\\\/logo\\\/image\\\/\",\"url\":\"https:\\\/\\\/manskin.ch\\\/wp-content\\\/uploads\\\/2021\\\/04\\\/cropped-logo_head.png\",\"contentUrl\":\"https:\\\/\\\/manskin.ch\\\/wp-content\\\/uploads\\\/2021\\\/04\\\/cropped-logo_head.png\",\"width\":235,\"height\":75,\"caption\":\"Manskin.ch - der Schweizer Onlineshop f\u00fcr qualit\u00e4tsstarke M\u00e4nnerpflege\"},\"image\":{\"@id\":\"https:\\\/\\\/manskin.ch\\\/fr\\\/#\\\/schema\\\/logo\\\/image\\\/\"},\"sameAs\":[\"https:\\\/\\\/www.facebook.com\\\/manskin.ch\",\"https:\\\/\\\/www.instagram.com\\\/manskin.ch\\\/\"]}]}<\/script>\n<meta property=\"product:price:amount\" content=\"37.00\" \/>\n<meta property=\"product:price:currency\" content=\"CHF\" \/>\n<meta property=\"og:availability\" content=\"instock\" \/>\n<meta property=\"product:availability\" content=\"instock\" \/>\n<meta property=\"product:retailer_item_id\" content=\"13049\" \/>\n<meta property=\"product:condition\" content=\"new\" \/>\n<!-- \/ Yoast SEO Premium plugin. -->","yoast_head_json":{"title":"M\u00dcHLE - Rasoir Traditional R89 | Manskin.ch","description":"Design noble et pr\u00e9cision m\u00e9canique. Le rasoir M\u00dcHLE \u00e0 peigne ferm\u00e9 promet un rasage de pr\u00e8s et en m\u00eame temps doux.","robots":{"index":"index","follow":"follow","max-snippet":"max-snippet:-1","max-image-preview":"max-image-preview:large","max-video-preview":"max-video-preview:-1"},"canonical":"https:\/\/manskin.ch\/fr\/produkt\/muehle-rasoir-traditional-r89-dore-rouge\/","og_locale":"fr_FR","og_type":"article","og_title":"M\u00dcHLE - Rasoir Traditional R89 Dor\u00e9 Rouge","og_description":"Design noble et pr\u00e9cision m\u00e9canique. Le rasoir M\u00dcHLE \u00e0 peigne ferm\u00e9 promet un rasage de pr\u00e8s et en m\u00eame temps doux.","og_url":"https:\/\/manskin.ch\/fr\/produkt\/muehle-rasoir-traditional-r89-dore-rouge\/","og_site_name":"Manskin.ch","article_publisher":"https:\/\/www.facebook.com\/manskin.ch","article_modified_time":"2025-10-16T17:36:35+00:00","og_image":[{"width":800,"height":800,"url":"https:\/\/manskin.ch\/wp-content\/uploads\/2022\/03\/mu\u0308hle_r89rg_1.jpg","type":"image\/jpeg"}],"twitter_card":"summary_large_image","twitter_misc":{"Prix":"37.00&#67;&#72;&#70;","Disponibilit\u00e9":"En stock"},"schema":{"@context":"https:\/\/schema.org","@graph":[{"@type":"WebPage","@id":"https:\/\/manskin.ch\/fr\/produkt\/muehle-rasoir-traditional-r89-dore-rouge\/","url":"https:\/\/manskin.ch\/fr\/produkt\/muehle-rasoir-traditional-r89-dore-rouge\/","name":"M\u00dcHLE - Rasoir Traditional R89 | Manskin.ch","isPartOf":{"@id":"https:\/\/manskin.ch\/fr\/#website"},"primaryImageOfPage":{"@id":"https:\/\/manskin.ch\/fr\/produkt\/muehle-rasoir-traditional-r89-dore-rouge\/#primaryimage"},"image":{"@id":"https:\/\/manskin.ch\/fr\/produkt\/muehle-rasoir-traditional-r89-dore-rouge\/#primaryimage"},"thumbnailUrl":"https:\/\/manskin.ch\/wp-content\/uploads\/2022\/03\/mu\u0308hle_r89rg_1.jpg","datePublished":"2022-03-17T11:21:52+00:00","dateModified":"2025-10-16T17:36:35+00:00","description":"Design noble et pr\u00e9cision m\u00e9canique. Le rasoir M\u00dcHLE \u00e0 peigne ferm\u00e9 promet un rasage de pr\u00e8s et en m\u00eame temps doux.","breadcrumb":{"@id":"https:\/\/manskin.ch\/fr\/produkt\/muehle-rasoir-traditional-r89-dore-rouge\/#breadcrumb"},"inLanguage":"fr-FR","potentialAction":[{"@type":"ReadAction","target":["https:\/\/manskin.ch\/fr\/produkt\/muehle-rasoir-traditional-r89-dore-rouge\/"]}]},{"@type":"ImageObject","inLanguage":"fr-FR","@id":"https:\/\/manskin.ch\/fr\/produkt\/muehle-rasoir-traditional-r89-dore-rouge\/#primaryimage","url":"https:\/\/manskin.ch\/wp-content\/uploads\/2022\/03\/mu\u0308hle_r89rg_1.jpg","contentUrl":"https:\/\/manskin.ch\/wp-content\/uploads\/2022\/03\/mu\u0308hle_r89rg_1.jpg","width":800,"height":800,"caption":"MUEHLE shaving"},{"@type":"BreadcrumbList","@id":"https:\/\/manskin.ch\/fr\/produkt\/muehle-rasoir-traditional-r89-dore-rouge\/#breadcrumb","itemListElement":[{"@type":"ListItem","position":1,"name":"Startseite","item":"https:\/\/manskin.ch\/fr\/"},{"@type":"ListItem","position":2,"name":"Boutique","item":"https:\/\/manskin.ch\/fr\/boutique\/"},{"@type":"ListItem","position":3,"name":"M\u00dcHLE &#8211; Rasoir Traditional R89 Dor\u00e9 Rouge"}]},{"@type":"WebSite","@id":"https:\/\/manskin.ch\/fr\/#website","url":"https:\/\/manskin.ch\/fr\/","name":"Manskin.ch","description":"Tous les produits de beaut\u00e9 pour les hommes les plus exigeants","publisher":{"@id":"https:\/\/manskin.ch\/fr\/#organization"},"potentialAction":[{"@type":"SearchAction","target":{"@type":"EntryPoint","urlTemplate":"https:\/\/manskin.ch\/fr\/?s={search_term_string}"},"query-input":{"@type":"PropertyValueSpecification","valueRequired":true,"valueName":"search_term_string"}}],"inLanguage":"fr-FR"},{"@type":"Organization","@id":"https:\/\/manskin.ch\/fr\/#organization","name":"Manskin.ch - der Schweizer Onlineshop f\u00fcr qualit\u00e4tsstarke M\u00e4nnerpflege","url":"https:\/\/manskin.ch\/fr\/","logo":{"@type":"ImageObject","inLanguage":"fr-FR","@id":"https:\/\/manskin.ch\/fr\/#\/schema\/logo\/image\/","url":"https:\/\/manskin.ch\/wp-content\/uploads\/2021\/04\/cropped-logo_head.png","contentUrl":"https:\/\/manskin.ch\/wp-content\/uploads\/2021\/04\/cropped-logo_head.png","width":235,"height":75,"caption":"Manskin.ch - der Schweizer Onlineshop f\u00fcr qualit\u00e4tsstarke M\u00e4nnerpflege"},"image":{"@id":"https:\/\/manskin.ch\/fr\/#\/schema\/logo\/image\/"},"sameAs":["https:\/\/www.facebook.com\/manskin.ch","https:\/\/www.instagram.com\/manskin.ch\/"]}]},"product_price_amount":"37.00","product_price_currency":"CHF","og_availability":"instock","product_availability":"instock","product_retailer_item_id":"13049","product_condition":"new"},"brands":[{"id":2769,"name":"M\u00dcHLE","slug":"muehle"}],"_links":{"self":[{"href":"https:\/\/manskin.ch\/fr\/wp-json\/wp\/v2\/product\/15959","targetHints":{"allow":["GET"]}}],"collection":[{"href":"https:\/\/manskin.ch\/fr\/wp-json\/wp\/v2\/product"}],"about":[{"href":"https:\/\/manskin.ch\/fr\/wp-json\/wp\/v2\/types\/product"}],"replies":[{"embeddable":true,"href":"https:\/\/manskin.ch\/fr\/wp-json\/wp\/v2\/comments?post=15959"}],"wp:featuredmedia":[{"embeddable":true,"href":"https:\/\/manskin.ch\/fr\/wp-json\/wp\/v2\/media\/13544"}],"wp:attachment":[{"href":"https:\/\/manskin.ch\/fr\/wp-json\/wp\/v2\/media?parent=15959"}],"wp:term":[{"taxonomy":"pwb-brand","embeddable":true,"href":"https:\/\/manskin.ch\/fr\/wp-json\/wp\/v2\/pwb-brand?post=15959"},{"taxonomy":"product_brand","embeddable":true,"href":"https:\/\/manskin.ch\/fr\/wp-json\/wp\/v2\/product_brand?post=15959"},{"taxonomy":"product_cat","embeddable":true,"href":"https:\/\/manskin.ch\/fr\/wp-json\/wp\/v2\/product_cat?post=15959"},{"taxonomy":"product_tag","embeddable":true,"href":"https:\/\/manskin.ch\/fr\/wp-json\/wp\/v2\/product_tag?post=15959"}],"curies":[{"name":"wp","href":"https:\/\/api.w.org\/{rel}","templated":true}]}}