{"id":12646,"date":"2022-02-10T09:08:01","date_gmt":"2022-02-10T08:08:01","guid":{"rendered":"https:\/\/manskin.ch\/blog\/produkt\/murdock-london-shampooing-pour-barbe\/"},"modified":"2026-03-11T08:58:44","modified_gmt":"2026-03-11T07:58:44","slug":"murdock-london-shampooing-pour-barbe","status":"publish","type":"product","link":"https:\/\/manskin.ch\/fr\/produkt\/murdock-london-shampooing-pour-barbe\/","title":{"rendered":"Murdock London &#8211; Shampooing pour barbe"},"content":{"rendered":"<h2>Murdock London &#8211; Beard Shampoo &#8211; Shampoing pour barbe<\/h2>\n<ul>\n<li>Les poils du visage n\u00e9cessitent des soins particuliers. Les shampooings pour cheveux ordinaires peuvent priver la barbe de ses huiles naturelles et les sulfates, g\u00e9n\u00e9ralement utilis\u00e9s dans les produits de nettoyage, peuvent irriter la peau sous les poils du visage, ce qui entra\u00eene souvent des pellicules de barbe.<\/li>\n<li>Le shampooing pour barbe de Murdock est \u00e9quilibr\u00e9 en termes de pH et ne contient pas de sulfates, ce qui permet de garder chaque barbe saine et douce.<\/li>\n<li>Formul\u00e9 sans sulfates.<\/li>\n<\/ul>\n<p>Contenu 250 ml.<\/p>\n","protected":false},"excerpt":{"rendered":"<p>Shampoing sans sulfates pour une barbe saine<\/p>\n","protected":false},"featured_media":12644,"comment_status":"closed","ping_status":"closed","template":"","meta":{"_acf_changed":false},"pwb-brand":[2752],"product_brand":[],"product_cat":[6637,2256,2274,2279],"product_tag":[],"class_list":{"0":"post-12646","1":"product","2":"type-product","3":"status-publish","4":"has-post-thumbnail","6":"pwb-brand-murdock-london","7":"product_cat-2-pour-1-deals","8":"product_cat-barbe-fr","9":"product_cat-murdock-london-fr","10":"product_cat-shampoing-pour-barbe-fr","11":"product_shipping_class-standard-fr","12":"sales-flash-overlay","13":"woocommerce-text-align-center","14":"woocommerce-image-align-center","15":"do-quantity-buttons","17":"first","18":"instock","19":"taxable","20":"shipping-taxable","21":"purchasable","22":"product-type-simple"},"acf":[],"yoast_head":"<!-- This site is optimized with the Yoast SEO Premium plugin v27.3 (Yoast SEO v27.3) - https:\/\/yoast.com\/product\/yoast-seo-premium-wordpress\/ -->\n<title>Shampooing pour barbe Murdock London pour une barbe saine | Manskin.ch<\/title>\n<meta name=\"description\" content=\"Offre \u00e0 ta barbe les soins sp\u00e9ciaux qu&#039;elle m\u00e9rite ! Le shampooing pour barbe Murdock London la maintient en bonne sant\u00e9 et \u00e9quilibre son pH. D\u00e9couvre-le d\u00e8s maintenant !\" \/>\n<meta name=\"robots\" content=\"index, follow, max-snippet:-1, max-image-preview:large, max-video-preview:-1\" \/>\n<link rel=\"canonical\" href=\"https:\/\/manskin.ch\/fr\/produkt\/murdock-london-shampooing-pour-barbe\/\" \/>\n<meta property=\"og:locale\" content=\"fr_FR\" \/>\n<meta property=\"og:type\" content=\"article\" \/>\n<meta property=\"og:title\" content=\"Murdock London - Shampooing pour barbe\" \/>\n<meta property=\"og:description\" content=\"Offre \u00e0 ta barbe les soins sp\u00e9ciaux qu&#039;elle m\u00e9rite ! Le shampooing pour barbe Murdock London la maintient en bonne sant\u00e9 et \u00e9quilibre son pH. D\u00e9couvre-le d\u00e8s maintenant !\" \/>\n<meta property=\"og:url\" content=\"https:\/\/manskin.ch\/fr\/produkt\/murdock-london-shampooing-pour-barbe\/\" \/>\n<meta property=\"og:site_name\" content=\"Manskin.ch\" \/>\n<meta property=\"article:publisher\" content=\"https:\/\/www.facebook.com\/manskin.ch\" \/>\n<meta property=\"article:modified_time\" content=\"2026-03-11T07:58:44+00:00\" \/>\n<meta property=\"og:image\" content=\"https:\/\/manskin.ch\/wp-content\/uploads\/2022\/02\/murdock_beardshampoo.jpg\" \/>\n\t<meta property=\"og:image:width\" content=\"800\" \/>\n\t<meta property=\"og:image:height\" content=\"800\" \/>\n\t<meta property=\"og:image:type\" content=\"image\/jpeg\" \/>\n<meta name=\"twitter:card\" content=\"summary_large_image\" \/>\n<meta name=\"twitter:label1\" content=\"Prix\" \/>\n\t<meta name=\"twitter:data1\" content=\"26.50&#067;&#072;&#070;\" \/>\n\t<meta name=\"twitter:label2\" content=\"Disponibilit\u00e9\" \/>\n\t<meta name=\"twitter:data2\" content=\"En stock\" \/>\n<script type=\"application\/ld+json\" class=\"yoast-schema-graph\">{\"@context\":\"https:\\\/\\\/schema.org\",\"@graph\":[{\"@type\":\"WebPage\",\"@id\":\"https:\\\/\\\/manskin.ch\\\/fr\\\/produkt\\\/murdock-london-shampooing-pour-barbe\\\/\",\"url\":\"https:\\\/\\\/manskin.ch\\\/fr\\\/produkt\\\/murdock-london-shampooing-pour-barbe\\\/\",\"name\":\"Shampooing pour barbe Murdock London pour une barbe saine | Manskin.ch\",\"isPartOf\":{\"@id\":\"https:\\\/\\\/manskin.ch\\\/fr\\\/#website\"},\"primaryImageOfPage\":{\"@id\":\"https:\\\/\\\/manskin.ch\\\/fr\\\/produkt\\\/murdock-london-shampooing-pour-barbe\\\/#primaryimage\"},\"image\":{\"@id\":\"https:\\\/\\\/manskin.ch\\\/fr\\\/produkt\\\/murdock-london-shampooing-pour-barbe\\\/#primaryimage\"},\"thumbnailUrl\":\"https:\\\/\\\/manskin.ch\\\/wp-content\\\/uploads\\\/2022\\\/02\\\/murdock_beardshampoo.jpg\",\"datePublished\":\"2022-02-10T08:08:01+00:00\",\"dateModified\":\"2026-03-11T07:58:44+00:00\",\"description\":\"Offre \u00e0 ta barbe les soins sp\u00e9ciaux qu'elle m\u00e9rite ! Le shampooing pour barbe Murdock London la maintient en bonne sant\u00e9 et \u00e9quilibre son pH. D\u00e9couvre-le d\u00e8s maintenant !\",\"breadcrumb\":{\"@id\":\"https:\\\/\\\/manskin.ch\\\/fr\\\/produkt\\\/murdock-london-shampooing-pour-barbe\\\/#breadcrumb\"},\"inLanguage\":\"fr-FR\",\"potentialAction\":[{\"@type\":\"ReadAction\",\"target\":[\"https:\\\/\\\/manskin.ch\\\/fr\\\/produkt\\\/murdock-london-shampooing-pour-barbe\\\/\"]}]},{\"@type\":\"ImageObject\",\"inLanguage\":\"fr-FR\",\"@id\":\"https:\\\/\\\/manskin.ch\\\/fr\\\/produkt\\\/murdock-london-shampooing-pour-barbe\\\/#primaryimage\",\"url\":\"https:\\\/\\\/manskin.ch\\\/wp-content\\\/uploads\\\/2022\\\/02\\\/murdock_beardshampoo.jpg\",\"contentUrl\":\"https:\\\/\\\/manskin.ch\\\/wp-content\\\/uploads\\\/2022\\\/02\\\/murdock_beardshampoo.jpg\",\"width\":800,\"height\":800},{\"@type\":\"BreadcrumbList\",\"@id\":\"https:\\\/\\\/manskin.ch\\\/fr\\\/produkt\\\/murdock-london-shampooing-pour-barbe\\\/#breadcrumb\",\"itemListElement\":[{\"@type\":\"ListItem\",\"position\":1,\"name\":\"Startseite\",\"item\":\"https:\\\/\\\/manskin.ch\\\/fr\\\/\"},{\"@type\":\"ListItem\",\"position\":2,\"name\":\"Boutique Soins pour Hommes &amp; Skincare\",\"item\":\"https:\\\/\\\/manskin.ch\\\/fr\\\/boutique\\\/\"},{\"@type\":\"ListItem\",\"position\":3,\"name\":\"Murdock London &#8211; Shampooing pour barbe\"}]},{\"@type\":\"WebSite\",\"@id\":\"https:\\\/\\\/manskin.ch\\\/fr\\\/#website\",\"url\":\"https:\\\/\\\/manskin.ch\\\/fr\\\/\",\"name\":\"Manskin.ch\",\"description\":\"Tous les produits de beaut\u00e9 pour les hommes les plus exigeants\",\"publisher\":{\"@id\":\"https:\\\/\\\/manskin.ch\\\/fr\\\/#organization\"},\"potentialAction\":[{\"@type\":\"SearchAction\",\"target\":{\"@type\":\"EntryPoint\",\"urlTemplate\":\"https:\\\/\\\/manskin.ch\\\/fr\\\/?s={search_term_string}\"},\"query-input\":{\"@type\":\"PropertyValueSpecification\",\"valueRequired\":true,\"valueName\":\"search_term_string\"}}],\"inLanguage\":\"fr-FR\"},{\"@type\":\"Organization\",\"@id\":\"https:\\\/\\\/manskin.ch\\\/fr\\\/#organization\",\"name\":\"Manskin.ch - der Schweizer Onlineshop f\u00fcr qualit\u00e4tsstarke M\u00e4nnerpflege\",\"url\":\"https:\\\/\\\/manskin.ch\\\/fr\\\/\",\"logo\":{\"@type\":\"ImageObject\",\"inLanguage\":\"fr-FR\",\"@id\":\"https:\\\/\\\/manskin.ch\\\/fr\\\/#\\\/schema\\\/logo\\\/image\\\/\",\"url\":\"https:\\\/\\\/manskin.ch\\\/wp-content\\\/uploads\\\/2021\\\/04\\\/cropped-logo_head.png\",\"contentUrl\":\"https:\\\/\\\/manskin.ch\\\/wp-content\\\/uploads\\\/2021\\\/04\\\/cropped-logo_head.png\",\"width\":235,\"height\":75,\"caption\":\"Manskin.ch - der Schweizer Onlineshop f\u00fcr qualit\u00e4tsstarke M\u00e4nnerpflege\"},\"image\":{\"@id\":\"https:\\\/\\\/manskin.ch\\\/fr\\\/#\\\/schema\\\/logo\\\/image\\\/\"},\"sameAs\":[\"https:\\\/\\\/www.facebook.com\\\/manskin.ch\",\"https:\\\/\\\/www.instagram.com\\\/manskin.ch\\\/\"]}]}<\/script>\n<meta property=\"product:price:amount\" content=\"26.50\" \/>\n<meta property=\"product:price:currency\" content=\"CHF\" \/>\n<meta property=\"og:availability\" content=\"instock\" \/>\n<meta property=\"product:availability\" content=\"instock\" \/>\n<meta property=\"product:retailer_item_id\" content=\"13035\" \/>\n<meta property=\"product:condition\" content=\"new\" \/>\n<!-- \/ Yoast SEO Premium plugin. -->","yoast_head_json":{"title":"Shampooing pour barbe Murdock London pour une barbe saine | Manskin.ch","description":"Offre \u00e0 ta barbe les soins sp\u00e9ciaux qu'elle m\u00e9rite ! Le shampooing pour barbe Murdock London la maintient en bonne sant\u00e9 et \u00e9quilibre son pH. D\u00e9couvre-le d\u00e8s maintenant !","robots":{"index":"index","follow":"follow","max-snippet":"max-snippet:-1","max-image-preview":"max-image-preview:large","max-video-preview":"max-video-preview:-1"},"canonical":"https:\/\/manskin.ch\/fr\/produkt\/murdock-london-shampooing-pour-barbe\/","og_locale":"fr_FR","og_type":"article","og_title":"Murdock London - Shampooing pour barbe","og_description":"Offre \u00e0 ta barbe les soins sp\u00e9ciaux qu'elle m\u00e9rite ! Le shampooing pour barbe Murdock London la maintient en bonne sant\u00e9 et \u00e9quilibre son pH. D\u00e9couvre-le d\u00e8s maintenant !","og_url":"https:\/\/manskin.ch\/fr\/produkt\/murdock-london-shampooing-pour-barbe\/","og_site_name":"Manskin.ch","article_publisher":"https:\/\/www.facebook.com\/manskin.ch","article_modified_time":"2026-03-11T07:58:44+00:00","og_image":[{"width":800,"height":800,"url":"https:\/\/manskin.ch\/wp-content\/uploads\/2022\/02\/murdock_beardshampoo.jpg","type":"image\/jpeg"}],"twitter_card":"summary_large_image","twitter_misc":{"Prix":"26.50&#67;&#72;&#70;","Disponibilit\u00e9":"En stock"},"schema":{"@context":"https:\/\/schema.org","@graph":[{"@type":"WebPage","@id":"https:\/\/manskin.ch\/fr\/produkt\/murdock-london-shampooing-pour-barbe\/","url":"https:\/\/manskin.ch\/fr\/produkt\/murdock-london-shampooing-pour-barbe\/","name":"Shampooing pour barbe Murdock London pour une barbe saine | Manskin.ch","isPartOf":{"@id":"https:\/\/manskin.ch\/fr\/#website"},"primaryImageOfPage":{"@id":"https:\/\/manskin.ch\/fr\/produkt\/murdock-london-shampooing-pour-barbe\/#primaryimage"},"image":{"@id":"https:\/\/manskin.ch\/fr\/produkt\/murdock-london-shampooing-pour-barbe\/#primaryimage"},"thumbnailUrl":"https:\/\/manskin.ch\/wp-content\/uploads\/2022\/02\/murdock_beardshampoo.jpg","datePublished":"2022-02-10T08:08:01+00:00","dateModified":"2026-03-11T07:58:44+00:00","description":"Offre \u00e0 ta barbe les soins sp\u00e9ciaux qu'elle m\u00e9rite ! Le shampooing pour barbe Murdock London la maintient en bonne sant\u00e9 et \u00e9quilibre son pH. D\u00e9couvre-le d\u00e8s maintenant !","breadcrumb":{"@id":"https:\/\/manskin.ch\/fr\/produkt\/murdock-london-shampooing-pour-barbe\/#breadcrumb"},"inLanguage":"fr-FR","potentialAction":[{"@type":"ReadAction","target":["https:\/\/manskin.ch\/fr\/produkt\/murdock-london-shampooing-pour-barbe\/"]}]},{"@type":"ImageObject","inLanguage":"fr-FR","@id":"https:\/\/manskin.ch\/fr\/produkt\/murdock-london-shampooing-pour-barbe\/#primaryimage","url":"https:\/\/manskin.ch\/wp-content\/uploads\/2022\/02\/murdock_beardshampoo.jpg","contentUrl":"https:\/\/manskin.ch\/wp-content\/uploads\/2022\/02\/murdock_beardshampoo.jpg","width":800,"height":800},{"@type":"BreadcrumbList","@id":"https:\/\/manskin.ch\/fr\/produkt\/murdock-london-shampooing-pour-barbe\/#breadcrumb","itemListElement":[{"@type":"ListItem","position":1,"name":"Startseite","item":"https:\/\/manskin.ch\/fr\/"},{"@type":"ListItem","position":2,"name":"Boutique Soins pour Hommes &amp; Skincare","item":"https:\/\/manskin.ch\/fr\/boutique\/"},{"@type":"ListItem","position":3,"name":"Murdock London &#8211; Shampooing pour barbe"}]},{"@type":"WebSite","@id":"https:\/\/manskin.ch\/fr\/#website","url":"https:\/\/manskin.ch\/fr\/","name":"Manskin.ch","description":"Tous les produits de beaut\u00e9 pour les hommes les plus exigeants","publisher":{"@id":"https:\/\/manskin.ch\/fr\/#organization"},"potentialAction":[{"@type":"SearchAction","target":{"@type":"EntryPoint","urlTemplate":"https:\/\/manskin.ch\/fr\/?s={search_term_string}"},"query-input":{"@type":"PropertyValueSpecification","valueRequired":true,"valueName":"search_term_string"}}],"inLanguage":"fr-FR"},{"@type":"Organization","@id":"https:\/\/manskin.ch\/fr\/#organization","name":"Manskin.ch - der Schweizer Onlineshop f\u00fcr qualit\u00e4tsstarke M\u00e4nnerpflege","url":"https:\/\/manskin.ch\/fr\/","logo":{"@type":"ImageObject","inLanguage":"fr-FR","@id":"https:\/\/manskin.ch\/fr\/#\/schema\/logo\/image\/","url":"https:\/\/manskin.ch\/wp-content\/uploads\/2021\/04\/cropped-logo_head.png","contentUrl":"https:\/\/manskin.ch\/wp-content\/uploads\/2021\/04\/cropped-logo_head.png","width":235,"height":75,"caption":"Manskin.ch - der Schweizer Onlineshop f\u00fcr qualit\u00e4tsstarke M\u00e4nnerpflege"},"image":{"@id":"https:\/\/manskin.ch\/fr\/#\/schema\/logo\/image\/"},"sameAs":["https:\/\/www.facebook.com\/manskin.ch","https:\/\/www.instagram.com\/manskin.ch\/"]}]},"product_price_amount":"26.50","product_price_currency":"CHF","og_availability":"instock","product_availability":"instock","product_retailer_item_id":"13035","product_condition":"new"},"brands":[{"id":2752,"name":"Murdock London","slug":"murdock-london"}],"_links":{"self":[{"href":"https:\/\/manskin.ch\/fr\/wp-json\/wp\/v2\/product\/12646","targetHints":{"allow":["GET"]}}],"collection":[{"href":"https:\/\/manskin.ch\/fr\/wp-json\/wp\/v2\/product"}],"about":[{"href":"https:\/\/manskin.ch\/fr\/wp-json\/wp\/v2\/types\/product"}],"replies":[{"embeddable":true,"href":"https:\/\/manskin.ch\/fr\/wp-json\/wp\/v2\/comments?post=12646"}],"wp:featuredmedia":[{"embeddable":true,"href":"https:\/\/manskin.ch\/fr\/wp-json\/wp\/v2\/media\/12644"}],"wp:attachment":[{"href":"https:\/\/manskin.ch\/fr\/wp-json\/wp\/v2\/media?parent=12646"}],"wp:term":[{"taxonomy":"pwb-brand","embeddable":true,"href":"https:\/\/manskin.ch\/fr\/wp-json\/wp\/v2\/pwb-brand?post=12646"},{"taxonomy":"product_brand","embeddable":true,"href":"https:\/\/manskin.ch\/fr\/wp-json\/wp\/v2\/product_brand?post=12646"},{"taxonomy":"product_cat","embeddable":true,"href":"https:\/\/manskin.ch\/fr\/wp-json\/wp\/v2\/product_cat?post=12646"},{"taxonomy":"product_tag","embeddable":true,"href":"https:\/\/manskin.ch\/fr\/wp-json\/wp\/v2\/product_tag?post=12646"}],"curies":[{"name":"wp","href":"https:\/\/api.w.org\/{rel}","templated":true}]}}