{"id":9530,"date":"2022-01-08T17:22:53","date_gmt":"2022-01-08T16:22:53","guid":{"rendered":"https:\/\/manskin.ch\/blog\/?page_id=9530"},"modified":"2025-10-31T11:39:29","modified_gmt":"2025-10-31T10:39:29","slug":"allgemeine-geschaeftsbedingungen","status":"publish","type":"page","link":"https:\/\/manskin.ch\/fr\/impressum\/allgemeine-geschaeftsbedingungen\/","title":{"rendered":"Conditions g\u00e9n\u00e9rales d&rsquo;affaires"},"content":{"rendered":"<h1><\/h1>\n<p><strong>1. Validit\u00e9<\/strong><br \/>\nNos offres sont valables en Suisse. Les prix indiqu\u00e9s sont en Francs Suisse et incluent la TVA et sont valables jusqu`\u00e0 la publication de l&rsquo;offre suivante. Erreurs et variations de prix sous r\u00e9serve.<\/p>\n<p><strong>2. Commande<\/strong><br \/>\nAvec votre commande vous indiquez votre accord \u00e0 nos termes et conditions. Apr\u00e8s validation de votre commande vous recevrez une confirmation automatique par E-Mail.<\/p>\n<p><strong>3. Offre et conclusion de contrat<\/strong><br \/>\nLa pr\u00e9sentation des produits sur Manskin.ch\u00a0ne constitue pas une offre contraignante mais une invitation \u00e0 commander.<br \/>\nEn cliquant sur le bouton commander le client transmet une commande ferme pour les produits list\u00e9s sur la page de commande.<br \/>\nDirectement apr\u00e8s r\u00e9ception de la commande, celle-ci est confirm\u00e9e par e-mail. Le contrat de vente entre en vigueur seulement si le vendeur confirme l\u2019envoi de la marchandise par e-mail (confirmation de commande ou d\u2019envoi) ou au plus tard par la livraison de la marchandise.<\/p>\n<p>En cas de paiement anticip\u00e9, le contrat d\u2019achat entre en vigueur \u00a0avec la confirmation de la r\u00e9ception du paiement par le vendeur.<\/p>\n<p>Les codes de r\u00e9duction ne s&rsquo;appliquent pas aux articles d\u00e9j\u00e0 r\u00e9duits.<\/p>\n<p><strong>4. Frais d&rsquo;envoi<br \/>\n<\/strong>Chez www.manskin.ch vous payez des frais forfaitaire de Fr. 5.90 pour courier B et Fr. 7.90 pour courier A pour les commandes ayant une valeur en dessous de Fr. 59.-. Ce montant couvre seulement une partie des co\u00fbts pour le port et d&#8217;emballage,\u00a0 la diff\u00e9rence est prise en charge par Manskin.ch. La livraison en courier B est gratuite \u00e0 partir d&rsquo;une commande de Fr. 59.-. L&rsquo;option courier A co\u00fbte Fr. 3.- pour une commande \u00e0 partir de Fr. 59.-.<\/p>\n<p>L&rsquo;envoi est effectu\u00e9e par la Poste Suisse en courrier B ou selon choix en courier A.<\/p>\n<p><strong>5. Livraison<\/strong><br \/>\nLa livraison des articles command\u00e9s se fait dans les d\u00e9lais les plus br\u00e8ves, en g\u00e9n\u00e9ral nous envoyons votre paquet dans les 2 jours qui suivent la commande. Le d\u00e9lai de la Poste Suisse en courrier B est de 3-4 jours. Si un article ne devait plus \u00eatre disponible, nous vous informons par E-Mail. Nous vous proposons dans ce cas un autre article ayant la m\u00eame valeur ou nous vous remboursons le montant d\u00e9j\u00e0 pay\u00e9.<\/p>\n<p><strong>6. Dommages dues au transport<\/strong><br \/>\nLes marchandises sont soigneusement emball\u00e9es par nos soins. Si des dommages de transport surviennent n\u00e9anmoins, il faut le signaler imm\u00e9diatement \u00e0 la poste. Sans rapport de dommage\u00a0du transporteur, aucun remplacement n&rsquo;est rembours\u00e9.<\/p>\n<p><strong>7. Livraison international<\/strong><br \/>\nNous livrons actuellement uniquement en Suisse et au Liechtenstein.<\/p>\n<p><strong>8. Paiement<\/strong><br \/>\nVous pouvez effectuer le paiement par carte de cr\u00e9dit, Twint, carte postfinance, Paypal,\u00a0 Facture , Google Pay ou Apple Pay.<\/p>\n<p><strong>9. Achat sur facture avec option de paiement partiel<br \/>\n<\/strong>(POWERPAY) MF Group \/ POWERPAY propose \u00e0 titre de prestataire de paiement ind\u00e9pendant le type de paiement \u00abPaiement sur facture\u00bb. La facture de l\u2019ordre vous permet tout simplement de r\u00e9gler votre achat en ligne par facture. Si vous renoncez \u00e0 un paiement dans les d\u00e9lais impartis, vous obtiendrez \u00e0 titre r\u00e9troactif le mois suivant une facture mensuelle avec un aper\u00e7u de la commande. A la conclusion du contrat d\u2019achat, POWERPAY prend en charge la cr\u00e9ance sur facture et se charge du traitement des modalit\u00e9s de paiement. Dans le cadre de l\u2019achat sur facture, vous acceptez en plus de nos CG, les <a href=\"https:\/\/www.powerpay.ch\/fr\/agb\" target=\"_blank\" rel=\"noopener\">GC<\/a> de POWERPAY. (<a href=\"https:\/\/powerpay.ch\/fr\/agb\">powerpay.ch\/fr\/agb<\/a>).<\/p>\n<p>Frais de rappel selon les conditions g\u00e9n\u00e9rales de Powerpay (MF Group) : 1er rappel : Fr. 18.-, 2\u00e8me rappel: Fr. 28.-, 3\u00e8me rappel : Fr. 38.-, remise de l&rsquo;encaissement: Fr. 50.-, int\u00e9r\u00eats de retard 14,9%, frais d&rsquo;administration par facture (envoi par e-mail) gratuit, frais d&rsquo;administration par facture (envoi par courrier) Fr. 2.90.<\/p>\n<p><strong>10. Abonnements<\/strong><\/p>\n<p style=\"padding-left: 40px;\" data-start=\"3262\" data-end=\"3351\">Manskin.ch propose diff\u00e9rents mod\u00e8les d\u2019abonnement (Discover, Premium, My Abo).<br \/>\nEn souscrivant \u00e0 un abonnement, le client s\u2019engage \u00e0 recevoir r\u00e9guli\u00e8rement des produits conform\u00e9ment au mod\u00e8le choisi.<br \/>\nLes abonnements Discover et Premium peuvent \u00e9galement \u00eatre command\u00e9s une seule fois \u00e0 titre de test.<\/p>\n<p style=\"padding-left: 40px;\" data-start=\"3576\" data-end=\"3606\"><strong data-start=\"3576\" data-end=\"3604\">10.1 Intervalles de livraison<\/strong><\/p>\n<p style=\"padding-left: 40px;\" data-start=\"3612\" data-end=\"3721\">Le client peut d\u00e9finir l\u2019intervalle de livraison (par ex. tous les 2, 4 ou 6 mois) lors de la souscription.<br \/>\nLes modifications de l\u2019intervalle de livraison peuvent \u00eatre effectu\u00e9es \u00e0 tout moment via le compte client ou le service client\u00e8le.<\/p>\n<p style=\"padding-left: 40px;\" data-start=\"3864\" data-end=\"3889\"><strong data-start=\"3864\" data-end=\"3887\">10.2 Dur\u00e9e &amp; r\u00e9siliation<\/strong><\/p>\n<p style=\"padding-left: 40px;\" data-start=\"3895\" data-end=\"4056\">Les abonnements sont conclus pour une dur\u00e9e ind\u00e9termin\u00e9e et peuvent \u00eatre r\u00e9sili\u00e9s par le client \u00e0 tout moment, sans motif, pour la prochaine date de livraison. La r\u00e9siliation doit \u00eatre communiqu\u00e9e au plus tard 5 jours ouvrables avant la date d\u2019exp\u00e9dition suivante.<\/p>\n<p style=\"padding-left: 40px;\" data-start=\"4173\" data-end=\"4196\"><strong data-start=\"4173\" data-end=\"4194\">10.3 Prix &amp; r\u00e9ductions<\/strong><\/p>\n<p style=\"padding-left: 40px;\" data-start=\"4202\" data-end=\"4298\">Les prix d\u00e9pendent du mod\u00e8le d\u2019abonnement choisi (par ex. CHF 59.\u2013 ou CHF 99.\u2013 par livraison).<br \/>\nPour \u00ab My Abo \u00bb, les avantages de prix indiqu\u00e9s (10\u201315 % de r\u00e9duction) s\u2019appliquent.<br \/>\nManskin.ch se r\u00e9serve le droit de modifier les prix. Le client en sera inform\u00e9 au moins 30 jours \u00e0 l\u2019avance par \u00e9crit ou par e-mail.<\/p>\n<p style=\"padding-left: 40px;\" data-start=\"4535\" data-end=\"4588\"><strong data-start=\"4535\" data-end=\"4586\">10.4 Modifications de prix pour le mod\u00e8le \u00ab My Abo \u00bb<\/strong><\/p>\n<p style=\"padding-left: 40px;\" data-start=\"4594\" data-end=\"4729\">Les prix des produits dans le cadre de \u00ab My Abo \u00bb correspondent aux prix de vente en vigueur au moment de la commande sur Manskin.ch.<\/p>\n<p style=\"padding-left: 40px;\" data-start=\"4735\" data-end=\"4914\">Manskin.ch se r\u00e9serve le droit d\u2019adapter les prix en cas de changement des conditions du march\u00e9 (par ex. augmentation des prix d\u2019achat, des co\u00fbts de production ou de livraison).<\/p>\n<p style=\"padding-left: 40px;\" data-start=\"4920\" data-end=\"5058\">Toute modification de prix sera communiqu\u00e9e au client au moins 30 jours avant la prochaine livraison par e-mail ou via le compte client.<\/p>\n<p style=\"padding-left: 40px;\" data-start=\"5064\" data-end=\"5281\">Le client a le droit de r\u00e9silier l\u2019abonnement gratuitement en cas de modification de prix, au plus tard 5 jours ouvrables avant la prochaine exp\u00e9dition. Sans r\u00e9siliation, le nouveau prix est consid\u00e9r\u00e9 comme accept\u00e9.<\/p>\n<p style=\"padding-left: 40px;\" data-start=\"5286\" data-end=\"5300\"><strong data-start=\"5286\" data-end=\"5298\">10.5 Paiement<\/strong><\/p>\n<p style=\"padding-left: 40px;\" data-start=\"5306\" data-end=\"5386\">Le paiement s\u2019effectue toujours \u00e0 l\u2019avance avant l\u2019exp\u00e9dition de la livraison. Les modes de paiement accept\u00e9s sont indiqu\u00e9s sur le site internet.<\/p>\n<p style=\"padding-left: 40px;\" data-start=\"5465\" data-end=\"5501\"><strong data-start=\"5465\" data-end=\"5499\">10.6 Livraison &amp; frais d\u2019exp\u00e9dition<\/strong><\/p>\n<p style=\"padding-left: 40px;\" data-start=\"5507\" data-end=\"5640\">Les frais de livraison sont inclus dans le prix de l\u2019abonnement, sauf indication contraire (par ex. My Abo en dessous de CHF 59.\u2013, voir point 4). Les livraisons sont effectu\u00e9es \u00e0 l\u2019adresse indiqu\u00e9e par le client.<\/p>\n<p style=\"padding-left: 40px;\" data-start=\"5719\" data-end=\"5744\"><strong data-start=\"5719\" data-end=\"5742\">10.7 Abonnements d\u2019essai<\/strong><\/p>\n<p style=\"padding-left: 40px;\" data-start=\"5750\" data-end=\"5860\">Les abonnements Discover et Premium peuvent \u00eatre command\u00e9s une seule fois \u00e0 titre de test, sans renouvellement automatique. Si le client choisit ensuite de continuer avec un abonnement r\u00e9gulier, les conditions ci-dessus s\u2019appliquent.<\/p>\n<p style=\"padding-left: 40px;\" data-start=\"5982\" data-end=\"6017\"><strong data-start=\"5982\" data-end=\"6015\">10.8 Modifications de l\u2019abonnement<\/strong><\/p>\n<p style=\"padding-left: 40px;\" data-start=\"6023\" data-end=\"6181\">Les modifications de l\u2019abonnement (par ex. choix des produits, adresse de livraison, intervalle) peuvent \u00eatre effectu\u00e9es \u00e0 tout moment via le compte client.<br \/>\nManskin.ch se r\u00e9serve le droit d\u2019adapter les produits propos\u00e9s dans le cadre d\u2019un abonnement si un article n\u2019est plus disponible.<\/p>\n<p><strong>11. Droit de r\u00e9traction<\/strong><br \/>\nVous disposez d&rsquo;un d\u00e9lai de 14\u00a0jours francs \u00e0 compter de la date de r\u00e9ception pour retourner les produits command\u00e9s pour remboursement. Les produits doivent imp\u00e9rativement \u00eatre retourn\u00e9s dans un parfait \u00e9tait de revente et dans leur \u00e9tat d&rsquo;origine. Les frais de renvoi sont \u00e0 la charge de l&rsquo;acheteur.<\/p>\n<p><strong>12. R\u00e9serve de propri\u00e9t\u00e9<\/strong><br \/>\nMinelli\u00a0Lifestyle GmbH conserve la propri\u00e9t\u00e9 pleine et enti\u00e8re des produits vendus jusqu&rsquo;au parfait encaissement du prix.<\/p>\n<p><strong>13. Protection et s\u00e9curit\u00e9 des donn\u00e9es<\/strong><br \/>\nVos donn\u00e9es seront utilis\u00e9es et trait\u00e9es exclusivement dans le cadre des lois applicables en mati\u00e8re de protection des donn\u00e9es et ne seront en aucun cas transmises \u00e0 des tiers.<\/p>\n","protected":false},"excerpt":{"rendered":"<p>1. Validit\u00e9 Nos offres sont valables en Suisse. Les prix indiqu\u00e9s sont en Francs Suisse et incluent la TVA et sont valables jusqu`\u00e0 la publication de l&rsquo;offre suivante. Erreurs et variations de prix sous r\u00e9serve. 2. Commande Avec votre commande vous indiquez votre accord \u00e0 nos termes et conditions. Apr\u00e8s validation de votre commande vous &#8230; <a title=\"Conditions g\u00e9n\u00e9rales d&rsquo;affaires\" class=\"read-more\" href=\"https:\/\/manskin.ch\/fr\/impressum\/allgemeine-geschaeftsbedingungen\/\" aria-label=\"En savoir plus sur Conditions g\u00e9n\u00e9rales d&rsquo;affaires\">Lire la suite<\/a><\/p>\n","protected":false},"author":1,"featured_media":0,"parent":258,"menu_order":0,"comment_status":"closed","ping_status":"closed","template":"","meta":{"_acf_changed":false,"footnotes":""},"class_list":["post-9530","page","type-page","status-publish"],"acf":[],"yoast_head":"<!-- This site is optimized with the Yoast SEO Premium plugin v27.3 (Yoast SEO v27.3) - https:\/\/yoast.com\/product\/yoast-seo-premium-wordpress\/ -->\n<title>Conditions g\u00e9n\u00e9rales d&#039;affaires | Manskin.ch<\/title>\n<meta name=\"description\" content=\"D\u00e9couvrez toutes les conditions g\u00e9n\u00e9rales de vente de manskin.ch. En passant commande, vous acceptez nos conditions g\u00e9n\u00e9rales.\" \/>\n<meta name=\"robots\" content=\"index, follow, max-snippet:-1, max-image-preview:large, max-video-preview:-1\" \/>\n<link rel=\"canonical\" href=\"https:\/\/manskin.ch\/fr\/impressum\/allgemeine-geschaeftsbedingungen\/\" \/>\n<meta property=\"og:locale\" content=\"fr_FR\" \/>\n<meta property=\"og:type\" content=\"article\" \/>\n<meta property=\"og:title\" content=\"Conditions g\u00e9n\u00e9rales d&#039;affaires\" \/>\n<meta property=\"og:description\" content=\"D\u00e9couvrez toutes les conditions g\u00e9n\u00e9rales de vente de manskin.ch. En passant commande, vous acceptez nos conditions g\u00e9n\u00e9rales.\" \/>\n<meta property=\"og:url\" content=\"https:\/\/manskin.ch\/fr\/impressum\/allgemeine-geschaeftsbedingungen\/\" \/>\n<meta property=\"og:site_name\" content=\"Manskin.ch\" \/>\n<meta property=\"article:publisher\" content=\"https:\/\/www.facebook.com\/manskin.ch\" \/>\n<meta property=\"article:modified_time\" content=\"2025-10-31T10:39:29+00:00\" \/>\n<meta name=\"twitter:card\" content=\"summary_large_image\" \/>\n<meta name=\"twitter:label1\" content=\"Dur\u00e9e de lecture estim\u00e9e\" \/>\n\t<meta name=\"twitter:data1\" content=\"7 minutes\" \/>\n<script type=\"application\/ld+json\" class=\"yoast-schema-graph\">{\"@context\":\"https:\\\/\\\/schema.org\",\"@graph\":[{\"@type\":\"WebPage\",\"@id\":\"https:\\\/\\\/manskin.ch\\\/fr\\\/impressum\\\/allgemeine-geschaeftsbedingungen\\\/\",\"url\":\"https:\\\/\\\/manskin.ch\\\/fr\\\/impressum\\\/allgemeine-geschaeftsbedingungen\\\/\",\"name\":\"Conditions g\u00e9n\u00e9rales d'affaires | Manskin.ch\",\"isPartOf\":{\"@id\":\"https:\\\/\\\/manskin.ch\\\/fr\\\/#website\"},\"datePublished\":\"2022-01-08T16:22:53+00:00\",\"dateModified\":\"2025-10-31T10:39:29+00:00\",\"description\":\"D\u00e9couvrez toutes les conditions g\u00e9n\u00e9rales de vente de manskin.ch. En passant commande, vous acceptez nos conditions g\u00e9n\u00e9rales.\",\"breadcrumb\":{\"@id\":\"https:\\\/\\\/manskin.ch\\\/fr\\\/impressum\\\/allgemeine-geschaeftsbedingungen\\\/#breadcrumb\"},\"inLanguage\":\"fr-FR\",\"potentialAction\":[{\"@type\":\"ReadAction\",\"target\":[\"https:\\\/\\\/manskin.ch\\\/fr\\\/impressum\\\/allgemeine-geschaeftsbedingungen\\\/\"]}]},{\"@type\":\"BreadcrumbList\",\"@id\":\"https:\\\/\\\/manskin.ch\\\/fr\\\/impressum\\\/allgemeine-geschaeftsbedingungen\\\/#breadcrumb\",\"itemListElement\":[{\"@type\":\"ListItem\",\"position\":1,\"name\":\"Startseite\",\"item\":\"https:\\\/\\\/manskin.ch\\\/fr\\\/\"},{\"@type\":\"ListItem\",\"position\":2,\"name\":\"Impressum\",\"item\":\"https:\\\/\\\/manskin.ch\\\/fr\\\/impressum\\\/\"},{\"@type\":\"ListItem\",\"position\":3,\"name\":\"Conditions g\u00e9n\u00e9rales d&#8217;affaires\"}]},{\"@type\":\"WebSite\",\"@id\":\"https:\\\/\\\/manskin.ch\\\/fr\\\/#website\",\"url\":\"https:\\\/\\\/manskin.ch\\\/fr\\\/\",\"name\":\"Manskin.ch\",\"description\":\"Tous les produits de beaut\u00e9 pour les hommes les plus exigeants\",\"publisher\":{\"@id\":\"https:\\\/\\\/manskin.ch\\\/fr\\\/#organization\"},\"potentialAction\":[{\"@type\":\"SearchAction\",\"target\":{\"@type\":\"EntryPoint\",\"urlTemplate\":\"https:\\\/\\\/manskin.ch\\\/fr\\\/?s={search_term_string}\"},\"query-input\":{\"@type\":\"PropertyValueSpecification\",\"valueRequired\":true,\"valueName\":\"search_term_string\"}}],\"inLanguage\":\"fr-FR\"},{\"@type\":\"Organization\",\"@id\":\"https:\\\/\\\/manskin.ch\\\/fr\\\/#organization\",\"name\":\"Manskin.ch - der Schweizer Onlineshop f\u00fcr qualit\u00e4tsstarke M\u00e4nnerpflege\",\"url\":\"https:\\\/\\\/manskin.ch\\\/fr\\\/\",\"logo\":{\"@type\":\"ImageObject\",\"inLanguage\":\"fr-FR\",\"@id\":\"https:\\\/\\\/manskin.ch\\\/fr\\\/#\\\/schema\\\/logo\\\/image\\\/\",\"url\":\"https:\\\/\\\/manskin.ch\\\/wp-content\\\/uploads\\\/2021\\\/04\\\/cropped-logo_head.png\",\"contentUrl\":\"https:\\\/\\\/manskin.ch\\\/wp-content\\\/uploads\\\/2021\\\/04\\\/cropped-logo_head.png\",\"width\":235,\"height\":75,\"caption\":\"Manskin.ch - der Schweizer Onlineshop f\u00fcr qualit\u00e4tsstarke M\u00e4nnerpflege\"},\"image\":{\"@id\":\"https:\\\/\\\/manskin.ch\\\/fr\\\/#\\\/schema\\\/logo\\\/image\\\/\"},\"sameAs\":[\"https:\\\/\\\/www.facebook.com\\\/manskin.ch\",\"https:\\\/\\\/www.instagram.com\\\/manskin.ch\\\/\"]}]}<\/script>\n<!-- \/ Yoast SEO Premium plugin. -->","yoast_head_json":{"title":"Conditions g\u00e9n\u00e9rales d'affaires | Manskin.ch","description":"D\u00e9couvrez toutes les conditions g\u00e9n\u00e9rales de vente de manskin.ch. En passant commande, vous acceptez nos conditions g\u00e9n\u00e9rales.","robots":{"index":"index","follow":"follow","max-snippet":"max-snippet:-1","max-image-preview":"max-image-preview:large","max-video-preview":"max-video-preview:-1"},"canonical":"https:\/\/manskin.ch\/fr\/impressum\/allgemeine-geschaeftsbedingungen\/","og_locale":"fr_FR","og_type":"article","og_title":"Conditions g\u00e9n\u00e9rales d'affaires","og_description":"D\u00e9couvrez toutes les conditions g\u00e9n\u00e9rales de vente de manskin.ch. En passant commande, vous acceptez nos conditions g\u00e9n\u00e9rales.","og_url":"https:\/\/manskin.ch\/fr\/impressum\/allgemeine-geschaeftsbedingungen\/","og_site_name":"Manskin.ch","article_publisher":"https:\/\/www.facebook.com\/manskin.ch","article_modified_time":"2025-10-31T10:39:29+00:00","twitter_card":"summary_large_image","twitter_misc":{"Dur\u00e9e de lecture estim\u00e9e":"7 minutes"},"schema":{"@context":"https:\/\/schema.org","@graph":[{"@type":"WebPage","@id":"https:\/\/manskin.ch\/fr\/impressum\/allgemeine-geschaeftsbedingungen\/","url":"https:\/\/manskin.ch\/fr\/impressum\/allgemeine-geschaeftsbedingungen\/","name":"Conditions g\u00e9n\u00e9rales d'affaires | Manskin.ch","isPartOf":{"@id":"https:\/\/manskin.ch\/fr\/#website"},"datePublished":"2022-01-08T16:22:53+00:00","dateModified":"2025-10-31T10:39:29+00:00","description":"D\u00e9couvrez toutes les conditions g\u00e9n\u00e9rales de vente de manskin.ch. En passant commande, vous acceptez nos conditions g\u00e9n\u00e9rales.","breadcrumb":{"@id":"https:\/\/manskin.ch\/fr\/impressum\/allgemeine-geschaeftsbedingungen\/#breadcrumb"},"inLanguage":"fr-FR","potentialAction":[{"@type":"ReadAction","target":["https:\/\/manskin.ch\/fr\/impressum\/allgemeine-geschaeftsbedingungen\/"]}]},{"@type":"BreadcrumbList","@id":"https:\/\/manskin.ch\/fr\/impressum\/allgemeine-geschaeftsbedingungen\/#breadcrumb","itemListElement":[{"@type":"ListItem","position":1,"name":"Startseite","item":"https:\/\/manskin.ch\/fr\/"},{"@type":"ListItem","position":2,"name":"Impressum","item":"https:\/\/manskin.ch\/fr\/impressum\/"},{"@type":"ListItem","position":3,"name":"Conditions g\u00e9n\u00e9rales d&#8217;affaires"}]},{"@type":"WebSite","@id":"https:\/\/manskin.ch\/fr\/#website","url":"https:\/\/manskin.ch\/fr\/","name":"Manskin.ch","description":"Tous les produits de beaut\u00e9 pour les hommes les plus exigeants","publisher":{"@id":"https:\/\/manskin.ch\/fr\/#organization"},"potentialAction":[{"@type":"SearchAction","target":{"@type":"EntryPoint","urlTemplate":"https:\/\/manskin.ch\/fr\/?s={search_term_string}"},"query-input":{"@type":"PropertyValueSpecification","valueRequired":true,"valueName":"search_term_string"}}],"inLanguage":"fr-FR"},{"@type":"Organization","@id":"https:\/\/manskin.ch\/fr\/#organization","name":"Manskin.ch - der Schweizer Onlineshop f\u00fcr qualit\u00e4tsstarke M\u00e4nnerpflege","url":"https:\/\/manskin.ch\/fr\/","logo":{"@type":"ImageObject","inLanguage":"fr-FR","@id":"https:\/\/manskin.ch\/fr\/#\/schema\/logo\/image\/","url":"https:\/\/manskin.ch\/wp-content\/uploads\/2021\/04\/cropped-logo_head.png","contentUrl":"https:\/\/manskin.ch\/wp-content\/uploads\/2021\/04\/cropped-logo_head.png","width":235,"height":75,"caption":"Manskin.ch - der Schweizer Onlineshop f\u00fcr qualit\u00e4tsstarke M\u00e4nnerpflege"},"image":{"@id":"https:\/\/manskin.ch\/fr\/#\/schema\/logo\/image\/"},"sameAs":["https:\/\/www.facebook.com\/manskin.ch","https:\/\/www.instagram.com\/manskin.ch\/"]}]}},"_links":{"self":[{"href":"https:\/\/manskin.ch\/fr\/wp-json\/wp\/v2\/pages\/9530","targetHints":{"allow":["GET"]}}],"collection":[{"href":"https:\/\/manskin.ch\/fr\/wp-json\/wp\/v2\/pages"}],"about":[{"href":"https:\/\/manskin.ch\/fr\/wp-json\/wp\/v2\/types\/page"}],"author":[{"embeddable":true,"href":"https:\/\/manskin.ch\/fr\/wp-json\/wp\/v2\/users\/1"}],"replies":[{"embeddable":true,"href":"https:\/\/manskin.ch\/fr\/wp-json\/wp\/v2\/comments?post=9530"}],"version-history":[{"count":0,"href":"https:\/\/manskin.ch\/fr\/wp-json\/wp\/v2\/pages\/9530\/revisions"}],"up":[{"embeddable":true,"href":"https:\/\/manskin.ch\/fr\/wp-json\/wp\/v2\/pages\/258"}],"wp:attachment":[{"href":"https:\/\/manskin.ch\/fr\/wp-json\/wp\/v2\/media?parent=9530"}],"curies":[{"name":"wp","href":"https:\/\/api.w.org\/{rel}","templated":true}]}}