{"id":9488,"date":"2022-01-08T17:16:46","date_gmt":"2022-01-08T16:16:46","guid":{"rendered":"https:\/\/manskin.ch\/blog\/?page_id=9488"},"modified":"2025-09-11T11:31:01","modified_gmt":"2025-09-11T09:31:01","slug":"conditions-dexpedition-et-de-paiement","status":"publish","type":"page","link":"https:\/\/manskin.ch\/fr\/impressum\/conditions-dexpedition-et-de-paiement\/","title":{"rendered":"Conditions d&rsquo;exp\u00e9dition et de paiement"},"content":{"rendered":"<h3><strong>Exp\u00e9dition<\/strong><\/h3>\n<p>Nos colis sont exp\u00e9di\u00e9s par la Poste suisse.<br \/>\nLes frais de port sont de Fr. 5.90 en courier B et Fr. 7.90 en courier A pour les commandes inf\u00e9rieures \u00e0 Fr. 59.-.<br \/>\nA partir de Fr. 59.- l&rsquo;exp\u00e9dition est gratuite (envoi par courier B). Si vous souhaitez la livraison en courier A, un suppl\u00e9ment de Fr. 3.- est factur\u00e9.<\/p>\n<p>D\u00e8s la r\u00e9ception de votre commande, votre colis est pr\u00e9par\u00e9 et exp\u00e9di\u00e9 dans les 24 heures.<\/p>\n<p>Le d\u00e9lai de livraison est de 2-3 jours ouvrables en courier B et de 1-2 jours ouvrables en courier A.<\/p>\n<p>Exp\u00e9dition internationale:<br \/>\nnous exp\u00e9dions \u00e0 l&rsquo;\u00e9tranger uniquement sur demande. Contactez-nous s&rsquo;il vous pla\u00eet.<\/p>\n<h3><strong>Moyens de paiement<\/strong><\/h3>\n<p>Les commandes pass\u00e9es via le site www.manskin.ch doivent \u00eatre pay\u00e9es \u00e0 l&rsquo;avance en utilisant les moyens de paiement indiqu\u00e9s sur le site. Les moyens de paiement suivants sont \u00e0 votre disposition : Carte de cr\u00e9dit, Twint, PayPal, PostCard, paiement anticip\u00e9, facture (par notre partenaire Powerpay avec contr\u00f4le de solvabilit\u00e9. Voici le lien de leur CGV ainsi que leur frais de rappel:\u00a0<a href=\"https:\/\/terms.mfgroup.ch\/agbfiles\/Powerpay_Checkout_fr.pdf\" target=\"_blank\" rel=\"noopener\">https:\/\/terms.mfgroup.ch\/agbfiles\/Powerpay_Checkout_fr.pdf<\/a>).<br \/>\nEn cas de pr\u00e9paiement, vous recevrez les d\u00e9tails du compte de Manskin.ch avec l&rsquo;e-mail de confirmation une fois la commande termin\u00e9e.<\/p>\n","protected":false},"excerpt":{"rendered":"<p>Exp\u00e9dition Nos colis sont exp\u00e9di\u00e9s par la Poste suisse. Les frais de port sont de Fr. 5.90 en courier B et Fr. 7.90 en courier A pour les commandes inf\u00e9rieures \u00e0 Fr. 59.-. A partir de Fr. 59.- l&rsquo;exp\u00e9dition est gratuite (envoi par courier B). Si vous souhaitez la livraison en courier A, un suppl\u00e9ment &#8230; <a title=\"Conditions d&rsquo;exp\u00e9dition et de paiement\" class=\"read-more\" href=\"https:\/\/manskin.ch\/fr\/impressum\/conditions-dexpedition-et-de-paiement\/\" aria-label=\"En savoir plus sur Conditions d&rsquo;exp\u00e9dition et de paiement\">Lire la suite<\/a><\/p>\n","protected":false},"author":175,"featured_media":0,"parent":258,"menu_order":0,"comment_status":"closed","ping_status":"closed","template":"","meta":{"_acf_changed":false,"footnotes":""},"class_list":["post-9488","page","type-page","status-publish"],"acf":[],"yoast_head":"<!-- This site is optimized with the Yoast SEO Premium plugin v27.3 (Yoast SEO v27.3) - https:\/\/yoast.com\/product\/yoast-seo-premium-wordpress\/ -->\n<title>Conditions d&#039;exp\u00e9dition et de paiement | Manskin.ch<\/title>\n<meta name=\"robots\" content=\"index, follow, max-snippet:-1, max-image-preview:large, max-video-preview:-1\" \/>\n<link rel=\"canonical\" href=\"https:\/\/manskin.ch\/fr\/impressum\/conditions-dexpedition-et-de-paiement\/\" \/>\n<meta property=\"og:locale\" content=\"fr_FR\" \/>\n<meta property=\"og:type\" content=\"article\" \/>\n<meta property=\"og:title\" content=\"Conditions d&#039;exp\u00e9dition et de paiement\" \/>\n<meta property=\"og:description\" content=\"Exp\u00e9dition Nos colis sont exp\u00e9di\u00e9s par la Poste suisse. Les frais de port sont de Fr. 5.90 en courier B et Fr. 7.90 en courier A pour les commandes inf\u00e9rieures \u00e0 Fr. 59.-. A partir de Fr. 59.- l&rsquo;exp\u00e9dition est gratuite (envoi par courier B). Si vous souhaitez la livraison en courier A, un suppl\u00e9ment ... Lire la suite\" \/>\n<meta property=\"og:url\" content=\"https:\/\/manskin.ch\/fr\/impressum\/conditions-dexpedition-et-de-paiement\/\" \/>\n<meta property=\"og:site_name\" content=\"Manskin.ch\" \/>\n<meta property=\"article:publisher\" content=\"https:\/\/www.facebook.com\/manskin.ch\" \/>\n<meta property=\"article:modified_time\" content=\"2025-09-11T09:31:01+00:00\" \/>\n<meta name=\"twitter:card\" content=\"summary_large_image\" \/>\n<meta name=\"twitter:label1\" content=\"Dur\u00e9e de lecture estim\u00e9e\" \/>\n\t<meta name=\"twitter:data1\" content=\"2 minutes\" \/>\n<script type=\"application\/ld+json\" class=\"yoast-schema-graph\">{\"@context\":\"https:\\\/\\\/schema.org\",\"@graph\":[{\"@type\":\"WebPage\",\"@id\":\"https:\\\/\\\/manskin.ch\\\/fr\\\/impressum\\\/conditions-dexpedition-et-de-paiement\\\/\",\"url\":\"https:\\\/\\\/manskin.ch\\\/fr\\\/impressum\\\/conditions-dexpedition-et-de-paiement\\\/\",\"name\":\"Conditions d'exp\u00e9dition et de paiement | Manskin.ch\",\"isPartOf\":{\"@id\":\"https:\\\/\\\/manskin.ch\\\/fr\\\/#website\"},\"datePublished\":\"2022-01-08T16:16:46+00:00\",\"dateModified\":\"2025-09-11T09:31:01+00:00\",\"breadcrumb\":{\"@id\":\"https:\\\/\\\/manskin.ch\\\/fr\\\/impressum\\\/conditions-dexpedition-et-de-paiement\\\/#breadcrumb\"},\"inLanguage\":\"fr-FR\",\"potentialAction\":[{\"@type\":\"ReadAction\",\"target\":[\"https:\\\/\\\/manskin.ch\\\/fr\\\/impressum\\\/conditions-dexpedition-et-de-paiement\\\/\"]}]},{\"@type\":\"BreadcrumbList\",\"@id\":\"https:\\\/\\\/manskin.ch\\\/fr\\\/impressum\\\/conditions-dexpedition-et-de-paiement\\\/#breadcrumb\",\"itemListElement\":[{\"@type\":\"ListItem\",\"position\":1,\"name\":\"Startseite\",\"item\":\"https:\\\/\\\/manskin.ch\\\/fr\\\/\"},{\"@type\":\"ListItem\",\"position\":2,\"name\":\"Impressum\",\"item\":\"https:\\\/\\\/manskin.ch\\\/fr\\\/impressum\\\/\"},{\"@type\":\"ListItem\",\"position\":3,\"name\":\"Conditions d&#8217;exp\u00e9dition et de paiement\"}]},{\"@type\":\"WebSite\",\"@id\":\"https:\\\/\\\/manskin.ch\\\/fr\\\/#website\",\"url\":\"https:\\\/\\\/manskin.ch\\\/fr\\\/\",\"name\":\"Manskin.ch\",\"description\":\"Tous les produits de beaut\u00e9 pour les hommes les plus exigeants\",\"publisher\":{\"@id\":\"https:\\\/\\\/manskin.ch\\\/fr\\\/#organization\"},\"potentialAction\":[{\"@type\":\"SearchAction\",\"target\":{\"@type\":\"EntryPoint\",\"urlTemplate\":\"https:\\\/\\\/manskin.ch\\\/fr\\\/?s={search_term_string}\"},\"query-input\":{\"@type\":\"PropertyValueSpecification\",\"valueRequired\":true,\"valueName\":\"search_term_string\"}}],\"inLanguage\":\"fr-FR\"},{\"@type\":\"Organization\",\"@id\":\"https:\\\/\\\/manskin.ch\\\/fr\\\/#organization\",\"name\":\"Manskin.ch - der Schweizer Onlineshop f\u00fcr qualit\u00e4tsstarke M\u00e4nnerpflege\",\"url\":\"https:\\\/\\\/manskin.ch\\\/fr\\\/\",\"logo\":{\"@type\":\"ImageObject\",\"inLanguage\":\"fr-FR\",\"@id\":\"https:\\\/\\\/manskin.ch\\\/fr\\\/#\\\/schema\\\/logo\\\/image\\\/\",\"url\":\"https:\\\/\\\/manskin.ch\\\/wp-content\\\/uploads\\\/2021\\\/04\\\/cropped-logo_head.png\",\"contentUrl\":\"https:\\\/\\\/manskin.ch\\\/wp-content\\\/uploads\\\/2021\\\/04\\\/cropped-logo_head.png\",\"width\":235,\"height\":75,\"caption\":\"Manskin.ch - der Schweizer Onlineshop f\u00fcr qualit\u00e4tsstarke M\u00e4nnerpflege\"},\"image\":{\"@id\":\"https:\\\/\\\/manskin.ch\\\/fr\\\/#\\\/schema\\\/logo\\\/image\\\/\"},\"sameAs\":[\"https:\\\/\\\/www.facebook.com\\\/manskin.ch\",\"https:\\\/\\\/www.instagram.com\\\/manskin.ch\\\/\"]}]}<\/script>\n<!-- \/ Yoast SEO Premium plugin. -->","yoast_head_json":{"title":"Conditions d'exp\u00e9dition et de paiement | Manskin.ch","robots":{"index":"index","follow":"follow","max-snippet":"max-snippet:-1","max-image-preview":"max-image-preview:large","max-video-preview":"max-video-preview:-1"},"canonical":"https:\/\/manskin.ch\/fr\/impressum\/conditions-dexpedition-et-de-paiement\/","og_locale":"fr_FR","og_type":"article","og_title":"Conditions d'exp\u00e9dition et de paiement","og_description":"Exp\u00e9dition Nos colis sont exp\u00e9di\u00e9s par la Poste suisse. Les frais de port sont de Fr. 5.90 en courier B et Fr. 7.90 en courier A pour les commandes inf\u00e9rieures \u00e0 Fr. 59.-. A partir de Fr. 59.- l&rsquo;exp\u00e9dition est gratuite (envoi par courier B). Si vous souhaitez la livraison en courier A, un suppl\u00e9ment ... Lire la suite","og_url":"https:\/\/manskin.ch\/fr\/impressum\/conditions-dexpedition-et-de-paiement\/","og_site_name":"Manskin.ch","article_publisher":"https:\/\/www.facebook.com\/manskin.ch","article_modified_time":"2025-09-11T09:31:01+00:00","twitter_card":"summary_large_image","twitter_misc":{"Dur\u00e9e de lecture estim\u00e9e":"2 minutes"},"schema":{"@context":"https:\/\/schema.org","@graph":[{"@type":"WebPage","@id":"https:\/\/manskin.ch\/fr\/impressum\/conditions-dexpedition-et-de-paiement\/","url":"https:\/\/manskin.ch\/fr\/impressum\/conditions-dexpedition-et-de-paiement\/","name":"Conditions d'exp\u00e9dition et de paiement | Manskin.ch","isPartOf":{"@id":"https:\/\/manskin.ch\/fr\/#website"},"datePublished":"2022-01-08T16:16:46+00:00","dateModified":"2025-09-11T09:31:01+00:00","breadcrumb":{"@id":"https:\/\/manskin.ch\/fr\/impressum\/conditions-dexpedition-et-de-paiement\/#breadcrumb"},"inLanguage":"fr-FR","potentialAction":[{"@type":"ReadAction","target":["https:\/\/manskin.ch\/fr\/impressum\/conditions-dexpedition-et-de-paiement\/"]}]},{"@type":"BreadcrumbList","@id":"https:\/\/manskin.ch\/fr\/impressum\/conditions-dexpedition-et-de-paiement\/#breadcrumb","itemListElement":[{"@type":"ListItem","position":1,"name":"Startseite","item":"https:\/\/manskin.ch\/fr\/"},{"@type":"ListItem","position":2,"name":"Impressum","item":"https:\/\/manskin.ch\/fr\/impressum\/"},{"@type":"ListItem","position":3,"name":"Conditions d&#8217;exp\u00e9dition et de paiement"}]},{"@type":"WebSite","@id":"https:\/\/manskin.ch\/fr\/#website","url":"https:\/\/manskin.ch\/fr\/","name":"Manskin.ch","description":"Tous les produits de beaut\u00e9 pour les hommes les plus exigeants","publisher":{"@id":"https:\/\/manskin.ch\/fr\/#organization"},"potentialAction":[{"@type":"SearchAction","target":{"@type":"EntryPoint","urlTemplate":"https:\/\/manskin.ch\/fr\/?s={search_term_string}"},"query-input":{"@type":"PropertyValueSpecification","valueRequired":true,"valueName":"search_term_string"}}],"inLanguage":"fr-FR"},{"@type":"Organization","@id":"https:\/\/manskin.ch\/fr\/#organization","name":"Manskin.ch - der Schweizer Onlineshop f\u00fcr qualit\u00e4tsstarke M\u00e4nnerpflege","url":"https:\/\/manskin.ch\/fr\/","logo":{"@type":"ImageObject","inLanguage":"fr-FR","@id":"https:\/\/manskin.ch\/fr\/#\/schema\/logo\/image\/","url":"https:\/\/manskin.ch\/wp-content\/uploads\/2021\/04\/cropped-logo_head.png","contentUrl":"https:\/\/manskin.ch\/wp-content\/uploads\/2021\/04\/cropped-logo_head.png","width":235,"height":75,"caption":"Manskin.ch - der Schweizer Onlineshop f\u00fcr qualit\u00e4tsstarke M\u00e4nnerpflege"},"image":{"@id":"https:\/\/manskin.ch\/fr\/#\/schema\/logo\/image\/"},"sameAs":["https:\/\/www.facebook.com\/manskin.ch","https:\/\/www.instagram.com\/manskin.ch\/"]}]}},"_links":{"self":[{"href":"https:\/\/manskin.ch\/fr\/wp-json\/wp\/v2\/pages\/9488","targetHints":{"allow":["GET"]}}],"collection":[{"href":"https:\/\/manskin.ch\/fr\/wp-json\/wp\/v2\/pages"}],"about":[{"href":"https:\/\/manskin.ch\/fr\/wp-json\/wp\/v2\/types\/page"}],"author":[{"embeddable":true,"href":"https:\/\/manskin.ch\/fr\/wp-json\/wp\/v2\/users\/175"}],"replies":[{"embeddable":true,"href":"https:\/\/manskin.ch\/fr\/wp-json\/wp\/v2\/comments?post=9488"}],"version-history":[{"count":0,"href":"https:\/\/manskin.ch\/fr\/wp-json\/wp\/v2\/pages\/9488\/revisions"}],"up":[{"embeddable":true,"href":"https:\/\/manskin.ch\/fr\/wp-json\/wp\/v2\/pages\/258"}],"wp:attachment":[{"href":"https:\/\/manskin.ch\/fr\/wp-json\/wp\/v2\/media?parent=9488"}],"curies":[{"name":"wp","href":"https:\/\/api.w.org\/{rel}","templated":true}]}}