{"id":258,"date":"2021-06-24T18:34:32","date_gmt":"2021-06-24T16:34:32","guid":{"rendered":"https:\/\/manskin.ch\/blog\/impressum\/"},"modified":"2025-11-10T20:46:36","modified_gmt":"2025-11-10T19:46:36","slug":"impressum","status":"publish","type":"page","link":"https:\/\/manskin.ch\/fr\/impressum\/","title":{"rendered":"Impressum"},"content":{"rendered":"<h1><\/h1>\n<p>Manskin.ch est l&rsquo;activit\u00e9 E-commerce de la soci\u00e9t\u00e9 Minelli Lifestyle GmbH, fond\u00e9e en juillet 2000. Son activit\u00e9 est le commerce et la distribution de produits de beaut\u00e9 et de style de vie sur Internet. La directrice g\u00e9n\u00e9rale est Sylvie Minelli.<br \/>\nLe si\u00e8ge est \u00e0 Fribourg.<\/p>\n<p><strong>Minelli Lifestyle GmbH<\/strong><br \/>\nrte. de Champ du Mont 4<br \/>\nCH &#8211; 1754\u00a0Avry-sur-Matran<br \/>\nTel: ++41 78 252 65 83<br \/>\nMail: info@manskin.ch<\/p>\n","protected":false},"excerpt":{"rendered":"<p>Manskin.ch est l&rsquo;activit\u00e9 E-commerce de la soci\u00e9t\u00e9 Minelli Lifestyle GmbH, fond\u00e9e en juillet 2000. Son activit\u00e9 est le commerce et la distribution de produits de beaut\u00e9 et de style de vie sur Internet. La directrice g\u00e9n\u00e9rale est Sylvie Minelli. Le si\u00e8ge est \u00e0 Fribourg. Minelli Lifestyle GmbH rte. de Champ du Mont 4 CH &#8211; &#8230; <a title=\"Impressum\" class=\"read-more\" href=\"https:\/\/manskin.ch\/fr\/impressum\/\" aria-label=\"En savoir plus sur Impressum\">Lire la suite<\/a><\/p>\n","protected":false},"author":175,"featured_media":0,"parent":0,"menu_order":0,"comment_status":"closed","ping_status":"closed","template":"","meta":{"_acf_changed":false,"footnotes":""},"class_list":["post-258","page","type-page","status-publish"],"acf":[],"yoast_head":"<!-- This site is optimized with the Yoast SEO Premium plugin v27.3 (Yoast SEO v27.3) - https:\/\/yoast.com\/product\/yoast-seo-premium-wordpress\/ -->\n<title>Impressum | Manskin.ch<\/title>\n<meta name=\"robots\" content=\"index, follow, max-snippet:-1, max-image-preview:large, max-video-preview:-1\" \/>\n<link rel=\"canonical\" href=\"https:\/\/manskin.ch\/fr\/impressum\/\" \/>\n<meta property=\"og:locale\" content=\"fr_FR\" \/>\n<meta property=\"og:type\" content=\"article\" \/>\n<meta property=\"og:title\" content=\"Impressum\" \/>\n<meta property=\"og:description\" content=\"Manskin.ch est l&rsquo;activit\u00e9 E-commerce de la soci\u00e9t\u00e9 Minelli Lifestyle GmbH, fond\u00e9e en juillet 2000. Son activit\u00e9 est le commerce et la distribution de produits de beaut\u00e9 et de style de vie sur Internet. La directrice g\u00e9n\u00e9rale est Sylvie Minelli. Le si\u00e8ge est \u00e0 Fribourg. Minelli Lifestyle GmbH rte. de Champ du Mont 4 CH &#8211; ... Lire la suite\" \/>\n<meta property=\"og:url\" content=\"https:\/\/manskin.ch\/fr\/impressum\/\" \/>\n<meta property=\"og:site_name\" content=\"Manskin.ch\" \/>\n<meta property=\"article:publisher\" content=\"https:\/\/www.facebook.com\/manskin.ch\" \/>\n<meta property=\"article:modified_time\" content=\"2025-11-10T19:46:36+00:00\" \/>\n<meta name=\"twitter:card\" content=\"summary_large_image\" \/>\n<meta name=\"twitter:label1\" content=\"Dur\u00e9e de lecture estim\u00e9e\" \/>\n\t<meta name=\"twitter:data1\" content=\"1 minute\" \/>\n<script type=\"application\/ld+json\" class=\"yoast-schema-graph\">{\"@context\":\"https:\\\/\\\/schema.org\",\"@graph\":[{\"@type\":\"WebPage\",\"@id\":\"https:\\\/\\\/manskin.ch\\\/fr\\\/impressum\\\/\",\"url\":\"https:\\\/\\\/manskin.ch\\\/fr\\\/impressum\\\/\",\"name\":\"Impressum | Manskin.ch\",\"isPartOf\":{\"@id\":\"https:\\\/\\\/manskin.ch\\\/fr\\\/#website\"},\"datePublished\":\"2021-06-24T16:34:32+00:00\",\"dateModified\":\"2025-11-10T19:46:36+00:00\",\"breadcrumb\":{\"@id\":\"https:\\\/\\\/manskin.ch\\\/fr\\\/impressum\\\/#breadcrumb\"},\"inLanguage\":\"fr-FR\",\"potentialAction\":[{\"@type\":\"ReadAction\",\"target\":[\"https:\\\/\\\/manskin.ch\\\/fr\\\/impressum\\\/\"]}]},{\"@type\":\"BreadcrumbList\",\"@id\":\"https:\\\/\\\/manskin.ch\\\/fr\\\/impressum\\\/#breadcrumb\",\"itemListElement\":[{\"@type\":\"ListItem\",\"position\":1,\"name\":\"Startseite\",\"item\":\"https:\\\/\\\/manskin.ch\\\/fr\\\/\"},{\"@type\":\"ListItem\",\"position\":2,\"name\":\"Impressum\"}]},{\"@type\":\"WebSite\",\"@id\":\"https:\\\/\\\/manskin.ch\\\/fr\\\/#website\",\"url\":\"https:\\\/\\\/manskin.ch\\\/fr\\\/\",\"name\":\"Manskin.ch\",\"description\":\"Tous les produits de beaut\u00e9 pour les hommes les plus exigeants\",\"publisher\":{\"@id\":\"https:\\\/\\\/manskin.ch\\\/fr\\\/#organization\"},\"potentialAction\":[{\"@type\":\"SearchAction\",\"target\":{\"@type\":\"EntryPoint\",\"urlTemplate\":\"https:\\\/\\\/manskin.ch\\\/fr\\\/?s={search_term_string}\"},\"query-input\":{\"@type\":\"PropertyValueSpecification\",\"valueRequired\":true,\"valueName\":\"search_term_string\"}}],\"inLanguage\":\"fr-FR\"},{\"@type\":\"Organization\",\"@id\":\"https:\\\/\\\/manskin.ch\\\/fr\\\/#organization\",\"name\":\"Manskin.ch - der Schweizer Onlineshop f\u00fcr qualit\u00e4tsstarke M\u00e4nnerpflege\",\"url\":\"https:\\\/\\\/manskin.ch\\\/fr\\\/\",\"logo\":{\"@type\":\"ImageObject\",\"inLanguage\":\"fr-FR\",\"@id\":\"https:\\\/\\\/manskin.ch\\\/fr\\\/#\\\/schema\\\/logo\\\/image\\\/\",\"url\":\"https:\\\/\\\/manskin.ch\\\/wp-content\\\/uploads\\\/2021\\\/04\\\/cropped-logo_head.png\",\"contentUrl\":\"https:\\\/\\\/manskin.ch\\\/wp-content\\\/uploads\\\/2021\\\/04\\\/cropped-logo_head.png\",\"width\":235,\"height\":75,\"caption\":\"Manskin.ch - der Schweizer Onlineshop f\u00fcr qualit\u00e4tsstarke M\u00e4nnerpflege\"},\"image\":{\"@id\":\"https:\\\/\\\/manskin.ch\\\/fr\\\/#\\\/schema\\\/logo\\\/image\\\/\"},\"sameAs\":[\"https:\\\/\\\/www.facebook.com\\\/manskin.ch\",\"https:\\\/\\\/www.instagram.com\\\/manskin.ch\\\/\"]}]}<\/script>\n<!-- \/ Yoast SEO Premium plugin. -->","yoast_head_json":{"title":"Impressum | Manskin.ch","robots":{"index":"index","follow":"follow","max-snippet":"max-snippet:-1","max-image-preview":"max-image-preview:large","max-video-preview":"max-video-preview:-1"},"canonical":"https:\/\/manskin.ch\/fr\/impressum\/","og_locale":"fr_FR","og_type":"article","og_title":"Impressum","og_description":"Manskin.ch est l&rsquo;activit\u00e9 E-commerce de la soci\u00e9t\u00e9 Minelli Lifestyle GmbH, fond\u00e9e en juillet 2000. Son activit\u00e9 est le commerce et la distribution de produits de beaut\u00e9 et de style de vie sur Internet. La directrice g\u00e9n\u00e9rale est Sylvie Minelli. Le si\u00e8ge est \u00e0 Fribourg. Minelli Lifestyle GmbH rte. de Champ du Mont 4 CH &#8211; ... Lire la suite","og_url":"https:\/\/manskin.ch\/fr\/impressum\/","og_site_name":"Manskin.ch","article_publisher":"https:\/\/www.facebook.com\/manskin.ch","article_modified_time":"2025-11-10T19:46:36+00:00","twitter_card":"summary_large_image","twitter_misc":{"Dur\u00e9e de lecture estim\u00e9e":"1 minute"},"schema":{"@context":"https:\/\/schema.org","@graph":[{"@type":"WebPage","@id":"https:\/\/manskin.ch\/fr\/impressum\/","url":"https:\/\/manskin.ch\/fr\/impressum\/","name":"Impressum | Manskin.ch","isPartOf":{"@id":"https:\/\/manskin.ch\/fr\/#website"},"datePublished":"2021-06-24T16:34:32+00:00","dateModified":"2025-11-10T19:46:36+00:00","breadcrumb":{"@id":"https:\/\/manskin.ch\/fr\/impressum\/#breadcrumb"},"inLanguage":"fr-FR","potentialAction":[{"@type":"ReadAction","target":["https:\/\/manskin.ch\/fr\/impressum\/"]}]},{"@type":"BreadcrumbList","@id":"https:\/\/manskin.ch\/fr\/impressum\/#breadcrumb","itemListElement":[{"@type":"ListItem","position":1,"name":"Startseite","item":"https:\/\/manskin.ch\/fr\/"},{"@type":"ListItem","position":2,"name":"Impressum"}]},{"@type":"WebSite","@id":"https:\/\/manskin.ch\/fr\/#website","url":"https:\/\/manskin.ch\/fr\/","name":"Manskin.ch","description":"Tous les produits de beaut\u00e9 pour les hommes les plus exigeants","publisher":{"@id":"https:\/\/manskin.ch\/fr\/#organization"},"potentialAction":[{"@type":"SearchAction","target":{"@type":"EntryPoint","urlTemplate":"https:\/\/manskin.ch\/fr\/?s={search_term_string}"},"query-input":{"@type":"PropertyValueSpecification","valueRequired":true,"valueName":"search_term_string"}}],"inLanguage":"fr-FR"},{"@type":"Organization","@id":"https:\/\/manskin.ch\/fr\/#organization","name":"Manskin.ch - der Schweizer Onlineshop f\u00fcr qualit\u00e4tsstarke M\u00e4nnerpflege","url":"https:\/\/manskin.ch\/fr\/","logo":{"@type":"ImageObject","inLanguage":"fr-FR","@id":"https:\/\/manskin.ch\/fr\/#\/schema\/logo\/image\/","url":"https:\/\/manskin.ch\/wp-content\/uploads\/2021\/04\/cropped-logo_head.png","contentUrl":"https:\/\/manskin.ch\/wp-content\/uploads\/2021\/04\/cropped-logo_head.png","width":235,"height":75,"caption":"Manskin.ch - der Schweizer Onlineshop f\u00fcr qualit\u00e4tsstarke M\u00e4nnerpflege"},"image":{"@id":"https:\/\/manskin.ch\/fr\/#\/schema\/logo\/image\/"},"sameAs":["https:\/\/www.facebook.com\/manskin.ch","https:\/\/www.instagram.com\/manskin.ch\/"]}]}},"_links":{"self":[{"href":"https:\/\/manskin.ch\/fr\/wp-json\/wp\/v2\/pages\/258","targetHints":{"allow":["GET"]}}],"collection":[{"href":"https:\/\/manskin.ch\/fr\/wp-json\/wp\/v2\/pages"}],"about":[{"href":"https:\/\/manskin.ch\/fr\/wp-json\/wp\/v2\/types\/page"}],"author":[{"embeddable":true,"href":"https:\/\/manskin.ch\/fr\/wp-json\/wp\/v2\/users\/175"}],"replies":[{"embeddable":true,"href":"https:\/\/manskin.ch\/fr\/wp-json\/wp\/v2\/comments?post=258"}],"version-history":[{"count":0,"href":"https:\/\/manskin.ch\/fr\/wp-json\/wp\/v2\/pages\/258\/revisions"}],"wp:attachment":[{"href":"https:\/\/manskin.ch\/fr\/wp-json\/wp\/v2\/media?parent=258"}],"curies":[{"name":"wp","href":"https:\/\/api.w.org\/{rel}","templated":true}]}}